{"id":648,"date":"2020-12-17T22:53:38","date_gmt":"2020-12-17T21:53:38","guid":{"rendered":"https:\/\/preprod.prepasecu.fr\/?p=648"},"modified":"2023-07-03T14:48:52","modified_gmt":"2023-07-03T12:48:52","slug":"tfp-asc-entrainez-vous-gratuitement-aux-qcm-en-ligne","status":"publish","type":"page","link":"https:\/\/prepasecu.fr\/tfp-asc\/qcm\/entrainement\/gratuit","title":{"rendered":"TFP ASC : Entra\u00eenez-vous gratuitement aux QCM en ligne"},"content":{"rendered":"\n<div id=\"ez-toc-container\" class=\"ez-toc-v2_0_50 counter-hierarchy ez-toc-counter ez-toc-grey ez-toc-container-direction\">\n<div class=\"ez-toc-title-container\">\n<p class=\"ez-toc-title\">Sommaire<\/p>\n<span class=\"ez-toc-title-toggle\"><a href=\"#\" class=\"ez-toc-pull-right ez-toc-btn ez-toc-btn-xs ez-toc-btn-default ez-toc-toggle\" aria-label=\"Toggle Table of Content\" role=\"button\"><label for=\"item-69e4e7b09af04\" aria-hidden=\"true\"><span style=\"display: flex;align-items: center;width: 35px;height: 30px;justify-content: center;direction:ltr;\"><svg style=\"fill: #999;color:#999\" xmlns=\"http:\/\/www.w3.org\/2000\/svg\" class=\"list-377408\" width=\"20px\" height=\"20px\" viewBox=\"0 0 24 24\" fill=\"none\"><path d=\"M6 6H4v2h2V6zm14 0H8v2h12V6zM4 11h2v2H4v-2zm16 0H8v2h12v-2zM4 16h2v2H4v-2zm16 0H8v2h12v-2z\" fill=\"currentColor\"><\/path><\/svg><svg style=\"fill: #999;color:#999\" class=\"arrow-unsorted-368013\" xmlns=\"http:\/\/www.w3.org\/2000\/svg\" width=\"10px\" height=\"10px\" viewBox=\"0 0 24 24\" version=\"1.2\" baseProfile=\"tiny\"><path d=\"M18.2 9.3l-6.2-6.3-6.2 6.3c-.2.2-.3.4-.3.7s.1.5.3.7c.2.2.4.3.7.3h11c.3 0 .5-.1.7-.3.2-.2.3-.5.3-.7s-.1-.5-.3-.7zM5.8 14.7l6.2 6.3 6.2-6.3c.2-.2.3-.5.3-.7s-.1-.5-.3-.7c-.2-.2-.4-.3-.7-.3h-11c-.3 0-.5.1-.7.3-.2.2-.3.5-.3.7s.1.5.3.7z\"\/><\/svg><\/span><\/label><input  type=\"checkbox\" id=\"item-69e4e7b09af04\"><\/a><\/span><\/div>\n<nav><ul class='ez-toc-list ez-toc-list-level-1 ' ><li class='ez-toc-page-1 ez-toc-heading-level-2'><a class=\"ez-toc-link ez-toc-heading-1\" href=\"https:\/\/prepasecu.fr\/tfp-asc\/qcm\/entrainement\/gratuit\/#Des_series_de_QCM_offertes_pour_un_entrainement_gratuit_au_TFP_ASC\" title=\"Des s\u00e9ries de QCM offertes pour un entra\u00eenement gratuit au TFP ASC\">Des s\u00e9ries de QCM offertes pour un entra\u00eenement gratuit au TFP ASC<\/a><ul class='ez-toc-list-level-3'><li class='ez-toc-heading-level-3'><a class=\"ez-toc-link ez-toc-heading-2\" href=\"https:\/\/prepasecu.fr\/tfp-asc\/qcm\/entrainement\/gratuit\/#QCM_TFP_ASC_%E2%80%93_Serie_n%C2%B01_%F0%9F%91%87\" title=\"QCM TFP ASC \u2013 S\u00e9rie n\u00b01 \ud83d\udc47\">QCM TFP ASC \u2013 S\u00e9rie n\u00b01 \ud83d\udc47<\/a><\/li><li class='ez-toc-page-1 ez-toc-heading-level-3'><a class=\"ez-toc-link ez-toc-heading-3\" href=\"https:\/\/prepasecu.fr\/tfp-asc\/qcm\/entrainement\/gratuit\/#QCM_TFP_ASC_%E2%80%93_Serie_n%C2%B02_%F0%9F%91%87\" title=\"QCM TFP ASC \u2013 S\u00e9rie n\u00b02 \ud83d\udc47\">QCM TFP ASC \u2013 S\u00e9rie n\u00b02 \ud83d\udc47<\/a><\/li><li class='ez-toc-page-1 ez-toc-heading-level-3'><a class=\"ez-toc-link ez-toc-heading-4\" href=\"https:\/\/prepasecu.fr\/tfp-asc\/qcm\/entrainement\/gratuit\/#QCM_TFP_ASC_%E2%80%93_Serie_n%C2%B03_%F0%9F%91%87\" title=\"QCM TFP ASC \u2013 S\u00e9rie n\u00b03 \ud83d\udc47\">QCM TFP ASC \u2013 S\u00e9rie n\u00b03 \ud83d\udc47<\/a><\/li><\/ul><\/li><li class='ez-toc-page-1 ez-toc-heading-level-2'><a class=\"ez-toc-link ez-toc-heading-5\" href=\"https:\/\/prepasecu.fr\/tfp-asc\/qcm\/entrainement\/gratuit\/#L%E2%80%99examen_du_TFP_ASC_ce_qu%E2%80%99il_faut_savoir\" title=\"L\u2019examen du TFP ASC&nbsp;: ce qu\u2019il faut savoir\">L\u2019examen du TFP ASC&nbsp;: ce qu\u2019il faut savoir<\/a><ul class='ez-toc-list-level-3'><li class='ez-toc-heading-level-3'><a class=\"ez-toc-link ez-toc-heading-6\" href=\"https:\/\/prepasecu.fr\/tfp-asc\/qcm\/entrainement\/gratuit\/#Les_QCM_de_l%E2%80%99epreuve_theorique_du_TFP_ASC\" title=\"Les QCM de l\u2019\u00e9preuve th\u00e9orique du TFP ASC\">Les QCM de l\u2019\u00e9preuve th\u00e9orique du TFP ASC<\/a><\/li><li class='ez-toc-page-1 ez-toc-heading-level-3'><a class=\"ez-toc-link ez-toc-heading-7\" href=\"https:\/\/prepasecu.fr\/tfp-asc\/qcm\/entrainement\/gratuit\/#La_validation_de_l%E2%80%99examen\" title=\"La validation de l\u2019examen\">La validation de l\u2019examen<\/a><\/li><\/ul><\/li><li class='ez-toc-page-1 ez-toc-heading-level-2'><a class=\"ez-toc-link ez-toc-heading-8\" href=\"https:\/\/prepasecu.fr\/tfp-asc\/qcm\/entrainement\/gratuit\/#Ces_contenus_peuvent_aussi_vous_interesser_%F0%9F%91%87\" title=\"Ces contenus peuvent aussi vous int\u00e9resser \ud83d\udc47\">Ces contenus peuvent aussi vous int\u00e9resser \ud83d\udc47<\/a><\/li><\/ul><\/nav><\/div>\n<h2 class=\"wp-block-heading\"><span class=\"ez-toc-section\" id=\"Des_series_de_QCM_offertes_pour_un_entrainement_gratuit_au_TFP_ASC\"><\/span>Des s\u00e9ries de QCM offertes pour un entra\u00eenement gratuit au TFP ASC<span class=\"ez-toc-section-end\"><\/span><\/h2>\n\n\n\n<p>Pour obtenir le <strong>TFP-ASC <\/strong>et <strong>devenir <\/strong><strong>d\u2019agent de s\u00e9curit\u00e9 cynophile<\/strong>, un entra\u00eenement intensif \u00e0 <strong>l\u2019\u00e9preuve de QCM<\/strong> est indispensable. Prepasecu a con\u00e7u pour vous des s\u00e9ries de QCM, conformes \u00e0 celles propos\u00e9es \u00e0 l\u2019examen. Il est important de pr\u00e9ciser que les QCM sont en r\u00e9alit\u00e9 des QCU (Questionnaires \u00e0 Choix Unique)&nbsp;: une seule r\u00e9ponse par question est attendue de la part du candidat. Ces <strong>s\u00e9ries de QCM gratuites<\/strong> sont un excellent moyen de tester votre niveau, de d\u00e9couvrir <strong>l\u2019\u00e9preuve th\u00e9orique de l\u2019examen du TFP ASC<\/strong> et de vous familiariser avec le contenu p\u00e9dagogique et le lexique de la <strong>formation TFP ASC<\/strong>. Pour conna\u00eetre les d\u00e9tails de la formule compl\u00e8te d\u2019entra\u00eenement et d\u2019accompagnement, encadr\u00e9e par des formateurs professionnels de la pr\u00e9vention et de la s\u00e9curit\u00e9, cliquez ici.<\/p>\n\n\n\n<h3 class=\"wp-block-heading\"><span class=\"ez-toc-section\" id=\"QCM_TFP_ASC_%E2%80%93_Serie_n%C2%B01_%F0%9F%91%87\"><\/span>QCM TFP ASC \u2013 S\u00e9rie n\u00b01 \ud83d\udc47<span class=\"ez-toc-section-end\"><\/span><\/h3>\n\n\n\n<div class=\"wp-block-genesis-blocks-gb-container gb-block-container\"><div class=\"gb-container-inside\"><div class=\"gb-container-content\">\n<div class=\"typeform-container qcm-ssiap-2-fi-serie-1\" style=\"width: 100%;height:600px;\"><\/div>\n\n\n\n<p><\/p>\n<\/div><\/div><\/div>\n\n\n\n<h3 class=\"wp-block-heading\"><span class=\"ez-toc-section\" id=\"QCM_TFP_ASC_%E2%80%93_Serie_n%C2%B02_%F0%9F%91%87\"><\/span>QCM TFP ASC \u2013 S\u00e9rie n\u00b02 \ud83d\udc47<span class=\"ez-toc-section-end\"><\/span><\/h3>\n\n\n\n<div class=\"typeform-container qcm-ssiap-2-fi-serie-2\" style=\"width: 100%;height:600px;\"><\/div>\n\n\n\n<p><\/p>\n\n\n\n<h3 class=\"wp-block-heading\"><span class=\"ez-toc-section\" id=\"QCM_TFP_ASC_%E2%80%93_Serie_n%C2%B03_%F0%9F%91%87\"><\/span>QCM TFP ASC \u2013 S\u00e9rie n\u00b03 \ud83d\udc47<span class=\"ez-toc-section-end\"><\/span><\/h3>\n\n\n\n<div class=\"typeform-container qcm-ssiap-2-fi-serie-3\" style=\"width: 100%;height:600px;\"><\/div>\n\n\n\n<h2 class=\"wp-block-heading\"><span class=\"ez-toc-section\" id=\"L%E2%80%99examen_du_TFP_ASC_ce_qu%E2%80%99il_faut_savoir\"><\/span>L\u2019examen du TFP ASC&nbsp;: ce qu\u2019il faut savoir<span class=\"ez-toc-section-end\"><\/span><\/h2>\n\n\n\n<p>Le TFP ASC (Titre \u00e0 Finalit\u00e9 Professionnelle d\u2019Agent de S\u00e9curit\u00e9 Cynophile) \u00e9tait connu sous l\u2019appellation <strong>CQP ASC<\/strong> (Certificat de Qualification Professionnelle Agent de S\u00e9curit\u00e9 Cynophile). Le TFP ASC est une certification qui donne acc\u00e8s au m\u00e9tier <strong>de ma\u00eetre-chien <\/strong>et s\u2019obtient suite \u00e0 une formation et un examen des connaissances et aptitudes. Deux \u00e9preuves composent l\u2019examen du TFP ASC&nbsp;:<\/p>\n\n\n\n<ul class=\"wp-block-list\">\n<li>Une \u00e9preuve th\u00e9orique&nbsp;: le candidat doit r\u00e9pondre \u00e0 2 QCM de 15 questions chacun. Rappelons que les QCM propos\u00e9s sont en r\u00e9alit\u00e9 des QCU&nbsp;: une seule r\u00e9ponse par question seulement est exig\u00e9e.<\/li>\n\n\n\n<li>Une \u00e9preuve pratique&nbsp;: Une mise en situation pratique est tir\u00e9e au sort par le candidat et le jury se prononce sur l\u2019aptitude (ou l\u2019inaptitude) du candidat \u00e0 g\u00e9rer cette situation en fonction des aptitudes professionnelles attendues.<\/li>\n<\/ul>\n\n\n\n<h3 class=\"wp-block-heading\"><span class=\"ez-toc-section\" id=\"Les_QCM_de_l%E2%80%99epreuve_theorique_du_TFP_ASC\"><\/span>Les QCM de l\u2019\u00e9preuve th\u00e9orique du TFP ASC<span class=\"ez-toc-section-end\"><\/span><\/h3>\n\n\n\n<p>L\u2019ensemble du programme p\u00e9dagogique comporte 5 U.V. Les QCM portent sur les U.V. 1 et 2 de la formation. Chaque QCM est divis\u00e9 en 15 questions et le candidat dispose de 45 secondes par question, sachant qu\u2019une seule r\u00e9ponse est attendue \u00e0 chaque fois. Voici le d\u00e9tail des 5 U.V. de la formation TFP ASC&nbsp;:<\/p>\n\n\n\n<ol class=\"wp-block-list\" type=\"1\">\n<li>L\u00e9gislation et r\u00e9glementation cynophile&nbsp;: connaissance des dispositions l\u00e9gales applicables au m\u00e9tier d\u2019agent de s\u00e9curit\u00e9 cynophile du Code de la s\u00e9curit\u00e9 int\u00e9rieure avec l\u2019usage d\u2019un chien. Le Code Rural sur la r\u00e9glementation des chiens est \u00e9galement abord\u00e9.<\/li>\n\n\n\n<li>Connaissances g\u00e9n\u00e9rales du chien&nbsp;: l\u2019historique des races de chiens, les urgences cynophiles et les gestes de premiers secours, la psychologie canine, la morphologie et l\u2019anatomie du chien.<\/li>\n\n\n\n<li>Ob\u00e9issance et sociabilit\u00e9.<\/li>\n\n\n\n<li>Ma\u00eetrise du chien dans le cadre de la l\u00e9gitime d\u00e9fense.<\/li>\n\n\n\n<li>D\u00e9tection avec chien<\/li>\n<\/ol>\n\n\n\n<h3 class=\"wp-block-heading\"><span class=\"ez-toc-section\" id=\"La_validation_de_l%E2%80%99examen\"><\/span>La validation de l\u2019examen<span class=\"ez-toc-section-end\"><\/span><\/h3>\n\n\n\n<p>Le jury valide l\u2019examen th\u00e9orique de la fa\u00e7on suivante&nbsp;:<\/p>\n\n\n\n<ul class=\"wp-block-list\">\n<li>Note \u2265 12 : l\u2019Unit\u00e9 de Valeur est acquise.<\/li>\n\n\n\n<li>8 \u2265 Note &lt; 12 : le candidat est ajourn\u00e9 et pourra se pr\u00e9senter \u00e0 une nouvelle session d\u2019examen.<\/li>\n\n\n\n<li>Note &lt; 8 : le candidat devra suivre de nouveau la formation concernant l\u2019Unit\u00e9 de Valeur.<\/li>\n<\/ul>\n\n\n\n<p>Pour l\u2019\u00e9preuve pratique, le candidat sera d\u00e9clar\u00e9 apte ou inapte en fonction des r\u00e9sultats de la grille d\u2019\u00e9valuation.<\/p>\n\n\n\n<h2 class=\"wp-block-heading\"><span class=\"ez-toc-section\" id=\"Ces_contenus_peuvent_aussi_vous_interesser_%F0%9F%91%87\"><\/span>Ces contenus peuvent aussi vous int\u00e9resser \ud83d\udc47<span class=\"ez-toc-section-end\"><\/span><\/h2>\n\n\n\n<ul class=\"wp-block-list\">\n<li><a href=\"https:\/\/prepasecu.fr\/tfp-asc\/qcu\/entrainement\/gratuit\/\" title=\"\">S\u2019entra\u00eener au QCU TFP ASC<\/a><\/li>\n<\/ul>\n","protected":false},"excerpt":{"rendered":"<p>Des s\u00e9ries de QCM offertes pour un entra\u00eenement gratuit au TFP ASC Pour obtenir le TFP-ASC et devenir d\u2019agent de s\u00e9curit\u00e9 cynophile, un entra\u00eenement intensif \u00e0 l\u2019\u00e9preuve de QCM est indispensable. Prepasecu a con\u00e7u pour vous des s\u00e9ries de QCM, conformes \u00e0 celles propos\u00e9es \u00e0 l\u2019examen. Il est important de pr\u00e9ciser que les QCM sont [&hellip;]<\/p>\n","protected":false},"author":1,"featured_media":0,"parent":0,"menu_order":0,"comment_status":"closed","ping_status":"closed","template":"","meta":{"_uag_custom_page_level_css":"","_genesis_hide_title":false,"_genesis_hide_breadcrumbs":false,"_genesis_hide_singular_image":false,"_genesis_hide_footer_widgets":false,"_genesis_custom_body_class":"","_genesis_custom_post_class":"","_genesis_layout":"full-width-content","footnotes":""},"class_list":{"0":"post-648","1":"page","2":"type-page","3":"status-publish","5":"entry"},"aioseo_notices":[],"featured_image_src":null,"featured_image_src_square":null,"uagb_featured_image_src":{"full":false,"thumbnail":false,"medium":false,"medium_large":false,"large":false,"1536x1536":false,"2048x2048":false,"sidebar-featured":false,"genesis-singular-images":false,"gb-block-post-grid-landscape":false,"gb-block-post-grid-square":false,"yarpp-thumbnail":false},"uagb_author_info":{"display_name":"Matthis","author_link":"https:\/\/prepasecu.fr\/?author=1"},"uagb_comment_info":0,"uagb_excerpt":"Des s\u00e9ries de QCM offertes pour un entra\u00eenement gratuit au TFP ASC Pour obtenir le TFP-ASC et devenir d\u2019agent de s\u00e9curit\u00e9 cynophile, un entra\u00eenement intensif \u00e0 l\u2019\u00e9preuve de QCM est indispensable. Prepasecu a con\u00e7u pour vous des s\u00e9ries de QCM, conformes \u00e0 celles propos\u00e9es \u00e0 l\u2019examen. Il est important de pr\u00e9ciser que les QCM sont\u2026","_links":{"self":[{"href":"https:\/\/prepasecu.fr\/index.php?rest_route=\/wp\/v2\/pages\/648"}],"collection":[{"href":"https:\/\/prepasecu.fr\/index.php?rest_route=\/wp\/v2\/pages"}],"about":[{"href":"https:\/\/prepasecu.fr\/index.php?rest_route=\/wp\/v2\/types\/page"}],"author":[{"embeddable":true,"href":"https:\/\/prepasecu.fr\/index.php?rest_route=\/wp\/v2\/users\/1"}],"replies":[{"embeddable":true,"href":"https:\/\/prepasecu.fr\/index.php?rest_route=%2Fwp%2Fv2%2Fcomments&post=648"}],"version-history":[{"count":0,"href":"https:\/\/prepasecu.fr\/index.php?rest_route=\/wp\/v2\/pages\/648\/revisions"}],"wp:attachment":[{"href":"https:\/\/prepasecu.fr\/index.php?rest_route=%2Fwp%2Fv2%2Fmedia&parent=648"}],"curies":[{"name":"wp","href":"https:\/\/api.w.org\/{rel}","templated":true}]}}