{"id":631,"date":"2020-12-15T16:30:41","date_gmt":"2020-12-15T15:30:41","guid":{"rendered":"https:\/\/preprod.prepasecu.fr\/?page_id=631"},"modified":"2023-07-04T12:48:29","modified_gmt":"2023-07-04T10:48:29","slug":"tfp-aps-formation-agent-de-prevention-et-de-securite","status":"publish","type":"page","link":"https:\/\/prepasecu.fr\/tfp-aps\/formation-initiale","title":{"rendered":"TFP APS"},"content":{"rendered":"\n<div class=\"wp-block-genesis-blocks-gb-columns gb-layout-contact-1 gb-layout-columns-2 gb-2-col-equal gb-columns-center alignfull\" style=\"padding-top:10%;padding-right:5%;padding-bottom:10%;padding-left:5%\"><div class=\"gb-layout-column-wrap gb-block-layout-column-gap-5 gb-is-responsive-column\" style=\"max-width:1200px\">\n<div class=\"wp-block-genesis-blocks-gb-column gb-block-layout-column gb-is-vertically-aligned-center\"><div class=\"gb-block-layout-column-inner\">\n<h1 class=\"wp-block-heading\"><strong><strong>Le site de pr\u00e9paration au TFP APS, la formation au Titre d&rsquo;Agent de Pr\u00e9vention et de S\u00e9curit\u00e9<\/strong><\/strong><\/h1>\n\n\n\n<p>L\u2019essentiel pour apprendre, r\u00e9viser et comprendre le <strong>TFP APS en ligne, en 1 clic<\/strong> ! D\u00e9couvrez une <strong>quantit\u00e9 in\u00e9gal\u00e9e de contenu p\u00e9dagogique<\/strong> pour r\u00e9ussir votre examen et maintenir vos connaissances.<\/p>\n\n\n\n<div class=\"wp-block-buttons is-layout-flex wp-block-buttons-is-layout-flex\">\n<div class=\"wp-block-button\"><a class=\"wp-block-button__link wp-element-button\" href=\"https:\/\/prepasecu.fr\/inscription\/\" target=\"_blank\" rel=\"noreferrer noopener\">Je d\u00e9couvre gratuitement<\/a><\/div>\n<\/div>\n\n\n\n<div class=\"wp-block-genesis-blocks-gb-container gb-block-container\"><div class=\"gb-container-inside\"><div class=\"gb-container-content\" style=\"max-width:1600px\"><\/div><\/div><\/div>\n<\/div><\/div>\n\n\n\n<div class=\"wp-block-genesis-blocks-gb-column gb-block-layout-column gb-is-vertically-aligned-center\"><div class=\"gb-block-layout-column-inner\">\n<figure class=\"wp-block-image size-large\"><img loading=\"lazy\" decoding=\"async\" width=\"490\" height=\"441\" src=\"https:\/\/prepasecu.fr\/wp-content\/uploads\/2023\/07\/prepasecu-illu-aps-hero-1.svg\" alt=\"\" class=\"wp-image-2422\"\/><\/figure>\n<\/div><\/div>\n<\/div><\/div>\n\n\n\n<div class=\"wp-block-genesis-blocks-gb-columns gb-layout-testimonial-1 gb-layout-columns-1 one-column gb-has-custom-background-color gb-columns-center alignfull\" style=\"padding-top:10%;padding-right:5%;padding-bottom:10%;padding-left:5%;background-color:#f1f1f1\"><div class=\"gb-layout-column-wrap gb-block-layout-column-gap-2 gb-is-responsive-column\" style=\"max-width:1200px\">\n<div class=\"wp-block-genesis-blocks-gb-column gb-block-layout-column\"><div class=\"gb-block-layout-column-inner\">\n<div style=\"margin-bottom:5%\" class=\"wp-block-genesis-blocks-gb-container gb-block-container\"><div class=\"gb-container-inside\"><div class=\"gb-container-content\" style=\"max-width:700px\">\n<h2 class=\"wp-block-heading has-text-align-center\">L&rsquo;indispensable pour une pr\u00e9paration au TFP APS<\/h2>\n\n\n\n<p class=\"has-text-align-center\">La plus grande communaut\u00e9 d&rsquo;\u00e9tudiants qui se pr\u00e9parent au TFP APS.<\/p>\n<\/div><\/div><\/div>\n\n\n\n<div class=\"wp-block-genesis-blocks-gb-columns gb-layout-columns-3 gb-3-col-equal\"><div class=\"gb-layout-column-wrap gb-block-layout-column-gap-2 gb-is-responsive-column\">\n<div class=\"wp-block-genesis-blocks-gb-column gb-block-layout-column\"><div class=\"gb-block-layout-column-inner\">\n<h3 class=\"wp-block-heading has-text-align-center\">300+ <strong>QCM\/QCU<\/strong><\/h3>\n\n\n\n<p>Plus de 500 QCM\/QCU <strong>disponibles sur notre site et nos applications mobiles<\/strong> pour se pr\u00e9parer \u00e0 \u00eatre un <strong>agent de pr\u00e9vention et de s\u00e9curit\u00e9<\/strong>.<\/p>\n<\/div><\/div>\n\n\n\n<div class=\"wp-block-genesis-blocks-gb-column gb-block-layout-column\"><div class=\"gb-block-layout-column-inner\">\n<h3 class=\"wp-block-heading has-text-align-center\">30+ <strong>COURS<\/strong><\/h3>\n\n\n\n<p>Plus de 30 cours <strong>disponibles sur notre site et nos applications mobiles<\/strong> pour une pr\u00e9paration sur mesure au TFP APS.<\/p>\n<\/div><\/div>\n\n\n\n<div class=\"wp-block-genesis-blocks-gb-column gb-block-layout-column\"><div class=\"gb-block-layout-column-inner\">\n<h3 class=\"wp-block-heading has-text-align-center\">&#8230;UTILIS<strong>\u00c9<\/strong>S QUOTIDIENNEMENT<\/h3>\n\n\n\n<p>Des <strong>centres de formation, des entreprises et des centaines d&rsquo;\u00e9tudiants utilisent<\/strong> Prepasecu <strong>quotidiennement<\/strong> pour le TFP APS. Bient\u00f4t vous ?<\/p>\n<\/div><\/div>\n<\/div><\/div>\n\n\n\n<div style=\"color:#ddd\" class=\"wp-block-genesis-blocks-gb-spacer gb-block-spacer gb-divider-solid gb-divider-size-1\"><hr style=\"height:30px\"\/><\/div>\n\n\n\n<div class=\"wp-block-buttons is-content-justification-center is-layout-flex wp-container-core-buttons-is-layout-2 wp-block-buttons-is-layout-flex\">\n<div class=\"wp-block-button\"><a class=\"wp-block-button__link wp-element-button\" href=\"https:\/\/prepasecu.fr\/inscription\/\" target=\"_blank\" rel=\"noreferrer noopener\">J&rsquo;essaye gratuitement<\/a><\/div>\n<\/div>\n<\/div><\/div>\n<\/div><\/div>\n\n\n\n<div class=\"wp-block-genesis-blocks-gb-columns gb-layout-service-4 gb-layout-columns-2 gb-2-col-equal gb-columns-center alignfull\" style=\"padding-top:10%;padding-right:5%;padding-bottom:10%;padding-left:5%\"><div class=\"gb-layout-column-wrap gb-block-layout-column-gap-6 gb-is-responsive-column\" style=\"max-width:1200px\">\n<div class=\"wp-block-genesis-blocks-gb-column gb-block-layout-column\"><div class=\"gb-block-layout-column-inner\">\n<h2 class=\"wp-block-heading\"><strong>\u00c0 propos du TFP APS<\/strong><\/h2>\n\n\n\n<p style=\"font-size:22px\">Le <strong>Titre&nbsp;\u00e0&nbsp;Finalit\u00e9&nbsp;Professionnelle d&rsquo;Agent de Pr\u00e9vention et de S\u00e9curit\u00e9<\/strong>, abr\u00e9g\u00e9 TFP APS, permet l&rsquo;acc\u00e8s au m\u00e9tier d&rsquo;agent de pr\u00e9vention et de s\u00e9curit\u00e9 au sein d&rsquo;une entreprise de pr\u00e9vention et s\u00e9curit\u00e9*. Rigoureuse, \u00e0 la fois th\u00e9orique et pratique, la formation du TFP APS n\u00e9cessite s\u00e9rieux et engagement.<\/p>\n\n\n\n<div style=\"color:#ddd\" class=\"wp-block-genesis-blocks-gb-spacer gb-block-spacer gb-divider-solid gb-spacer-divider gb-divider-size-1\"><hr style=\"height:30px\"\/><\/div>\n\n\n\n<h3 class=\"wp-block-heading\">Se pr\u00e9parer et r\u00e9ussir le TFP APS<\/h3>\n\n\n\n<p>Contrairement aux id\u00e9es re\u00e7ues,&nbsp;<strong>\u00eatre agent de s\u00e9curit\u00e9 priv\u00e9e<\/strong>&nbsp;n\u2019est pas du tout \u00e0 la port\u00e9e du premier venu. Le&nbsp;<strong>m\u00e9tier d\u2019agent de s\u00e9curit\u00e9 priv\u00e9e<\/strong>&nbsp;a souvent mauvaise presse et il est temps de remettre les pendules \u00e0 l\u2019heure&nbsp;: cette profession requiert des comp\u00e9tences bien sp\u00e9cifiques et offre de r\u00e9elles perspectives d\u2019\u00e9volution de carri\u00e8re. <a href=\"https:\/\/prepasecu.fr\/guides-pratiques\/agent-de-securite-obtenir-tfp-aps-2021\/\" title=\"Agent de s\u00e9curit\u00e9 : Comment obtenir le TFP APS en 2021\">Continuer la lecture<\/a>&#8230;<\/p>\n\n\n\n<h3 class=\"wp-block-heading\">L&rsquo;examen du TFP APS en formation initiale<\/h3>\n\n\n\n<p>L&rsquo;\u00e9preuve pratique se d\u00e9roule devant le jury professionnel pour une dur\u00e9e de 30 minutes. Cette \u00e9preuve repose sur un tirage au sort entre 2 sujets. L&rsquo;\u00e9preuve \u00e9crite est compos\u00e9e de 3 <a href=\"https:\/\/prepasecu.fr\/tfp-aps\/qcu\/entrainement\/gratuit\/\" title=\"\">QCU<\/a> de 40 questions sur le m\u00e9tier d\u2019agent de s\u00e9curit\u00e9. Vous n\u2019avez que 90 secondes pour r\u00e9pondre \u00e0 chaque question \u00e0 l\u2019aide d\u2019un boitier \u00e9lectronique. <a href=\"https:\/\/prepasecu.fr\/tfp-aps\/formation-initiale\/examen\/\" title=\"L\u2019examen du TFP APS : Le guide complet\">En savoir plus<\/a>&#8230;<\/p>\n\n\n\n<div class=\"wp-block-buttons is-layout-flex wp-block-buttons-is-layout-flex\">\n<div class=\"wp-block-button\"><a class=\"wp-block-button__link wp-element-button\" href=\"https:\/\/prepasecu.fr\/inscription\/\" target=\"_blank\" rel=\"noreferrer noopener\">Je d\u00e9couvre gratuitement<\/a><\/div>\n<\/div>\n\n\n\n<p><em>* La carte professionnelle du CNAPS est obligatoire (<a href=\"https:\/\/www.legifrance.gouv.fr\/jorf\/id\/JORFTEXT000020237273#:~:text=Copier%20le%20texte-,D%C3%A9cret%20n%C2%B0%202009%2D137%20du%209%20f%C3%A9vrier%202009%20relatif,629%20du%2012%20juillet%201983\" target=\"_blank\" rel=\"noreferrer noopener nofollow\">D\u00e9cret n\u00b02009-137<\/a>).<\/em><\/p>\n<\/div><\/div>\n\n\n\n<div class=\"wp-block-genesis-blocks-gb-column gb-block-layout-column\"><div class=\"gb-block-layout-column-inner\">\n<figure class=\"wp-block-image size-large\"><img loading=\"lazy\" decoding=\"async\" width=\"595\" height=\"841\" src=\"https:\/\/prepasecu.fr\/wp-content\/uploads\/2023\/07\/prepasecu-aps-illu-content-1.svg\" alt=\"\" class=\"wp-image-2423\"\/><\/figure>\n<\/div><\/div>\n<\/div><\/div>\n\n\n\n<div class=\"wp-block-genesis-blocks-gb-columns gb-layout-testimonial-1 gb-layout-columns-1 one-column gb-has-custom-background-color gb-columns-center alignfull\" style=\"padding-top:10%;padding-right:5%;padding-bottom:10%;padding-left:5%;background-color:#f1f1f1\"><div class=\"gb-layout-column-wrap gb-block-layout-column-gap-2 gb-is-responsive-column\" style=\"max-width:1200px\">\n<div class=\"wp-block-genesis-blocks-gb-column gb-block-layout-column\"><div class=\"gb-block-layout-column-inner\">\n<div style=\"margin-bottom:5%\" class=\"wp-block-genesis-blocks-gb-container gb-block-container\"><div class=\"gb-container-inside\"><div class=\"gb-container-content\" style=\"max-width:700px\">\n<h2 class=\"wp-block-heading has-text-align-center\">Nos ressources pour pr\u00e9parer efficacement le TFP APS<\/h2>\n\n\n\n<p class=\"has-text-align-center\">Prepasecu d\u00e9mocratise l&rsquo;acc\u00e8s aux m\u00e9tiers de la s\u00e9curit\u00e9 priv\u00e9e en vous proposant du contenu accessible GRATUITEMENT !<\/p>\n<\/div><\/div><\/div>\n\n\n\n<div class=\"wp-block-genesis-blocks-gb-columns gb-layout-columns-3 gb-3-col-equal\"><div class=\"gb-layout-column-wrap gb-block-layout-column-gap-2 gb-is-responsive-column\">\n<div class=\"wp-block-genesis-blocks-gb-column gb-block-layout-column\"><div class=\"gb-block-layout-column-inner\">\n<h3 class=\"wp-block-heading has-text-align-center\">L\u2019\u00e9preuve du QCU<\/h3>\n\n\n\n<p>L\u2019\u00e9preuve th\u00e9orique du TFP APS est un QCM. Compos\u00e9 de 40 questions, le <a href=\"https:\/\/prepasecu.fr\/tfp-aps\/qcm\/entrainement\/gratuit\/\" title=\"Entra\u00eenez-vous et r\u00e9alisez des tests QCM TFP APS en ligne\">QCM <\/a>porte sur toutes les parties du programme.<\/p>\n\n\n\n<div class=\"wp-block-buttons is-content-justification-center is-layout-flex wp-container-core-buttons-is-layout-4 wp-block-buttons-is-layout-flex\">\n<div class=\"wp-block-button\"><a class=\"wp-block-button__link wp-element-button\" href=\"https:\/\/prepasecu.fr\/tfp-aps\/qcu\/entrainement\/gratuit\/\" target=\"_blank\" rel=\"noreferrer noopener\">Je m&rsquo;entra\u00eene au QCU !<\/a><\/div>\n<\/div>\n<\/div><\/div>\n\n\n\n<div class=\"wp-block-genesis-blocks-gb-column gb-block-layout-column\"><div class=\"gb-block-layout-column-inner\">\n<h3 class=\"wp-block-heading has-text-align-center\">L\u2019\u00e9preuve de cas pratique<\/h3>\n\n\n\n<p>Cette \u00e9preuve se d\u00e9roule devant le jury professionnel pour une dur\u00e9e de 30 minutes. Deux sujets sont possibles.<\/p>\n\n\n\n<div class=\"wp-block-buttons is-content-justification-center is-layout-flex wp-container-core-buttons-is-layout-5 wp-block-buttons-is-layout-flex\">\n<div class=\"wp-block-button\"><a class=\"wp-block-button__link wp-element-button\" href=\"#\" target=\"_blank\" rel=\"noreferrer noopener\">Je m&rsquo;entra\u00eene au cas pratique !<\/a><\/div>\n<\/div>\n\n\n\n<p><\/p>\n<\/div><\/div>\n\n\n\n<div class=\"wp-block-genesis-blocks-gb-column gb-block-layout-column\"><div class=\"gb-block-layout-column-inner\">\n<h3 class=\"wp-block-heading has-text-align-center\">&#8230; Et des cours !<\/h3>\n\n\n\n<p>Le programme du TFP APS pour devenir <strong>agent de s\u00e9curit\u00e9<\/strong>, est dense et exigeant. Il se divise en diff\u00e9rents modules.<\/p>\n\n\n\n<div class=\"wp-block-buttons is-content-justification-center is-layout-flex wp-container-core-buttons-is-layout-6 wp-block-buttons-is-layout-flex\">\n<div class=\"wp-block-button\"><a class=\"wp-block-button__link wp-element-button\" href=\"https:\/\/prepasecu.fr\/tfp-aps\/cours\/\">Je lis les cours !<\/a><\/div>\n<\/div>\n<\/div><\/div>\n<\/div><\/div>\n\n\n\n<p><\/p>\n<\/div><\/div>\n<\/div><\/div>\n\n\n\n<div class=\"wp-block-genesis-blocks-gb-columns gb-slate-section-text-accordion gb-layout-columns-2 gb-2-col-equal gb-has-custom-background-color gb-has-custom-text-color gb-columns-center alignfull\" style=\"padding-top:10em;padding-right:1em;padding-bottom:10em;padding-left:1em;background-color:#ffffff;color:#1f1f1f\"><div class=\"gb-layout-column-wrap gb-block-layout-column-gap-2 gb-is-responsive-column\" style=\"max-width:1200px\">\n<div class=\"wp-block-genesis-blocks-gb-column gb-block-layout-column\"><div class=\"gb-block-layout-column-inner\">\n<h2 class=\"wp-block-heading has-text-color\" style=\"color:#1f1f1f;font-size:40px\"><strong>L&rsquo;application mobile TFP APS<\/strong><\/h2>\n\n\n\n<p>Avancez \u00e0 votre rythme et approfondissez vos connaissances sur le TFP APS, o\u00f9 vous voulez, quand vous voulez, avec notre application mobile. <strong>C&rsquo;est plus pratique qu&rsquo;un simple livre<\/strong> \ud83d\ude00. Utile pour la <strong><a href=\"https:\/\/prepasecu.fr\/tfp-aps\/formation-initiale\/programme-pedagogique-2021\/\" title=\"\">form<\/a><a href=\"https:\/\/prepasecu.fr\/ssiap-2\/formation-initiale\/examen\/\" title=\"Guide sur l\u2019examen du SSIAP 2 en formation initiale\">ation initiale<\/a><\/strong> et le maintien des connaissances (<a href=\"https:\/\/prepasecu.fr\/tfp-aps\/mac-aps\/\" title=\"Le MAC APS\">MAC APS<\/a>).<\/p>\n\n\n\n<p>Retrouvez tout ce qu&rsquo;il faut pour <strong><a href=\"https:\/\/prepasecu.fr\/guides-pratiques\/agent-de-securite-obtenir-tfp-aps-2021\/\" title=\"Agent de s\u00e9curit\u00e9 : Comment obtenir le TFP APS en 2021\">r\u00e9viser et r\u00e9ussir son TFP APS<\/a><\/strong> : cours, s\u00e9ries d&rsquo;entra\u00eenements et examens blancs conformes \u00e0 l&rsquo;examen 2021.<\/p>\n\n\n\n<ul class=\"wp-block-list\">\n<li><strong>Cours <\/strong>: Plus de 30 cours disponibles pour conna\u00eetre tout les secrets du TFP APS.<\/li>\n\n\n\n<li><strong>Entra\u00eenement<\/strong> : <strong>Un mode entra\u00eenement<\/strong> avec correction imm\u00e9diate. <strong>Un mode examen<\/strong> pour s&rsquo;entra\u00eener en conditions r\u00e9elles. <strong>Des s\u00e9ries th\u00e9matiques<\/strong> pour s&rsquo;entra\u00eener et ma\u00eetriser des sujets pr\u00e9cis.<\/li>\n\n\n\n<li><strong>Statistiques<\/strong> : Pour suivre votre <strong>progression <\/strong>\ud83d\udcaa.<\/li>\n<\/ul>\n\n\n\n<p class=\"has-text-color\" style=\"color:#7d8183\">Vous repr\u00e9sentez un centre de formation ? Une entreprise ? D\u00e9couvrez nos offres pour les pros. <a href=\"https:\/\/prepasecu.fr\/contactez-nous\/\" title=\"Contactez-nous\">Contactez-nous<\/a> ! <\/p>\n<\/div><\/div>\n\n\n\n<div class=\"wp-block-genesis-blocks-gb-column gb-block-layout-column\"><div class=\"gb-block-layout-column-inner\"><div class=\"wp-block-image\">\n<figure class=\"aligncenter size-full\"><img loading=\"lazy\" decoding=\"async\" width=\"529\" height=\"631\" src=\"https:\/\/prepasecu.fr\/wp-content\/uploads\/2023\/07\/prepasecu-tfpaps-app.png\" alt=\"\" class=\"wp-image-2424\" srcset=\"https:\/\/prepasecu.fr\/wp-content\/uploads\/2023\/07\/prepasecu-tfpaps-app.png 529w, https:\/\/prepasecu.fr\/wp-content\/uploads\/2023\/07\/prepasecu-tfpaps-app-252x300.png 252w\" sizes=\"(max-width: 529px) 100vw, 529px\" \/><\/figure><\/div><\/div><\/div>\n<\/div><\/div>\n\n\n\n<div class=\"wp-block-genesis-blocks-gb-columns gb-layout-service-1 gb-layout-columns-2 gb-2-col-equal gb-has-custom-background-color gb-columns-center alignfull\" style=\"padding-top:10%;padding-right:5%;padding-bottom:10%;padding-left:5%;background-color:#f1f1f1\"><div class=\"gb-layout-column-wrap gb-block-layout-column-gap-2 gb-is-responsive-column\" style=\"max-width:1200px\">\n<div class=\"wp-block-genesis-blocks-gb-column gb-block-layout-column\"><div class=\"gb-block-layout-column-inner\">\n<h3 class=\"wp-block-heading\"><strong><strong>Objectif et importance de la formation th\u00e9orique<\/strong><\/strong><\/h3>\n\n\n\n<p>Le <strong><a href=\"https:\/\/prepasecu.fr\/tfp-aps\/formation-initiale\/programme-pedagogique-2021\/\" title=\"Le programme du TFP APS en 2021\">programme p\u00e9dagogique<\/a> de la formation TFP APS <\/strong>permet au futur <strong>Agent de Pr\u00e9vention et de S\u00e9curit\u00e9<\/strong> d\u2019approfondir et de perfectionner ses connaissances en droit, gestion des conflits, risques incendie et aux risques terroristes.<\/p>\n\n\n\n<p>Pour obtenir le TFP APS il faut passer l\u2019examen qui comporte deux \u00e9preuves&nbsp;: une <a href=\"https:\/\/prepasecu.fr\/tfp-aps\/qcu\/entrainement\/gratuit\/\" title=\"\">\u00e9preuve th\u00e9orique<\/a> au format QCM et une<a href=\"#\" title=\"Entra\u00eenez-vous et r\u00e9alisez des cas pratiques SSIAP 2 en ligne\"> \u00e9preuve pratique<\/a> (exercice de mise en situation).<\/p>\n\n\n\n<p>Le programme p\u00e9dagogique \u00e9num\u00e9r\u00e9 ci-dessus est conforme au <a href=\"https:\/\/www.legifrance.gouv.fr\/jorf\/id\/JORFTEXT000032459858\" target=\"_blank\" rel=\"noreferrer noopener nofollow\">d\u00e9cret n\u00b02016-515<\/a>.<\/p>\n\n\n\n<p><\/p>\n<\/div><\/div>\n\n\n\n<div class=\"wp-block-genesis-blocks-gb-column gb-block-layout-column\"><div class=\"gb-block-layout-column-inner\">\n<h3 class=\"wp-block-heading\">Nos ressources utiles<\/h3>\n\n\n\n<ul class=\"wp-block-list\">\n<li><strong>Le MAC APS:<\/strong> <a href=\"https:\/\/www.legifrance.gouv.fr\/jorf\/id\/JORFTEXT000034104578\/\" target=\"_blank\" rel=\"noreferrer noopener\">Depuis le 1er janvier 2018<\/a>, les agents de s\u00e9curit\u00e9 doivent suivre un stage de recyclage pour obtenir une attestation de MAC APS (Maintien et actualisation des comp\u00e9tences de l\u2019agent de pr\u00e9vention et de s\u00e9curit\u00e9). Elle est d\u00e9sormais exig\u00e9e par le CNAPS (Conseil national des activit\u00e9s priv\u00e9es de s\u00e9curit\u00e9) lors du renouvellement de la carte professionnelle tous les 5 ans. <a href=\"https:\/\/prepasecu.fr\/tfp-aps\/mac-aps\/\" title=\"Le MAC APS\">Continuer la lecture<\/a>&#8230;<\/li>\n\n\n\n<li><strong>Le CQP APS devient le TFP APS<\/strong>: Jusqu\u2019\u00e0 maintenant, pour devenir&nbsp;agent de s\u00e9curit\u00e9 priv\u00e9e, il fallait \u00eatre titulaire du&nbsp;CQP-APS&nbsp;(Certificat de Qualification Professionnelle Agent de Pr\u00e9vention et de S\u00e9curit\u00e9). Cette certification professionnelle pour \u00eatre&nbsp;agent de pr\u00e9vention et de s\u00e9curit\u00e9&nbsp;s\u2019obtient \u00e0 l\u2019issue d\u2019une formation et est valid\u00e9e par un examen. En 2021, le&nbsp;CQP APS change de nom et devient TFP\u2026&nbsp;<a href=\"https:\/\/prepasecu.fr\/blog\/nouveau-en-2021-le-cqp-aps-devient-le-tfp-aps\/\" title=\"Nouveau en 2021 : le CQP APS devient le TFP APS\">Continuer la lecture<\/a>\u2026<\/li>\n\n\n\n<li>Pour obtenir un poste de surveillance dans le domaine de la s\u00e9curit\u00e9, vous ne pourrez faire l\u2019impasse de r\u00e9diger une <strong>lettre de motivation agent de s\u00e9curit\u00e9<\/strong>, qui sera \u00e0 joindre \u00e0 votre cv. Celle-ci est le premier contact que vous allez \u00e9tablir avec le recruteur. Elle vise \u00e0 lui taper dans l\u2019\u0153il\u2026&nbsp;<a href=\"https:\/\/prepasecu.fr\/guides-pratiques\/modele-lettre-de-motivation-agent-de-securite-gratuit-2021\/\" title=\"\">Continuer la lecture<\/a>\u2026<\/li>\n\n\n\n<li><a href=\"https:\/\/prepasecu.fr\/guides-pratiques\/comment-devenir-agent-de-securite-en-2021\/\" title=\"\">Comment devenir agent de s\u00e9curit\u00e9 (ADS) en 2021<\/a> ?<\/li>\n<\/ul>\n<\/div><\/div>\n<\/div><\/div>\n\n\n\n<div class=\"wp-block-genesis-blocks-gb-columns gb-slate-text-with-cta gb-layout-columns-1 gb-1-col-equal gb-has-background-dim gb-has-background-dim-30 gb-has-custom-background-color gb-columns-center alignfull\" style=\"padding-top:10em;padding-right:1em;padding-bottom:10em;padding-left:1em;background-color:#212844;background-position:50% 52%\"><div class=\"gb-layout-column-wrap gb-block-layout-column-gap-3 gb-is-responsive-column\" style=\"max-width:872px\">\n<div class=\"wp-block-genesis-blocks-gb-column gb-block-layout-column\"><div class=\"gb-block-layout-column-inner\">\n<h2 class=\"wp-block-heading has-text-align-center has-text-color\" style=\"color:#f5f5f5;font-size:40px\">Prepasecu est le site INDISPENSABLE pour une pr\u00e9paration sur-mesure au TFP APS.<\/h2>\n\n\n\n<p class=\"has-text-align-center has-text-color\" style=\"color:#f5f5f5\">Un contenu p\u00e9dagogique innovant et vari\u00e9 pour votre prochaine r\u00e9ussite. Disponible en illimit\u00e9, 24\/7. Rassemble la pr\u00e9paration aux m\u00e9tiers de la s\u00e9curit\u00e9 incendie (SSIAP 2, entres autres&#8230;) et de la s\u00e9curit\u00e9 priv\u00e9e (APS, ASA, ASC&#8230;)<\/p>\n\n\n\n<div class=\"wp-block-buttons is-content-justification-center is-layout-flex wp-container-core-buttons-is-layout-7 wp-block-buttons-is-layout-flex\">\n<div class=\"wp-block-button\"><a class=\"wp-block-button__link has-text-color has-background wp-element-button\" href=\"https:\/\/prepasecu.fr\/inscription\/\" style=\"border-radius:4px;color:#ffffff;background-color:#0073e5\" target=\"_blank\" rel=\"noreferrer noopener\"><strong>Je m&rsquo;inscris gratuitement<\/strong><\/a><\/div>\n\n\n\n<div class=\"wp-block-button\"><a class=\"wp-block-button__link has-text-color has-background wp-element-button\" href=\"https:\/\/prepasecu.fr\/contactez-nous\/\" style=\"border-radius:4px;color:#1f1f1f;background-color:#ffffff\"><strong>Contactez-nous<\/strong><\/a><\/div>\n<\/div>\n\n\n\n<p>\/<\/p>\n<\/div><\/div>\n<\/div><\/div>\n","protected":false},"excerpt":{"rendered":"","protected":false},"author":1,"featured_media":0,"parent":0,"menu_order":0,"comment_status":"closed","ping_status":"closed","template":"","meta":{"_uag_custom_page_level_css":"","_genesis_hide_title":true,"_genesis_hide_breadcrumbs":true,"_genesis_hide_singular_image":false,"_genesis_hide_footer_widgets":false,"_genesis_custom_body_class":"","_genesis_custom_post_class":"","_genesis_layout":"full-width-content","footnotes":""},"class_list":{"0":"post-631","1":"page","2":"type-page","3":"status-publish","5":"entry"},"aioseo_notices":[],"featured_image_src":null,"featured_image_src_square":null,"uagb_featured_image_src":{"full":false,"thumbnail":false,"medium":false,"medium_large":false,"large":false,"1536x1536":false,"2048x2048":false,"sidebar-featured":false,"genesis-singular-images":false,"gb-block-post-grid-landscape":false,"gb-block-post-grid-square":false,"yarpp-thumbnail":false},"uagb_author_info":{"display_name":"Matthis","author_link":"https:\/\/prepasecu.fr\/?author=1"},"uagb_comment_info":0,"uagb_excerpt":null,"_links":{"self":[{"href":"https:\/\/prepasecu.fr\/index.php?rest_route=\/wp\/v2\/pages\/631"}],"collection":[{"href":"https:\/\/prepasecu.fr\/index.php?rest_route=\/wp\/v2\/pages"}],"about":[{"href":"https:\/\/prepasecu.fr\/index.php?rest_route=\/wp\/v2\/types\/page"}],"author":[{"embeddable":true,"href":"https:\/\/prepasecu.fr\/index.php?rest_route=\/wp\/v2\/users\/1"}],"replies":[{"embeddable":true,"href":"https:\/\/prepasecu.fr\/index.php?rest_route=%2Fwp%2Fv2%2Fcomments&post=631"}],"version-history":[{"count":0,"href":"https:\/\/prepasecu.fr\/index.php?rest_route=\/wp\/v2\/pages\/631\/revisions"}],"wp:attachment":[{"href":"https:\/\/prepasecu.fr\/index.php?rest_route=%2Fwp%2Fv2%2Fmedia&parent=631"}],"curies":[{"name":"wp","href":"https:\/\/api.w.org\/{rel}","templated":true}]}}