{"id":607,"date":"2020-12-11T22:59:52","date_gmt":"2020-12-11T21:59:52","guid":{"rendered":"https:\/\/preprod.prepasecu.fr\/?page_id=607"},"modified":"2023-07-04T12:36:13","modified_gmt":"2023-07-04T10:36:13","slug":"ssiap-2-formation-chef-dequipe-de-securite-incendie","status":"publish","type":"page","link":"https:\/\/prepasecu.fr\/ssiap-2\/formation-initiale","title":{"rendered":"SSIAP 2"},"content":{"rendered":"\n<div class=\"wp-block-genesis-blocks-gb-columns gb-layout-contact-1 gb-layout-columns-2 gb-2-col-equal gb-columns-center alignfull\" style=\"padding-top:10%;padding-right:5%;padding-bottom:10%;padding-left:5%\"><div class=\"gb-layout-column-wrap gb-block-layout-column-gap-5 gb-is-responsive-column\" style=\"max-width:1200px\">\n<div class=\"wp-block-genesis-blocks-gb-column gb-block-layout-column gb-is-vertically-aligned-center\"><div class=\"gb-block-layout-column-inner\">\n<h1 class=\"wp-block-heading\"><strong>Le site de pr\u00e9paration au SSIAP 2, la formation de Chef d&rsquo;\u00c9quipe de S\u00e9curit\u00e9 Incendie<\/strong><\/h1>\n\n\n\n<p>L\u2019essentiel pour apprendre, r\u00e9viser et comprendre le <strong>SSIAP 2 en ligne, en 1 clic<\/strong> ! D\u00e9couvrez une <strong>quantit\u00e9 in\u00e9gal\u00e9e de contenu p\u00e9dagogique<\/strong> pour r\u00e9ussir votre examen et maintenir vos connaissances.<\/p>\n\n\n\n<div class=\"wp-block-genesis-blocks-gb-container gb-block-container\"><div class=\"gb-container-inside\"><div class=\"gb-container-content\" style=\"max-width:1600px\">\n<p><\/p>\n<\/div><\/div><\/div>\n<\/div><\/div>\n\n\n\n<div class=\"wp-block-genesis-blocks-gb-column gb-block-layout-column gb-is-vertically-aligned-center\"><div class=\"gb-block-layout-column-inner\">\n<figure class=\"wp-block-image size-large\"><img loading=\"lazy\" decoding=\"async\" width=\"474\" height=\"394\" src=\"https:\/\/prepasecu.fr\/wp-content\/uploads\/2023\/07\/1-1.svg\" alt=\"\" class=\"wp-image-2369\"\/><\/figure>\n<\/div><\/div>\n<\/div><\/div>\n\n\n\n<div class=\"wp-block-genesis-blocks-gb-columns gb-layout-testimonial-1 gb-layout-columns-1 one-column gb-has-custom-background-color gb-columns-center alignfull\" style=\"padding-top:10%;padding-right:5%;padding-bottom:10%;padding-left:5%;background-color:#f1f1f1\"><div class=\"gb-layout-column-wrap gb-block-layout-column-gap-2 gb-is-responsive-column\" style=\"max-width:1200px\">\n<div class=\"wp-block-genesis-blocks-gb-column gb-block-layout-column\"><div class=\"gb-block-layout-column-inner\">\n<div style=\"margin-bottom:5%\" class=\"wp-block-genesis-blocks-gb-container gb-block-container\"><div class=\"gb-container-inside\"><div class=\"gb-container-content\" style=\"max-width:700px\">\n<h2 class=\"wp-block-heading has-text-align-center\">L&rsquo;indispensable pour une pr\u00e9paration au SSIAP 2<\/h2>\n\n\n\n<p class=\"has-text-align-center\">La plus grande communaut\u00e9 d&rsquo;\u00e9tudiants qui se pr\u00e9parent au SSIAP 2.<\/p>\n<\/div><\/div><\/div>\n\n\n\n<div class=\"wp-block-genesis-blocks-gb-columns gb-layout-columns-3 gb-3-col-equal\"><div class=\"gb-layout-column-wrap gb-block-layout-column-gap-2 gb-is-responsive-column\">\n<div class=\"wp-block-genesis-blocks-gb-column gb-block-layout-column\"><div class=\"gb-block-layout-column-inner\">\n<h3 class=\"wp-block-heading has-text-align-center\">500+ <strong>QCM\/QCU<\/strong><\/h3>\n\n\n\n<p>Plus de 500 QCM\/QCU <strong>disponibles sur notre site et nos applications mobiles<\/strong> pour se pr\u00e9parer \u00e0 \u00eatre un <strong>chef d&rsquo;\u00e9quipe de s\u00e9curit\u00e9 incendie<\/strong>.<\/p>\n<\/div><\/div>\n\n\n\n<div class=\"wp-block-genesis-blocks-gb-column gb-block-layout-column\"><div class=\"gb-block-layout-column-inner\">\n<h3 class=\"wp-block-heading has-text-align-center\">70+ <strong>COURS<\/strong><\/h3>\n\n\n\n<p>Plus de 70 cours <strong>disponibles sur notre site et nos applications mobiles<\/strong> pour une pr\u00e9paration sur mesure au SSIAP 2.<\/p>\n<\/div><\/div>\n\n\n\n<div class=\"wp-block-genesis-blocks-gb-column gb-block-layout-column\"><div class=\"gb-block-layout-column-inner\">\n<h3 class=\"wp-block-heading has-text-align-center\">&#8230;UTILIS<strong>\u00c9<\/strong>S QUOTIDIENNEMENT<\/h3>\n\n\n\n<p>Des <strong>centres de formation, des entreprises et des centaines d&rsquo;\u00e9tudiants utilisent<\/strong> Prepasecu <strong>quotidiennement<\/strong> pour le SSIAP 2. Bient\u00f4t vous ?<\/p>\n<\/div><\/div>\n<\/div><\/div>\n\n\n\n<div style=\"color:#ddd\" class=\"wp-block-genesis-blocks-gb-spacer gb-block-spacer gb-divider-solid gb-divider-size-1\"><hr style=\"height:30px\"\/><\/div>\n\n\n\n<div class=\"wp-block-buttons is-content-justification-center is-layout-flex wp-container-core-buttons-is-layout-1 wp-block-buttons-is-layout-flex\">\n<div class=\"wp-block-button\"><a class=\"wp-block-button__link wp-element-button\" href=\"https:\/\/prepasecu.fr\/inscription\/\" target=\"_blank\" rel=\"noreferrer noopener\">J&rsquo;essaye gratuitement<\/a><\/div>\n<\/div>\n\n\n\n<p><\/p>\n<\/div><\/div>\n<\/div><\/div>\n\n\n\n<div class=\"wp-block-genesis-blocks-gb-columns gb-layout-service-4 gb-layout-columns-2 gb-2-col-equal gb-columns-center alignfull\" style=\"padding-top:10%;padding-right:5%;padding-bottom:10%;padding-left:5%\"><div class=\"gb-layout-column-wrap gb-block-layout-column-gap-6 gb-is-responsive-column\" style=\"max-width:1200px\">\n<div class=\"wp-block-genesis-blocks-gb-column gb-block-layout-column\"><div class=\"gb-block-layout-column-inner\">\n<h2 class=\"wp-block-heading\"><strong>\u00c0 propos du SSIAP 2<\/strong><\/h2>\n\n\n\n<p style=\"font-size:22px\">Le SSIAP 2 est le deuxi\u00e8me \u00e9chelon de la formation \u00e0 la s\u00e9curit\u00e9 incendie et \u00e0 l&rsquo;assistance aux personnes. La formation SSIAP&nbsp;2 a pour objectif de r<strong>enforcer les comp\u00e9tences<\/strong> d\u00e9j\u00e0 acquises dans le domaine de <strong>la pr\u00e9vention et de l\u2019intervention incendie<\/strong>. De plus, le futur titulaire du SSIAP&nbsp;2 apprend c<strong>omment g\u00e9rer et former une \u00e9quipe<\/strong> ainsi qu\u2019\u00e0 g\u00e9rer un <strong>Poste Central de S\u00e9curit\u00e9 incendie<\/strong> en cas de crise.<\/p>\n\n\n\n<div style=\"color:#ddd\" class=\"wp-block-genesis-blocks-gb-spacer gb-block-spacer gb-divider-solid gb-spacer-divider gb-divider-size-1\"><hr style=\"height:30px\"\/><\/div>\n\n\n\n<h3 class=\"wp-block-heading\">Se pr\u00e9parer et r\u00e9ussir le SSIAP 2<\/h3>\n\n\n\n<p>Le SSIAP&nbsp;2 est le niveau interm\u00e9diaire dans l\u2019ensemble de la formation SSIAP qui comporte trois niveaux de qualification. Comme pour le SSIAP&nbsp;1 et le SSIAP&nbsp;3, la certification SSIAP&nbsp;2 s\u2019obtient \u00e0 l\u2019issue d\u2019un examen qui valide l\u2019ensemble des connaissances et comp\u00e9tences requises. Pour en savoir plus, consultez <a href=\"https:\/\/prepasecu.fr\/ssiap-2\/se-preparer-et-reussir-en-2021\/\" title=\"\">notre guide SSIAP&nbsp;2<\/a>.<\/p>\n\n\n\n<h3 class=\"wp-block-heading\">L&rsquo;examen du SSIAP 2 en formation initiale<\/h3>\n\n\n\n<p>Pour obtenir l\u2019examen du SSIAP&nbsp;2, vous devrez valider trois \u00e9preuves&nbsp;: une \u00e9preuve de QCM (l\u2019\u00e9preuve th\u00e9orique), une \u00e9preuve orale (pr\u00e9sentation d\u2019une s\u00e9quence p\u00e9dagogique devant un jury) et une \u00e9preuve pratique se d\u00e9roulant sous la forme d\u2019un exercice fictif de gestion du poste de s\u00e9curit\u00e9 incendie en cas d\u2019incident. <a href=\"https:\/\/prepasecu.fr\/ssiap-2\/formation-initiale\/examen\/\" title=\"Guide sur l\u2019examen du SSIAP 2 en formation initiale\">Continuer la lecture<\/a>&#8230;<\/p>\n\n\n\n<div class=\"wp-block-buttons is-layout-flex wp-block-buttons-is-layout-flex\">\n<div class=\"wp-block-button\"><a class=\"wp-block-button__link wp-element-button\" href=\"https:\/\/prepasecu.fr\/inscription\/\" target=\"_blank\" rel=\"noreferrer noopener\">Je d\u00e9couvre gratuitement<\/a><\/div>\n<\/div>\n<\/div><\/div>\n\n\n\n<div class=\"wp-block-genesis-blocks-gb-column gb-block-layout-column\"><div class=\"gb-block-layout-column-inner\">\n<figure class=\"wp-block-image size-large\"><img loading=\"lazy\" decoding=\"async\" width=\"477\" height=\"545\" src=\"https:\/\/prepasecu.fr\/wp-content\/uploads\/2023\/07\/2-4.svg\" alt=\"\" class=\"wp-image-2371\"\/><\/figure>\n<\/div><\/div>\n<\/div><\/div>\n\n\n\n<div class=\"wp-block-genesis-blocks-gb-columns gb-layout-testimonial-1 gb-layout-columns-1 one-column gb-has-custom-background-color gb-columns-center alignfull\" style=\"padding-top:10%;padding-right:5%;padding-bottom:10%;padding-left:5%;background-color:#f1f1f1\"><div class=\"gb-layout-column-wrap gb-block-layout-column-gap-2 gb-is-responsive-column\" style=\"max-width:1200px\">\n<div class=\"wp-block-genesis-blocks-gb-column gb-block-layout-column\"><div class=\"gb-block-layout-column-inner\">\n<div style=\"margin-bottom:5%\" class=\"wp-block-genesis-blocks-gb-container gb-block-container\"><div class=\"gb-container-inside\"><div class=\"gb-container-content\" style=\"max-width:700px\">\n<h2 class=\"wp-block-heading has-text-align-center\">Nos ressources pour pr\u00e9parer efficacement le SSIAP 2<\/h2>\n\n\n\n<p class=\"has-text-align-center\">Prepasecu d\u00e9mocratise l&rsquo;acc\u00e8s aux m\u00e9tiers de la s\u00e9curit\u00e9 incendie en vous proposant du contenu accessible GRATUITEMENT !<\/p>\n<\/div><\/div><\/div>\n\n\n\n<div class=\"wp-block-genesis-blocks-gb-columns gb-layout-columns-2 gb-2-col-equal\"><div class=\"gb-layout-column-wrap gb-block-layout-column-gap-2 gb-is-responsive-column\">\n<div class=\"wp-block-genesis-blocks-gb-column gb-block-layout-column\"><div class=\"gb-block-layout-column-inner\">\n<h3 class=\"wp-block-heading has-text-align-center\">L\u2019\u00e9preuve du QCM<\/h3>\n\n\n\n<p>Comme pour le SSIAP&nbsp;1 et le SSIAP&nbsp;3, l\u2019\u00e9preuve th\u00e9orique du SSIAP&nbsp;2 est un QCM. Compos\u00e9 de 40 questions (contre 30 pour le SSIAP&nbsp;1), le QCM porte sur toutes les parties du programme.<\/p>\n\n\n\n<div class=\"wp-block-buttons is-content-justification-center is-layout-flex wp-container-core-buttons-is-layout-3 wp-block-buttons-is-layout-flex\">\n<div class=\"wp-block-button\"><a class=\"wp-block-button__link wp-element-button\" href=\"https:\/\/prepasecu.fr\/ssiap-2\/qcm\/entrainement\/gratuit\/\" target=\"_blank\" rel=\"noreferrer noopener\">Je m&rsquo;entra\u00eene au QCM !<\/a><\/div>\n<\/div>\n<\/div><\/div>\n\n\n\n<div class=\"wp-block-genesis-blocks-gb-column gb-block-layout-column\"><div class=\"gb-block-layout-column-inner\">\n<h3 class=\"wp-block-heading has-text-align-center\">L\u2019\u00e9preuve de cas pratique<\/h3>\n\n\n\n<p>Le candidat est mis en situation pendant 20 minutes, dur\u00e9e de l\u2019\u00e9preuve au cours de laquelle il doit d\u00e9montrer ses comp\u00e9tences en mati\u00e8re de gestion d\u2019un poste de s\u00e9curit\u00e9 incendie en cas d\u2019intervention d\u2019urgence.<\/p>\n\n\n\n<div class=\"wp-block-buttons is-content-justification-center is-layout-flex wp-container-core-buttons-is-layout-4 wp-block-buttons-is-layout-flex\">\n<div class=\"wp-block-button\"><a class=\"wp-block-button__link wp-element-button\" href=\"https:\/\/prepasecu.fr\/ssiap-2\/cas-pratique\/entrainement\/gratuit\/\" target=\"_blank\" rel=\"noreferrer noopener\">Je m&rsquo;entra\u00eene au cas pratique !<\/a><\/div>\n<\/div>\n<\/div><\/div>\n<\/div><\/div>\n\n\n\n<div class=\"wp-block-genesis-blocks-gb-columns gb-layout-columns-2 gb-2-col-equal\"><div class=\"gb-layout-column-wrap gb-block-layout-column-gap-2 gb-is-responsive-column\">\n<div class=\"wp-block-genesis-blocks-gb-column gb-block-layout-column\"><div class=\"gb-block-layout-column-inner\">\n<h3 class=\"wp-block-heading has-text-align-center\">L&rsquo;\u00e9preuve orale<\/h3>\n\n\n\n<p>Le <strong>futur titulaire du SSIAP&nbsp;2<\/strong> devra remplir une mission de formateur aupr\u00e8s de son \u00e9quipe. Il doit donc pr\u00e9parer l\u2019animation d\u2019une s\u00e9quence p\u00e9dagogique devant un jury (temps de pr\u00e9paration&nbsp;: 15 min.) et la pr\u00e9senter devant un jury. <\/p>\n\n\n\n<div class=\"wp-block-buttons is-content-justification-center is-layout-flex wp-container-core-buttons-is-layout-5 wp-block-buttons-is-layout-flex\">\n<div class=\"wp-block-button\"><a class=\"wp-block-button__link wp-element-button\" href=\"https:\/\/prepasecu.fr\/ssiap-2\/epreuve-orale\/entrainement\/gratuit\/\" target=\"_blank\" rel=\"noreferrer noopener\">Je m&rsquo;entra\u00eene \u00e0 l&rsquo;\u00e9preuve orale !<\/a><\/div>\n<\/div>\n<\/div><\/div>\n\n\n\n<div class=\"wp-block-genesis-blocks-gb-column gb-block-layout-column\"><div class=\"gb-block-layout-column-inner\">\n<h3 class=\"wp-block-heading has-text-align-center\">&#8230; Et des cours !<\/h3>\n\n\n\n<p>Le programme du SSIAP 2 pour devenir <strong>chef d&rsquo;\u00e9quipe de s\u00e9curit\u00e9 incendie<\/strong>, est dense et exigeant. Il se divise en 4 th\u00e9matiques.  Les grandes th\u00e9matiques du programme du SSIAP 2 sont la gestion de l&rsquo;\u00e9quipe de s\u00e9curit\u00e9, la manipulation des syst\u00e8mes d&rsquo;incendies&#8230;<\/p>\n\n\n\n<div class=\"wp-block-buttons is-content-justification-center is-layout-flex wp-container-core-buttons-is-layout-6 wp-block-buttons-is-layout-flex\">\n<div class=\"wp-block-button\"><a class=\"wp-block-button__link wp-element-button\" href=\"https:\/\/prepasecu.fr\/ssiap-2\/cours\/\">Je lis les cours !<\/a><\/div>\n<\/div>\n\n\n\n<p><\/p>\n<\/div><\/div>\n<\/div><\/div>\n\n\n\n<p><\/p>\n<\/div><\/div>\n<\/div><\/div>\n\n\n\n<div class=\"wp-block-genesis-blocks-gb-columns gb-layout-service-1 gb-layout-columns-2 gb-2-col-equal gb-has-custom-background-color gb-columns-center alignfull\" style=\"padding-top:10%;padding-right:5%;padding-bottom:10%;padding-left:5%;background-color:#f1f1f1\"><div class=\"gb-layout-column-wrap gb-block-layout-column-gap-2 gb-is-responsive-column\" style=\"max-width:1200px\">\n<div class=\"wp-block-genesis-blocks-gb-column gb-block-layout-column\"><div class=\"gb-block-layout-column-inner\">\n<h3 class=\"wp-block-heading\"><strong><strong>Objectif et importance de la formation th\u00e9orique<\/strong><\/strong><\/h3>\n\n\n\n<p>Le <strong><a href=\"https:\/\/prepasecu.fr\/ssiap-2\/formation-initiale\/programme-pedagogique-2021\/\" title=\"Le programme p\u00e9dagogique du SSIAP 2 (Version 2021)\">programme p\u00e9dagogique<\/a> de la formation SSIAP&nbsp;2<\/strong> permet au futur chef d\u2019\u00e9quipe de s\u00e9curit\u00e9 incendie d\u2019approfondir et de perfectionner ses connaissances en mati\u00e8re de pr\u00e9vention incendie, mais \u00e9galement de se former au management d\u2019une \u00e9quipe et \u00e0 la gestion d\u2019une situation d\u2019urgence. Il est divis\u00e9 en 4 th\u00e9matiques:<\/p>\n\n\n\n<ol class=\"wp-block-list\" type=\"1\" id=\"block-1b54a255-5ec6-4d88-b755-74f2a267e627\">\n<li>Gestion de l\u2019\u00e9quipe de s\u00e9curit\u00e9<\/li>\n\n\n\n<li>Manipulation des syst\u00e8mes de s\u00e9curit\u00e9 incendie<\/li>\n\n\n\n<li>Hygi\u00e8ne et s\u00e9curit\u00e9 en mati\u00e8re de s\u00e9curit\u00e9 incendie<\/li>\n\n\n\n<li>Chef du poste central de s\u00e9curit\u00e9 en situation de crise<\/li>\n<\/ol>\n\n\n\n<p>Pour obtenir le SSIAP\u00a02, il faut passer l\u2019examen qui comporte trois \u00e9preuves\u00a0: une <a href=\"https:\/\/prepasecu.fr\/ssiap-2\/qcm\/entrainement\/gratuit\/\" title=\"Entra\u00eenez-vous et r\u00e9alisez des tests QCM SSIAP 2 en ligne\">\u00e9preuve th\u00e9orique<\/a> au format QCM, une <a href=\"#\">\u00e9preuve orale<\/a> et une<a href=\"https:\/\/prepasecu.fr\/ssiap-2\/cas-pratique\/entrainement\/gratuit\/\" title=\"\"> \u00e9preuve pratique<\/a> (exercice de mise en situation).<\/p>\n\n\n\n<p>Le programme p\u00e9dagogique \u00e9num\u00e9r\u00e9 ci-dessus est conforme \u00e0 l&rsquo;<a href=\"https:\/\/www.legifrance.gouv.fr\/loda\/id\/JORFTEXT000000448223\/2021-01-12\/\" target=\"_blank\" rel=\"noreferrer noopener\">Arr\u00eat\u00e9 du 2 mai 2005<\/a>.<\/p>\n\n\n\n<p>Vous souhaitez vous lancer ? Vous voulez pr\u00e9parer le SSIAP 2 ? D\u00e9couvrez notre <a href=\"https:\/\/prepasecu.fr\/ssiap-2\/centres-formation\/\" title=\"L\u2019annuaire des centres de formation SSIAP 2\">annuaire des centres de formation SSIAP 2<\/a> en France.<\/p>\n<\/div><\/div>\n\n\n\n<div class=\"wp-block-genesis-blocks-gb-column gb-block-layout-column\"><div class=\"gb-block-layout-column-inner\">\n<h3 class=\"wp-block-heading\">Nos ressources utiles<\/h3>\n\n\n\n<ul class=\"wp-block-list\">\n<li><strong>Le recyclage du SSIAP 2<\/strong> : fin de continuer \u00e0 assurer ses missions de protection et d\u2019intervention, le titulaire du SSIAP&nbsp;2 est tenu d\u2019actualiser et de remettre \u00e0 niveau ses comp\u00e9tences en suivant un stage de deux jours tous les trois ans. Cette d\u00e9marche est obligatoire pour tous les agents SSIAP&nbsp;2. Le recyclage est valable 36 mois et doit \u00eatre renouvel\u00e9 au-del\u00e0 de cette p\u00e9riode. \u00c0 l\u2019issue du stage de recyclage, un QCM blanc permet de valider le recyclage. Vous pouvez r\u00e9viser les points importants du recyclage en vous entra\u00eenant gratuitement aux QCM SSIAP&nbsp;2. <a href=\"https:\/\/prepasecu.fr\/ssiap-2\/recyclage\/\" title=\"\">Continuer la lecture<\/a>&#8230;<\/li>\n\n\n\n<li><strong>La remise \u00e0 niveau du SSIAP 2<\/strong> : Le stage de remise \u00e0 niveau SSIAP&nbsp;2 devient imp\u00e9ratif si vous n\u2019avez pas effectu\u00e9 le recyclage. Si vous avez d\u00e9pass\u00e9 le d\u00e9lai de trois ans ou si vous ne pouvez pas justifier d\u2019un minimum de 1607 heures d\u2019activit\u00e9 en tant que chef d\u2019\u00e9quipe de s\u00e9curit\u00e9 incendie au cours des derniers 36 mois, alors il est obligatoire de participer \u00e0 ce stage de 3 jours qui valide une remise \u00e0 niveau en profondeur de vos comp\u00e9tences SSIAP&nbsp;2. Comme pour le recyclage, la remise \u00e0 niveau est valid\u00e9e par un QCM blanc et est valable 36 mois jusqu\u2019au prochain recyclage. <a href=\"https:\/\/prepasecu.fr\/ssiap-2\/remise-a-niveau\/\" title=\"\">En savoir plus<\/a>&#8230;<\/li>\n\n\n\n<li><strong>Lexique et abr\u00e9viations de la s\u00e9curit\u00e9 incendie<\/strong> : Ma\u00eetriser le vocabulaire et les abr\u00e9viations propres \u00e0 la s\u00e9curit\u00e9 incendie est une condition obligatoire pour r\u00e9ussir le SSIAP&nbsp;2. Retrouvez toutes les abr\u00e9viations et tous les termes utilis\u00e9s dans un glossaire sp\u00e9cial SSIAP. Prepasecu les a rassembl\u00e9s pour que vous puissiez facilement les consulter \u00e0 tout moment de la formation. <a href=\"https:\/\/prepasecu.fr\/lexique-et-abreviations-du-ssiap-securite-incendie\/\" title=\"\">En savoir plus<\/a>.<\/li>\n<\/ul>\n<\/div><\/div>\n<\/div><\/div>\n\n\n\n<div class=\"wp-block-genesis-blocks-gb-columns gb-slate-text-with-cta gb-layout-columns-1 gb-1-col-equal gb-has-background-dim gb-has-background-dim-30 gb-has-custom-background-color gb-columns-center alignfull\" style=\"padding-top:10em;padding-right:1em;padding-bottom:10em;padding-left:1em;background-color:#212844;background-position:50% 52%\"><div class=\"gb-layout-column-wrap gb-block-layout-column-gap-3 gb-is-responsive-column\" style=\"max-width:872px\">\n<div class=\"wp-block-genesis-blocks-gb-column gb-block-layout-column\"><div class=\"gb-block-layout-column-inner\">\n<h2 class=\"wp-block-heading has-text-align-center has-text-color\" style=\"color:#f5f5f5;font-size:40px\">Prepasecu est le site INDISPENSABLE pour une pr\u00e9paration sur-mesure au SSIAP 2.<\/h2>\n\n\n\n<p class=\"has-text-align-center has-text-color\" style=\"color:#f5f5f5\">Un contenu p\u00e9dagogique innovant et vari\u00e9 pour votre prochaine r\u00e9ussite. Disponible en illimit\u00e9, 24\/7. Rassemble la pr\u00e9paration aux m\u00e9tiers de la s\u00e9curit\u00e9 incendie (SSIAP 2, entres autres&#8230;) et de la s\u00e9curit\u00e9 priv\u00e9e (APS, ASA, ASC&#8230;)<\/p>\n\n\n\n<div class=\"wp-block-buttons is-content-justification-center is-layout-flex wp-container-core-buttons-is-layout-7 wp-block-buttons-is-layout-flex\">\n<div class=\"wp-block-button\"><a class=\"wp-block-button__link has-text-color has-background wp-element-button\" href=\"https:\/\/prepasecu.fr\/inscription\/\" style=\"border-radius:4px;color:#ffffff;background-color:#0073e5\" target=\"_blank\" rel=\"noreferrer noopener\"><strong>Je m&rsquo;inscris gratuitement<\/strong><\/a><\/div>\n\n\n\n<div class=\"wp-block-button\"><a class=\"wp-block-button__link has-text-color has-background wp-element-button\" href=\"https:\/\/prepasecu.fr\/contactez-nous\/\" style=\"border-radius:4px;color:#1f1f1f;background-color:#ffffff\"><strong>Contactez-nous<\/strong><\/a><\/div>\n<\/div>\n\n\n\n<p>\/<\/p>\n<\/div><\/div>\n<\/div><\/div>\n","protected":false},"excerpt":{"rendered":"","protected":false},"author":1,"featured_media":0,"parent":0,"menu_order":0,"comment_status":"closed","ping_status":"closed","template":"","meta":{"_uag_custom_page_level_css":"","_genesis_hide_title":true,"_genesis_hide_breadcrumbs":true,"_genesis_hide_singular_image":false,"_genesis_hide_footer_widgets":false,"_genesis_custom_body_class":"","_genesis_custom_post_class":"","_genesis_layout":"full-width-content","footnotes":""},"class_list":{"0":"post-607","1":"page","2":"type-page","3":"status-publish","5":"entry"},"aioseo_notices":[],"featured_image_src":null,"featured_image_src_square":null,"uagb_featured_image_src":{"full":false,"thumbnail":false,"medium":false,"medium_large":false,"large":false,"1536x1536":false,"2048x2048":false,"sidebar-featured":false,"genesis-singular-images":false,"gb-block-post-grid-landscape":false,"gb-block-post-grid-square":false,"yarpp-thumbnail":false},"uagb_author_info":{"display_name":"Matthis","author_link":"https:\/\/prepasecu.fr\/?author=1"},"uagb_comment_info":0,"uagb_excerpt":null,"_links":{"self":[{"href":"https:\/\/prepasecu.fr\/index.php?rest_route=\/wp\/v2\/pages\/607"}],"collection":[{"href":"https:\/\/prepasecu.fr\/index.php?rest_route=\/wp\/v2\/pages"}],"about":[{"href":"https:\/\/prepasecu.fr\/index.php?rest_route=\/wp\/v2\/types\/page"}],"author":[{"embeddable":true,"href":"https:\/\/prepasecu.fr\/index.php?rest_route=\/wp\/v2\/users\/1"}],"replies":[{"embeddable":true,"href":"https:\/\/prepasecu.fr\/index.php?rest_route=%2Fwp%2Fv2%2Fcomments&post=607"}],"version-history":[{"count":0,"href":"https:\/\/prepasecu.fr\/index.php?rest_route=\/wp\/v2\/pages\/607\/revisions"}],"wp:attachment":[{"href":"https:\/\/prepasecu.fr\/index.php?rest_route=%2Fwp%2Fv2%2Fmedia&parent=607"}],"curies":[{"name":"wp","href":"https:\/\/api.w.org\/{rel}","templated":true}]}}