{"id":604,"date":"2020-12-11T22:53:46","date_gmt":"2020-12-11T21:53:46","guid":{"rendered":"https:\/\/preprod.prepasecu.fr\/?page_id=604"},"modified":"2024-11-05T12:52:56","modified_gmt":"2024-11-05T11:52:56","slug":"programme-pedagogique-ssiap-2-version-2020","status":"publish","type":"page","link":"https:\/\/prepasecu.fr\/ssiap-2\/formation-initiale\/programme-pedagogique-2024","title":{"rendered":"Le programme p\u00e9dagogique du SSIAP 2 (Version 2024)"},"content":{"rendered":"\n<p>Retrouvez ci-dessous le <strong>programme p\u00e9dagogique du SSIAP 2 version 2024<\/strong>, conforme \u00e0 l&rsquo;<a href=\"https:\/\/www.legifrance.gouv.fr\/loda\/id\/JORFTEXT000000448223\/2021-01-12\/\" rel=\"nofollow\" title=\"https:\/\/www.legifrance.gouv.fr\/loda\/id\/JORFTEXT000000448223\/2021-01-12\/\">Arr\u00eat\u00e9 du 2 mai 2005<\/a>.<\/p>\n\n\n\n<div id=\"ez-toc-container\" class=\"ez-toc-v2_0_50 counter-hierarchy ez-toc-counter ez-toc-grey ez-toc-container-direction\">\n<div class=\"ez-toc-title-container\">\n<p class=\"ez-toc-title\">Sommaire<\/p>\n<span class=\"ez-toc-title-toggle\"><a href=\"#\" class=\"ez-toc-pull-right ez-toc-btn ez-toc-btn-xs ez-toc-btn-default ez-toc-toggle\" aria-label=\"Toggle Table of Content\" role=\"button\"><label for=\"item-6a07c97a04158\" aria-hidden=\"true\"><span style=\"display: flex;align-items: center;width: 35px;height: 30px;justify-content: center;direction:ltr;\"><svg style=\"fill: #999;color:#999\" xmlns=\"http:\/\/www.w3.org\/2000\/svg\" class=\"list-377408\" width=\"20px\" height=\"20px\" viewBox=\"0 0 24 24\" fill=\"none\"><path d=\"M6 6H4v2h2V6zm14 0H8v2h12V6zM4 11h2v2H4v-2zm16 0H8v2h12v-2zM4 16h2v2H4v-2zm16 0H8v2h12v-2z\" fill=\"currentColor\"><\/path><\/svg><svg style=\"fill: #999;color:#999\" class=\"arrow-unsorted-368013\" xmlns=\"http:\/\/www.w3.org\/2000\/svg\" width=\"10px\" height=\"10px\" viewBox=\"0 0 24 24\" version=\"1.2\" baseProfile=\"tiny\"><path d=\"M18.2 9.3l-6.2-6.3-6.2 6.3c-.2.2-.3.4-.3.7s.1.5.3.7c.2.2.4.3.7.3h11c.3 0 .5-.1.7-.3.2-.2.3-.5.3-.7s-.1-.5-.3-.7zM5.8 14.7l6.2 6.3 6.2-6.3c.2-.2.3-.5.3-.7s-.1-.5-.3-.7c-.2-.2-.4-.3-.7-.3h-11c-.3 0-.5.1-.7.3-.2.2-.3.5-.3.7s.1.5.3.7z\"\/><\/svg><\/span><\/label><input  type=\"checkbox\" id=\"item-6a07c97a04158\"><\/a><\/span><\/div>\n<nav><ul class='ez-toc-list ez-toc-list-level-1 ' ><li class='ez-toc-page-1 ez-toc-heading-level-2'><a class=\"ez-toc-link ez-toc-heading-1\" href=\"https:\/\/prepasecu.fr\/ssiap-2\/formation-initiale\/programme-pedagogique-2024\/#Partie_1_gestion_de_l%E2%80%99equipe_de_securite\" title=\"Partie 1&nbsp;: gestion de l\u2019\u00e9quipe de s\u00e9curit\u00e9\">Partie 1&nbsp;: gestion de l\u2019\u00e9quipe de s\u00e9curit\u00e9<\/a><\/li><li class='ez-toc-page-1 ez-toc-heading-level-2'><a class=\"ez-toc-link ez-toc-heading-2\" href=\"https:\/\/prepasecu.fr\/ssiap-2\/formation-initiale\/programme-pedagogique-2024\/#Partie_2_Manipulation_du_systeme_de_securite_incendie\" title=\"Partie 2&nbsp;: Manipulation du syst\u00e8me de s\u00e9curit\u00e9 incendie\">Partie 2&nbsp;: Manipulation du syst\u00e8me de s\u00e9curit\u00e9 incendie<\/a><\/li><li class='ez-toc-page-1 ez-toc-heading-level-2'><a class=\"ez-toc-link ez-toc-heading-3\" href=\"https:\/\/prepasecu.fr\/ssiap-2\/formation-initiale\/programme-pedagogique-2024\/#Partie_3_hygiene_et_securite_en_matiere_de_securite_incendie\" title=\"Partie 3&nbsp;: hygi\u00e8ne et s\u00e9curit\u00e9 en mati\u00e8re de s\u00e9curit\u00e9 incendie\">Partie 3&nbsp;: hygi\u00e8ne et s\u00e9curit\u00e9 en mati\u00e8re de s\u00e9curit\u00e9 incendie<\/a><\/li><li class='ez-toc-page-1 ez-toc-heading-level-2'><a class=\"ez-toc-link ez-toc-heading-4\" href=\"https:\/\/prepasecu.fr\/ssiap-2\/formation-initiale\/programme-pedagogique-2024\/#Partie_4_Chef_du_poste_central_de_securite_en_situation_de_crise\" title=\"Partie 4&nbsp;: Chef du poste central de s\u00e9curit\u00e9 en situation de crise\">Partie 4&nbsp;: Chef du poste central de s\u00e9curit\u00e9 en situation de crise<\/a><\/li><li class='ez-toc-page-1 ez-toc-heading-level-2'><a class=\"ez-toc-link ez-toc-heading-5\" href=\"https:\/\/prepasecu.fr\/ssiap-2\/formation-initiale\/programme-pedagogique-2024\/#Envie_d%E2%80%99aller_plus_loin\" title=\"Envie d\u2019aller plus loin ?\">Envie d\u2019aller plus loin ?<\/a><\/li><\/ul><\/nav><\/div>\n<h2 class=\"wp-block-heading\"><span class=\"ez-toc-section\" id=\"Partie_1_gestion_de_l%E2%80%99equipe_de_securite\"><\/span>Partie 1&nbsp;: gestion de l\u2019\u00e9quipe de s\u00e9curit\u00e9<span class=\"ez-toc-section-end\"><\/span><\/h2>\n\n\n\n<h3 class=\"wp-block-heading\">1<sup>\u00e8re<\/sup> s\u00e9quence&nbsp;: gestion de l\u2019\u00e9quipe de s\u00e9curit\u00e9<\/h3>\n\n\n\n<h4 class=\"wp-block-heading\">Contenu:<\/h4>\n\n\n\n<ul class=\"wp-block-list\">\n<li>D\u00e9finir des actions<\/li>\n\n\n\n<li>Planifier les actions et \u00e9laborer le planning des vacations<\/li>\n\n\n\n<li>Anticiper sur les conflits<\/li>\n\n\n\n<li>Conna\u00eetre le caract\u00e8re de chacun et ses r\u00e9actions<\/li>\n\n\n\n<li>\u00catre loyal envers l\u2019\u00e9quipe<\/li>\n<\/ul>\n\n\n\n<h4 class=\"wp-block-heading\">Application:<\/h4>\n\n\n\n<ul class=\"wp-block-list\">\n<li>Organisation d\u2019un planning<\/li>\n\n\n\n<li>D\u00e9tecter les signes avant-coureurs d\u2019un conflit<\/li>\n<\/ul>\n\n\n\n<h3 class=\"wp-block-heading\">2<sup>e<\/sup> s\u00e9quence&nbsp;: Management de l\u2019\u00e9quipe de s\u00e9curit\u00e9<\/h3>\n\n\n\n<h4 class=\"wp-block-heading\">Contenu:<\/h4>\n\n\n\n<ul class=\"wp-block-list\">\n<li>Participer \u00e0 la s\u00e9lection des agents<\/li>\n\n\n\n<li>Organiser l\u2019accueil d\u2019un nouvel agent<\/li>\n\n\n\n<li>Assurer la formation des agents<\/li>\n\n\n\n<li>Motiver son \u00e9quipe et organiser des exercices quotidiens<\/li>\n\n\n\n<li>Transmettre les savoirs<\/li>\n<\/ul>\n\n\n\n<h4 class=\"wp-block-heading\">Application:<\/h4>\n\n\n\n<ul class=\"wp-block-list\">\n<li>\u00c9laboration d\u2019un planning de formation et de recyclage (secourisme, habilitation \u00e9lectrique, \u2026)<\/li>\n<\/ul>\n\n\n\n<h3 class=\"wp-block-heading\">3<sup>e<\/sup> s\u00e9quence&nbsp;: Organisation d\u2019une s\u00e9ance de formation<\/h3>\n\n\n\n<h4 class=\"wp-block-heading\">Contenu:<\/h4>\n\n\n\n<ul class=\"wp-block-list\">\n<li>Participer \u00e0 la s\u00e9lection des agents<\/li>\n\n\n\n<li>Organiser l\u2019accueil d\u2019un nouvel agent<\/li>\n\n\n\n<li>Assurer la formation des agents<\/li>\n\n\n\n<li>Motiver son \u00e9quipe et organiser des exercices quotidiens<\/li>\n\n\n\n<li>Transmettre les savoirs<\/li>\n<\/ul>\n\n\n\n<h4 class=\"wp-block-heading\">Application:<\/h4>\n\n\n\n<ul class=\"wp-block-list\">\n<li>\u00c9laboration&nbsp;de fiches p\u00e9dagogiques&nbsp;<\/li>\n\n\n\n<li>Fondamentaux de la s\u00e9curit\u00e9 incendie (ERP et IGH)&nbsp;<\/li>\n\n\n\n<li>Les principes d\u2019\u00e9vacuation du public et la particularit\u00e9 du type U et de l\u2019IGH&nbsp;<\/li>\n\n\n\n<li>Les caract\u00e9ristiques des mat\u00e9riaux et \u00e9l\u00e9ments de construction face \u00e0 un incendie&nbsp;<\/li>\n\n\n\n<li>Les syst\u00e8mes de s\u00e9curit\u00e9 incendie<\/li>\n\n\n\n<li>Les moyens d\u2019extinction&nbsp;<\/li>\n\n\n\n<li>Encadrement de feux pratiques<\/li>\n<\/ul>\n\n\n\n<h3 class=\"wp-block-heading\">4<sup>e<\/sup> s\u00e9quence&nbsp;: Gestion des conflits<\/h3>\n\n\n\n<h4 class=\"wp-block-heading\">Contenu:<\/h4>\n\n\n\n<ul class=\"wp-block-list\">\n<li>Gestion des conflits&nbsp;<\/li>\n\n\n\n<li>Commander<\/li>\n<\/ul>\n\n\n\n<h4 class=\"wp-block-heading\">Application:<\/h4>\n\n\n\n<ul class=\"wp-block-list\">\n<li>Exercice pratique de traitement d\u2019un conflit<\/li>\n<\/ul>\n\n\n\n<h3 class=\"wp-block-heading\">5<sup>e<\/sup> s\u00e9quence&nbsp;: \u00e9valuation de l\u2019\u00e9quipe<\/h3>\n\n\n\n<h4 class=\"wp-block-heading\">Contenu:<\/h4>\n\n\n\n<ul class=\"wp-block-list\">\n<li>Appr\u00e9cier les r\u00e9sultats au regard des objectifs fix\u00e9s&nbsp;<\/li>\n\n\n\n<li>Assurer la passation et le respect des consignes&nbsp;<\/li>\n\n\n\n<li>Assurer le suivi du contr\u00f4le continu des agents&nbsp;<\/li>\n\n\n\n<li>Comprendre le comportement du groupe&nbsp;<\/li>\n\n\n\n<li>Ressentir les ambitions du groupe&nbsp;<\/li>\n\n\n\n<li>Assurer le r\u00e9alisme du calendrier et des plannings<\/li>\n<\/ul>\n\n\n\n<h4 class=\"wp-block-heading\">Application:<\/h4>\n\n\n\n<ul class=\"wp-block-list\">\n<li>Classement des documents&nbsp;<\/li>\n\n\n\n<li>\u00c9laboration de fiches de contr\u00f4le de connaissances<\/li>\n<\/ul>\n\n\n\n<h3 class=\"wp-block-heading\">6<sup>e<\/sup> s\u00e9quence&nbsp;: information de la hi\u00e9rarchie<\/h3>\n\n\n\n<h4 class=\"wp-block-heading\">Contenu:<\/h4>\n\n\n\n<ul class=\"wp-block-list\">\n<li>Le but des rapports (d\u00e9finition, importance et n\u00e9cessit\u00e9, diff\u00e9rentes parties et plan)&nbsp;<\/li>\n\n\n\n<li>La pr\u00e9sentation des rapports (le style et la forme)&nbsp;<\/li>\n\n\n\n<li>Le contenu et le style du compte rendu<\/li>\n<\/ul>\n\n\n\n<h4 class=\"wp-block-heading\">Application:<\/h4>\n\n\n\n<ul class=\"wp-block-list\">\n<li>Exercice d\u2019application de compte rendu \u00e9crit, oral et r\u00e9daction d\u2019un rapport<\/li>\n<\/ul>\n\n\n\n<h3 class=\"wp-block-heading\">7<sup>e<\/sup> s\u00e9quence&nbsp;: application des consignes de s\u00e9curit\u00e9<\/h3>\n\n\n\n<h4 class=\"wp-block-heading\">Contenu:<\/h4>\n\n\n\n<ul class=\"wp-block-list\">\n<li>Les consignes g\u00e9n\u00e9rales, particuli\u00e8res et sp\u00e9ciales de s\u00e9curit\u00e9&nbsp;<\/li>\n\n\n\n<li>Planning des rondes de s\u00e9curit\u00e9&nbsp;<\/li>\n\n\n\n<li>Les rondes compl\u00e9mentaires de s\u00e9curit\u00e9&nbsp;<\/li>\n\n\n\n<li>Tenir \u00e0 jour le registre de s\u00e9curit\u00e9&nbsp;<\/li>\n\n\n\n<li>Principes d\u2019indexation des rapports de v\u00e9rifications r\u00e9glementaires au registre de s\u00e9curit\u00e9 et suivi de la p\u00e9riodicit\u00e9 des contr\u00f4les r\u00e9glementaires<\/li>\n<\/ul>\n\n\n\n<h4 class=\"wp-block-heading\">Application:<\/h4>\n\n\n\n<ul class=\"wp-block-list\">\n<li>Mise en situation par diff\u00e9rentes consignes<\/li>\n<\/ul>\n\n\n\n<h3 class=\"wp-block-heading\">8<sup>e<\/sup> s\u00e9quence&nbsp;: g\u00e9rer les incidents techniques<\/h3>\n\n\n\n<h4 class=\"wp-block-heading\">Contenu:<\/h4>\n\n\n\n<ul class=\"wp-block-list\">\n<li>Identifier les diff\u00e9rents risques&nbsp;<\/li>\n\n\n\n<li>\u00c9valuer les risques&nbsp;<\/li>\n\n\n\n<li>\u00c9valuer les cons\u00e9quences&nbsp;<\/li>\n\n\n\n<li>Intervenir ou faire intervenir les personnes comp\u00e9tentes<\/li>\n<\/ul>\n\n\n\n<h4 class=\"wp-block-heading\">Application:<\/h4>\n\n\n\n<ul class=\"wp-block-list\">\n<li>Exercices simples de gestion d\u2019incidents<\/li>\n<\/ul>\n\n\n\n<h3 class=\"wp-block-heading\">9<sup>e<\/sup> s\u00e9quence&nbsp;: d\u00e9livrance du permis de feu<\/h3>\n\n\n\n<h4 class=\"wp-block-heading\">Contenu:<\/h4>\n\n\n\n<ul class=\"wp-block-list\">\n<li>Rappel des principes et r\u00e8gles&nbsp;<\/li>\n\n\n\n<li>Signataires des permis de feu, leur r\u00f4le et responsabilit\u00e9&nbsp;<\/li>\n\n\n\n<li>Liste des travaux soumis \u00e0 un permis de feu (obligations et recommandations)&nbsp;<\/li>\n\n\n\n<li>Diff\u00e9rences \u00ab permis de feu \u00bb et \u00ab plan de pr\u00e9vention \u00bb&nbsp;<\/li>\n\n\n\n<li>Analyse de risques et mesures de pr\u00e9vention incendie :\n<ul class=\"wp-block-list\">\n<li>Dispositions \u00e0 prendre pr\u00e9alablement aux travaux&nbsp;<\/li>\n\n\n\n<li>Dispositions \u00e0 prendre pendant l\u2019ex\u00e9cution des travaux&nbsp;<\/li>\n\n\n\n<li>Dispositions \u00e0 prendre apr\u00e8s les travaux&nbsp;<\/li>\n<\/ul>\n<\/li>\n\n\n\n<li>Archivage des documents<\/li>\n<\/ul>\n\n\n\n<h4 class=\"wp-block-heading\">&nbsp;Application:<\/h4>\n\n\n\n<ul class=\"wp-block-list\">\n<li>R\u00e9daction de 2 ou 3 permis de feu<\/li>\n<\/ul>\n\n\n\n<h2 class=\"wp-block-heading\"><span class=\"ez-toc-section\" id=\"Partie_2_Manipulation_du_systeme_de_securite_incendie\"><\/span>Partie 2&nbsp;: Manipulation du syst\u00e8me de s\u00e9curit\u00e9 incendie<span class=\"ez-toc-section-end\"><\/span><\/h2>\n\n\n\n<h3 class=\"wp-block-heading\">1<sup>\u00e8re<\/sup> s\u00e9quence&nbsp;: syst\u00e8me de d\u00e9tection incendie<\/h3>\n\n\n\n<h4 class=\"wp-block-heading\">Contenu:<\/h4>\n\n\n\n<ul class=\"wp-block-list\">\n<li>Composition&nbsp;<\/li>\n\n\n\n<li>Les zones&nbsp;<\/li>\n\n\n\n<li>Les boucles&nbsp;<\/li>\n\n\n\n<li>Les niveaux d\u2019acc\u00e8s&nbsp;<\/li>\n\n\n\n<li>Les sources d\u2019alimentation en \u00e9nergie<\/li>\n<\/ul>\n\n\n\n<h4 class=\"wp-block-heading\">Application:<\/h4>\n\n\n\n<ul class=\"wp-block-list\">\n<li>Rep\u00e9rage des zones et des boucles&nbsp;<\/li>\n\n\n\n<li>Acquittement&nbsp;<\/li>\n\n\n\n<li>R\u00e9armement&nbsp;<\/li>\n\n\n\n<li>Mise hors service<\/li>\n<\/ul>\n\n\n\n<h3 class=\"wp-block-heading\">2<sup>e<\/sup> s\u00e9quence&nbsp;: le syst\u00e8me de mise en s\u00e9curit\u00e9 incendie<\/h3>\n\n\n\n<h4 class=\"wp-block-heading\">Contenu:<\/h4>\n\n\n\n<ul class=\"wp-block-list\">\n<li>Unit\u00e9 de signalisation&nbsp;<\/li>\n\n\n\n<li>Unit\u00e9 de gestion de l\u2019alarme&nbsp;<\/li>\n\n\n\n<li>Unit\u00e9 de gestion centralis\u00e9e des issues de secours&nbsp;<\/li>\n\n\n\n<li>Unit\u00e9 de commande manuelle centralis\u00e9e&nbsp;<\/li>\n\n\n\n<li>Dispositifs actionn\u00e9s de s\u00e9curit\u00e9&nbsp;<\/li>\n\n\n\n<li>Dispositifs adaptateurs de commande<\/li>\n<\/ul>\n\n\n\n<h4 class=\"wp-block-heading\">&nbsp;Application:<\/h4>\n\n\n\n<ul class=\"wp-block-list\">\n<li>Interpr\u00e9ter l\u2019\u00e9tat des voyants (fixes ou clignotants)&nbsp;<\/li>\n\n\n\n<li>Interpr\u00e9ter la couleur des voyants&nbsp;<\/li>\n\n\n\n<li>Utiliser une UCMC&nbsp;<\/li>\n\n\n\n<li>R\u00e9armer des DAS<\/li>\n<\/ul>\n\n\n\n<h3 class=\"wp-block-heading\">3<sup>e<\/sup> s\u00e9quence&nbsp;: installations fixes d\u2019extinction automatique<\/h3>\n\n\n\n<h4 class=\"wp-block-heading\">Contenu:<\/h4>\n\n\n\n<ul class=\"wp-block-list\">\n<li>Les installations d\u2019extinction automatique \u00e0 eau ou gaz, et notamment les d\u00e9marches administratives en cas de coupure temporaire de l\u2019installation (fuite, coupure, \u2026), mais aussi les mesures compensatrices \u00e0 mettre en \u0153uvre<\/li>\n<\/ul>\n\n\n\n<h2 class=\"wp-block-heading\"><span class=\"ez-toc-section\" id=\"Partie_3_hygiene_et_securite_en_matiere_de_securite_incendie\"><\/span>Partie 3&nbsp;: hygi\u00e8ne et s\u00e9curit\u00e9 en mati\u00e8re de s\u00e9curit\u00e9 incendie<span class=\"ez-toc-section-end\"><\/span><\/h2>\n\n\n\n<h3 class=\"wp-block-heading\">1<sup>\u00e8re<\/sup> s\u00e9quence&nbsp;: r\u00e9glementation du Code du travail<\/h3>\n\n\n\n<h4 class=\"wp-block-heading\">Contenu:<\/h4>\n\n\n\n<ul class=\"wp-block-list\">\n<li>Am\u00e9nagement des locaux de travail :&nbsp;<\/li>\n\n\n\n<li>Principales dispositions r\u00e9glementaires en mati\u00e8re de :\n<ul class=\"wp-block-list\">\n<li>Pr\u00e9vention incendie&nbsp;<\/li>\n\n\n\n<li>Protection incendie&nbsp;<\/li>\n<\/ul>\n<\/li>\n\n\n\n<li>Complexit\u00e9 des ph\u00e9nom\u00e8nes \u00ab accidents du travail \u00bb :\n<ul class=\"wp-block-list\">\n<li>\u00c9tude de cas d\u2019accident du travail (principe de l\u2019arbre des causes)&nbsp;<\/li>\n\n\n\n<li>Qu\u2019est-ce qu\u2019un danger ?&nbsp;<\/li>\n\n\n\n<li>Qu\u2019est-ce qu\u2019un risque ?&nbsp;<\/li>\n\n\n\n<li>M\u00e9canisme de d\u00e9roulement d\u2019un accident&nbsp;<\/li>\n\n\n\n<li>Aspect al\u00e9atoire des accidents&nbsp;<\/li>\n<\/ul>\n<\/li>\n\n\n\n<li>Notion de danger (individuelle et collective)&nbsp;<\/li>\n\n\n\n<li>Notion de danger imminent et de droit de retrait<\/li>\n<\/ul>\n\n\n\n<h4 class=\"wp-block-heading\">Application:<\/h4>\n\n\n\n<ul class=\"wp-block-list\">\n<li>Exercice d\u2019application, sc\u00e9nario de danger imminent<\/li>\n<\/ul>\n\n\n\n<h3 class=\"wp-block-heading\">2<sup>e<\/sup> s\u00e9quence&nbsp;: commissions de s\u00e9curit\u00e9 et commission d\u2019accessibilit\u00e9<\/h3>\n\n\n\n<h4 class=\"wp-block-heading\">Contenu:<\/h4>\n\n\n\n<ul class=\"wp-block-list\">\n<li>Composition des commissions&nbsp;<\/li>\n\n\n\n<li>R\u00f4le des commissions&nbsp;<\/li>\n\n\n\n<li>Missions des commissions&nbsp;<\/li>\n\n\n\n<li>Documents \u00e0 transmettre (notice de s\u00e9curit\u00e9, etc.) ou \u00e0 tenir \u00e0 disposition (registre de s\u00e9curit\u00e9)<\/li>\n<\/ul>\n\n\n\n<h4 class=\"wp-block-heading\">Application:<\/h4>\n\n\n\n<ul class=\"wp-block-list\">\n<li>Exercice d\u2019application, r\u00e9pondre oralement aux questions des agents de s\u00e9curit\u00e9 sur l\u2019organisation et le r\u00f4le des commissions de s\u00e9curit\u00e9<\/li>\n<\/ul>\n\n\n\n<h2 class=\"wp-block-heading\"><span class=\"ez-toc-section\" id=\"Partie_4_Chef_du_poste_central_de_securite_en_situation_de_crise\"><\/span>Partie 4&nbsp;: Chef du poste central de s\u00e9curit\u00e9 en situation de crise<span class=\"ez-toc-section-end\"><\/span><\/h2>\n\n\n\n<h3 class=\"wp-block-heading\">1<sup>\u00e8re<\/sup> s\u00e9quence&nbsp;: gestion du poste central de s\u00e9curit\u00e9 (10h)<\/h3>\n\n\n\n<h4 class=\"wp-block-heading\">Contenu:<\/h4>\n\n\n\n<ul class=\"wp-block-list\">\n<li>R\u00e9ception des alarmes&nbsp;<\/li>\n\n\n\n<li>La lev\u00e9e de doute&nbsp;<\/li>\n\n\n\n<li>Application des consignes&nbsp;<\/li>\n\n\n\n<li>Chronologie des priorit\u00e9s&nbsp;<\/li>\n\n\n\n<li>Prise de d\u00e9cision : gestion de l\u2019\u00e9vacuation&nbsp;<\/li>\n\n\n\n<li>Alerte des sapeurs-pompiers&nbsp;<\/li>\n\n\n\n<li>Le service local de s\u00e9curit\u00e9&nbsp;<\/li>\n\n\n\n<li>L\u2019accueil des sapeurs-pompiers<\/li>\n<\/ul>\n\n\n\n<h4 class=\"wp-block-heading\">Application:<\/h4>\n\n\n\n<ul class=\"wp-block-list\">\n<li>Exercices pratiques de mise en situation<\/li>\n<\/ul>\n\n\n\n<h3 class=\"wp-block-heading\">2<sup>e<\/sup> s\u00e9quence&nbsp;: conseils techniques aux services de secours (6h)<\/h3>\n\n\n\n<h4 class=\"wp-block-heading\">Contenu:<\/h4>\n\n\n\n<ul class=\"wp-block-list\">\n<li>Faire ouvrir l\u2019acc\u00e8s \u00e0 la voie engin&nbsp;<\/li>\n\n\n\n<li>M\u00e9thodologie des rappels prioritaires des ascenseurs (ERP ou IGH)&nbsp;<\/li>\n\n\n\n<li>Accueillir les secours :\n<ul class=\"wp-block-list\">\n<li>Compte rendu des \u00e9v\u00e8nements&nbsp;<\/li>\n\n\n\n<li>Actions r\u00e9alis\u00e9es&nbsp;<\/li>\n\n\n\n<li>Fournir :\n<ul class=\"wp-block-list\">\n<li>Les plans&nbsp;<\/li>\n\n\n\n<li>Les cl\u00e9s&nbsp;<\/li>\n\n\n\n<li>Les moyens de communication&nbsp;<\/li>\n\n\n\n<li>Mettre \u00e0 disposition les agents des services techniques requis<\/li>\n<\/ul>\n<\/li>\n<\/ul>\n<\/li>\n<\/ul>\n\n\n\n<h4 class=\"wp-block-heading\">Application:<\/h4>\n\n\n\n<ul class=\"wp-block-list\">\n<li>Mise en application par des exercices pratiques<\/li>\n<\/ul>\n\n\n\n<h2 class=\"wp-block-heading\"><span class=\"ez-toc-section\" id=\"Envie_d%E2%80%99aller_plus_loin\"><\/span><strong>Envie d\u2019aller plus loin ?<\/strong><span class=\"ez-toc-section-end\"><\/span><\/h2>\n\n\n\n<ul class=\"wp-block-list\">\n<li>Retrouvez nos&nbsp;<a href=\"https:\/\/prepasecu.fr\/ssiap-2\/cours\/\" title=\"\">cours SSIAP 2<\/a><\/li>\n\n\n\n<li>Entra\u00eenez vous \u00e0 des&nbsp;<a href=\"https:\/\/prepasecu.fr\/ssiap-2\/cas-pratique\/entrainement\/gratuit\/\" title=\"\">cas pratiques SSIAP 2<\/a><\/li>\n\n\n\n<li>R\u00e9visez vos connaissances SSIAP 2 avec <a href=\"https:\/\/prepasecu.fr\/ssiap-2\/qcm\/entrainement\/gratuit\/\" title=\"Entra\u00eenez-vous et r\u00e9alisez des tests QCM SSIAP 2 en ligne\">nos QCM<\/a><\/li>\n\n\n\n<li>Le&nbsp;<a href=\"https:\/\/prepasecu.fr\/ssiap-2\/formation-initiale\/examen\/\" title=\"\">guide complet du SSIAP 2<\/a>&nbsp;en formation initiale<\/li>\n<\/ul>\n","protected":false},"excerpt":{"rendered":"<p>Retrouvez ci-dessous le programme p\u00e9dagogique du SSIAP 2 version 2024, conforme \u00e0 l&rsquo;Arr\u00eat\u00e9 du 2 mai 2005. Partie 1&nbsp;: gestion de l\u2019\u00e9quipe de s\u00e9curit\u00e9 1\u00e8re s\u00e9quence&nbsp;: gestion de l\u2019\u00e9quipe de s\u00e9curit\u00e9 Contenu: Application: 2e s\u00e9quence&nbsp;: Management de l\u2019\u00e9quipe de s\u00e9curit\u00e9 Contenu: Application: 3e s\u00e9quence&nbsp;: Organisation d\u2019une s\u00e9ance de formation Contenu: Application: 4e s\u00e9quence&nbsp;: Gestion des [&hellip;]<\/p>\n","protected":false},"author":1,"featured_media":0,"parent":607,"menu_order":0,"comment_status":"closed","ping_status":"closed","template":"","meta":{"_uag_custom_page_level_css":"","_genesis_hide_title":false,"_genesis_hide_breadcrumbs":false,"_genesis_hide_singular_image":false,"_genesis_hide_footer_widgets":false,"_genesis_custom_body_class":"","_genesis_custom_post_class":"","_genesis_layout":"","footnotes":""},"class_list":{"0":"post-604","1":"page","2":"type-page","3":"status-publish","5":"entry"},"aioseo_notices":[],"featured_image_src":null,"featured_image_src_square":null,"uagb_featured_image_src":{"full":false,"thumbnail":false,"medium":false,"medium_large":false,"large":false,"1536x1536":false,"2048x2048":false,"sidebar-featured":false,"genesis-singular-images":false,"gb-block-post-grid-landscape":false,"gb-block-post-grid-square":false,"yarpp-thumbnail":false},"uagb_author_info":{"display_name":"Matthis","author_link":"https:\/\/prepasecu.fr\/?author=1"},"uagb_comment_info":0,"uagb_excerpt":"Retrouvez ci-dessous le programme p\u00e9dagogique du SSIAP 2 version 2024, conforme \u00e0 l&rsquo;Arr\u00eat\u00e9 du 2 mai 2005. Partie 1&nbsp;: gestion de l\u2019\u00e9quipe de s\u00e9curit\u00e9 1\u00e8re s\u00e9quence&nbsp;: gestion de l\u2019\u00e9quipe de s\u00e9curit\u00e9 Contenu: Application: 2e s\u00e9quence&nbsp;: Management de l\u2019\u00e9quipe de s\u00e9curit\u00e9 Contenu: Application: 3e s\u00e9quence&nbsp;: Organisation d\u2019une s\u00e9ance de formation Contenu: Application: 4e s\u00e9quence&nbsp;: Gestion des\u2026","_links":{"self":[{"href":"https:\/\/prepasecu.fr\/index.php?rest_route=\/wp\/v2\/pages\/604"}],"collection":[{"href":"https:\/\/prepasecu.fr\/index.php?rest_route=\/wp\/v2\/pages"}],"about":[{"href":"https:\/\/prepasecu.fr\/index.php?rest_route=\/wp\/v2\/types\/page"}],"author":[{"embeddable":true,"href":"https:\/\/prepasecu.fr\/index.php?rest_route=\/wp\/v2\/users\/1"}],"replies":[{"embeddable":true,"href":"https:\/\/prepasecu.fr\/index.php?rest_route=%2Fwp%2Fv2%2Fcomments&post=604"}],"version-history":[{"count":0,"href":"https:\/\/prepasecu.fr\/index.php?rest_route=\/wp\/v2\/pages\/604\/revisions"}],"up":[{"embeddable":true,"href":"https:\/\/prepasecu.fr\/index.php?rest_route=\/wp\/v2\/pages\/607"}],"wp:attachment":[{"href":"https:\/\/prepasecu.fr\/index.php?rest_route=%2Fwp%2Fv2%2Fmedia&parent=604"}],"curies":[{"name":"wp","href":"https:\/\/api.w.org\/{rel}","templated":true}]}}