{"id":596,"date":"2020-12-11T22:45:12","date_gmt":"2020-12-11T21:45:12","guid":{"rendered":"https:\/\/preprod.prepasecu.fr\/?page_id=596"},"modified":"2024-09-23T16:43:45","modified_gmt":"2024-09-23T14:43:45","slug":"cours-ssiap-2-en-ligne","status":"publish","type":"page","link":"https:\/\/prepasecu.fr\/ssiap-2\/cours","title":{"rendered":"Cours SSIAP 2 en ligne"},"content":{"rendered":"\n<p>Le SSIAP 2 est le second \u00e9chelon de la formation Service de S\u00e9curit\u00e9 Incendie et d\u2019Assistance \u00e0 Personnes. Si vous \u00eates d\u00e9j\u00e0 titulaire du SSIAP 1, <strong>obtenir le dipl\u00f4me du SSIAP 2<\/strong> vous permet d\u2019\u00e9voluer dans votre carri\u00e8re professionnelle et d\u2019avoir acc\u00e8s au poste de chef d\u2019\u00e9quipe de s\u00e9curit\u00e9 incendie.<\/p>\n\n\n\n<p>Le chef d\u2019\u00e9quipe de s\u00e9curit\u00e9 incendie continue d\u2019assurer des missions de protection des biens et des personnes dans les ERP et les IGH, mais en plus il encadre et tient un r\u00f4le de formateur aupr\u00e8s des personnels de la s\u00e9curit\u00e9 incendie.<\/p>\n\n\n\n<p>Chez Prepasecu, nous vous aidons \u00e0 pr\u00e9parer et \u00e0 <strong>r\u00e9ussir l\u2019examen SSIAP 2<\/strong> avec des cours en ligne accessibles 24\/24h et 7j\/7. Ils vous permettront d\u2019assimiler et de r\u00e9viser le <a href=\"https:\/\/prepasecu.fr\/ssiap-2\/formation-initiale\/programme-pedagogique-2021\/\" title=\"\">programme p\u00e9dagogique du SSIAP 2<\/a>. Gr\u00e2ce \u00e0 ces cours en ligne et aux <a href=\"https:\/\/prepasecu.fr\/ssiap-2\/qcm\/entrainement\/gratuit\/\" title=\"Entra\u00eenez-vous et r\u00e9alisez des tests QCM SSIAP 2 en ligne\">s\u00e9ries de QCM d\u2019entra\u00eenement<\/a>, vous avez toutes les cartes en main pour r\u00e9aliser vos ambitions en obtenant le SSIAP 2. Voici les diff\u00e9rentes parties du r\u00e9f\u00e9rentiel p\u00e9dagogique abord\u00e9es dans les cours SSIAP 2.<\/p>\n\n\n\n<h2 class=\"wp-block-heading\">1<sup>\u00e8re<\/sup> Partie&nbsp;: gestion de l\u2019\u00e9quipe de s\u00e9curit\u00e9<\/h2>\n\n\n\n<p>D\u2019une dur\u00e9e de 38 heures, cette partie en 9 s\u00e9quences se d\u00e9coupe de la fa\u00e7on suivante&nbsp;:<\/p>\n\n\n\n<ol class=\"wp-block-list\" type=\"1\">\n<li>Gestion de l\u2019\u00e9quipe de s\u00e9curit\u00e9<\/li>\n\n\n\n<li>Management de l\u2019\u00e9quipe de s\u00e9curit\u00e9<\/li>\n\n\n\n<li>Organisation d\u2019une s\u00e9ance de formation<\/li>\n\n\n\n<li>Gestion des conflits<\/li>\n\n\n\n<li>\u00c9valuation de l\u2019\u00e9quipe<\/li>\n\n\n\n<li>Information de la hi\u00e9rarchie<\/li>\n\n\n\n<li>Application des consignes de s\u00e9curit\u00e9<\/li>\n\n\n\n<li>Gestion des incidents techniques<\/li>\n\n\n\n<li>D\u00e9livrance du permis feu<\/li>\n<\/ol>\n\n\n\n<h2 class=\"wp-block-heading\">2<sup>e<\/sup> partie&nbsp;: Manipulation des syst\u00e8mes de s\u00e9curit\u00e9 incendie<\/h2>\n\n\n\n<p>3 s\u00e9quences composent cette partie qui dure 10 heures&nbsp;:<\/p>\n\n\n\n<ol class=\"wp-block-list\" type=\"1\">\n<li>Syst\u00e8me de d\u00e9tection incendie<\/li>\n\n\n\n<li>Syst\u00e8me de mise en s\u00e9curit\u00e9<\/li>\n\n\n\n<li>Installations fixes d\u2019extinction automatique<\/li>\n<\/ol>\n\n\n\n<h2 class=\"wp-block-heading\">3<sup>e<\/sup> partie&nbsp;: Hygi\u00e8ne et s\u00e9curit\u00e9 en mati\u00e8re de s\u00e9curit\u00e9 incendie<\/h2>\n\n\n\n<p>C\u2019est la partie la plus courte de la formation (6 heures), elle est divis\u00e9e en 2 s\u00e9quences&nbsp;:<\/p>\n\n\n\n<ol class=\"wp-block-list\" type=\"1\">\n<li>R\u00e9glementation du Code du travail<\/li>\n\n\n\n<li>Commissions de s\u00e9curit\u00e9 et commission d\u2019accessibilit\u00e9<\/li>\n<\/ol>\n\n\n\n<h2 class=\"wp-block-heading\">4<sup>e<\/sup> partie&nbsp;: Chef du poste central de s\u00e9curit\u00e9 en situation de crise<\/h2>\n\n\n\n<p>Cette derni\u00e8re partie s\u2019\u00e9tale sur une dur\u00e9e de 16 heures et se compose de 2 s\u00e9quences&nbsp;:<\/p>\n\n\n\n<ol class=\"wp-block-list\" type=\"1\">\n<li>Gestion du poste central de s\u00e9curit\u00e9<\/li>\n\n\n\n<li>Conseil technique aux services de secours<\/li>\n<\/ol>\n\n\n\n<p>Le contenu des cours du SSIAP 2 \u00e9num\u00e9r\u00e9 ci-dessus est conforme \u00e0 l\u2019<a href=\"https:\/\/www.legifrance.gouv.fr\/loda\/id\/JORFTEXT000000448223\/2021-01-12\/\">Arr\u00eat\u00e9 du 2 mai 2005<\/a>.<\/p>\n\n\n\n<h2 class=\"wp-block-heading\"><strong>Envie d\u2019aller plus loin ?<\/strong><\/h2>\n\n\n\n<ul class=\"wp-block-list\">\n<li>S&rsquo;entra\u00eener au <a href=\"https:\/\/prepasecu.fr\/ssiap-2\/qcm\/entrainement\/gratuit\/\" title=\"Entra\u00eenez-vous et r\u00e9alisez des tests QCM SSIAP 2 en ligne\">QCM SSIAP 2<\/a><\/li>\n\n\n\n<li>Le\u00a0<a href=\"https:\/\/prepasecu.fr\/ssiap-2\/formation-initiale\/examen\/\" title=\"\">guide complet du SSIAP 2<\/a>\u00a0en formation initiale<\/li>\n<\/ul>\n","protected":false},"excerpt":{"rendered":"<p>Le SSIAP 2 est le second \u00e9chelon de la formation Service de S\u00e9curit\u00e9 Incendie et d\u2019Assistance \u00e0 Personnes. Si vous \u00eates d\u00e9j\u00e0 titulaire du SSIAP 1, obtenir le dipl\u00f4me du SSIAP 2 vous permet d\u2019\u00e9voluer dans votre carri\u00e8re professionnelle et d\u2019avoir acc\u00e8s au poste de chef d\u2019\u00e9quipe de s\u00e9curit\u00e9 incendie. Le chef d\u2019\u00e9quipe de s\u00e9curit\u00e9 [&hellip;]<\/p>\n","protected":false},"author":1,"featured_media":0,"parent":607,"menu_order":0,"comment_status":"closed","ping_status":"closed","template":"","meta":{"_uag_custom_page_level_css":"","_genesis_hide_title":false,"_genesis_hide_breadcrumbs":false,"_genesis_hide_singular_image":false,"_genesis_hide_footer_widgets":false,"_genesis_custom_body_class":"","_genesis_custom_post_class":"","_genesis_layout":"full-width-content","footnotes":""},"class_list":{"0":"post-596","1":"page","2":"type-page","3":"status-publish","5":"entry"},"aioseo_notices":[],"featured_image_src":null,"featured_image_src_square":null,"uagb_featured_image_src":{"full":false,"thumbnail":false,"medium":false,"medium_large":false,"large":false,"1536x1536":false,"2048x2048":false,"sidebar-featured":false,"genesis-singular-images":false,"gb-block-post-grid-landscape":false,"gb-block-post-grid-square":false,"yarpp-thumbnail":false},"uagb_author_info":{"display_name":"Matthis","author_link":"https:\/\/prepasecu.fr\/?author=1"},"uagb_comment_info":0,"uagb_excerpt":"Le SSIAP 2 est le second \u00e9chelon de la formation Service de S\u00e9curit\u00e9 Incendie et d\u2019Assistance \u00e0 Personnes. Si vous \u00eates d\u00e9j\u00e0 titulaire du SSIAP 1, obtenir le dipl\u00f4me du SSIAP 2 vous permet d\u2019\u00e9voluer dans votre carri\u00e8re professionnelle et d\u2019avoir acc\u00e8s au poste de chef d\u2019\u00e9quipe de s\u00e9curit\u00e9 incendie. Le chef d\u2019\u00e9quipe de s\u00e9curit\u00e9\u2026","_links":{"self":[{"href":"https:\/\/prepasecu.fr\/index.php?rest_route=\/wp\/v2\/pages\/596"}],"collection":[{"href":"https:\/\/prepasecu.fr\/index.php?rest_route=\/wp\/v2\/pages"}],"about":[{"href":"https:\/\/prepasecu.fr\/index.php?rest_route=\/wp\/v2\/types\/page"}],"author":[{"embeddable":true,"href":"https:\/\/prepasecu.fr\/index.php?rest_route=\/wp\/v2\/users\/1"}],"replies":[{"embeddable":true,"href":"https:\/\/prepasecu.fr\/index.php?rest_route=%2Fwp%2Fv2%2Fcomments&post=596"}],"version-history":[{"count":0,"href":"https:\/\/prepasecu.fr\/index.php?rest_route=\/wp\/v2\/pages\/596\/revisions"}],"up":[{"embeddable":true,"href":"https:\/\/prepasecu.fr\/index.php?rest_route=\/wp\/v2\/pages\/607"}],"wp:attachment":[{"href":"https:\/\/prepasecu.fr\/index.php?rest_route=%2Fwp%2Fv2%2Fmedia&parent=596"}],"curies":[{"name":"wp","href":"https:\/\/api.w.org\/{rel}","templated":true}]}}