{"id":354,"date":"2020-11-14T22:49:42","date_gmt":"2020-11-14T21:49:42","guid":{"rendered":"https:\/\/preprod.prepasecu.fr\/?page_id=354"},"modified":"2023-07-04T12:45:07","modified_gmt":"2023-07-04T10:45:07","slug":"ssiap-1-le-programme-pedagogique","status":"publish","type":"page","link":"https:\/\/prepasecu.fr\/ssiap-1\/formation-initiale\/programme-pedagogique-2021","title":{"rendered":"Programme p\u00e9dagogique SSIAP 1 [Version 2023]"},"content":{"rendered":"\n<p>Le programme p\u00e9dagogique du <a href=\"https:\/\/prepasecu.fr\/ssiap-1\/formation-initiale\/\" title=\"Formation initiale SSIAP 1 : Agent de s\u00e9curit\u00e9 incendie\">SSIAP 1<\/a> comporte 5 parties, toutes d\u00e9coup\u00e9es en s\u00e9quences dont voici le d\u00e9tail&nbsp;:<\/p>\n\n\n\n<div id=\"ez-toc-container\" class=\"ez-toc-v2_0_50 counter-hierarchy ez-toc-counter ez-toc-grey ez-toc-container-direction\">\n<div class=\"ez-toc-title-container\">\n<p class=\"ez-toc-title\">Sommaire<\/p>\n<span class=\"ez-toc-title-toggle\"><a href=\"#\" class=\"ez-toc-pull-right ez-toc-btn ez-toc-btn-xs ez-toc-btn-default ez-toc-toggle\" aria-label=\"Toggle Table of Content\" role=\"button\"><label for=\"item-69d04a7daf3dd\" aria-hidden=\"true\"><span style=\"display: flex;align-items: center;width: 35px;height: 30px;justify-content: center;direction:ltr;\"><svg style=\"fill: #999;color:#999\" xmlns=\"http:\/\/www.w3.org\/2000\/svg\" class=\"list-377408\" width=\"20px\" height=\"20px\" viewBox=\"0 0 24 24\" fill=\"none\"><path d=\"M6 6H4v2h2V6zm14 0H8v2h12V6zM4 11h2v2H4v-2zm16 0H8v2h12v-2zM4 16h2v2H4v-2zm16 0H8v2h12v-2z\" fill=\"currentColor\"><\/path><\/svg><svg style=\"fill: #999;color:#999\" class=\"arrow-unsorted-368013\" xmlns=\"http:\/\/www.w3.org\/2000\/svg\" width=\"10px\" height=\"10px\" viewBox=\"0 0 24 24\" version=\"1.2\" baseProfile=\"tiny\"><path d=\"M18.2 9.3l-6.2-6.3-6.2 6.3c-.2.2-.3.4-.3.7s.1.5.3.7c.2.2.4.3.7.3h11c.3 0 .5-.1.7-.3.2-.2.3-.5.3-.7s-.1-.5-.3-.7zM5.8 14.7l6.2 6.3 6.2-6.3c.2-.2.3-.5.3-.7s-.1-.5-.3-.7c-.2-.2-.4-.3-.7-.3h-11c-.3 0-.5.1-.7.3-.2.2-.3.5-.3.7s.1.5.3.7z\"\/><\/svg><\/span><\/label><input  type=\"checkbox\" id=\"item-69d04a7daf3dd\"><\/a><\/span><\/div>\n<nav><ul class='ez-toc-list ez-toc-list-level-1 ' ><li class='ez-toc-page-1 ez-toc-heading-level-2'><a class=\"ez-toc-link ez-toc-heading-1\" href=\"https:\/\/prepasecu.fr\/ssiap-1\/formation-initiale\/programme-pedagogique-2021\/#Partie_1_Le_feu_et_ses_consequences\" title=\"Partie 1&nbsp;: Le feu et ses cons\u00e9quences\">Partie 1&nbsp;: Le feu et ses cons\u00e9quences<\/a><\/li><li class='ez-toc-page-1 ez-toc-heading-level-2'><a class=\"ez-toc-link ez-toc-heading-2\" href=\"https:\/\/prepasecu.fr\/ssiap-1\/formation-initiale\/programme-pedagogique-2021\/#Partie_2_Securite_incendie\" title=\"Partie 2&nbsp;: S\u00e9curit\u00e9 incendie\">Partie 2&nbsp;: S\u00e9curit\u00e9 incendie<\/a><\/li><li class='ez-toc-page-1 ez-toc-heading-level-2'><a class=\"ez-toc-link ez-toc-heading-3\" href=\"https:\/\/prepasecu.fr\/ssiap-1\/formation-initiale\/programme-pedagogique-2021\/#Partie_3_Installations_techniques\" title=\"Partie 3&nbsp;: Installations techniques\">Partie 3&nbsp;: Installations techniques<\/a><\/li><li class='ez-toc-page-1 ez-toc-heading-level-2'><a class=\"ez-toc-link ez-toc-heading-4\" href=\"https:\/\/prepasecu.fr\/ssiap-1\/formation-initiale\/programme-pedagogique-2021\/#Partie_4_Role_et_missions_des_agents_de_securite_incendie\" title=\"Partie 4&nbsp;: R\u00f4le et missions des agents de s\u00e9curit\u00e9 incendie\">Partie 4&nbsp;: R\u00f4le et missions des agents de s\u00e9curit\u00e9 incendie<\/a><\/li><li class='ez-toc-page-1 ez-toc-heading-level-2'><a class=\"ez-toc-link ez-toc-heading-5\" href=\"https:\/\/prepasecu.fr\/ssiap-1\/formation-initiale\/programme-pedagogique-2021\/#Partie_5_Concretisation_des_acquis\" title=\"Partie 5&nbsp;: Concr\u00e9tisation des acquis\">Partie 5&nbsp;: Concr\u00e9tisation des acquis<\/a><\/li><\/ul><\/nav><\/div>\n<h2 class=\"wp-block-heading\"><span class=\"ez-toc-section\" id=\"Partie_1_Le_feu_et_ses_consequences\"><\/span>Partie 1&nbsp;: Le feu et ses cons\u00e9quences<span class=\"ez-toc-section-end\"><\/span><\/h2>\n\n\n\n<h3 class=\"wp-block-heading\">S\u00e9quence 1&nbsp;: \u00e9closion et d\u00e9veloppement du feu<\/h3>\n\n\n\n<ul class=\"wp-block-list\">\n<li>Th\u00e9orie du feu&nbsp;: triangle, classes de feu, les causes<\/li>\n\n\n\n<li>La fum\u00e9e et ses dangers<\/li>\n\n\n\n<li>Propagation du feu&nbsp;: conduction, convection, rayonnement, projection<\/li>\n\n\n\n<li>Conduite \u00e0 tenir face \u00e0 un local enfum\u00e9 sans mise en danger d\u2019autrui<\/li>\n\n\n\n<li>Exercice de sortie d\u2019un local enfum\u00e9 par des fum\u00e9es froides et non toxiques<\/li>\n<\/ul>\n\n\n\n<h3 class=\"wp-block-heading\">S\u00e9quence 2&nbsp;: r\u00e9action et r\u00e9sistance au feu<\/h3>\n\n\n\n<ul class=\"wp-block-list\">\n<li>Principe de la r\u00e9sistance au feu des \u00e9l\u00e9ments de construction<\/li>\n\n\n\n<li>Principe de la r\u00e9action au feu des mat\u00e9riaux d\u2019am\u00e9nagement<\/li>\n\n\n\n<li>Crit\u00e8res de classement de ces comportements<\/li>\n<\/ul>\n\n\n\n<h2 class=\"wp-block-heading\"><span class=\"ez-toc-section\" id=\"Partie_2_Securite_incendie\"><\/span>Partie 2&nbsp;: S\u00e9curit\u00e9 incendie<span class=\"ez-toc-section-end\"><\/span><\/h2>\n\n\n\n<h3 class=\"wp-block-heading\">S\u00e9quence 1&nbsp;: principes de classement des \u00e9tablissements<\/h3>\n\n\n\n<ul class=\"wp-block-list\">\n<li>ERP&nbsp;: d\u00e9finition<\/li>\n\n\n\n<li>Public&nbsp;: d\u00e9finition<\/li>\n\n\n\n<li>Les diff\u00e9rents types d\u2019\u00e9tablissements<\/li>\n\n\n\n<li>Les diff\u00e9rentes cat\u00e9gories de public<\/li>\n\n\n\n<li>M\u00e9thode de d\u00e9termination de l\u2019effectif<\/li>\n\n\n\n<li>IGH&nbsp;: d\u00e9finition et classification<\/li>\n<\/ul>\n\n\n\n<h3 class=\"wp-block-heading\">S\u00e9quence 2&nbsp;: Fondamentaux et principes g\u00e9n\u00e9raux de s\u00e9curit\u00e9 incendie<\/h3>\n\n\n\n<p>Principes g\u00e9n\u00e9raux (d\u00e9clinaison du r\u00e8glement) de s\u00e9curit\u00e9<\/p>\n\n\n\n<ul class=\"wp-block-list\">\n<li>Implantation &#8211; dessertes et voiries &#8211; Isolement<\/li>\n\n\n\n<li>Mat\u00e9riaux de construction<\/li>\n\n\n\n<li>Cloisonnement<\/li>\n\n\n\n<li>Am\u00e9nagement<\/li>\n\n\n\n<li>D\u00e9gagement<\/li>\n\n\n\n<li>D\u00e9senfumage<\/li>\n\n\n\n<li>\u00c9clairage normal et de s\u00e9curit\u00e9<\/li>\n\n\n\n<li>Installations techniques<\/li>\n\n\n\n<li>Moyens de secours \u2013 alarme<\/li>\n<\/ul>\n\n\n\n<h3 class=\"wp-block-heading\">S\u00e9quence 3&nbsp;: Desserte de b\u00e2timents<\/h3>\n\n\n\n<ul class=\"wp-block-list\">\n<li>Dessertes et Voiries : d\u00e9finition des voies engin et \u00e9chelle<\/li>\n\n\n\n<li>Volume de protection<\/li>\n\n\n\n<li>Probl\u00e8mes d&rsquo;encombrement<\/li>\n<\/ul>\n\n\n\n<h3 class=\"wp-block-heading\">S\u00e9quence 4&nbsp;: cloisonnement d\u2019isolation des risques<\/h3>\n\n\n\n<ul class=\"wp-block-list\">\n<li>Cloisonnement : conception, finalit\u00e9<\/li>\n\n\n\n<li>Cas particuliers des types U et J en ERP<\/li>\n\n\n\n<li>Compartiment en IGH<\/li>\n\n\n\n<li>Locaux \u00e0 risques particuliers (moyens et importants)<\/li>\n<\/ul>\n\n\n\n<h3 class=\"wp-block-heading\">S\u00e9quence 5&nbsp;: \u00c9vacuation du public et des occupants<\/h3>\n\n\n\n<ul class=\"wp-block-list\">\n<li>D\u00e9gagement<\/li>\n\n\n\n<li>Moyens de secours<\/li>\n\n\n\n<li>Principes de l&rsquo;\u00e9vacuation des occupants<\/li>\n<\/ul>\n\n\n\n<h3 class=\"wp-block-heading\">S\u00e9quence 6&nbsp;: D\u00e9senfumage<\/h3>\n\n\n\n<ul class=\"wp-block-list\">\n<li>D\u00e9senfumage<\/li>\n\n\n\n<li>D\u00e9clenchement manuel du d\u00e9senfumage<\/li>\n\n\n\n<li>Entretien \u00e9l\u00e9mentaire, v\u00e9rification du bon fonctionnement<\/li>\n\n\n\n<li>Remise en position d&rsquo;attente des dispositifs de d\u00e9senfumage<\/li>\n<\/ul>\n\n\n\n<h3 class=\"wp-block-heading\">S\u00e9quence 7&nbsp;: \u00c9clairage de s\u00e9curit\u00e9<\/h3>\n\n\n\n<ul class=\"wp-block-list\">\n<li>D\u00e9finition de la notion d&rsquo;\u00e9clairage de s\u00e9curit\u00e9<\/li>\n\n\n\n<li>Fonctionnement de l&rsquo;\u00e9clairage de s\u00e9curit\u00e9<\/li>\n\n\n\n<li>Entretien \u00e9l\u00e9mentaire<\/li>\n<\/ul>\n\n\n\n<h3 class=\"wp-block-heading\">S\u00e9quence 8&nbsp;: pr\u00e9sentation des diff\u00e9rents moyens de secours<\/h3>\n\n\n\n<ul class=\"wp-block-list\">\n<li>Moyens d&rsquo;extinction<\/li>\n\n\n\n<li>Dispositions pour faciliter l&rsquo;action des sapeurs-pompiers<\/li>\n\n\n\n<li>Syst\u00e8me de s\u00e9curit\u00e9 incendie<\/li>\n\n\n\n<li>Syst\u00e8me d&rsquo;alerte<\/li>\n<\/ul>\n\n\n\n<h2 class=\"wp-block-heading\"><span class=\"ez-toc-section\" id=\"Partie_3_Installations_techniques\"><\/span>Partie 3&nbsp;: Installations techniques<span class=\"ez-toc-section-end\"><\/span><\/h2>\n\n\n\n<h3 class=\"wp-block-heading\">S\u00e9quence 1&nbsp;: installations \u00e9lectriques<\/h3>\n\n\n\n<ul class=\"wp-block-list\">\n<li>Impact des installations \u00e9lectriques sur la s\u00e9curit\u00e9<\/li>\n\n\n\n<li>Les diff\u00e9rents types de sources \u00e9lectriques de s\u00e9curit\u00e9<\/li>\n<\/ul>\n\n\n\n<h3 class=\"wp-block-heading\">S\u00e9quence 2&nbsp;: Ascenseurs et nacelles<\/h3>\n\n\n\n<ul class=\"wp-block-list\">\n<li>Ascenseur et monte-charge (d\u00e9finitions, diff\u00e9rences)<\/li>\n\n\n\n<li>Grands principes de fonctionnement<\/li>\n\n\n\n<li>Dispositifs de s\u00e9curit\u00e9 concernant les personnes et le mat\u00e9riel<\/li>\n\n\n\n<li>Protection des personnes<\/li>\n\n\n\n<li>Proc\u00e9dures de d\u00e9gagement<\/li>\n<\/ul>\n\n\n\n<h3 class=\"wp-block-heading\">S\u00e9quence 3&nbsp;: installations fixes d\u2019extinction automatique<\/h3>\n\n\n\n<ul class=\"wp-block-list\">\n<li>R\u00f4le et principe de fonctionnement de l&rsquo;extinction automatique<\/li>\n\n\n\n<li>\u00c9l\u00e9ments constitutifs d&rsquo;une installation<\/li>\n\n\n\n<li>Diff\u00e9rents types d&rsquo;installation<\/li>\n\n\n\n<li>Entretien et v\u00e9rification<\/li>\n<\/ul>\n\n\n\n<h3 class=\"wp-block-heading\">S\u00e9quence 4&nbsp;: colonnes s\u00e8ches et humides<\/h3>\n\n\n\n<ul class=\"wp-block-list\">\n<li>Colonnes s\u00e8ches : composition, positionnement, entretien<\/li>\n\n\n\n<li>Colonnes humides : composition, positionnement, entretien<\/li>\n<\/ul>\n\n\n\n<h3 class=\"wp-block-heading\">S\u00e9quence 5&nbsp;: Syst\u00e8me de s\u00e9curit\u00e9 incendie<\/h3>\n\n\n\n<ul class=\"wp-block-list\">\n<li>D\u00e9finition et composition du SSI&nbsp;: diff\u00e9rentes cat\u00e9gories et fonctions<\/li>\n\n\n\n<li>Niveaux d&rsquo;acc\u00e8s aux fonctions du SSI<\/li>\n\n\n\n<li>Zones de d\u00e9tection, d&rsquo;alarme, de mise en s\u00e9curit\u00e9, de d\u00e9senfumage, de compartimentage<\/li>\n<\/ul>\n\n\n\n<h2 class=\"wp-block-heading\"><span class=\"ez-toc-section\" id=\"Partie_4_Role_et_missions_des_agents_de_securite_incendie\"><\/span>Partie 4&nbsp;: R\u00f4le et missions des agents de s\u00e9curit\u00e9 incendie<span class=\"ez-toc-section-end\"><\/span><\/h2>\n\n\n\n<h3 class=\"wp-block-heading\">S\u00e9quence 1&nbsp;: Le service de s\u00e9curit\u00e9<\/h3>\n\n\n\n<ul class=\"wp-block-list\">\n<li>L&rsquo;arr\u00eat\u00e9 de r\u00e9f\u00e9rence : Missions, Composition, Qualification du SSIAP 1<\/li>\n\n\n\n<li>Agr\u00e9ment des centres de formation<\/li>\n<\/ul>\n\n\n\n<h3 class=\"wp-block-heading\">S\u00e9quence 2&nbsp;: Pr\u00e9sentation des consignes de s\u00e9curit\u00e9 et main courante<\/h3>\n\n\n\n<ul class=\"wp-block-list\">\n<li>Consignes de s\u00e9curit\u00e9 : g\u00e9n\u00e9rales et particuli\u00e8res<\/li>\n\n\n\n<li>Main courante : Contenu, R\u00e9daction<\/li>\n<\/ul>\n\n\n\n<h3 class=\"wp-block-heading\">S\u00e9quence 3&nbsp;: Poste de s\u00e9curit\u00e9<\/h3>\n\n\n\n<ul class=\"wp-block-list\">\n<li>Unit\u00e9 d&rsquo;aide \u00e0 l&rsquo;exploitation<\/li>\n\n\n\n<li>Gestion technique centralis\u00e9e<\/li>\n\n\n\n<li>R\u00e9ception des appels d&rsquo;alerte interne<\/li>\n\n\n\n<li>Surveillance des installations de s\u00e9curit\u00e9 faisant l&rsquo;objet d&rsquo;un report<\/li>\n\n\n\n<li>Documents pr\u00e9sents au poste de s\u00e9curit\u00e9<\/li>\n<\/ul>\n\n\n\n<h3 class=\"wp-block-heading\">S\u00e9quence 4&nbsp;: Rondes de s\u00e9curit\u00e9 et surveillance des travaux<\/h3>\n\n\n\n<ul class=\"wp-block-list\">\n<li>Objectif de la ronde<\/li>\n\n\n\n<li>Modalit\u00e9s de r\u00e9alisation<\/li>\n\n\n\n<li>Contr\u00f4le des rondes et renseignement de la main courante<\/li>\n\n\n\n<li>Utilisation des moyens de communication mobiles<\/li>\n\n\n\n<li>Mesures adapt\u00e9es de protection des travaux<\/li>\n\n\n\n<li>Contr\u00f4le du respect des mesures des permis de feu \u00e9tablis<\/li>\n\n\n\n<li>Rondes de surveillance apr\u00e8s les permis de feu<\/li>\n<\/ul>\n\n\n\n<h3 class=\"wp-block-heading\">S\u00e9quence 5&nbsp;: Mise en \u0153uvre des moyens d\u2019extinction<\/h3>\n\n\n\n<ul class=\"wp-block-list\">\n<li>M\u00e9thode d&rsquo;extinction d&rsquo;un d\u00e9but d&rsquo;incendie<\/li>\n\n\n\n<li>Protection individuelle<\/li>\n<\/ul>\n\n\n\n<h3 class=\"wp-block-heading\">S\u00e9quence 6&nbsp;: Appel et r\u00e9ception de services publics de secours<\/h3>\n\n\n\n<ul class=\"wp-block-list\">\n<li>Diff\u00e9rents moyens d&rsquo;alerte<\/li>\n\n\n\n<li>Demande de secours en fonction des consignes de s\u00e9curit\u00e9<\/li>\n\n\n\n<li>Pr\u00e9paration de l&rsquo;arriv\u00e9e des secours<\/li>\n\n\n\n<li>Accueil des secours<\/li>\n\n\n\n<li>Guidage des secours<\/li>\n\n\n\n<li>Information de la hi\u00e9rarchie<\/li>\n<\/ul>\n\n\n\n<h3 class=\"wp-block-heading\">S\u00e9quence 7&nbsp;: Sensibilisation des occupants<\/h3>\n\n\n\n<ul class=\"wp-block-list\">\n<li>Conduite \u00e0 tenir devant un feu<\/li>\n\n\n\n<li>Conduite \u00e0 tenir en cas d&rsquo;alarme<\/li>\n\n\n\n<li>Grands principes de pr\u00e9vention incendie du b\u00e2timent<\/li>\n\n\n\n<li>Grands principes de communication<\/li>\n<\/ul>\n\n\n\n<h2 class=\"wp-block-heading\"><span class=\"ez-toc-section\" id=\"Partie_5_Concretisation_des_acquis\"><\/span>Partie 5&nbsp;: Concr\u00e9tisation des acquis<span class=\"ez-toc-section-end\"><\/span><\/h2>\n\n\n\n<h3 class=\"wp-block-heading\">S\u00e9quence 1&nbsp;: visites applicatives<\/h3>\n\n\n\n<ul class=\"wp-block-list\">\n<li>Fonctionnement du service de s\u00e9curit\u00e9 d&rsquo;un site<\/li>\n\n\n\n<li>Fonctionnement, in situ, des diff\u00e9rents \u00e9l\u00e9ments techniques de s\u00e9curit\u00e9<\/li>\n\n\n\n<li>Organisation d&rsquo;un PC de s\u00e9curit\u00e9<\/li>\n\n\n\n<li>Parcours d&rsquo;une ronde de s\u00e9curit\u00e9<\/li>\n<\/ul>\n\n\n\n<h3 class=\"wp-block-heading\">S\u00e9quence 2&nbsp;: Mises en situation d\u2019intervention<\/h3>\n\n\n\n<ul class=\"wp-block-list\">\n<li>L&rsquo;action face \u00e0 diff\u00e9rents contextes<\/li>\n\n\n\n<li>L&rsquo;utilisation des moyens de communication mobiles<\/li>\n<\/ul>\n\n\n\n<p>Entra\u00eenez-vous au SSIAP 1 en testant gratuitement nos <a href=\"https:\/\/prepasecu.fr\/ssiap-1\/qcm\/entrainement\/gratuit\/\" title=\"\">s\u00e9ries gratuites de QCM<\/a> et de cas pratiques\u00a0!<\/p>\n","protected":false},"excerpt":{"rendered":"<p>Le programme p\u00e9dagogique du SSIAP 1 comporte 5 parties, toutes d\u00e9coup\u00e9es en s\u00e9quences dont voici le d\u00e9tail&nbsp;: Partie 1&nbsp;: Le feu et ses cons\u00e9quences S\u00e9quence 1&nbsp;: \u00e9closion et d\u00e9veloppement du feu S\u00e9quence 2&nbsp;: r\u00e9action et r\u00e9sistance au feu Partie 2&nbsp;: S\u00e9curit\u00e9 incendie S\u00e9quence 1&nbsp;: principes de classement des \u00e9tablissements S\u00e9quence 2&nbsp;: Fondamentaux et principes g\u00e9n\u00e9raux [&hellip;]<\/p>\n","protected":false},"author":1,"featured_media":0,"parent":0,"menu_order":0,"comment_status":"closed","ping_status":"closed","template":"","meta":{"_uag_custom_page_level_css":"","_genesis_hide_title":false,"_genesis_hide_breadcrumbs":false,"_genesis_hide_singular_image":false,"_genesis_hide_footer_widgets":false,"_genesis_custom_body_class":"","_genesis_custom_post_class":"","_genesis_layout":"","footnotes":""},"class_list":{"0":"post-354","1":"page","2":"type-page","3":"status-publish","5":"entry"},"aioseo_notices":[],"featured_image_src":null,"featured_image_src_square":null,"uagb_featured_image_src":{"full":false,"thumbnail":false,"medium":false,"medium_large":false,"large":false,"1536x1536":false,"2048x2048":false,"sidebar-featured":false,"genesis-singular-images":false,"gb-block-post-grid-landscape":false,"gb-block-post-grid-square":false,"yarpp-thumbnail":false},"uagb_author_info":{"display_name":"Matthis","author_link":"https:\/\/prepasecu.fr\/?author=1"},"uagb_comment_info":0,"uagb_excerpt":"Le programme p\u00e9dagogique du SSIAP 1 comporte 5 parties, toutes d\u00e9coup\u00e9es en s\u00e9quences dont voici le d\u00e9tail&nbsp;: Partie 1&nbsp;: Le feu et ses cons\u00e9quences S\u00e9quence 1&nbsp;: \u00e9closion et d\u00e9veloppement du feu S\u00e9quence 2&nbsp;: r\u00e9action et r\u00e9sistance au feu Partie 2&nbsp;: S\u00e9curit\u00e9 incendie S\u00e9quence 1&nbsp;: principes de classement des \u00e9tablissements S\u00e9quence 2&nbsp;: Fondamentaux et principes g\u00e9n\u00e9raux\u2026","_links":{"self":[{"href":"https:\/\/prepasecu.fr\/index.php?rest_route=\/wp\/v2\/pages\/354"}],"collection":[{"href":"https:\/\/prepasecu.fr\/index.php?rest_route=\/wp\/v2\/pages"}],"about":[{"href":"https:\/\/prepasecu.fr\/index.php?rest_route=\/wp\/v2\/types\/page"}],"author":[{"embeddable":true,"href":"https:\/\/prepasecu.fr\/index.php?rest_route=\/wp\/v2\/users\/1"}],"replies":[{"embeddable":true,"href":"https:\/\/prepasecu.fr\/index.php?rest_route=%2Fwp%2Fv2%2Fcomments&post=354"}],"version-history":[{"count":0,"href":"https:\/\/prepasecu.fr\/index.php?rest_route=\/wp\/v2\/pages\/354\/revisions"}],"wp:attachment":[{"href":"https:\/\/prepasecu.fr\/index.php?rest_route=%2Fwp%2Fv2%2Fmedia&parent=354"}],"curies":[{"name":"wp","href":"https:\/\/api.w.org\/{rel}","templated":true}]}}