{"id":344,"date":"2020-11-14T19:54:07","date_gmt":"2020-11-14T18:54:07","guid":{"rendered":"https:\/\/preprod.prepasecu.fr\/?page_id=344"},"modified":"2023-07-04T12:44:37","modified_gmt":"2023-07-04T10:44:37","slug":"mentions-legales","status":"publish","type":"page","link":"https:\/\/prepasecu.fr\/mentions-legales","title":{"rendered":"Mentions l\u00e9gales"},"content":{"rendered":"\n<p>L&rsquo;\u00e9dition du site PREPASECU.FR est assur\u00e9 par :<\/p>\n\n\n\n<pre class=\"wp-block-preformatted\">DU TERRAIN SAS, au capital de 1000 euros\n128 rue de la Bo\u00e9tie, 75008, Paris\nSIRET: 888 174 703, RCS de Paris<\/pre>\n\n\n\n<p>Le Directeur de la publication est: M. DURAND Thierry<\/p>\n\n\n\n<p>PREPASECU.FR est h\u00e9berg\u00e9 par&nbsp;Kinsta Inc., dont le si\u00e8ge social est situ\u00e9 au :<\/p>\n\n\n\n<pre class=\"wp-block-preformatted\">Kinsta Inc.\n9 E. Loockerman St., Suite 311 Dover, DE 19901<strong> <\/strong>\n\u00c9tats-Unis d'Am\u00e9rique<\/pre>\n\n\n\n<p>Les serveurs de PREPASECU.FR sont localis\u00e9s en Europe.<\/p>\n\n\n\n<p>Vous pouvez contacter PREPASECU.FR depuis le formulaire disponible dans <a href=\"https:\/\/prepasecu.fr\/contactez-nous\/\" title=\"\">cette page<\/a>.<\/p>\n","protected":false},"excerpt":{"rendered":"<p>L&rsquo;\u00e9dition du site PREPASECU.FR est assur\u00e9 par : DU TERRAIN SAS, au capital de 1000 euros 128 rue de la Bo\u00e9tie, 75008, Paris SIRET: 888 174 703, RCS de Paris Le Directeur de la publication est: M. DURAND Thierry PREPASECU.FR est h\u00e9berg\u00e9 par&nbsp;Kinsta Inc., dont le si\u00e8ge social est situ\u00e9 au : Kinsta Inc. 9 [&hellip;]<\/p>\n","protected":false},"author":1,"featured_media":0,"parent":0,"menu_order":0,"comment_status":"closed","ping_status":"closed","template":"","meta":{"_uag_custom_page_level_css":"","_genesis_hide_title":false,"_genesis_hide_breadcrumbs":false,"_genesis_hide_singular_image":false,"_genesis_hide_footer_widgets":false,"_genesis_custom_body_class":"","_genesis_custom_post_class":"","_genesis_layout":"","footnotes":""},"class_list":{"0":"post-344","1":"page","2":"type-page","3":"status-publish","5":"entry"},"aioseo_notices":[],"featured_image_src":null,"featured_image_src_square":null,"uagb_featured_image_src":{"full":false,"thumbnail":false,"medium":false,"medium_large":false,"large":false,"1536x1536":false,"2048x2048":false,"sidebar-featured":false,"genesis-singular-images":false,"gb-block-post-grid-landscape":false,"gb-block-post-grid-square":false,"yarpp-thumbnail":false},"uagb_author_info":{"display_name":"Matthis","author_link":"https:\/\/prepasecu.fr\/?author=1"},"uagb_comment_info":0,"uagb_excerpt":"L&rsquo;\u00e9dition du site PREPASECU.FR est assur\u00e9 par : DU TERRAIN SAS, au capital de 1000 euros 128 rue de la Bo\u00e9tie, 75008, Paris SIRET: 888 174 703, RCS de Paris Le Directeur de la publication est: M. DURAND Thierry PREPASECU.FR est h\u00e9berg\u00e9 par&nbsp;Kinsta Inc., dont le si\u00e8ge social est situ\u00e9 au : Kinsta Inc. 9\u2026","_links":{"self":[{"href":"https:\/\/prepasecu.fr\/index.php?rest_route=\/wp\/v2\/pages\/344"}],"collection":[{"href":"https:\/\/prepasecu.fr\/index.php?rest_route=\/wp\/v2\/pages"}],"about":[{"href":"https:\/\/prepasecu.fr\/index.php?rest_route=\/wp\/v2\/types\/page"}],"author":[{"embeddable":true,"href":"https:\/\/prepasecu.fr\/index.php?rest_route=\/wp\/v2\/users\/1"}],"replies":[{"embeddable":true,"href":"https:\/\/prepasecu.fr\/index.php?rest_route=%2Fwp%2Fv2%2Fcomments&post=344"}],"version-history":[{"count":0,"href":"https:\/\/prepasecu.fr\/index.php?rest_route=\/wp\/v2\/pages\/344\/revisions"}],"wp:attachment":[{"href":"https:\/\/prepasecu.fr\/index.php?rest_route=%2Fwp%2Fv2%2Fmedia&parent=344"}],"curies":[{"name":"wp","href":"https:\/\/api.w.org\/{rel}","templated":true}]}}