{"id":1620,"date":"2021-03-21T21:29:45","date_gmt":"2021-03-21T20:29:45","guid":{"rendered":"https:\/\/preprod.prepasecu.fr\/?page_id=1620"},"modified":"2023-07-03T12:59:56","modified_gmt":"2023-07-03T10:59:56","slug":"concours-externe-caporal-de-spp","status":"publish","type":"page","link":"https:\/\/prepasecu.fr\/spp\/preparation-concours-externe-caporal","title":{"rendered":"Concours externe caporal de SPP"},"content":{"rendered":"\n<div class=\"wp-block-genesis-blocks-gb-columns gb-layout-contact-1 gb-layout-columns-2 gb-2-col-equal gb-columns-center alignfull\" style=\"padding-top:10%;padding-right:5%;padding-bottom:10%;padding-left:5%\"><div class=\"gb-layout-column-wrap gb-block-layout-column-gap-5 gb-is-responsive-column\" style=\"max-width:1200px\">\n<div class=\"wp-block-genesis-blocks-gb-column gb-block-layout-column gb-is-vertically-aligned-center\"><div class=\"gb-block-layout-column-inner\">\n<h1 class=\"wp-block-heading\"><strong>Le site de pr\u00e9paration au concours externe de caporal de SPP<\/strong><\/h1>\n\n\n\n<p>L\u2019essentiel pour <strong>apprendre, r\u00e9viser et pr\u00e9parer le concours externe <\/strong>pour <strong>devenir caporal de sapeur-pompiers professionnel<\/strong> en ligne,<strong> en 1 clic<\/strong> ! D\u00e9couvrez une <strong>quantit\u00e9 in\u00e9gal\u00e9e de contenu p\u00e9dagogique<\/strong> pour r\u00e9ussir votre prochain d\u00e9fi.<\/p>\n\n\n\n<div class=\"wp-block-buttons is-layout-flex wp-block-buttons-is-layout-flex\">\n<div class=\"wp-block-button\"><a class=\"wp-block-button__link wp-element-button\" href=\"https:\/\/prepasecu.fr\/inscription\/prepaspp\/\" target=\"_blank\" rel=\"noreferrer noopener\">Je d\u00e9couvre gratuitement<\/a><\/div>\n<\/div>\n\n\n\n<div class=\"wp-block-genesis-blocks-gb-container gb-block-container\"><div class=\"gb-container-inside\"><div class=\"gb-container-content\" style=\"max-width:1600px\"><\/div><\/div><\/div>\n<\/div><\/div>\n\n\n\n<div class=\"wp-block-genesis-blocks-gb-column gb-block-layout-column gb-is-vertically-aligned-center\"><div class=\"gb-block-layout-column-inner\">\n<figure class=\"wp-block-image size-large\"><img loading=\"lazy\" decoding=\"async\" width=\"503\" height=\"583\" src=\"https:\/\/prepasecu.fr\/wp-content\/uploads\/2023\/07\/sap1.svg\" alt=\"\" class=\"wp-image-2319\"\/><\/figure>\n<\/div><\/div>\n<\/div><\/div>\n\n\n\n<div class=\"wp-block-genesis-blocks-gb-columns gb-layout-testimonial-1 gb-layout-columns-1 one-column gb-has-custom-background-color gb-columns-center alignfull\" style=\"padding-top:10%;padding-right:5%;padding-bottom:10%;padding-left:5%;background-color:#f1f1f1\"><div class=\"gb-layout-column-wrap gb-block-layout-column-gap-2 gb-is-responsive-column\" style=\"max-width:1200px\">\n<div class=\"wp-block-genesis-blocks-gb-column gb-block-layout-column\"><div class=\"gb-block-layout-column-inner\">\n<div style=\"margin-bottom:5%\" class=\"wp-block-genesis-blocks-gb-container gb-block-container\"><div class=\"gb-container-inside\"><div class=\"gb-container-content\" style=\"max-width:700px\">\n<h2 class=\"wp-block-heading has-text-align-center\">L&rsquo;indispensable pour une pr\u00e9paration au concours externe de caporal<\/h2>\n\n\n\n<p class=\"has-text-align-center\">La plus grande communaut\u00e9 d&rsquo;\u00e9tudiants qui se pr\u00e9parent au concours externe de caporal de sapeurs-pompiers professionnels<\/p>\n<\/div><\/div><\/div>\n\n\n\n<div class=\"wp-block-genesis-blocks-gb-columns gb-layout-columns-3 gb-3-col-equal\"><div class=\"gb-layout-column-wrap gb-block-layout-column-gap-2 gb-is-responsive-column\">\n<div class=\"wp-block-genesis-blocks-gb-column gb-block-layout-column\"><div class=\"gb-block-layout-column-inner\">\n<h3 class=\"wp-block-heading has-text-align-center\">1000+ <strong>QCM\/QCU<\/strong><\/h3>\n\n\n\n<p>Plus de 1000 QCM\/QCU <strong>disponibles sur notre site et nos applications mobiles<\/strong> pour se pr\u00e9parer aux concours. GTO\/GDO \u00e0 jour.<\/p>\n<\/div><\/div>\n\n\n\n<div class=\"wp-block-genesis-blocks-gb-column gb-block-layout-column\"><div class=\"gb-block-layout-column-inner\">\n<h3 class=\"wp-block-heading has-text-align-center\">70+ <strong>COURS<\/strong><\/h3>\n\n\n\n<p>Plus d&rsquo;une centaine de cours <strong>disponibles sur notre site et nos applications mobiles<\/strong> pour une pr\u00e9paration sur mesure au m\u00e9tier de caporal.<\/p>\n<\/div><\/div>\n\n\n\n<div class=\"wp-block-genesis-blocks-gb-column gb-block-layout-column\"><div class=\"gb-block-layout-column-inner\">\n<h3 class=\"wp-block-heading has-text-align-center\">&#8230;UTILIS<strong>\u00c9<\/strong>S QUOTIDIENNEMENT<\/h3>\n\n\n\n<p>Des milliers d&rsquo;\u00e9tudiants utilisent Prepasecu quotidiennement pour s&rsquo;entra\u00eener aux concours pompiers.<strong> <\/strong>Bient\u00f4t vous ?<\/p>\n<\/div><\/div>\n<\/div><\/div>\n\n\n\n<div style=\"color:#ddd\" class=\"wp-block-genesis-blocks-gb-spacer gb-block-spacer gb-divider-solid gb-divider-size-1\"><hr style=\"height:30px\"\/><\/div>\n\n\n\n<div class=\"wp-block-buttons is-content-justification-center is-layout-flex wp-container-core-buttons-is-layout-2 wp-block-buttons-is-layout-flex\">\n<div class=\"wp-block-button\"><a class=\"wp-block-button__link wp-element-button\" href=\"https:\/\/prepasecu.fr\/inscription\/prepaspp\/\" target=\"_blank\" rel=\"noreferrer noopener\">J&rsquo;essaye gratuitement<\/a><\/div>\n<\/div>\n\n\n\n<p><\/p>\n<\/div><\/div>\n<\/div><\/div>\n\n\n\n<div class=\"wp-block-genesis-blocks-gb-columns gb-slate-section-text-accordion gb-layout-columns-2 gb-2-col-equal gb-has-custom-background-color gb-has-custom-text-color gb-columns-center alignfull\" style=\"padding-top:10em;padding-right:1em;padding-bottom:10em;padding-left:1em;background-color:#ffffff;color:#1f1f1f\"><div class=\"gb-layout-column-wrap gb-block-layout-column-gap-2 gb-is-responsive-column\" style=\"max-width:1200px\">\n<div class=\"wp-block-genesis-blocks-gb-column gb-block-layout-column\"><div class=\"gb-block-layout-column-inner\">\n<h2 class=\"wp-block-heading has-text-color\" style=\"color:#1f1f1f;font-size:40px\"><strong>L&rsquo;application mobile pour s&rsquo;entra\u00eener<\/strong><\/h2>\n\n\n\n<p>Avancez \u00e0 votre rythme et approfondissez vos connaissances dans le cadre de votre <strong>pr\u00e9paration au concours de caporal de SPP<\/strong>, o\u00f9 vous voulez, quand vous voulez, avec notre application mobile. <strong>C&rsquo;est plus pratique qu&rsquo;un simple livre<\/strong> \ud83d\ude00. <\/p>\n\n\n\n<p>Retrouvez tout ce qu&rsquo;il faut pour <strong><a href=\"https:\/\/prepasecu.fr\/spp\/concours-caporal\/2021\/\" title=\"Guide 2021 du concours Caporal SPP externe, interne et examen professionnel\">r\u00e9ussir le concours de caporal<\/a> <\/strong>: cours, s\u00e9ries d&rsquo;entra\u00eenements et examens blancs conformes aux derniers r\u00e9f\u00e9rentiels.<\/p>\n\n\n\n<ul class=\"wp-block-list\">\n<li><strong>Cours <\/strong>: Plus de 100 heures de cours disponibles pour conna\u00eetre tout les secrets du concours externe caporal.<\/li>\n\n\n\n<li><strong>Entra\u00eenement<\/strong> : <strong>Un mode entra\u00eenement<\/strong> avec correction imm\u00e9diate. <strong>Un mode examen<\/strong> pour s&rsquo;entra\u00eener en conditions r\u00e9elles. <strong>Des s\u00e9ries th\u00e9matiques<\/strong> pour s&rsquo;entra\u00eener et ma\u00eetriser des sujets pr\u00e9cis.<\/li>\n\n\n\n<li><strong>Statistiques<\/strong> : Pour suivre votre <strong>progression <\/strong>\ud83d\udcaa.<\/li>\n<\/ul>\n<\/div><\/div>\n\n\n\n<div class=\"wp-block-genesis-blocks-gb-column gb-block-layout-column\"><div class=\"gb-block-layout-column-inner\"><div class=\"wp-block-image\">\n<figure class=\"aligncenter size-full\"><img loading=\"lazy\" decoding=\"async\" width=\"570\" height=\"658\" src=\"https:\/\/prepasecu.fr\/wp-content\/uploads\/2023\/07\/prepasecu-qcm-serie-cta-3.png\" alt=\"\" class=\"wp-image-2320\" srcset=\"https:\/\/prepasecu.fr\/wp-content\/uploads\/2023\/07\/prepasecu-qcm-serie-cta-3.png 570w, https:\/\/prepasecu.fr\/wp-content\/uploads\/2023\/07\/prepasecu-qcm-serie-cta-3-260x300.png 260w\" sizes=\"(max-width: 570px) 100vw, 570px\" \/><\/figure><\/div><\/div><\/div>\n<\/div><\/div>\n\n\n\n<div class=\"wp-block-genesis-blocks-gb-columns gb-layout-testimonial-1 gb-layout-columns-1 one-column gb-has-custom-background-color gb-columns-center alignfull\" style=\"padding-top:10%;padding-right:5%;padding-bottom:10%;padding-left:5%;background-color:#f1f1f1\"><div class=\"gb-layout-column-wrap gb-block-layout-column-gap-2 gb-is-responsive-column\" style=\"max-width:1200px\">\n<div class=\"wp-block-genesis-blocks-gb-column gb-block-layout-column\"><div class=\"gb-block-layout-column-inner\">\n<div style=\"margin-bottom:5%\" class=\"wp-block-genesis-blocks-gb-container gb-block-container\"><div class=\"gb-container-inside\"><div class=\"gb-container-content\" style=\"max-width:700px\">\n<h2 class=\"wp-block-heading has-text-align-center\">Nos ressources pour pr\u00e9parer les concours caporaux SPP<\/h2>\n\n\n\n<p class=\"has-text-align-center\">Prepasecu d\u00e9mocratise l&rsquo;acc\u00e8s au grade de caporal en vous proposant du contenu accessible depuis votre smartphone !<\/p>\n<\/div><\/div><\/div>\n\n\n\n<div class=\"wp-block-genesis-blocks-gb-columns gb-layout-columns-2 gb-2-col-equal\"><div class=\"gb-layout-column-wrap gb-block-layout-column-gap-2 gb-is-responsive-column\">\n<div class=\"wp-block-genesis-blocks-gb-column gb-block-layout-column\"><div class=\"gb-block-layout-column-inner\">\n<h3 class=\"wp-block-heading has-text-align-center\">L\u2019\u00e9preuve du QCM<\/h3>\n\n\n\n<p>Le QCM du concours interne de caporal de SPP porte sur les th\u00e8mes suivants: Arithm\u00e9tique, g\u00e9om\u00e9trie et notions associ\u00e9es. (<a href=\"https:\/\/www.legifrance.gouv.fr\/affichTexteArticle.do?cidTexte=JORFTEXT000042580186&amp;idArticle=JORFARTI000042580263&amp;categorieLien=cid\">2\u00b0 de l\u2019article 2 du d\u00e9cret n\u00b0 2020-1474 du 30 novembre 2020 pr\u00e9cit\u00e9<\/a>).<\/p>\n<\/div><\/div>\n\n\n\n<div class=\"wp-block-genesis-blocks-gb-column gb-block-layout-column\"><div class=\"gb-block-layout-column-inner\">\n<h3 class=\"wp-block-heading has-text-align-center\">L\u2019\u00e9preuve d&rsquo;<a href=\"https:\/\/prepasecu.fr\/spp\/etude-de-texte-concours-caporal-de-spp\/\" title=\"6 pr\u00e9cieux conseils pour r\u00e9ussir l\u2019\u00e9tude de texte du concours de caporal de SPP\">\u00e9tude de texte<\/a><\/h3>\n\n\n\n<p>L&rsquo;\u00e9tude de texte&nbsp;permet de v\u00e9rifier la prise d&rsquo;informations et l&rsquo;analyse de celles-ci. Des courtes questions peuvent \u00eatre pos\u00e9es. La production d&rsquo;un \u00e9crit en rapport avec la probl\u00e9matique pos\u00e9e est \u00e9galement \u00e0 envisager.<\/p>\n<\/div><\/div>\n<\/div><\/div>\n\n\n\n<div class=\"wp-block-genesis-blocks-gb-columns gb-layout-columns-2 gb-2-col-equal\"><div class=\"gb-layout-column-wrap gb-block-layout-column-gap-2 gb-is-responsive-column\">\n<div class=\"wp-block-genesis-blocks-gb-column gb-block-layout-column\"><div class=\"gb-block-layout-column-inner\">\n<h3 class=\"wp-block-heading has-text-align-center\">Les \u00e9preuves sportives<\/h3>\n\n\n\n<p>Natation, parcours pro adapt\u00e9, \u00e9preuve \u00ab&nbsp;Luc L\u00e9ger&nbsp;\u00bb&#8230;<\/p>\n<\/div><\/div>\n\n\n\n<div class=\"wp-block-genesis-blocks-gb-column gb-block-layout-column\"><div class=\"gb-block-layout-column-inner\">\n<h3 class=\"wp-block-heading has-text-align-center\">La fiche individuelle<\/h3>\n\n\n\n<p>La fiche individuelle, <\/p>\n<\/div><\/div>\n<\/div><\/div>\n<\/div><\/div>\n<\/div><\/div>\n\n\n\n<div class=\"wp-block-genesis-blocks-gb-columns gb-layout-service-4 gb-layout-columns-2 gb-2-col-equal gb-columns-center alignfull\" style=\"padding-top:10%;padding-right:5%;padding-bottom:10%;padding-left:5%\"><div class=\"gb-layout-column-wrap gb-block-layout-column-gap-6 gb-is-responsive-column\" style=\"max-width:1200px\">\n<div class=\"wp-block-genesis-blocks-gb-column gb-block-layout-column\"><div class=\"gb-block-layout-column-inner\">\n<h2 class=\"wp-block-heading\"><strong>\u00c0 propos du concours caporal interne<\/strong><\/h2>\n\n\n\n<p style=\"font-size:22px\">Un caporal sapeur-pompier professionnel exerce des missions de pr\u00e9vention, de protection et de lutte contre les incendies, mais aussi de protection et de lutte contre les autres accidents, sinistres et catastrophes, ainsi que des missions d\u2019\u00e9valuation et de pr\u00e9vention des risques technologiques ou naturels et des secours d\u2019urgence.<\/p>\n\n\n\n<div style=\"color:#ddd\" class=\"wp-block-genesis-blocks-gb-spacer gb-block-spacer gb-divider-solid gb-spacer-divider gb-divider-size-1\"><hr style=\"height:30px\"\/><\/div>\n\n\n\n<h3 class=\"wp-block-heading\">Conditions d\u2019acc\u00e8s<\/h3>\n\n\n\n<p>Le candidat doit remplir les conditions suivantes&nbsp;:<\/p>\n\n\n\n<ul class=\"wp-block-list\">\n<li>\u00catre \u00e2g\u00e9 d\u2019au moins&nbsp;<strong>16 ans<\/strong>&nbsp;(il n\u2019existe plus de limite d\u2019\u00e2ge sup\u00e9rieur).<\/li>\n\n\n\n<li>Avoir une taille sup\u00e9rieure ou \u00e9gale \u00e0&nbsp;<strong>1,60 m<\/strong><\/li>\n\n\n\n<li>Avoir la nationalit\u00e9&nbsp;<strong>fran\u00e7aise<\/strong>&nbsp;(ou \u00eatre ressortissant d\u2019un \u00c9tat membre de l\u2019Union Europ\u00e9enne).<\/li>\n\n\n\n<li>Jouir de ses&nbsp;<strong>droits civiques<\/strong>.<\/li>\n\n\n\n<li>\u00catre en position r\u00e9guli\u00e8re vis-\u00e0-vis du&nbsp;<strong>service national<\/strong>.<\/li>\n\n\n\n<li>Le bulletin n\u00b02 du&nbsp;<strong>casier judiciaire<\/strong>&nbsp;doit comporter des mentions compatibles avec la fonction de sapeur-pompier.<\/li>\n\n\n\n<li>Avoir au minimum une \u00e9valuation m\u00e9dicale&nbsp;<strong>SIGYCOP de profil B<\/strong>&nbsp;(2223332)&nbsp;(cf.&nbsp;<a href=\"https:\/\/www.legifrance.gouv.fr\/affichTexte.do?cidTexte=JORFTEXT000000765094\" target=\"_blank\" rel=\"noreferrer noopener\">arr\u00eat\u00e9 du 6 mai 2000 art. 9 et 10)<\/a>.<\/li>\n<\/ul>\n\n\n\n<p>Il est indispensable de fournir un certificat m\u00e9dical de non-contre-indication \u00e0 l\u2019ex\u00e9cution des \u00e9preuves physiques d\u00e9livr\u00e9 par un m\u00e9decin datant de moins de 3 mois et transmis \u00e0 la date fix\u00e9e par l\u2019organisateur. Pour en savoir plus sur les conditions d&rsquo;acc\u00e8s, consulter <a href=\"https:\/\/prepasecu.fr\/spp\/concours-caporal\/2021\/\" title=\"Guide 2021 du concours Caporal SPP externe, interne et examen professionnel\">notre guide pour devenir caporal de SPP<\/a>.<\/p>\n\n\n\n<h3 class=\"wp-block-heading\">Les \u00e9preuves du concours<\/h3>\n\n\n\n<p>Les \u00e9preuves d\u2019admissibilit\u00e9 sont constitu\u00e9es d\u2019une \u00e9tude de texte et un QCM. Il faut compter 3 \u00e9preuves de pr\u00e9admission : Uniquement des \u00e9preuves physiques. Enfin, l&rsquo;\u00e9preuve d\u2019admission est un oral. <a href=\"https:\/\/prepasecu.fr\/spp\/concours-caporal\/2021\/\" title=\"\">En savoir plus<\/a>&#8230;<\/p>\n\n\n\n<div class=\"wp-block-buttons is-layout-flex wp-block-buttons-is-layout-flex\">\n<div class=\"wp-block-button\"><a class=\"wp-block-button__link wp-element-button\" href=\"https:\/\/prepasecu.fr\/inscription\/prepaspp\/\" target=\"_blank\" rel=\"noreferrer noopener\">Je d\u00e9couvre gratuitement<\/a><\/div>\n<\/div>\n<\/div><\/div>\n\n\n\n<div class=\"wp-block-genesis-blocks-gb-column gb-block-layout-column\"><div class=\"gb-block-layout-column-inner\">\n<figure class=\"wp-block-image size-large\"><img loading=\"lazy\" decoding=\"async\" width=\"477\" height=\"545\" src=\"https:\/\/prepasecu.fr\/wp-content\/uploads\/2023\/07\/2-1.svg\" alt=\"\" class=\"wp-image-2322\"\/><\/figure>\n<\/div><\/div>\n<\/div><\/div>\n\n\n\n<div class=\"wp-block-genesis-blocks-gb-columns gb-slate-text-with-cta gb-layout-columns-1 gb-1-col-equal gb-has-background-dim gb-has-background-dim-30 gb-has-custom-background-color gb-columns-center alignfull\" style=\"padding-top:10em;padding-right:1em;padding-bottom:10em;padding-left:1em;background-color:#212844;background-position:50% 52%\"><div class=\"gb-layout-column-wrap gb-block-layout-column-gap-3 gb-is-responsive-column\" style=\"max-width:872px\">\n<div class=\"wp-block-genesis-blocks-gb-column gb-block-layout-column\"><div class=\"gb-block-layout-column-inner\">\n<h2 class=\"wp-block-heading has-text-align-center has-text-color\" style=\"color:#f5f5f5;font-size:40px\">Prepasecu est le site INDISPENSABLE pour une pr\u00e9paration sur-mesure au concours externe de caporal<\/h2>\n\n\n\n<p class=\"has-text-align-center has-text-color\" style=\"color:#f5f5f5\">Un contenu p\u00e9dagogique innovant et vari\u00e9 pour votre prochaine r\u00e9ussite. Disponible en illimit\u00e9, 24\/7. Pr\u00e9paration \u00e0 l&rsquo;ensemble des \u00e9preuves du concours de caporal de SPP gr\u00e2ce \u00e0 notre application mobile.<\/p>\n\n\n\n<div class=\"wp-block-buttons is-content-justification-center is-layout-flex wp-container-core-buttons-is-layout-4 wp-block-buttons-is-layout-flex\">\n<div class=\"wp-block-button\"><a class=\"wp-block-button__link has-text-color has-background wp-element-button\" href=\"https:\/\/prepasecu.fr\/inscription\/prepaspp\/\" style=\"border-radius:4px;color:#ffffff;background-color:#0073e5\" target=\"_blank\" rel=\"noreferrer noopener\"><strong>Je m&rsquo;inscris gratuitement<\/strong><\/a><\/div>\n\n\n\n<div class=\"wp-block-button\"><a class=\"wp-block-button__link has-text-color has-background wp-element-button\" href=\"https:\/\/prepasecu.fr\/contactez-nous\/\" style=\"border-radius:4px;color:#1f1f1f;background-color:#ffffff\"><strong>Contactez-nous<\/strong><\/a><\/div>\n<\/div>\n\n\n\n<p>\/<\/p>\n<\/div><\/div>\n<\/div><\/div>\n","protected":false},"excerpt":{"rendered":"","protected":false},"author":1,"featured_media":0,"parent":0,"menu_order":0,"comment_status":"closed","ping_status":"closed","template":"","meta":{"_uag_custom_page_level_css":"","_genesis_hide_title":true,"_genesis_hide_breadcrumbs":true,"_genesis_hide_singular_image":false,"_genesis_hide_footer_widgets":false,"_genesis_custom_body_class":"","_genesis_custom_post_class":"","_genesis_layout":"full-width-content","footnotes":""},"class_list":{"0":"post-1620","1":"page","2":"type-page","3":"status-publish","5":"entry"},"aioseo_notices":[],"featured_image_src":null,"featured_image_src_square":null,"uagb_featured_image_src":{"full":false,"thumbnail":false,"medium":false,"medium_large":false,"large":false,"1536x1536":false,"2048x2048":false,"sidebar-featured":false,"genesis-singular-images":false,"gb-block-post-grid-landscape":false,"gb-block-post-grid-square":false,"yarpp-thumbnail":false},"uagb_author_info":{"display_name":"Matthis","author_link":"https:\/\/prepasecu.fr\/?author=1"},"uagb_comment_info":0,"uagb_excerpt":null,"_links":{"self":[{"href":"https:\/\/prepasecu.fr\/index.php?rest_route=\/wp\/v2\/pages\/1620"}],"collection":[{"href":"https:\/\/prepasecu.fr\/index.php?rest_route=\/wp\/v2\/pages"}],"about":[{"href":"https:\/\/prepasecu.fr\/index.php?rest_route=\/wp\/v2\/types\/page"}],"author":[{"embeddable":true,"href":"https:\/\/prepasecu.fr\/index.php?rest_route=\/wp\/v2\/users\/1"}],"replies":[{"embeddable":true,"href":"https:\/\/prepasecu.fr\/index.php?rest_route=%2Fwp%2Fv2%2Fcomments&post=1620"}],"version-history":[{"count":0,"href":"https:\/\/prepasecu.fr\/index.php?rest_route=\/wp\/v2\/pages\/1620\/revisions"}],"wp:attachment":[{"href":"https:\/\/prepasecu.fr\/index.php?rest_route=%2Fwp%2Fv2%2Fmedia&parent=1620"}],"curies":[{"name":"wp","href":"https:\/\/api.w.org\/{rel}","templated":true}]}}