{"id":1403,"date":"2021-02-06T13:41:10","date_gmt":"2021-02-06T12:41:10","guid":{"rendered":"https:\/\/preprod.prepasecu.fr\/?page_id=1403"},"modified":"2023-07-03T14:31:08","modified_gmt":"2023-07-03T12:31:08","slug":"les-formations-en-surete-maritime-et-portuaire","status":"publish","type":"page","link":"https:\/\/prepasecu.fr\/surete-maritime-et-portuaire","title":{"rendered":"S\u00fbret\u00e9 maritime et portuaire"},"content":{"rendered":"\n<p>Les ports et les installations portuaires jouent un r\u00f4le d\u2019interface d\u00e9terminant dans la gestion de la circulation des navires, plus particuli\u00e8rement des bateaux assurant les transports internationaux. Avec la menace terroriste et la mise en place du code ISPS (International Ship and Port Facility Security, qui en fran\u00e7ais signifie \u00ab\u2009Code International pour la S\u00fbret\u00e9 des Navires et des Installations Portuaires\u2009\u00bb), les compagnies maritimes et les autorit\u00e9s des ports ont beaucoup travaill\u00e9 et beaucoup investi pour am\u00e9liorer la s\u00fbret\u00e9 des navires et des installations portuaires. <\/p>\n\n\n<div class=\"wp-block-image\">\n<figure class=\"aligncenter size-full\"><img loading=\"lazy\" decoding=\"async\" width=\"950\" height=\"712\" src=\"https:\/\/prepasecu.fr\/wp-content\/uploads\/2023\/07\/dsc02731.jpg\" alt=\"\" class=\"wp-image-2416\" srcset=\"https:\/\/prepasecu.fr\/wp-content\/uploads\/2023\/07\/dsc02731.jpg 950w, https:\/\/prepasecu.fr\/wp-content\/uploads\/2023\/07\/dsc02731-300x225.jpg 300w, https:\/\/prepasecu.fr\/wp-content\/uploads\/2023\/07\/dsc02731-768x576.jpg 768w, https:\/\/prepasecu.fr\/wp-content\/uploads\/2023\/07\/dsc02731-702x526.jpg 702w\" sizes=\"(max-width: 950px) 100vw, 950px\" \/><figcaption class=\"wp-element-caption\">\u00a9 Marine nationale &#8211; Peloton de s\u00fbret\u00e9 maritime et portuaire (PSMP)<\/figcaption><\/figure><\/div>\n\n\n<p>\u00c0 l\u2019instar de ce qui s\u2019est pass\u00e9 dans le transport a\u00e9rien depuis le 11 septembre 2001 (plus de 4\u2009000 embauches pour le seul secteur de la s\u00fbret\u00e9 a\u00e9roportuaire*), le transport maritime recrute de la m\u00eame mani\u00e8re de nombreux agents de s\u00fbret\u00e9 \u00e0 terre et embarqu\u00e9s. Leur mission est de d\u00e9tecter, de pr\u00e9venir et de limiter les cons\u00e9quences des menaces qui p\u00e8sent sur les ports et les installations portuaires. Il existe plusieurs professions dans le domaine de la s\u00fbret\u00e9 maritime et portuaire. Voici un r\u00e9capitulatif des <strong>formations en s\u00fbret\u00e9 maritime et portuaire.<\/strong><\/p>\n\n\n\n<h2 class=\"wp-block-heading\">Les formations d\u2019agents de s\u00fbret\u00e9 maritime et portuaire<\/h2>\n\n\n\n<div id=\"ez-toc-container\" class=\"ez-toc-v2_0_50 counter-hierarchy ez-toc-counter ez-toc-grey ez-toc-container-direction\">\n<div class=\"ez-toc-title-container\">\n<p class=\"ez-toc-title\">Sommaire<\/p>\n<span class=\"ez-toc-title-toggle\"><a href=\"#\" class=\"ez-toc-pull-right ez-toc-btn ez-toc-btn-xs ez-toc-btn-default ez-toc-toggle\" aria-label=\"Toggle Table of Content\" role=\"button\"><label for=\"item-69e308bb84aaf\" aria-hidden=\"true\"><span style=\"display: flex;align-items: center;width: 35px;height: 30px;justify-content: center;direction:ltr;\"><svg style=\"fill: #999;color:#999\" xmlns=\"http:\/\/www.w3.org\/2000\/svg\" class=\"list-377408\" width=\"20px\" height=\"20px\" viewBox=\"0 0 24 24\" fill=\"none\"><path d=\"M6 6H4v2h2V6zm14 0H8v2h12V6zM4 11h2v2H4v-2zm16 0H8v2h12v-2zM4 16h2v2H4v-2zm16 0H8v2h12v-2z\" fill=\"currentColor\"><\/path><\/svg><svg style=\"fill: #999;color:#999\" class=\"arrow-unsorted-368013\" xmlns=\"http:\/\/www.w3.org\/2000\/svg\" width=\"10px\" height=\"10px\" viewBox=\"0 0 24 24\" version=\"1.2\" baseProfile=\"tiny\"><path d=\"M18.2 9.3l-6.2-6.3-6.2 6.3c-.2.2-.3.4-.3.7s.1.5.3.7c.2.2.4.3.7.3h11c.3 0 .5-.1.7-.3.2-.2.3-.5.3-.7s-.1-.5-.3-.7zM5.8 14.7l6.2 6.3 6.2-6.3c.2-.2.3-.5.3-.7s-.1-.5-.3-.7c-.2-.2-.4-.3-.7-.3h-11c-.3 0-.5.1-.7.3-.2.2-.3.5-.3.7s.1.5.3.7z\"\/><\/svg><\/span><\/label><input  type=\"checkbox\" id=\"item-69e308bb84aaf\"><\/a><\/span><\/div>\n<nav><ul class='ez-toc-list ez-toc-list-level-1 ' ><li class='ez-toc-page-1 ez-toc-heading-level-3'><a class=\"ez-toc-link ez-toc-heading-1\" href=\"https:\/\/prepasecu.fr\/surete-maritime-et-portuaire\/#Agent_de_Surete_de_Compagnie\" title=\"Agent de S\u00fbret\u00e9 de Compagnie\">Agent de S\u00fbret\u00e9 de Compagnie<\/a><\/li><li class='ez-toc-page-1 ez-toc-heading-level-3'><a class=\"ez-toc-link ez-toc-heading-2\" href=\"https:\/\/prepasecu.fr\/surete-maritime-et-portuaire\/#Agent_de_Surete_de_Navire\" title=\"Agent de S\u00fbret\u00e9 de Navire\">Agent de S\u00fbret\u00e9 de Navire<\/a><\/li><li class='ez-toc-page-1 ez-toc-heading-level-3'><a class=\"ez-toc-link ez-toc-heading-3\" href=\"https:\/\/prepasecu.fr\/surete-maritime-et-portuaire\/#Agent_de_Surete_de_l%E2%80%99Installation_Portuaire\" title=\"Agent de S\u00fbret\u00e9 de l\u2019Installation Portuaire\">Agent de S\u00fbret\u00e9 de l\u2019Installation Portuaire<\/a><\/li><li class='ez-toc-page-1 ez-toc-heading-level-3'><a class=\"ez-toc-link ez-toc-heading-4\" href=\"https:\/\/prepasecu.fr\/surete-maritime-et-portuaire\/#Agent_charge_des_Visites_de_Surete_dans_les_Zones_a_Acces_Restreint_des_ports\" title=\"Agent charg\u00e9 des Visites de S\u00fbret\u00e9 dans les Zones \u00e0 Acc\u00e8s Restreint des ports\">Agent charg\u00e9 des Visites de S\u00fbret\u00e9 dans les Zones \u00e0 Acc\u00e8s Restreint des ports<\/a><\/li><li class='ez-toc-page-1 ez-toc-heading-level-3'><a class=\"ez-toc-link ez-toc-heading-5\" href=\"https:\/\/prepasecu.fr\/surete-maritime-et-portuaire\/#Certificat_de_Sensibilisation_a_la_surete_maritime\" title=\"Certificat de Sensibilisation \u00e0 la s\u00fbret\u00e9 maritime\">Certificat de Sensibilisation \u00e0 la s\u00fbret\u00e9 maritime<\/a><\/li><li class='ez-toc-page-1 ez-toc-heading-level-3'><a class=\"ez-toc-link ez-toc-heading-6\" href=\"https:\/\/prepasecu.fr\/surete-maritime-et-portuaire\/#Certificat_de_formation_specifique_a_la_surete_pour_le_personnel_de_bord_charge_de_taches_specifiques_liees_a_la_surete_y_compris_defense_contre_la_piraterie\" title=\"Certificat de formation sp\u00e9cifique \u00e0 la s\u00fbret\u00e9 pour le personnel de bord charg\u00e9 de t\u00e2ches sp\u00e9cifiques li\u00e9es \u00e0 la s\u00fbret\u00e9 (y compris d\u00e9fense contre la piraterie)\">Certificat de formation sp\u00e9cifique \u00e0 la s\u00fbret\u00e9 pour le personnel de bord charg\u00e9 de t\u00e2ches sp\u00e9cifiques li\u00e9es \u00e0 la s\u00fbret\u00e9 (y compris d\u00e9fense contre la piraterie)<\/a><\/li><\/ul><\/nav><\/div>\n<h3 class=\"wp-block-heading\"><span class=\"ez-toc-section\" id=\"Agent_de_Surete_de_Compagnie\"><\/span>Agent de S\u00fbret\u00e9 de Compagnie<span class=\"ez-toc-section-end\"><\/span><\/h3>\n\n\n\n<h4 class=\"wp-block-heading\">Objectifs<\/h4>\n\n\n\n<p>L\u2019agent de s\u00fbret\u00e9 de compagnie est la personne d\u00e9sign\u00e9e de la compagnie en charge de la s\u00fbret\u00e9 des navires. Les objectifs de formation pour les candidats \u00e0 cette profession sont d\u2019acqu\u00e9rir les comp\u00e9tences pour occuper les fonctions et assumer les responsabilit\u00e9s de l\u2019agent de s\u00fbret\u00e9 de la compagnie telles que d\u00e9finies dans la section&nbsp;A\/11.2 du code ISPS. La formation est d\u2019une dur\u00e9e de 32 heures.<\/p>\n\n\n\n<h4 class=\"wp-block-heading\">Programme<\/h4>\n\n\n\n<ul class=\"wp-block-list\">\n<li>Pr\u00e9vention d\u2019actes illicites (pr\u00e9sentation des diff\u00e9rents cas et outils pour prot\u00e9ger le navire)\u2009;<\/li>\n\n\n\n<li>S\u00fbret\u00e9 portuaire\u2009;<\/li>\n\n\n\n<li>Responsabilit\u00e9 des parties concern\u00e9es\u2009;<\/li>\n\n\n\n<li>R\u00e9glementation internationale\u2009;<\/li>\n\n\n\n<li>S\u00fbret\u00e9 du navire (conform\u00e9ment \u00e0 la r\u00e9glementation fran\u00e7aise)\u2009;<\/li>\n\n\n\n<li>Plan de s\u00fbret\u00e9 (\u00e9laboration du plan, tenue des registres, pr\u00e9paration des audits)\u2009;<\/li>\n\n\n\n<li>Gestion de foule\u2009;<\/li>\n\n\n\n<li>Description, maintenance du mat\u00e9riel et des syst\u00e8mes de s\u00fbret\u00e9\u2009;<\/li>\n\n\n\n<li>Formation (techniques \u00e0 bord et \u00e0 terre).<\/li>\n<\/ul>\n\n\n\n<h3 class=\"wp-block-heading\"><span class=\"ez-toc-section\" id=\"Agent_de_Surete_de_Navire\"><\/span>Agent de S\u00fbret\u00e9 de Navire<span class=\"ez-toc-section-end\"><\/span><\/h3>\n\n\n\n<h4 class=\"wp-block-heading\">&nbsp;Objectifs<\/h4>\n\n\n\n<p>L\u2019agent de s\u00fbret\u00e9 de navire est en charge de plusieurs missions&nbsp;:<\/p>\n\n\n\n<ul class=\"wp-block-list\">\n<li>G\u00e9rer et superviser la mise en \u0153uvre d\u2019un plan de s\u00fbret\u00e9 du navire\u2009;&nbsp;<\/li>\n\n\n\n<li>\u00c9valuer le risque pour la s\u00fbret\u00e9, la menace et la vuln\u00e9rabilit\u00e9\u2009;&nbsp;<\/li>\n\n\n\n<li>Proc\u00e9der \u00e0 des inspections r\u00e9guli\u00e8res du navire pour garantir l\u2019application et le maintien de mesures de s\u00fbret\u00e9 appropri\u00e9es\u2009;&nbsp;<\/li>\n\n\n\n<li>Garantir que le mat\u00e9riel et les syst\u00e8mes de s\u00fbret\u00e9, le cas \u00e9ch\u00e9ant, sont utilis\u00e9s correctement, mis \u00e0 l\u2019essai et \u00e9talonn\u00e9s\u2009;&nbsp;&nbsp;<\/li>\n\n\n\n<li>Encourager la prise de conscience de la s\u00fbret\u00e9 et la vigilance.&nbsp;<\/li>\n<\/ul>\n\n\n\n<h4 class=\"wp-block-heading\">Programme<\/h4>\n\n\n\n<p>La formation dure 21 heures et se compose de 6 modules diff\u00e9rents<\/p>\n\n\n\n<ul class=\"wp-block-list\">\n<li>La r\u00e9glementation\u2009;<\/li>\n\n\n\n<li>La pr\u00e9vention des actes illicites\u2009;<\/li>\n\n\n\n<li>L\u2019\u00e9valuation du risque\u2009;<\/li>\n\n\n\n<li>Plan de s\u00fbret\u00e9 du navire\u2009;<\/li>\n\n\n\n<li>La formation\u2009;<\/li>\n\n\n\n<li>L\u2019audit. &nbsp;&nbsp;<\/li>\n<\/ul>\n\n\n\n<h3 class=\"wp-block-heading\"><span class=\"ez-toc-section\" id=\"Agent_de_Surete_de_l%E2%80%99Installation_Portuaire\"><\/span><a href=\"https:\/\/prepasecu.fr\/surete-maritime-et-portuaire\/asip-agent-de-surete-dinstallation-portuaire\/\" title=\"ASIP : Agent de S\u00fbret\u00e9 d\u2019Installation Portuaire\">Agent de S\u00fbret\u00e9 de l\u2019Installation Portuaire<\/a><span class=\"ez-toc-section-end\"><\/span><\/h3>\n\n\n\n<h4 class=\"wp-block-heading\">Objectifs<\/h4>\n\n\n\n<p>D\u2019une dur\u00e9e de 32 heures, la formation a pour but d\u2019apprendre au candidat les comp\u00e9tences pour occuper les fonctions et assumer les responsabilit\u00e9s de l\u2019agent de s\u00fbret\u00e9 de l\u2019installation portuaire telles qu\u2019elles sont d\u00e9finies dans la section&nbsp;A\/17.2 du code ISPS.<\/p>\n\n\n\n<h4 class=\"wp-block-heading\">Programme<\/h4>\n\n\n\n<p>Voici le contenu du programme de la formation pour devenir agent de s\u00fbret\u00e9 de l\u2019installation portuaire&nbsp;:<\/p>\n\n\n\n<ul class=\"wp-block-list\">\n<li>Concept de la s\u00fbret\u00e9, r\u00e9glementation nationale et internationale\u2009;<\/li>\n\n\n\n<li>&nbsp;M\u00e9thodologie, \u00e9valuation de la menace et sensibilisation aux risques\u2009;<\/li>\n\n\n\n<li>S\u00fbret\u00e9 portuaire\u2009;<\/li>\n\n\n\n<li>Pr\u00e9vention d\u2019actes illicites (pr\u00e9sentation des diff\u00e9rents cas et outils de protection)\u2009;<\/li>\n\n\n\n<li>Description des navires et de leurs contraintes d\u2019exploitation\u2009;<\/li>\n\n\n\n<li>Plan de s\u00fbret\u00e9 de l\u2019installation portuaire (\u00e9laboration du plan, tenue des registres, pr\u00e9paration des audits)\u2009;<\/li>\n\n\n\n<li>Gestion de crise (\u00e9tude de cas et liens avec les services d\u2019intervention).<\/li>\n<\/ul>\n\n\n\n<h3 class=\"wp-block-heading\"><span class=\"ez-toc-section\" id=\"Agent_charge_des_Visites_de_Surete_dans_les_Zones_a_Acces_Restreint_des_ports\"><\/span><a href=\"https:\/\/prepasecu.fr\/surete-maritime-et-portuaire\/acvs-lagent-charge-des-visites-de-surete\/\" title=\"ACVS : L\u2019Agent Charg\u00e9 des Visites de S\u00fbret\u00e9\">Agent charg\u00e9 des Visites de S\u00fbret\u00e9<\/a> dans les Zones \u00e0 Acc\u00e8s Restreint des ports<span class=\"ez-toc-section-end\"><\/span><\/h3>\n\n\n\n<h4 class=\"wp-block-heading\">Objectifs<\/h4>\n\n\n\n<p>D\u2019une dur\u00e9e de 21 heures, la formation apprend \u00e0 remplir les fonctions d\u2019agent de s\u00fbret\u00e9 charg\u00e9 des visites de s\u00fbret\u00e9 pr\u00e9alables \u00e0 l\u2019acc\u00e8s aux zones d\u2019acc\u00e8s restreint dans un environnement maritime.<\/p>\n\n\n\n<h4 class=\"wp-block-heading\">Programme<\/h4>\n\n\n\n<h4 class=\"wp-block-heading\">Le contenu de la formation se d\u00e9cline de la fa\u00e7on suivante&nbsp;:<\/h4>\n\n\n\n<ul class=\"wp-block-list\">\n<li>Contexte g\u00e9n\u00e9ral, connaissance de l\u2019environnement maritime et cadre d\u2019emploi de l\u2019agent de s\u00fbret\u00e9&nbsp;;<\/li>\n\n\n\n<li>Principes g\u00e9n\u00e9raux de la s\u00fbret\u00e9 du transport maritime&nbsp;;<\/li>\n\n\n\n<li>Moyens de d\u00e9tection des articles prohib\u00e9s du transport maritime\u2009;<\/li>\n\n\n\n<li>Emploi des \u00e9quipements portables de d\u00e9tection de masse magn\u00e9tique sur personnes avec d\u00e9monstrations pratiques\u2009;<\/li>\n\n\n\n<li>Emploi des \u00e9quipements de d\u00e9tection de trace d\u2019explosif\u2009;<\/li>\n\n\n\n<li>Techniques de fouille des v\u00e9hicules, etc.<\/li>\n<\/ul>\n\n\n\n<h2 class=\"wp-block-heading\">Les certifications sp\u00e9cifiques en s\u00fbret\u00e9 maritime et portuaire<\/h2>\n\n\n\n<h3 class=\"wp-block-heading\"><span class=\"ez-toc-section\" id=\"Certificat_de_Sensibilisation_a_la_surete_maritime\"><\/span>Certificat de Sensibilisation \u00e0 la s\u00fbret\u00e9 maritime<span class=\"ez-toc-section-end\"><\/span><\/h3>\n\n\n\n<h4 class=\"wp-block-heading\">Objectifs<\/h4>\n\n\n\n<p>La formation (dur\u00e9e&nbsp;: 4 heures) a pour but de donner aux stagiaires les connaissances \u00e9l\u00e9mentaires pour \u00eatre employ\u00e9s \u00e0 bord d\u2019un navire respectant les dispositions du code ISPS<\/p>\n\n\n\n<h4 class=\"wp-block-heading\">Programme<\/h4>\n\n\n\n<ul class=\"wp-block-list\">\n<li>Contribuer au renforcement de la s\u00fbret\u00e9 maritime par une sensibilisation accrue\u2009;<\/li>\n\n\n\n<li>Reconna\u00eetre les menaces pour la s\u00e9curit\u00e9\u2009;<\/li>\n\n\n\n<li>Comprendre la n\u00e9cessit\u00e9 et les moyens de maintenir la vigilance de tous, par une prise de conscience du domaine de la s\u00fbret\u00e9.<\/li>\n<\/ul>\n\n\n\n<h3 class=\"wp-block-heading\"><span class=\"ez-toc-section\" id=\"Certificat_de_formation_specifique_a_la_surete_pour_le_personnel_de_bord_charge_de_taches_specifiques_liees_a_la_surete_y_compris_defense_contre_la_piraterie\"><\/span>Certificat de formation sp\u00e9cifique \u00e0 la s\u00fbret\u00e9 pour le personnel de bord charg\u00e9 de t\u00e2ches sp\u00e9cifiques li\u00e9es \u00e0 la s\u00fbret\u00e9 (y compris d\u00e9fense contre la piraterie)<span class=\"ez-toc-section-end\"><\/span><\/h3>\n\n\n\n<h4 class=\"wp-block-heading\">Objectifs<\/h4>\n\n\n\n<p>Il s\u2019agit de donner aux marins les comp\u00e9tences suffisantes pour exercer des t\u00e2ches sp\u00e9cifiques li\u00e9es \u00e0 la s\u00fbret\u00e9 \u00e0 bord, y compris les activit\u00e9s li\u00e9es \u00e0 la lutte contre la piraterie et les vols \u00e0 main arm\u00e9e.<\/p>\n\n\n\n<h4 class=\"wp-block-heading\">Programme&nbsp;1 (Module s\u00fbret\u00e9&nbsp;: 10 heures)<\/h4>\n\n\n\n<ul class=\"wp-block-list\">\n<li>Savoir assurer le maintien des conditions d\u00e9crites dans le plan de s\u00fbret\u00e9 du navire\u2009;<\/li>\n\n\n\n<li>Apprendre \u00e0 reconna\u00eetre les menaces et les risques pour la s\u00fbret\u00e9\u2009;<\/li>\n\n\n\n<li>Apprendre \u00e0 proc\u00e9der \u00e0 une inspection de navire\u2009;<\/li>\n\n\n\n<li>Utiliser de mani\u00e8re l\u2019\u00e9quipement et les syst\u00e8mes de s\u00fbret\u00e9.<\/li>\n<\/ul>\n\n\n\n<h4 class=\"wp-block-heading\">Programme&nbsp;2 (Module pr\u00e9vention des actes de piraterie et attaques \u00e0 main arm\u00e9e&nbsp;: 7 heures)<\/h4>\n\n\n\n<ul class=\"wp-block-list\">\n<li>Conna\u00eetre le mode op\u00e9ratoire des pirates, les armes utilis\u00e9es et leur puissance\u2009;<\/li>\n\n\n\n<li>Savoir \u00e9valuer les risques d\u2019un navire\u2009;<\/li>\n\n\n\n<li>Savoir organiser et mettre en action un dispositif mat\u00e9riel pour ralentir voire emp\u00eacher la mont\u00e9e des pirates \u00e0 bord\u2009;<\/li>\n\n\n\n<li>Savoir organiser et mettre en action un dispositif de protection de l\u2019\u00e9quipage lors d\u2019une attaque de pirates\u2009;<\/li>\n\n\n\n<li>Conna\u00eetre, alerter et rendre compte aux organismes d\u00e9di\u00e9s \u00e0 la protection des navires marchands pr\u00e9sents dans la zone\u2009;<\/li>\n\n\n\n<li>Savoir comment r\u00e9agir lorsque les pirates sont \u00e0 bord ou lorsque le navire et les marins sont pris en otage.<\/li>\n<\/ul>\n\n\n\n<p>Source: <\/p>\n\n\n\n<p><a href=\"http:\/\/www.afcan.org\/\" target=\"_blank\" rel=\"noreferrer noopener\" title=\"http:\/\/www.afcan.org\/\">Association Fran\u00e7aise des Capitaines de Navires <\/a><\/p>\n","protected":false},"excerpt":{"rendered":"<p>Les ports et les installations portuaires jouent un r\u00f4le d\u2019interface d\u00e9terminant dans la gestion de la circulation des navires, plus particuli\u00e8rement des bateaux assurant les transports internationaux. Avec la menace terroriste et la mise en place du code ISPS (International Ship and Port Facility Security, qui en fran\u00e7ais signifie \u00ab\u2009Code International pour la S\u00fbret\u00e9 des [&hellip;]<\/p>\n","protected":false},"author":1,"featured_media":0,"parent":0,"menu_order":0,"comment_status":"closed","ping_status":"closed","template":"","meta":{"_uag_custom_page_level_css":"","_genesis_hide_title":false,"_genesis_hide_breadcrumbs":false,"_genesis_hide_singular_image":false,"_genesis_hide_footer_widgets":false,"_genesis_custom_body_class":"","_genesis_custom_post_class":"","_genesis_layout":"","footnotes":""},"class_list":{"0":"post-1403","1":"page","2":"type-page","3":"status-publish","5":"entry"},"aioseo_notices":[],"featured_image_src":null,"featured_image_src_square":null,"uagb_featured_image_src":{"full":false,"thumbnail":false,"medium":false,"medium_large":false,"large":false,"1536x1536":false,"2048x2048":false,"sidebar-featured":false,"genesis-singular-images":false,"gb-block-post-grid-landscape":false,"gb-block-post-grid-square":false,"yarpp-thumbnail":false},"uagb_author_info":{"display_name":"Matthis","author_link":"https:\/\/prepasecu.fr\/?author=1"},"uagb_comment_info":0,"uagb_excerpt":"Les ports et les installations portuaires jouent un r\u00f4le d\u2019interface d\u00e9terminant dans la gestion de la circulation des navires, plus particuli\u00e8rement des bateaux assurant les transports internationaux. Avec la menace terroriste et la mise en place du code ISPS (International Ship and Port Facility Security, qui en fran\u00e7ais signifie \u00ab\u2009Code International pour la S\u00fbret\u00e9 des\u2026","_links":{"self":[{"href":"https:\/\/prepasecu.fr\/index.php?rest_route=\/wp\/v2\/pages\/1403"}],"collection":[{"href":"https:\/\/prepasecu.fr\/index.php?rest_route=\/wp\/v2\/pages"}],"about":[{"href":"https:\/\/prepasecu.fr\/index.php?rest_route=\/wp\/v2\/types\/page"}],"author":[{"embeddable":true,"href":"https:\/\/prepasecu.fr\/index.php?rest_route=\/wp\/v2\/users\/1"}],"replies":[{"embeddable":true,"href":"https:\/\/prepasecu.fr\/index.php?rest_route=%2Fwp%2Fv2%2Fcomments&post=1403"}],"version-history":[{"count":0,"href":"https:\/\/prepasecu.fr\/index.php?rest_route=\/wp\/v2\/pages\/1403\/revisions"}],"wp:attachment":[{"href":"https:\/\/prepasecu.fr\/index.php?rest_route=%2Fwp%2Fv2%2Fmedia&parent=1403"}],"curies":[{"name":"wp","href":"https:\/\/api.w.org\/{rel}","templated":true}]}}