{"id":1392,"date":"2021-02-01T16:12:47","date_gmt":"2021-02-01T15:12:47","guid":{"rendered":"https:\/\/preprod.prepasecu.fr\/?page_id=1392"},"modified":"2023-07-03T14:31:58","modified_gmt":"2023-07-03T12:31:58","slug":"acvs-lagent-charge-des-visites-de-surete","status":"publish","type":"page","link":"https:\/\/prepasecu.fr\/surete-maritime-et-portuaire\/acvs-lagent-charge-des-visites-de-surete","title":{"rendered":"ACVS : L&rsquo;Agent Charg\u00e9 des Visites de S\u00fbret\u00e9"},"content":{"rendered":"\n<div id=\"ez-toc-container\" class=\"ez-toc-v2_0_50 counter-hierarchy ez-toc-counter ez-toc-grey ez-toc-container-direction\">\n<div class=\"ez-toc-title-container\">\n<p class=\"ez-toc-title\">Sommaire<\/p>\n<span class=\"ez-toc-title-toggle\"><a href=\"#\" class=\"ez-toc-pull-right ez-toc-btn ez-toc-btn-xs ez-toc-btn-default ez-toc-toggle\" aria-label=\"Toggle Table of Content\" role=\"button\"><label for=\"item-69e2f05e5d1c2\" aria-hidden=\"true\"><span style=\"display: flex;align-items: center;width: 35px;height: 30px;justify-content: center;direction:ltr;\"><svg style=\"fill: #999;color:#999\" xmlns=\"http:\/\/www.w3.org\/2000\/svg\" class=\"list-377408\" width=\"20px\" height=\"20px\" viewBox=\"0 0 24 24\" fill=\"none\"><path d=\"M6 6H4v2h2V6zm14 0H8v2h12V6zM4 11h2v2H4v-2zm16 0H8v2h12v-2zM4 16h2v2H4v-2zm16 0H8v2h12v-2z\" fill=\"currentColor\"><\/path><\/svg><svg style=\"fill: #999;color:#999\" class=\"arrow-unsorted-368013\" xmlns=\"http:\/\/www.w3.org\/2000\/svg\" width=\"10px\" height=\"10px\" viewBox=\"0 0 24 24\" version=\"1.2\" baseProfile=\"tiny\"><path d=\"M18.2 9.3l-6.2-6.3-6.2 6.3c-.2.2-.3.4-.3.7s.1.5.3.7c.2.2.4.3.7.3h11c.3 0 .5-.1.7-.3.2-.2.3-.5.3-.7s-.1-.5-.3-.7zM5.8 14.7l6.2 6.3 6.2-6.3c.2-.2.3-.5.3-.7s-.1-.5-.3-.7c-.2-.2-.4-.3-.7-.3h-11c-.3 0-.5.1-.7.3-.2.2-.3.5-.3.7s.1.5.3.7z\"\/><\/svg><\/span><\/label><input  type=\"checkbox\" id=\"item-69e2f05e5d1c2\"><\/a><\/span><\/div>\n<nav><ul class='ez-toc-list ez-toc-list-level-1 ' ><li class='ez-toc-page-1 ez-toc-heading-level-2'><a class=\"ez-toc-link ez-toc-heading-1\" href=\"https:\/\/prepasecu.fr\/surete-maritime-et-portuaire\/acvs-lagent-charge-des-visites-de-surete\/#Comment_devenir_Agent_Charge_Des_Visites_De_Surete_ACVS%E2%80%89\" title=\"Comment devenir Agent Charg\u00e9 Des Visites De S\u00fbret\u00e9 (ACVS)\u2009?\">Comment devenir Agent Charg\u00e9 Des Visites De S\u00fbret\u00e9 (ACVS)\u2009?<\/a><\/li><li class='ez-toc-page-1 ez-toc-heading-level-2'><a class=\"ez-toc-link ez-toc-heading-2\" href=\"https:\/\/prepasecu.fr\/surete-maritime-et-portuaire\/acvs-lagent-charge-des-visites-de-surete\/#Qu%E2%80%99est-ce_que_la_formation_ACVS_Agent_charge_des_visites_de_surete%E2%80%89\" title=\"Qu\u2019est-ce que la formation ACVS (Agent charg\u00e9 des visites de s\u00fbret\u00e9)\u2009?\">Qu\u2019est-ce que la formation ACVS (Agent charg\u00e9 des visites de s\u00fbret\u00e9)\u2009?<\/a><\/li><li class='ez-toc-page-1 ez-toc-heading-level-2'><a class=\"ez-toc-link ez-toc-heading-3\" href=\"https:\/\/prepasecu.fr\/surete-maritime-et-portuaire\/acvs-lagent-charge-des-visites-de-surete\/#Le_programme_de_la_formation_ACVS\" title=\"Le programme de la formation ACVS\">Le programme de la formation ACVS<\/a><\/li><li class='ez-toc-page-1 ez-toc-heading-level-2'><a class=\"ez-toc-link ez-toc-heading-4\" href=\"https:\/\/prepasecu.fr\/surete-maritime-et-portuaire\/acvs-lagent-charge-des-visites-de-surete\/#Evaluation_et_recyclage_de_la_formation_ACVS\" title=\" \u00c9valuation et recyclage de la formation ACVS\"> \u00c9valuation et recyclage de la formation ACVS<\/a><\/li><\/ul><\/nav><\/div>\n<h2 class=\"wp-block-heading\"><span class=\"ez-toc-section\" id=\"Comment_devenir_Agent_Charge_Des_Visites_De_Surete_ACVS%E2%80%89\"><\/span>Comment devenir Agent Charg\u00e9 Des Visites De S\u00fbret\u00e9 (ACVS)\u2009?<span class=\"ez-toc-section-end\"><\/span><\/h2>\n\n\n\n<p>La <strong>mission principale d\u2019un Agent Charg\u00e9 des Visites de S\u00fbret\u00e9<\/strong> (ACVS) est de r\u00e9aliser des contr\u00f4les pr\u00e9ventifs afin d\u2019assurer la <strong>s\u00fbret\u00e9 dans les zones portuaires d\u2019acc\u00e8s restreint<\/strong>. L\u2019action pr\u00e9ventive et dissuasive des ACVS permet de <strong>renforcer la s\u00e9curit\u00e9<\/strong> en \u00e9vitant notamment l\u2019entr\u00e9e et la circulation d\u2019objets proscrits et dangereux tels que les armes ou les explosifs. Il doit \u00e9galement s\u2019assurer que d\u2019\u00e9ventuels <strong>passagers clandestins<\/strong> ne tentent pas de s\u2019introduire \u00e0 bord des bateaux. <\/p>\n\n\n\n<figure class=\"wp-block-image size-full\"><img loading=\"lazy\" decoding=\"async\" width=\"930\" height=\"620\" src=\"https:\/\/prepasecu.fr\/wp-content\/uploads\/2023\/07\/5edea904093c0_13012015_secu_net-1.jpg\" alt=\"\" class=\"wp-image-2418\" srcset=\"https:\/\/prepasecu.fr\/wp-content\/uploads\/2023\/07\/5edea904093c0_13012015_secu_net-1.jpg 930w, https:\/\/prepasecu.fr\/wp-content\/uploads\/2023\/07\/5edea904093c0_13012015_secu_net-1-300x200.jpg 300w, https:\/\/prepasecu.fr\/wp-content\/uploads\/2023\/07\/5edea904093c0_13012015_secu_net-1-768x512.jpg 768w, https:\/\/prepasecu.fr\/wp-content\/uploads\/2023\/07\/5edea904093c0_13012015_secu_net-1-600x400.jpg 600w\" sizes=\"(max-width: 930px) 100vw, 930px\" \/><figcaption class=\"wp-element-caption\">\u00a9 France 3 Le Havre-Baie de Seine<\/figcaption><\/figure>\n\n\n\n<p>Le contr\u00f4le des v\u00e9hicules (particuliers ou camions de marchandises) au moment de l\u2019<strong>embarquement <\/strong>fait \u00e9galement partie de ses attributions. Leur r\u00f4le est tr\u00e8s important sur une zone portuaire, car il est en lien direct avec les autorit\u00e9s et permet ainsi une intervention efficace et rapide en cas de probl\u00e8me. Pour <strong>devenir ACVS <\/strong>etafin de prendre connaissance de l\u2019environnement maritime, il est obligatoire de suivre une <strong>formation professionnelle<\/strong> dont voici le d\u00e9tail.<\/p>\n\n\n\n<h2 class=\"wp-block-heading\"><span class=\"ez-toc-section\" id=\"Qu%E2%80%99est-ce_que_la_formation_ACVS_Agent_charge_des_visites_de_surete%E2%80%89\"><\/span>Qu\u2019est-ce que la formation ACVS (Agent charg\u00e9 des visites de s\u00fbret\u00e9)\u2009?<span class=\"ez-toc-section-end\"><\/span><\/h2>\n\n\n\n<p>Il existe <strong>3 niveaux de formation ACVS<\/strong> (ACVS&nbsp;1, ACVS&nbsp;2 et ACVS&nbsp;3). Il s\u2019agit d\u2019une formation qui ne n\u00e9cessite aucun pr\u00e9requis et qui se d\u00e9roule sur une dur\u00e9e de 7 heures. Les groupes de stagiaires sont constitu\u00e9s de 4 participants minimum et ne peuvent exc\u00e9der 12 stagiaires par session. \u00c0 l\u2019issue de la formation, le stagiaire sera en mesure de remplir les fonctions d\u2019agent de s\u00e9curit\u00e9 charg\u00e9 des visites de s\u00fbret\u00e9 pr\u00e9alables aux zones d\u2019acc\u00e8s restreint dans un environnement maritime, telles que d\u00e9finies dans le Code des ports maritimes et le Code ISPS (International Ship and Port Facility Security ou, en fran\u00e7ais, Code international pour la s\u00fbret\u00e9 des navires et des installations portuaires). Les conditions d\u2019approbation des formations ACVS ont \u00e9t\u00e9 fix\u00e9es dans l\u2019arr\u00eat\u00e9 du 23 septembre 2009.<\/p>\n\n\n\n<h2 class=\"wp-block-heading\"><span class=\"ez-toc-section\" id=\"Le_programme_de_la_formation_ACVS\"><\/span>Le programme de la formation ACVS<span class=\"ez-toc-section-end\"><\/span><\/h2>\n\n\n\n<p>La formation ACVS repose sur une alternance entre apports th\u00e9oriques et mises en situation pratiques. Le programme p\u00e9dagogique de la formation ACVS repose sur 4 axes principaux&nbsp;:<\/p>\n\n\n\n<h3 class=\"wp-block-heading\">Partie&nbsp;1&nbsp;: les Principes g\u00e9n\u00e9raux<\/h3>\n\n\n\n<ul class=\"wp-block-list\">\n<li>Principes g\u00e9n\u00e9raux de la s\u00fbret\u00e9&nbsp;du transport maritime<\/li>\n\n\n\n<li>Objectifs de la s\u00fbret\u00e9\u0301 du transport maritime<\/li>\n<\/ul>\n\n\n\n<h3 class=\"wp-block-heading\">Partie&nbsp;2&nbsp;: l\u2019environnement portuaire et ses acteurs<\/h3>\n\n\n\n<ul class=\"wp-block-list\">\n<li>Connaissance de l\u2019environnement portuaire<\/li>\n\n\n\n<li>Compr\u00e9hension du r\u00f4le de l\u2019installation portuaire<\/li>\n\n\n\n<li>Connaissance g\u00e9n\u00e9rale des diff\u00e9rents acteurs du transport maritime et de leur r\u00f4le<\/li>\n<\/ul>\n\n\n\n<h3 class=\"wp-block-heading\">Partie&nbsp;3&nbsp;: Dispositions r\u00e9glementaires<\/h3>\n\n\n\n<ul class=\"wp-block-list\">\n<li>Dispositions r\u00e8glementaires applicables en mati\u00e8re de s\u00fbret\u00e9\u0301 du transport maritime et portuaire&nbsp;: Emploi des \u00e9quipements portables de d\u00e9tection de masse magn\u00e9tique sur personnes avec d\u00e9monstrations pratiques, Emploi des \u00e9quipements de d\u00e9tection de trace d\u2019explosif<\/li>\n\n\n\n<li>R\u00f4le des services de l\u2019\u00c9tat et des diff\u00e9rents acteurs en mati\u00e8re de s\u00fbret\u00e9\u0301 du transport maritime et portuaire<\/li>\n\n\n\n<li>Connaissance des articles prohib\u00e9s en mati\u00e8re de s\u00fbret\u00e9\u0301 maritime&nbsp;: Moyens de d\u00e9tection des articles prohib\u00e9s du transport maritime, techniques de fouille des v\u00e9hicules, etc.<\/li>\n<\/ul>\n\n\n\n<h3 class=\"wp-block-heading\">Partie&nbsp;4&nbsp;: Conditions relatives \u00e0 l\u2019activit\u00e9 des agents de s\u00fbret\u00e9 portuaire<\/h3>\n\n\n\n<ul class=\"wp-block-list\">\n<li>Conditions d\u2019attribution, de suspension, et de retrait du double agr\u00e9ment<\/li>\n\n\n\n<li>Conditions du contr\u00f4le de l\u2019activit\u00e9\u0301 des agents de s\u00fbret\u00e9\u0301<\/li>\n<\/ul>\n\n\n\n<h2 class=\"wp-block-heading\"><span class=\"ez-toc-section\" id=\"Evaluation_et_recyclage_de_la_formation_ACVS\"><\/span><br>\u00c9valuation et recyclage de la formation ACVS<span class=\"ez-toc-section-end\"><\/span><\/h2>\n\n\n\n<p>Vous validerez votre formation ACVS avec un <strong>QCM d\u2019\u00e9valuation<\/strong> des connaissances acquises. Comme pour de nombreuses autres formations professionnelles du domaine de la s\u00fbret\u00e9 et de la s\u00e9curit\u00e9, la participation \u00e0 un stage dit de recyclage triennal (tous les 3 ans) est obligatoire pour conserver son agr\u00e9ment professionnel et \u00eatre autoris\u00e9 \u00e0 poursuivre son activit\u00e9. Ce recyclage est d\u2019une dur\u00e9e de 10&nbsp;h&nbsp;30 et permet \u00e0 l\u2019agent charg\u00e9 des visites de s\u00fbret\u00e9 de renforcer et d\u2019actualiser ses comp\u00e9tences afin de continuer \u00e0 assurer ses missions le plus efficacement possible.<\/p>\n\n\n\n<p>Source: <a href=\"https:\/\/www.legifrance.gouv.fr\/loda\/id\/LEGITEXT000021100913\/2021-02-01\/\" title=\"https:\/\/www.legifrance.gouv.fr\/loda\/id\/LEGITEXT000021100913\/2021-02-01\/\">Arr\u00eat\u00e9 du 23 septembre 2009<\/a> fixant les conditions d&rsquo;approbation des formations des agents charg\u00e9s des visites de s\u00fbret\u00e9 pr\u00e9alables \u00e0 l&rsquo;acc\u00e8s aux zones d&rsquo;acc\u00e8s restreint d\u00e9finies aux articles R. 321-31 et R. 321-32 du code des ports maritimes<\/p>\n","protected":false},"excerpt":{"rendered":"<p>Comment devenir Agent Charg\u00e9 Des Visites De S\u00fbret\u00e9 (ACVS)\u2009? La mission principale d\u2019un Agent Charg\u00e9 des Visites de S\u00fbret\u00e9 (ACVS) est de r\u00e9aliser des contr\u00f4les pr\u00e9ventifs afin d\u2019assurer la s\u00fbret\u00e9 dans les zones portuaires d\u2019acc\u00e8s restreint. L\u2019action pr\u00e9ventive et dissuasive des ACVS permet de renforcer la s\u00e9curit\u00e9 en \u00e9vitant notamment l\u2019entr\u00e9e et la circulation d\u2019objets [&hellip;]<\/p>\n","protected":false},"author":1,"featured_media":0,"parent":1403,"menu_order":0,"comment_status":"closed","ping_status":"closed","template":"","meta":{"_uag_custom_page_level_css":"","_genesis_hide_title":false,"_genesis_hide_breadcrumbs":false,"_genesis_hide_singular_image":false,"_genesis_hide_footer_widgets":false,"_genesis_custom_body_class":"","_genesis_custom_post_class":"","_genesis_layout":"","footnotes":""},"class_list":{"0":"post-1392","1":"page","2":"type-page","3":"status-publish","5":"entry"},"aioseo_notices":[],"featured_image_src":null,"featured_image_src_square":null,"uagb_featured_image_src":{"full":false,"thumbnail":false,"medium":false,"medium_large":false,"large":false,"1536x1536":false,"2048x2048":false,"sidebar-featured":false,"genesis-singular-images":false,"gb-block-post-grid-landscape":false,"gb-block-post-grid-square":false,"yarpp-thumbnail":false},"uagb_author_info":{"display_name":"Matthis","author_link":"https:\/\/prepasecu.fr\/?author=1"},"uagb_comment_info":0,"uagb_excerpt":"Comment devenir Agent Charg\u00e9 Des Visites De S\u00fbret\u00e9 (ACVS)\u2009? La mission principale d\u2019un Agent Charg\u00e9 des Visites de S\u00fbret\u00e9 (ACVS) est de r\u00e9aliser des contr\u00f4les pr\u00e9ventifs afin d\u2019assurer la s\u00fbret\u00e9 dans les zones portuaires d\u2019acc\u00e8s restreint. L\u2019action pr\u00e9ventive et dissuasive des ACVS permet de renforcer la s\u00e9curit\u00e9 en \u00e9vitant notamment l\u2019entr\u00e9e et la circulation d\u2019objets\u2026","_links":{"self":[{"href":"https:\/\/prepasecu.fr\/index.php?rest_route=\/wp\/v2\/pages\/1392"}],"collection":[{"href":"https:\/\/prepasecu.fr\/index.php?rest_route=\/wp\/v2\/pages"}],"about":[{"href":"https:\/\/prepasecu.fr\/index.php?rest_route=\/wp\/v2\/types\/page"}],"author":[{"embeddable":true,"href":"https:\/\/prepasecu.fr\/index.php?rest_route=\/wp\/v2\/users\/1"}],"replies":[{"embeddable":true,"href":"https:\/\/prepasecu.fr\/index.php?rest_route=%2Fwp%2Fv2%2Fcomments&post=1392"}],"version-history":[{"count":0,"href":"https:\/\/prepasecu.fr\/index.php?rest_route=\/wp\/v2\/pages\/1392\/revisions"}],"up":[{"embeddable":true,"href":"https:\/\/prepasecu.fr\/index.php?rest_route=\/wp\/v2\/pages\/1403"}],"wp:attachment":[{"href":"https:\/\/prepasecu.fr\/index.php?rest_route=%2Fwp%2Fv2%2Fmedia&parent=1392"}],"curies":[{"name":"wp","href":"https:\/\/api.w.org\/{rel}","templated":true}]}}