{"id":1313,"date":"2021-01-21T22:16:12","date_gmt":"2021-01-21T21:16:12","guid":{"rendered":"https:\/\/preprod.prepasecu.fr\/?page_id=1313"},"modified":"2023-10-24T15:10:27","modified_gmt":"2023-10-24T13:10:27","slug":"entrainez-vous-a-lepreuve-orale-du-ssiap-2-en-ligne","status":"publish","type":"page","link":"https:\/\/prepasecu.fr\/ssiap-2\/epreuve-orale\/entrainement\/gratuit","title":{"rendered":"Entra\u00eenez-vous \u00e0 l&rsquo;\u00e9preuve orale du SSIAP 2 en ligne"},"content":{"rendered":"\n<h2 class=\"wp-block-heading\">L\u2019examen du SSIAP&nbsp;2<\/h2>\n\n\n\n<p>Le SSIAP&nbsp;2 est le second \u00e9chelon de la certification SSIAP (Service de S\u00e9curit\u00e9 Incendie et d\u2019Assistance aux Personnes). Il s\u2019obtient \u00e0 l\u2019issue d\u2019une formation dipl\u00f4mante et permet de devenir <strong>chef d\u2019\u00e9quipe de s\u00e9curit\u00e9 incendie<\/strong>. Tout agent de s\u00e9curit\u00e9 incendie, titulaire du SSIAP&nbsp;1 peut d\u00e9cider de passer l\u2019examen en vue d\u2019obtenir le SSIAP&nbsp;2.<\/p>\n\n\n\n<h3 class=\"wp-block-heading\">Pr\u00e9requis obligatoires pour l\u2019examen<\/h3>\n\n\n\n<p>Voici les conditions pr\u00e9alables \u00e0 <strong>l\u2019inscription \u00e0 l\u2019examen SSIAP&nbsp;2&nbsp;:<\/strong><\/p>\n\n\n\n<ul class=\"wp-block-list\">\n<li>Avoir <strong>r\u00e9ussi le SSIAP&nbsp;1<\/strong>&nbsp;(ou \u00eatre titulaire d\u2019une \u00e9quivalence)\u2009;<\/li>\n\n\n\n<li>Attester, sur les 24 derniers mois pr\u00e9c\u00e9dant la pr\u00e9sentation \u00e0 l\u2019examen du SSIAP&nbsp;2, d\u2019au moins 1607 heures d\u2019exp\u00e9rience professionnelle en tant qu\u2019agent de s\u00e9curit\u00e9 incendie dans un <strong>ERP<\/strong> (\u00e9tablissement recevant du public), un <strong>IGH<\/strong> (immeuble de grande hauteur) ou tout autre \u00e9difice soumis \u00e0 la r\u00e9glementation incendie du Code du travail\u2009;<\/li>\n\n\n\n<li>Satisfaire aux exigences m\u00e9dicales pr\u00e9vues par l\u2019arr\u00eat\u00e9 du 2 mai 2005 modifi\u00e9\u2009;<\/li>\n\n\n\n<li>\u00catre titulaire du PSE&nbsp;1, ou SST en cours de validit\u00e9, ou PSC&nbsp;1 de moins de 2 ans.<\/li>\n<\/ul>\n\n\n\n<h3 class=\"wp-block-heading\">Les \u00e9preuves de l\u2019examen SSIAP&nbsp;2<\/h3>\n\n\n\n<p>Vous aurez 3 \u00e9preuves \u00e0 passer pour <strong>obtenir le SSIAP&nbsp;2<\/strong>, contrairement au SSIAP&nbsp;1 qui n\u2019en comporte que 2. Pour <strong>devenir titulaire du SSIAP&nbsp;2<\/strong>, vous serez soumis \u00e0 une \u00e9preuve \u00e9crite de QCM, une <strong>\u00e9preuve orale<\/strong> et une \u00e9preuve pratique. Vous obtiendrez votre <strong>certification SSIAP&nbsp;2<\/strong> si vous avez au moins 12\/20 au QCM ainsi que la mention \u00ab\u2009apte\u2009\u00bb \u00e0 l\u2019\u00e9preuve orale et \u00e0 l\u2019\u00e9preuve pratique.<\/p>\n\n\n\n<h2 class=\"wp-block-heading\">L\u2019oral du SSIAP&nbsp;2<\/h2>\n\n\n\n<p>L\u2019\u00e9preuve orale du SSIAP&nbsp;2 consiste \u00e0 animer une s\u00e9quence p\u00e9dagogique en mati\u00e8re de s\u00e9curit\u00e9 incendie avec un temps de pr\u00e9paration de 15&nbsp;min. Le candidat peut utiliser tous les supports existants qui devront \u00eatre mis \u00e0 sa disposition (tableau blanc ou papier, r\u00e9troprojection, vid\u00e9o projection).<\/p>\n\n\n\n<p>Le jury devra principalement \u00e9valuer la pertinence technique des propos de la s\u00e9quence p\u00e9dagogique. L\u2019aptitude \u00e0 la p\u00e9dagogie ne doit pas \u00eatre le seul crit\u00e8re d\u2019\u00e9limination.<\/p>\n\n\n\n<h2 class=\"wp-block-heading\">Exemple de sujet oral SSIAP 2<\/h2>\n\n\n\n<ul class=\"wp-block-list\">\n<li>Indiquez comment remplir la fiche de contr\u00f4le sur le syst\u00e8me de d\u00e9senfumage que vous avez \u00e9tabli. Vous en profiterez pour leur rappeler les diff\u00e9rentes caract\u00e9ristiques du syst\u00e8me de d\u00e9senfumage.<\/li>\n\n\n\n<li>Vous avez pr\u00e9c\u00e9demment fait un cours sur les caract\u00e9ristiques des extincteurs. Vous \u00eates charg\u00e9 de pr\u00e9parer une man\u0153uvre pratique qui se d\u00e9roulera \u00e0 l\u2019ext\u00e9rieur.<\/li>\n\n\n\n<li>Vous venez de renforcer votre \u00e9quipe en SSIAP1, vous leur rappelez sous forme d\u2019un cours, leur r\u00f4le, et en particulier l\u2019objectif des rondes.<\/li>\n\n\n\n<li>Vous \u00eates engag\u00e9 dans un \u00e9tablissement de Type M, le SSIAP3 en poste vous demande de rappeler sous forme de cours en salle le r\u00f4le des SSIAP1 en ce qui concerne la 1<sup>\u00e8re<\/sup> intervention et l&rsquo;\u00e9vacuation.<\/li>\n\n\n\n<li>L&rsquo;objet de votre s\u00e9ance d&rsquo;instruction d&rsquo;aujourd&rsquo;hui : diff\u00e9rence entre code du travail et r\u00e8glementation ERP.<\/li>\n\n\n\n<li>Un SSI de cat\u00e9gorie A vient d&rsquo;\u00eatre install\u00e9 dans votre \u00e9tablissement. Votre directeur vous demande de faire un cours en salle pour vos agents de s\u00e9curit\u00e9 SSIAP1.<\/li>\n\n\n\n<li>Une entreprise de plomberie doit pour la premi\u00e8re fois effectuer des travaux dans une boutique de votre \u00e9tablissement Type M, 1ere cat\u00e9gorie (changement de radiateur). Vous rassemblez en salle les agents concern\u00e9s avant les travaux pour rappeler les consignes de s\u00e9curit\u00e9.<\/li>\n\n\n\n<li>L&rsquo;agrandissement de l&rsquo;h\u00f4pital o\u00f9 vous exercez a permis de renforcer votre \u00e9quipe en SSIAP1. Vous r\u00e9unissez les nouveaux venus en salle pour leur rappeler leur r\u00f4le.<\/li>\n\n\n\n<li>Vous \u00eates en poste dans un \u00e9tablissement de type M, 1<sup>\u00e8re<\/sup> cat\u00e9gorie. Nous sommes un samedi \u00e0 la veille de no\u00ebl, vous devez faire un rappel en salle \u00e0 vos agents sur les gestes de 1<sup>er<\/sup> secours qu&rsquo;ils pourraient avoir \u00e0 effectuer (personnes \u00e2g\u00e9es, enfants, &#8230;) et la conduite \u00e0 tenir face \u00e0 un malaise dans la surface de vente.<\/li>\n\n\n\n<li>L&rsquo;actualisation du SSI de cat\u00e9gorie A de votre \u00e9tablissement a permis le rajout de nombreux DAS. Vous informez votre \u00e9quipe en salle sur la diff\u00e9rence de la signalisation du SDI et du CMSI.<\/li>\n\n\n\n<li>Pour permettre \u00e0 votre \u00e9quipe d&rsquo;acqu\u00e9rir les automatismes, vous rappelez en salle les consignes de s\u00e9curit\u00e9 \u00e0 mettre en \u0153uvre pour un feu dans un local technique (chaufferie au gaz).<\/li>\n\n\n\n<li>Vous dites en poste dans IGH W2, votre r\u00f4le d\u2019aujourd\u2019hui et d\u2019animer un cours sur la particularit\u00e9 d\u2019une intervention sur ce type d\u2019\u00e9tablissement.<\/li>\n\n\n\n<li>Apr\u00e8s un feu important en r\u00e9serve que vous avez ma\u00eetris\u00e9 avec la pr\u00e9sence d\u2019une victime intoxiqu\u00e9e, vous faites un d\u00e9briefing en salle avec l\u2019\u00e9quipe qui est intervenue (probl\u00e8me d\u2019intervention sur la victime, mais tr\u00e8s bonne action sur l\u2019incendie).<\/li>\n\n\n\n<li>La commission de s\u00e9curit\u00e9 doit venir dans votre \u00e9tablissement en visite p\u00e9riodique (Type M, avec de nombreuses boutiques). Vous r\u00e9unissez vos agents en salle pour leur rappeler leur r\u00f4le. Ils sont charg\u00e9s d\u2019accompagner les membres de la commission.<\/li>\n\n\n\n<li>Votre \u00e9tablissement de Type M s\u2019agrandit Son passage au-dessus de 3\u00a0000 m\u00b2 oblige la mise en place d\u2019un r\u00e9seau \u00ab\u00a0sprinkler\u00a0\u00bb. Vous rappelez en salle les caract\u00e9ristiques et le fonctionnement de cet \u00e9quipement.<\/li>\n\n\n\n<li>Vous rappelez \u00e0 votre \u00e9quipe les caract\u00e9ristiques pour l\u2019installation des extincteurs et des RIA (description et position).<\/li>\n\n\n\n<li>Vous rassemblez votre \u00e9quipe en salle pour les sensibiliser au risque d\u2019accident du travail et \u00e0 la conduite \u00e0 tenir pour les \u00e9viter.<\/li>\n\n\n\n<li>Vous \u00eates en poste dans un \u00e9tablissement de Type L, 1<sup>\u00e8re<\/sup> cat\u00e9gorie. Vous faites un cours \u00e0 vos agents sur le processus d&rsquo;alarme incendie et la particularit\u00e9 de celle-ci sur ce type d&rsquo;\u00e9tablissement.<\/li>\n<\/ul>\n\n\n\n<h2 class=\"wp-block-heading\">Entra\u00eenement gratuit \u00e0 l\u2019oral du SSIAP&nbsp;2<\/h2>\n\n\n\n<p>Afin de tester votre niveau et d\u2019actualiser vos connaissances, Prepasecu a pr\u00e9par\u00e9 un entra\u00eenement gratuit \u00e0 l\u2019oral du SSIAP&nbsp;2. Con\u00e7u par des professionnels de la s\u00e9curit\u00e9 incendie, cet entra\u00eenement sans frais vous aidera \u00e0 am\u00e9liorer vos comp\u00e9tences pour obtenir le SSIAP&nbsp;2. Vous pouvez \u00e9galement vous entra\u00eener \u00e0 l\u2019\u00e9preuve <a href=\"https:\/\/prepasecu.fr\/ssiap-2\/qcm\/entrainement\/gratuit\/\" title=\"Entra\u00eenez-vous et r\u00e9alisez des tests QCM SSIAP 2 en ligne\">QCM&nbsp;SSIAP2<\/a> gr\u00e2ce \u00e0 nos s\u00e9ries gratuites.<\/p>\n","protected":false},"excerpt":{"rendered":"<p>L\u2019examen du SSIAP&nbsp;2 Le SSIAP&nbsp;2 est le second \u00e9chelon de la certification SSIAP (Service de S\u00e9curit\u00e9 Incendie et d\u2019Assistance aux Personnes). Il s\u2019obtient \u00e0 l\u2019issue d\u2019une formation dipl\u00f4mante et permet de devenir chef d\u2019\u00e9quipe de s\u00e9curit\u00e9 incendie. Tout agent de s\u00e9curit\u00e9 incendie, titulaire du SSIAP&nbsp;1 peut d\u00e9cider de passer l\u2019examen en vue d\u2019obtenir le SSIAP&nbsp;2. [&hellip;]<\/p>\n","protected":false},"author":1,"featured_media":0,"parent":607,"menu_order":0,"comment_status":"closed","ping_status":"closed","template":"","meta":{"_uag_custom_page_level_css":"","_genesis_hide_title":false,"_genesis_hide_breadcrumbs":false,"_genesis_hide_singular_image":false,"_genesis_hide_footer_widgets":false,"_genesis_custom_body_class":"","_genesis_custom_post_class":"","_genesis_layout":"","footnotes":""},"class_list":{"0":"post-1313","1":"page","2":"type-page","3":"status-publish","5":"entry"},"aioseo_notices":[],"featured_image_src":null,"featured_image_src_square":null,"uagb_featured_image_src":{"full":false,"thumbnail":false,"medium":false,"medium_large":false,"large":false,"1536x1536":false,"2048x2048":false,"sidebar-featured":false,"genesis-singular-images":false,"gb-block-post-grid-landscape":false,"gb-block-post-grid-square":false,"yarpp-thumbnail":false},"uagb_author_info":{"display_name":"Matthis","author_link":"https:\/\/prepasecu.fr\/?author=1"},"uagb_comment_info":0,"uagb_excerpt":"L\u2019examen du SSIAP&nbsp;2 Le SSIAP&nbsp;2 est le second \u00e9chelon de la certification SSIAP (Service de S\u00e9curit\u00e9 Incendie et d\u2019Assistance aux Personnes). Il s\u2019obtient \u00e0 l\u2019issue d\u2019une formation dipl\u00f4mante et permet de devenir chef d\u2019\u00e9quipe de s\u00e9curit\u00e9 incendie. Tout agent de s\u00e9curit\u00e9 incendie, titulaire du SSIAP&nbsp;1 peut d\u00e9cider de passer l\u2019examen en vue d\u2019obtenir le SSIAP&nbsp;2.\u2026","_links":{"self":[{"href":"https:\/\/prepasecu.fr\/index.php?rest_route=\/wp\/v2\/pages\/1313"}],"collection":[{"href":"https:\/\/prepasecu.fr\/index.php?rest_route=\/wp\/v2\/pages"}],"about":[{"href":"https:\/\/prepasecu.fr\/index.php?rest_route=\/wp\/v2\/types\/page"}],"author":[{"embeddable":true,"href":"https:\/\/prepasecu.fr\/index.php?rest_route=\/wp\/v2\/users\/1"}],"replies":[{"embeddable":true,"href":"https:\/\/prepasecu.fr\/index.php?rest_route=%2Fwp%2Fv2%2Fcomments&post=1313"}],"version-history":[{"count":0,"href":"https:\/\/prepasecu.fr\/index.php?rest_route=\/wp\/v2\/pages\/1313\/revisions"}],"up":[{"embeddable":true,"href":"https:\/\/prepasecu.fr\/index.php?rest_route=\/wp\/v2\/pages\/607"}],"wp:attachment":[{"href":"https:\/\/prepasecu.fr\/index.php?rest_route=%2Fwp%2Fv2%2Fmedia&parent=1313"}],"curies":[{"name":"wp","href":"https:\/\/api.w.org\/{rel}","templated":true}]}}