{"id":1309,"date":"2021-01-21T22:08:31","date_gmt":"2021-01-21T21:08:31","guid":{"rendered":"https:\/\/preprod.prepasecu.fr\/?page_id=1309"},"modified":"2023-07-03T14:21:21","modified_gmt":"2023-07-03T12:21:21","slug":"epreuve-orale-du-ssiap-3-le-guide","status":"publish","type":"page","link":"https:\/\/prepasecu.fr\/ssiap-3\/epreuve-orale\/entrainement\/gratuit","title":{"rendered":"Entra\u00eenez-vous \u00e0 l\u2019\u00e9preuve orale du SSIAP 3 en ligne"},"content":{"rendered":"\n<h2 class=\"wp-block-heading\">L\u2019examen du SSIAP&nbsp;3&nbsp;: rappel<\/h2>\n\n\n\n<p>Pour <strong>obtenir le SSIAP&nbsp;3<\/strong> et devenir ainsi <strong>chef de service de s\u00e9curit\u00e9 incendie<\/strong>, il est indispensable de <strong>r\u00e9ussir l\u2019examen du SSIAP&nbsp;3<\/strong>. Rappelons que Le SSIAP (Service de S\u00e9curit\u00e9 Incendie et d\u2019Assistance \u00e0 Personnes) est un dipl\u00f4me \u00e0 trois niveaux qui permet de postuler aux emplois <strong>d\u2019agent de s\u00e9curit\u00e9<\/strong>, de <strong>chef d\u2019\u00e9quipe<\/strong> ou de <strong>chef de poste <\/strong>de s\u00e9curit\u00e9 incendie en <strong>ERP<\/strong> (\u00c9tablissement Recevant du Public) ou <strong>IGH<\/strong> (Immeuble de Grande Hauteur).<\/p>\n\n\n\n<h3 class=\"wp-block-heading\">Conditions pr\u00e9alables \u00e0 remplir pour se pr\u00e9senter \u00e0 l\u2019examen<\/h3>\n\n\n\n<p>Pour se pr\u00e9senter \u00e0 l\u2019examen SSIAP&nbsp;3, certains pr\u00e9requis sont obligatoires&nbsp;:<\/p>\n\n\n\n<ul class=\"wp-block-list\">\n<li>\u00catre titulaire du SSIAP&nbsp;2 et pouvoir attester d\u2019un minimum de 3 ans d\u2019exp\u00e9rience dans la fonction\u2009;<\/li>\n\n\n\n<li>Ou \u00eatre titulaire du dipl\u00f4me de niveau&nbsp;4 minimum\u2009;<\/li>\n\n\n\n<li>Ou \u00eatre titulaire du dipl\u00f4me ERP&nbsp;2 ou IGH 2, avec \u00e9galement 3 ans d\u2019exercice professionnel dans la fonction\u2009;<\/li>\n\n\n\n<li>D\u00e9tenir une qualification de secourisme (SST, PCS1, PSE1) \u00e0 jour ou de moins de deux ans\u2009;<\/li>\n\n\n\n<li>\u00catre apte physiquement (validation par un certificat m\u00e9dical).<\/li>\n<\/ul>\n\n\n\n<h3 class=\"wp-block-heading\">Examen du SSIAP&nbsp;3&nbsp;: les \u00e9preuves<\/h3>\n\n\n\n<p>L\u2019examen du SSIAP&nbsp;3 est compos\u00e9 de 3 types d\u2019\u00e9preuves&nbsp;: une \u00e9preuve de QCM de 40 questions portant sur l\u2019ensemble du programme p\u00e9dagogique, une \u00e9preuve \u00e9crite de r\u00e9daction d\u2019une notice technique de s\u00e9curit\u00e9 incendie et une \u00e9preuve orale face \u00e0 un jury. Pour obtenir la certification SSIAP&nbsp;3, il faut avoir la note minimum de 12\/20 aux \u00e9preuves \u00e9crites et satisfaire aux exigences du jury pour \u00eatre d\u00e9clar\u00e9 \u00ab\u2009apte\u2009\u00bb \u00e0 l\u2019\u00e9preuve orale.<\/p>\n\n\n\n<h2 class=\"wp-block-heading\">L\u2019oral du SSIAP&nbsp;3<\/h2>\n\n\n\n<p>L\u2019\u00e9preuve orale du SSIAP&nbsp;3 dure 15 minutes et se d\u00e9roule sous la forme d\u2019un entretien avec un jury constitu\u00e9 de professionnels de la s\u00e9curit\u00e9 incendie. Pour r\u00e9ussir l\u2019oral, il faut bien ma\u00eetriser le r\u00e8glement de s\u00e9curit\u00e9 et surtout son organisation interne pour naviguer ais\u00e9ment des dispositions communes aux dispositions particuli\u00e8res. C\u2019est ce qui permet, pendant la pr\u00e9paration, de r\u00e9pondre au sujet avec les r\u00e9f\u00e9rences aux textes. La difficult\u00e9 de l\u2019oral est de d\u00e9montrer sa capacit\u00e9 d\u2019analyse et de m\u00e9thodologie de recherche. L\u2019examinateur s\u2019assure que l\u2019utilisation des livres du r\u00e8glement de s\u00e9curit\u00e9 est famili\u00e8re au candidat et qu\u2019il sait o\u00f9 chercher, et dans quel ordre.&nbsp;<\/p>\n\n\n\n<h2 class=\"wp-block-heading\">S\u2019entra\u00eener gratuitement \u00e0 l\u2019oral du SSIAP&nbsp;3<\/h2>\n\n\n\n<p>Prepasecu vous propose un entra\u00eenement gratuit \u00e0 l\u2019\u00e9preuve orale du SSIAP\u00a03. \u00c0 l\u2019instar des s\u00e9ries gratuites de <strong><a href=\"https:\/\/prepasecu.fr\/ssiap-3\/qcm\/entrainement\/gratuit\/\" title=\"\">QCM SSIAP\u00a03<\/a><\/strong>, l\u2019entra\u00eenement sans frais \u00e0 l\u2019\u00e9preuve orale SSIAP\u00a03 a \u00e9t\u00e9 soigneusement \u00e9labor\u00e9 par notre \u00e9quipe p\u00e9dagogique et permet de se confronter \u00e0 la r\u00e9alit\u00e9 de l\u2019\u00e9preuve. Pour parfaire votre travail de r\u00e9vision, n\u2019h\u00e9sitez pas \u00e0 consulter le <a href=\"https:\/\/prepasecu.fr\/ssiap-3\/formation-initiale\/referentiel-pedagogique-2021\/\" title=\"\">r\u00e9f\u00e9rentiel p\u00e9dagogique SSIAP\u00a03<\/a> en ligne ainsi que la page d\u00e9di\u00e9e au <a href=\"https:\/\/prepasecu.fr\/lexique-et-abreviations-du-ssiap-securite-incendie\/\" title=\"Lexique et abr\u00e9viations de la s\u00e9curit\u00e9 incendie (SSIAP)\">lexique et aux abr\u00e9viations utilis\u00e9s<\/a> dans le domaine professionnel de la s\u00e9curit\u00e9 incendie.<\/p>\n","protected":false},"excerpt":{"rendered":"<p>L\u2019examen du SSIAP&nbsp;3&nbsp;: rappel Pour obtenir le SSIAP&nbsp;3 et devenir ainsi chef de service de s\u00e9curit\u00e9 incendie, il est indispensable de r\u00e9ussir l\u2019examen du SSIAP&nbsp;3. Rappelons que Le SSIAP (Service de S\u00e9curit\u00e9 Incendie et d\u2019Assistance \u00e0 Personnes) est un dipl\u00f4me \u00e0 trois niveaux qui permet de postuler aux emplois d\u2019agent de s\u00e9curit\u00e9, de chef d\u2019\u00e9quipe [&hellip;]<\/p>\n","protected":false},"author":1,"featured_media":0,"parent":1145,"menu_order":0,"comment_status":"closed","ping_status":"closed","template":"","meta":{"_uag_custom_page_level_css":"","_genesis_hide_title":false,"_genesis_hide_breadcrumbs":false,"_genesis_hide_singular_image":false,"_genesis_hide_footer_widgets":false,"_genesis_custom_body_class":"","_genesis_custom_post_class":"","_genesis_layout":"","footnotes":""},"class_list":{"0":"post-1309","1":"page","2":"type-page","3":"status-publish","5":"entry"},"aioseo_notices":[],"featured_image_src":null,"featured_image_src_square":null,"uagb_featured_image_src":{"full":false,"thumbnail":false,"medium":false,"medium_large":false,"large":false,"1536x1536":false,"2048x2048":false,"sidebar-featured":false,"genesis-singular-images":false,"gb-block-post-grid-landscape":false,"gb-block-post-grid-square":false,"yarpp-thumbnail":false},"uagb_author_info":{"display_name":"Matthis","author_link":"https:\/\/prepasecu.fr\/?author=1"},"uagb_comment_info":0,"uagb_excerpt":"L\u2019examen du SSIAP&nbsp;3&nbsp;: rappel Pour obtenir le SSIAP&nbsp;3 et devenir ainsi chef de service de s\u00e9curit\u00e9 incendie, il est indispensable de r\u00e9ussir l\u2019examen du SSIAP&nbsp;3. Rappelons que Le SSIAP (Service de S\u00e9curit\u00e9 Incendie et d\u2019Assistance \u00e0 Personnes) est un dipl\u00f4me \u00e0 trois niveaux qui permet de postuler aux emplois d\u2019agent de s\u00e9curit\u00e9, de chef d\u2019\u00e9quipe\u2026","_links":{"self":[{"href":"https:\/\/prepasecu.fr\/index.php?rest_route=\/wp\/v2\/pages\/1309"}],"collection":[{"href":"https:\/\/prepasecu.fr\/index.php?rest_route=\/wp\/v2\/pages"}],"about":[{"href":"https:\/\/prepasecu.fr\/index.php?rest_route=\/wp\/v2\/types\/page"}],"author":[{"embeddable":true,"href":"https:\/\/prepasecu.fr\/index.php?rest_route=\/wp\/v2\/users\/1"}],"replies":[{"embeddable":true,"href":"https:\/\/prepasecu.fr\/index.php?rest_route=%2Fwp%2Fv2%2Fcomments&post=1309"}],"version-history":[{"count":0,"href":"https:\/\/prepasecu.fr\/index.php?rest_route=\/wp\/v2\/pages\/1309\/revisions"}],"up":[{"embeddable":true,"href":"https:\/\/prepasecu.fr\/index.php?rest_route=\/wp\/v2\/pages\/1145"}],"wp:attachment":[{"href":"https:\/\/prepasecu.fr\/index.php?rest_route=%2Fwp%2Fv2%2Fmedia&parent=1309"}],"curies":[{"name":"wp","href":"https:\/\/api.w.org\/{rel}","templated":true}]}}