{"id":1285,"date":"2021-01-17T22:28:27","date_gmt":"2021-01-17T21:28:27","guid":{"rendered":"https:\/\/preprod.prepasecu.fr\/?page_id=1285"},"modified":"2023-07-03T12:53:48","modified_gmt":"2023-07-03T10:53:48","slug":"applications-mobiles","status":"publish","type":"page","link":"https:\/\/prepasecu.fr\/applications-mobiles","title":{"rendered":"Applications mobiles"},"content":{"rendered":"\n<p>Pour d\u00e9couvrir, apprendre, se pr\u00e9parer, s&rsquo;informer&#8230; aux m\u00e9tiers de la s\u00e9curit\u00e9.<\/p>\n\n\n\n<div class=\"wp-block-group\"><div class=\"wp-block-group__inner-container is-layout-flow wp-block-group-is-layout-flow\">\n<div class=\"wp-block-columns is-layout-flex wp-container-core-columns-is-layout-1 wp-block-columns-is-layout-flex\">\n<div class=\"wp-block-column is-layout-flow wp-block-column-is-layout-flow\" style=\"flex-basis:66.66%\">\n<div class=\"wp-block-group\"><div class=\"wp-block-group__inner-container is-layout-flow wp-block-group-is-layout-flow\">\n<h2 class=\"wp-block-heading\">\ud83d\udcf1 SSIAP 1<\/h2>\n\n\n\n<p>Avancez \u00e0 votre rythme et approfondissez vos connaissances sur le SSIAP 1, o\u00f9 vous voulez, quand vous voulez.&nbsp;<strong>C\u2019est plus pratique qu\u2019un simple livre<\/strong>.<\/p>\n\n\n\n<p>Retrouvez tout ce qu\u2019il faut pour\u00a0<strong><a href=\"https:\/\/prepasecu.fr\/ssiap-1\/se-preparer-et-reussir-en-2021\/\" rel=\"nofollow\" title=\"Pr\u00e9parer et r\u00e9ussir le SSIAP 1 en 2021\">r\u00e9viser et passer le SSIAP 1<\/a><\/strong>\u00a0: cours, s\u00e9ries d\u2019entra\u00eenements et examens blancs conformes \u00e0 l\u2019examen 2021.<\/p>\n\n\n\n<ul class=\"wp-block-list\">\n<li><strong>Cours&nbsp;<\/strong>: Plus de 70 cours disponibles pour conna\u00eetre tout les secrets du SSIAP.<\/li>\n\n\n\n<li><strong>Entra\u00eenement<\/strong>&nbsp;:&nbsp;<strong>Un mode entra\u00eenement<\/strong>&nbsp;avec correction imm\u00e9diate.&nbsp;<strong>Un mode examen<\/strong>&nbsp;pour s\u2019entra\u00eener en conditions r\u00e9elles.&nbsp;<\/li>\n\n\n\n<li><strong>Des s\u00e9ries th\u00e9matiques<\/strong>&nbsp;pour s\u2019entra\u00eener et ma\u00eetriser des sujets pr\u00e9cis.<\/li>\n\n\n\n<li><strong>Statistiques<\/strong>&nbsp;: Pour suivre votre&nbsp;<strong>progression&nbsp;<\/strong>\ud83d\udcaa.<\/li>\n<\/ul>\n<\/div><\/div>\n<\/div>\n\n\n\n<div class=\"wp-block-column is-layout-flow wp-block-column-is-layout-flow\" style=\"flex-basis:33.33%\"><div class=\"wp-block-image\">\n<figure class=\"aligncenter size-full\"><img loading=\"lazy\" decoding=\"async\" width=\"570\" height=\"658\" src=\"https:\/\/prepasecu.fr\/wp-content\/uploads\/2023\/07\/prepasecu-qcm-serie-cta.png\" alt=\"\" class=\"wp-image-2312\" srcset=\"https:\/\/prepasecu.fr\/wp-content\/uploads\/2023\/07\/prepasecu-qcm-serie-cta.png 570w, https:\/\/prepasecu.fr\/wp-content\/uploads\/2023\/07\/prepasecu-qcm-serie-cta-260x300.png 260w\" sizes=\"(max-width: 570px) 100vw, 570px\" \/><\/figure><\/div>\n\n\n<p><\/p>\n<\/div>\n<\/div>\n\n\n\n<div class=\"wp-block-columns is-layout-flex wp-container-core-columns-is-layout-2 wp-block-columns-is-layout-flex\">\n<div class=\"wp-block-column is-layout-flow wp-block-column-is-layout-flow\" style=\"flex-basis:66.66%\">\n<div class=\"wp-block-group\"><div class=\"wp-block-group__inner-container is-layout-flow wp-block-group-is-layout-flow\">\n<h2 class=\"wp-block-heading\">\ud83d\udcf1 SSIAP 2<\/h2>\n\n\n\n<p>Avancez \u00e0 votre rythme et approfondissez vos connaissances sur le SSIAP 1, o\u00f9 vous voulez, quand vous voulez.&nbsp;<strong>C\u2019est plus pratique qu\u2019un simple livre<\/strong>.<\/p>\n\n\n\n<p>Retrouvez tout ce qu\u2019il faut pour\u00a0<strong><a href=\"https:\/\/prepasecu.fr\/ssiap-1\/se-preparer-et-reussir-en-2021\/\" rel=\"nofollow\" title=\"Pr\u00e9parer et r\u00e9ussir le SSIAP 1 en 2021\">r\u00e9ussir le SSIAP 2<\/a><\/strong>\u00a0: cours, s\u00e9ries d\u2019entra\u00eenements et examens blancs conformes \u00e0 l\u2019examen 2021.<\/p>\n\n\n\n<ul class=\"wp-block-list\">\n<li><strong>Cours&nbsp;<\/strong>: Plus de 70 cours disponibles pour conna\u00eetre tout les secrets du SSIAP.<\/li>\n\n\n\n<li><strong>Entra\u00eenement<\/strong>&nbsp;:&nbsp;<strong>Un mode entra\u00eenement<\/strong>&nbsp;avec correction imm\u00e9diate.&nbsp;<strong>Un mode examen<\/strong>&nbsp;pour s\u2019entra\u00eener en conditions r\u00e9elles.&nbsp;<\/li>\n\n\n\n<li><strong>Des s\u00e9ries th\u00e9matiques<\/strong>&nbsp;pour s\u2019entra\u00eener et ma\u00eetriser des sujets pr\u00e9cis.<\/li>\n\n\n\n<li><strong>Statistiques<\/strong>&nbsp;: Pour suivre votre&nbsp;<strong>progression&nbsp;<\/strong>\ud83d\udcaa.<\/li>\n<\/ul>\n<\/div><\/div>\n<\/div>\n\n\n\n<div class=\"wp-block-column is-layout-flow wp-block-column-is-layout-flow\" style=\"flex-basis:33.33%\"><div class=\"wp-block-image\">\n<figure class=\"aligncenter size-full\"><img loading=\"lazy\" decoding=\"async\" width=\"570\" height=\"658\" src=\"https:\/\/prepasecu.fr\/wp-content\/uploads\/2023\/07\/prepasecu-qcm-serie-cta-1.png\" alt=\"\" class=\"wp-image-2313\" srcset=\"https:\/\/prepasecu.fr\/wp-content\/uploads\/2023\/07\/prepasecu-qcm-serie-cta-1.png 570w, https:\/\/prepasecu.fr\/wp-content\/uploads\/2023\/07\/prepasecu-qcm-serie-cta-1-260x300.png 260w\" sizes=\"(max-width: 570px) 100vw, 570px\" \/><\/figure><\/div>\n\n\n<p><\/p>\n<\/div>\n<\/div>\n<\/div><\/div>\n\n\n\n<div class=\"wp-block-group\"><div class=\"wp-block-group__inner-container is-layout-flow wp-block-group-is-layout-flow\">\n<div class=\"wp-block-columns is-layout-flex wp-container-core-columns-is-layout-3 wp-block-columns-is-layout-flex\">\n<div class=\"wp-block-column is-layout-flow wp-block-column-is-layout-flow\" style=\"flex-basis:66.66%\">\n<div class=\"wp-block-group\"><div class=\"wp-block-group__inner-container is-layout-flow wp-block-group-is-layout-flow\">\n<h2 class=\"wp-block-heading\">\ud83d\udcf1 SSIAP 3<\/h2>\n\n\n\n<p>Avancez \u00e0 votre rythme et approfondissez vos connaissances sur le SSIAP 3, depuis votre smartphone.<\/p>\n\n\n\n<p>Cours, s\u00e9ries d\u2019entra\u00eenements et examens blancs conformes \u00e0 l\u2019examen 2021, pour votre ultime objectif, le SSIAP 3.<\/p>\n\n\n\n<ul class=\"wp-block-list\">\n<li><strong>Cours&nbsp;<\/strong>: Plus de 40 cours disponibles pour conna\u00eetre tout les secrets du SSIAP 3.<\/li>\n\n\n\n<li><strong>Entra\u00eenement<\/strong>&nbsp;:&nbsp;<strong>Un mode entra\u00eenement<\/strong>&nbsp;avec correction imm\u00e9diate.&nbsp;<strong>Un mode examen<\/strong>&nbsp;pour s\u2019entra\u00eener en conditions r\u00e9elles.&nbsp;<\/li>\n\n\n\n<li><strong>Des s\u00e9ries th\u00e9matiques<\/strong>&nbsp;pour s\u2019entra\u00eener et ma\u00eetriser des sujets pr\u00e9cis.<\/li>\n\n\n\n<li><strong>Statistiques<\/strong>&nbsp;: Pour suivre votre&nbsp;<strong>progression&nbsp;<\/strong>\ud83d\udcaa.<\/li>\n<\/ul>\n<\/div><\/div>\n<\/div>\n\n\n\n<div class=\"wp-block-column is-layout-flow wp-block-column-is-layout-flow\" style=\"flex-basis:33.33%\"><div class=\"wp-block-image\">\n<figure class=\"aligncenter size-full\"><img loading=\"lazy\" decoding=\"async\" width=\"570\" height=\"658\" src=\"https:\/\/prepasecu.fr\/wp-content\/uploads\/2023\/07\/prepasecu-qcm-serie-cta-2.png\" alt=\"\" class=\"wp-image-2314\" srcset=\"https:\/\/prepasecu.fr\/wp-content\/uploads\/2023\/07\/prepasecu-qcm-serie-cta-2.png 570w, https:\/\/prepasecu.fr\/wp-content\/uploads\/2023\/07\/prepasecu-qcm-serie-cta-2-260x300.png 260w\" sizes=\"(max-width: 570px) 100vw, 570px\" \/><\/figure><\/div>\n\n\n<p><\/p>\n<\/div>\n<\/div>\n<\/div><\/div>\n\n\n\n<p><em>Contenu p\u00e9dagogique suivant <a href=\"https:\/\/www.legifrance.gouv.fr\/loda\/id\/JORFTEXT000000448223\/2021-01-17\/\" target=\"_blank\" rel=\"noreferrer noopener\" title=\"https:\/\/www.legifrance.gouv.fr\/loda\/id\/JORFTEXT000000448223\/2021-01-17\/\">Arr\u00eat\u00e9 du 2 mai 2005<\/a>. Nos applications sont disponibles pour les centres de formation et pour les entreprises avec une personnalisation possible.<\/em> <em><a href=\"https:\/\/prepasecu.fr\/contactez-nous\/\" title=\"Contactez-nous\">Contactez-nous<\/a><\/em> !<\/p>\n","protected":false},"excerpt":{"rendered":"<p>Pour d\u00e9couvrir, apprendre, se pr\u00e9parer, s&rsquo;informer&#8230; aux m\u00e9tiers de la s\u00e9curit\u00e9. \ud83d\udcf1 SSIAP 1 Avancez \u00e0 votre rythme et approfondissez vos connaissances sur le SSIAP 1, o\u00f9 vous voulez, quand vous voulez.&nbsp;C\u2019est plus pratique qu\u2019un simple livre. Retrouvez tout ce qu\u2019il faut pour\u00a0r\u00e9viser et passer le SSIAP 1\u00a0: cours, s\u00e9ries d\u2019entra\u00eenements et examens blancs conformes [&hellip;]<\/p>\n","protected":false},"author":1,"featured_media":0,"parent":0,"menu_order":0,"comment_status":"closed","ping_status":"closed","template":"","meta":{"_uag_custom_page_level_css":"","_genesis_hide_title":false,"_genesis_hide_breadcrumbs":false,"_genesis_hide_singular_image":false,"_genesis_hide_footer_widgets":false,"_genesis_custom_body_class":"","_genesis_custom_post_class":"","_genesis_layout":"","footnotes":""},"class_list":{"0":"post-1285","1":"page","2":"type-page","3":"status-publish","5":"entry"},"aioseo_notices":[],"featured_image_src":null,"featured_image_src_square":null,"uagb_featured_image_src":{"full":false,"thumbnail":false,"medium":false,"medium_large":false,"large":false,"1536x1536":false,"2048x2048":false,"sidebar-featured":false,"genesis-singular-images":false,"gb-block-post-grid-landscape":false,"gb-block-post-grid-square":false,"yarpp-thumbnail":false},"uagb_author_info":{"display_name":"Matthis","author_link":"https:\/\/prepasecu.fr\/?author=1"},"uagb_comment_info":0,"uagb_excerpt":"Pour d\u00e9couvrir, apprendre, se pr\u00e9parer, s&rsquo;informer&#8230; aux m\u00e9tiers de la s\u00e9curit\u00e9. \ud83d\udcf1 SSIAP 1 Avancez \u00e0 votre rythme et approfondissez vos connaissances sur le SSIAP 1, o\u00f9 vous voulez, quand vous voulez.&nbsp;C\u2019est plus pratique qu\u2019un simple livre. Retrouvez tout ce qu\u2019il faut pour\u00a0r\u00e9viser et passer le SSIAP 1\u00a0: cours, s\u00e9ries d\u2019entra\u00eenements et examens blancs conformes\u2026","_links":{"self":[{"href":"https:\/\/prepasecu.fr\/index.php?rest_route=\/wp\/v2\/pages\/1285"}],"collection":[{"href":"https:\/\/prepasecu.fr\/index.php?rest_route=\/wp\/v2\/pages"}],"about":[{"href":"https:\/\/prepasecu.fr\/index.php?rest_route=\/wp\/v2\/types\/page"}],"author":[{"embeddable":true,"href":"https:\/\/prepasecu.fr\/index.php?rest_route=\/wp\/v2\/users\/1"}],"replies":[{"embeddable":true,"href":"https:\/\/prepasecu.fr\/index.php?rest_route=%2Fwp%2Fv2%2Fcomments&post=1285"}],"version-history":[{"count":0,"href":"https:\/\/prepasecu.fr\/index.php?rest_route=\/wp\/v2\/pages\/1285\/revisions"}],"wp:attachment":[{"href":"https:\/\/prepasecu.fr\/index.php?rest_route=%2Fwp%2Fv2%2Fmedia&parent=1285"}],"curies":[{"name":"wp","href":"https:\/\/api.w.org\/{rel}","templated":true}]}}