{"id":128,"date":"2020-11-07T19:05:10","date_gmt":"2020-11-07T18:05:10","guid":{"rendered":"http:\/\/localhost\/prepasecu-wordpress\/?page_id=128"},"modified":"2023-07-03T13:32:43","modified_gmt":"2023-07-03T11:32:43","slug":"ssiap-1","status":"publish","type":"page","link":"https:\/\/prepasecu.fr\/ssiap-1\/formation-initiale","title":{"rendered":"SSIAP 1 Formation Agent de S\u00e9curit\u00e9 Incendie"},"content":{"rendered":"\n<div class=\"wp-block-genesis-blocks-gb-columns gb-layout-contact-1 gb-layout-columns-2 gb-2-col-equal gb-columns-center alignfull\" style=\"padding-top:10%;padding-right:5%;padding-bottom:10%;padding-left:5%\"><div class=\"gb-layout-column-wrap gb-block-layout-column-gap-5 gb-is-responsive-column\" style=\"max-width:1200px\">\n<div class=\"wp-block-genesis-blocks-gb-column gb-block-layout-column gb-is-vertically-aligned-center\"><div class=\"gb-block-layout-column-inner\">\n<h1 class=\"wp-block-heading\"><strong>Le site de pr\u00e9paration au SSIAP 1, la formation d&rsquo;Agent de S\u00e9curit\u00e9 Incendie<\/strong><\/h1>\n\n\n\n<p>L\u2019essentiel pour apprendre, r\u00e9viser et comprendre le <strong>SSIAP 1 en ligne, en 1 clic<\/strong> ! D\u00e9couvrez une <strong>quantit\u00e9 in\u00e9gal\u00e9e de contenu p\u00e9dagogique<\/strong> pour r\u00e9ussir votre examen et maintenir vos connaissances.<\/p>\n\n\n\n<div class=\"wp-block-genesis-blocks-gb-container gb-block-container\"><div class=\"gb-container-inside\"><div class=\"gb-container-content\" style=\"max-width:1600px\"><\/div><\/div><\/div>\n<\/div><\/div>\n\n\n\n<div class=\"wp-block-genesis-blocks-gb-column gb-block-layout-column gb-is-vertically-aligned-center\"><div class=\"gb-block-layout-column-inner\">\n<figure class=\"wp-block-image size-large\"><img loading=\"lazy\" decoding=\"async\" width=\"474\" height=\"394\" src=\"https:\/\/prepasecu.fr\/wp-content\/uploads\/2023\/07\/1.svg\" alt=\"\" class=\"wp-image-2359\"\/><\/figure>\n<\/div><\/div>\n<\/div><\/div>\n\n\n\n<div class=\"wp-block-genesis-blocks-gb-columns gb-layout-testimonial-1 gb-layout-columns-1 one-column gb-has-custom-background-color gb-columns-center alignfull\" style=\"padding-top:10%;padding-right:5%;padding-bottom:10%;padding-left:5%;background-color:#f1f1f1\"><div class=\"gb-layout-column-wrap gb-block-layout-column-gap-2 gb-is-responsive-column\" style=\"max-width:1200px\">\n<div class=\"wp-block-genesis-blocks-gb-column gb-block-layout-column\"><div class=\"gb-block-layout-column-inner\">\n<div style=\"margin-bottom:5%\" class=\"wp-block-genesis-blocks-gb-container gb-block-container\"><div class=\"gb-container-inside\"><div class=\"gb-container-content\" style=\"max-width:700px\">\n<h2 class=\"wp-block-heading has-text-align-center\">L&rsquo;indispensable pour une pr\u00e9paration au SSIAP 1<\/h2>\n\n\n\n<p class=\"has-text-align-center\">La plus grande communaut\u00e9 d&rsquo;\u00e9tudiants qui se pr\u00e9parent au SSIAP 1.<\/p>\n<\/div><\/div><\/div>\n\n\n\n<div class=\"wp-block-genesis-blocks-gb-columns gb-layout-columns-3 gb-3-col-equal\"><div class=\"gb-layout-column-wrap gb-block-layout-column-gap-2 gb-is-responsive-column\">\n<div class=\"wp-block-genesis-blocks-gb-column gb-block-layout-column\"><div class=\"gb-block-layout-column-inner\">\n<h3 class=\"wp-block-heading has-text-align-center\">500+ <strong>QCM\/QCU<\/strong><\/h3>\n\n\n\n<p>Plus de 500 QCM\/QCU <strong>disponibles sur notre site et nos applications mobiles<\/strong> pour se pr\u00e9parer \u00e0 \u00eatre un <strong>agent de s\u00e9curit\u00e9 incendie<\/strong>.<\/p>\n<\/div><\/div>\n\n\n\n<div class=\"wp-block-genesis-blocks-gb-column gb-block-layout-column\"><div class=\"gb-block-layout-column-inner\">\n<h3 class=\"wp-block-heading has-text-align-center\">300+ <strong>COURS<\/strong><\/h3>\n\n\n\n<p>Plus de 300 heures de cours <strong>disponibles sur notre site et nos applications mobiles<\/strong> pour une pr\u00e9paration sur mesure au SSIAP 1.<\/p>\n<\/div><\/div>\n\n\n\n<div class=\"wp-block-genesis-blocks-gb-column gb-block-layout-column\"><div class=\"gb-block-layout-column-inner\">\n<h3 class=\"wp-block-heading has-text-align-center\">&#8230;UTILIS<strong>\u00c9<\/strong>S QUOTIDIENNEMENT<\/h3>\n\n\n\n<p>Des <strong>centres de formation, des entreprises et des centaines d&rsquo;\u00e9tudiants utilisent<\/strong> Prepasecu <strong>quotidiennement<\/strong> pour le SSIAP 1. Bient\u00f4t vous ?<\/p>\n<\/div><\/div>\n<\/div><\/div>\n\n\n\n<div style=\"color:#ddd\" class=\"wp-block-genesis-blocks-gb-spacer gb-block-spacer gb-divider-solid gb-divider-size-1\"><hr style=\"height:30px\"\/><\/div>\n<\/div><\/div>\n<\/div><\/div>\n\n\n\n<div class=\"wp-block-genesis-blocks-gb-columns gb-layout-service-4 gb-layout-columns-2 gb-2-col-equal gb-columns-center alignfull\" style=\"padding-top:10%;padding-right:5%;padding-bottom:10%;padding-left:5%\"><div class=\"gb-layout-column-wrap gb-block-layout-column-gap-6 gb-is-responsive-column\" style=\"max-width:1200px\">\n<div class=\"wp-block-genesis-blocks-gb-column gb-block-layout-column\"><div class=\"gb-block-layout-column-inner\">\n<h2 class=\"wp-block-heading\"><strong>\u00c0 propos du SSIAP 1<\/strong><\/h2>\n\n\n\n<p style=\"font-size:22px\">Le SSIAP 1 est le premier \u00e9chelon de la formation \u00e0 la s\u00e9curit\u00e9 incendie et \u00e0 l&rsquo;assistance aux personnes. Le principal objectif du SSIAP est <strong>la formation \u00e0 la pr\u00e9vention, des incendies<\/strong>. Il repose essentiellement sur la <strong>pr\u00e9vention<\/strong>, <strong>l&rsquo;assistance <\/strong>et enfin, <strong>l&rsquo;alerte<\/strong>.<\/p>\n\n\n\n<div style=\"color:#ddd\" class=\"wp-block-genesis-blocks-gb-spacer gb-block-spacer gb-divider-solid gb-spacer-divider gb-divider-size-1\"><hr style=\"height:30px\"\/><\/div>\n\n\n\n<h3 class=\"wp-block-heading\">Se pr\u00e9parer et r\u00e9ussir le SSIAP 1<\/h3>\n\n\n\n<p>\u00catre titulaire du SSIAP 1 permet d&rsquo;assurer les missions de protection de s\u00e9curit\u00e9 incendie des biens et des personnes dans les <strong>ERP<\/strong> (\u00e9tablissements recevant du public) et les <strong>IGH<\/strong> (immeubles de grande hauteur). Le SSIAP 1 comporte trois niveaux diff\u00e9rents&#8230; chaque niveau \u00e9tant \u00e9valu\u00e9 et valid\u00e9 par un examen sp\u00e9cifique&#8230; <a href=\"https:\/\/prepasecu.fr\/ssiap-1\/se-preparer-et-reussir-en-2021\/\" title=\"Pr\u00e9parer et r\u00e9ussir le SSIAP 1 en 2021\">Continuer la lecture<\/a>.<\/p>\n\n\n\n<h3 class=\"wp-block-heading\">L&rsquo;examen du SSIAP 1 en formation initiale<\/h3>\n\n\n\n<p>L\u2019examen du SSIAP 1 est compos\u00e9 de 2 \u00e9preuves\u00a0: une \u00e9preuve th\u00e9orique sous forme de\u00a0<strong>QCM\u00a0<\/strong>puis une \u00e9preuve pratique\u00a0: la r\u00e9alisation d\u2019une\u00a0<strong>ronde de surveillance<\/strong>. La pr\u00e9sentation \u00e0 l\u2019examen du SSIAP 1 requiert \u00e9galement certains pr\u00e9requis qui sont mentionn\u00e9s dans notre guide sur l\u2019examen SSIAP 1 en formation initiale\u2026 <a href=\"https:\/\/prepasecu.fr\/ssiap-1\/formation-initiale\/examen\/\" title=\"Guide sur l\u2019examen du SSIAP 1 en formation initiale\">Continuer la lecture<\/a>.<\/p>\n\n\n\n<div class=\"wp-block-buttons is-layout-flex wp-block-buttons-is-layout-flex\">\n<div class=\"wp-block-button\"><a class=\"wp-block-button__link wp-element-button\" href=\"https:\/\/prepasecu.fr\/inscription\/\" target=\"_blank\" rel=\"noreferrer noopener\">Je d\u00e9couvre gratuitement<\/a><\/div>\n<\/div>\n<\/div><\/div>\n\n\n\n<div class=\"wp-block-genesis-blocks-gb-column gb-block-layout-column\"><div class=\"gb-block-layout-column-inner\">\n<figure class=\"wp-block-image size-large\"><img loading=\"lazy\" decoding=\"async\" width=\"477\" height=\"545\" src=\"https:\/\/prepasecu.fr\/wp-content\/uploads\/2023\/07\/2-3.svg\" alt=\"\" class=\"wp-image-2360\"\/><\/figure>\n<\/div><\/div>\n<\/div><\/div>\n\n\n\n<div class=\"wp-block-genesis-blocks-gb-columns gb-layout-testimonial-1 gb-layout-columns-1 one-column gb-has-custom-background-color gb-columns-center alignfull\" style=\"padding-top:10%;padding-right:5%;padding-bottom:10%;padding-left:5%;background-color:#f1f1f1\"><div class=\"gb-layout-column-wrap gb-block-layout-column-gap-2 gb-is-responsive-column\" style=\"max-width:1200px\">\n<div class=\"wp-block-genesis-blocks-gb-column gb-block-layout-column\"><div class=\"gb-block-layout-column-inner\">\n<div style=\"margin-bottom:5%\" class=\"wp-block-genesis-blocks-gb-container gb-block-container\"><div class=\"gb-container-inside\"><div class=\"gb-container-content\" style=\"max-width:700px\">\n<h2 class=\"wp-block-heading has-text-align-center\">Nos ressources pour pr\u00e9parer efficacement le SSIAP 1<\/h2>\n\n\n\n<p class=\"has-text-align-center\">Prepasecu d\u00e9mocratise l&rsquo;acc\u00e8s aux m\u00e9tiers de la s\u00e9curit\u00e9 incendie en vous proposant du contenu accessible GRATUITEMENT !<\/p>\n<\/div><\/div><\/div>\n\n\n\n<div class=\"wp-block-genesis-blocks-gb-columns gb-layout-columns-3 gb-3-col-equal\"><div class=\"gb-layout-column-wrap gb-block-layout-column-gap-2 gb-is-responsive-column\">\n<div class=\"wp-block-genesis-blocks-gb-column gb-block-layout-column\"><div class=\"gb-block-layout-column-inner\">\n<h3 class=\"wp-block-heading has-text-align-center\">L\u2019\u00e9preuve th\u00e9orique, le QCM<\/h3>\n\n\n\n<p>La partie th\u00e9orique de l\u2019examen du SSIAP 1 se d\u00e9roule sous la forme d\u2019un QCM de 30 questions. Vous disposez de 30 minutes pour r\u00e9pondre aux questions. Attention, chaque question pouvant appeler plusieurs r\u00e9ponses, il convient de bien ma\u00eetriser les diff\u00e9rentes th\u00e9matiques du programme.<\/p>\n\n\n\n<div class=\"wp-block-buttons is-content-justification-center is-layout-flex wp-container-core-buttons-is-layout-2 wp-block-buttons-is-layout-flex\">\n<div class=\"wp-block-button\"><a class=\"wp-block-button__link wp-element-button\" href=\"https:\/\/prepasecu.fr\/ssiap-1\/qcm\/entrainement\/gratuit\/\">Je m&rsquo;entra\u00eene au QCM !<\/a><\/div>\n<\/div>\n<\/div><\/div>\n\n\n\n<div class=\"wp-block-genesis-blocks-gb-column gb-block-layout-column\"><div class=\"gb-block-layout-column-inner\">\n<h3 class=\"wp-block-heading has-text-align-center\">L\u2019\u00e9preuve de cas pratique<\/h3>\n\n\n\n<p><strong>L\u2019examen du SSIAP 1<\/strong>&nbsp;comporte une partie \u00ab&nbsp;cas pratique&nbsp;\u00bb qui consiste \u00e0 r\u00e9aliser une&nbsp;<strong>ronde de surveillance<\/strong>. En tant que futur agent de s\u00e9curit\u00e9 incendie, vous devrez \u00eatre capable de d\u00e9celer les anomalies rep\u00e9r\u00e9es au cours de votre ronde et de les consigner dans un rapport appel\u00e9 \u00ab&nbsp;main courante&nbsp;\u00bb.<\/p>\n\n\n\n<div class=\"wp-block-buttons is-content-justification-center is-layout-flex wp-container-core-buttons-is-layout-3 wp-block-buttons-is-layout-flex\">\n<div class=\"wp-block-button\"><a class=\"wp-block-button__link wp-element-button\" href=\"https:\/\/prepasecu.fr\/ssiap-1\/cas-pratique\/entrainement\/gratuit\/\">Je m&rsquo;entra\u00eene au cas pratique !<\/a><\/div>\n<\/div>\n<\/div><\/div>\n\n\n\n<div class=\"wp-block-genesis-blocks-gb-column gb-block-layout-column\"><div class=\"gb-block-layout-column-inner\">\n<h3 class=\"wp-block-heading has-text-align-center\">&#8230; Et des cours !<\/h3>\n\n\n\n<p>Le programme du SSIAP 1 pour devenir agent de s\u00e9curit\u00e9 incendie, est dense et exigeant. Il se divise en 4 parties. Chaque partie est compos\u00e9e de diff\u00e9rentes s\u00e9quences. Les grandes th\u00e9matiques du programme du SSIAP 1 sont le feu et ses cons\u00e9quences, la s\u00e9curit\u00e9 incendie, les installations&#8230;<\/p>\n\n\n\n<div class=\"wp-block-buttons is-content-justification-center is-layout-flex wp-container-core-buttons-is-layout-4 wp-block-buttons-is-layout-flex\">\n<div class=\"wp-block-button\"><a class=\"wp-block-button__link wp-element-button\" href=\"https:\/\/prepasecu.fr\/ssiap-1\/cours\/\">Je lis les cours !<\/a><\/div>\n<\/div>\n<\/div><\/div>\n<\/div><\/div>\n\n\n\n<p><\/p>\n<\/div><\/div>\n<\/div><\/div>\n\n\n\n<div class=\"wp-block-genesis-blocks-gb-columns gb-slate-section-text-accordion gb-layout-columns-2 gb-2-col-equal gb-has-custom-background-color gb-has-custom-text-color gb-columns-center alignfull\" style=\"padding-top:10em;padding-right:1em;padding-bottom:10em;padding-left:1em;background-color:#ffffff;color:#1f1f1f\"><div class=\"gb-layout-column-wrap gb-block-layout-column-gap-2 gb-is-responsive-column\" style=\"max-width:1200px\">\n<div class=\"wp-block-genesis-blocks-gb-column gb-block-layout-column\"><div class=\"gb-block-layout-column-inner\">\n<h2 class=\"wp-block-heading has-text-color\" style=\"color:#1f1f1f;font-size:40px\"><strong>Objectif et importance de la formation th\u00e9orique<\/strong><\/h2>\n\n\n\n<p>\u00catre titulaire du SSIAP 1 garantit un vrai savoir-faire en mati\u00e8re de connaissance des r\u00e9glementations en vigueur ainsi que d\u2019<strong>assistance<\/strong>&nbsp;et d\u2019<strong>intervention<\/strong>&nbsp;aupr\u00e8s des personnes et des biens, dans des lieux souvent tr\u00e8s diversifi\u00e9s.<\/p>\n\n\n\n<p>Obtenir le SSIAP 1 permet de postuler dans un&nbsp;<strong>service de s\u00e9curit\u00e9 incendie<\/strong>&nbsp;ou d\u2019assistance \u00e0 la personne.<\/p>\n\n\n\n<p>L\u2019examen pour obtenir le SSIAP 1 est compos\u00e9 de deux \u00e9preuves:&nbsp;:&nbsp;<strong>une partie th\u00e9orique sous forme de QCM<\/strong>&nbsp;et une \u00e9preuve pratique&nbsp;:&nbsp;<strong>la r\u00e9alisation d\u2019une ronde<\/strong>.<\/p>\n\n\n\n<p>Le <strong>programme p\u00e9dagogique du\u00a0SSIAP 1<\/strong>\u00a0comporte 5 parties, toutes d\u00e9coup\u00e9es en s\u00e9quences dont vous trouverez le d\u00e9tail en <a href=\"https:\/\/prepasecu.fr\/ssiap-1\/formation-initiale\/programme-pedagogique-2020\/\" title=\"\">cliquant ici<\/a>.<\/p>\n<\/div><\/div>\n\n\n\n<div class=\"wp-block-genesis-blocks-gb-column gb-block-layout-column\"><div class=\"gb-block-layout-column-inner\">\n<div class=\"wp-block-genesis-blocks-gb-accordion gb-slate-accordion gpb-rounded-md gb-block-accordion gb-font-size-20\"><details><summary class=\"gb-accordion-title\">Lexique et abr\u00e9viations de la s\u00e9curit\u00e9 incendie<\/summary><div class=\"gb-accordion-text\">\n<p class=\"has-text-color\" style=\"color:#1f1f1f\">Le vocabulaire utilis\u00e9 dans le domaine de la s\u00e9curit\u00e9 incendie est tr\u00e8s sp\u00e9cifique et les abr\u00e9viations sont nombreuses. Pour \u00eatre efficace avec vos futurs coll\u00e8gues et pour bien communiquer, il est indispensable de ma\u00eetriser ce langage particulier. L\u2019apprentissage du lexique et des abr\u00e9viations appelle donc une grande rigueur. Pour vous aider, Prepasecu a r\u00e9pertori\u00e9 les termes et les abr\u00e9viations \u00e0 conna\u00eetre dans un glossaire\u00a0que vous pouvez consulter \u00e0 tout moment de votre formation en cliquant ci-dessous. <a href=\"https:\/\/prepasecu.fr\/lexique-et-abreviations-du-ssiap-securite-incendie\/\" title=\"Lexique et abr\u00e9viations de la s\u00e9curit\u00e9 incendie (SSIAP)\">En savoir plus<\/a>.<\/p>\n<\/div><\/details><\/div>\n\n\n\n<div class=\"wp-block-genesis-blocks-gb-accordion gb-slate-accordion gpb-rounded-md gb-block-accordion gb-font-size-20\"><details><summary class=\"gb-accordion-title\">Le recyclage du SSIAP 1<\/summary><div class=\"gb-accordion-text\">\n<p class=\"has-text-color\" style=\"color:#1f1f1f\">Le <strong>recyclage du SSIAP\u00a01<\/strong> permet donc aux agents de s\u00e9curit\u00e9 d\u2019exercer leurs missions de mani\u00e8re optimale, en pleine possession de leurs capacit\u00e9s.\u00a0Le recyclage SSIAP\u00a01 doit \u00eatre suivi et valid\u00e9 imp\u00e9rativement tous les&#8230; <a href=\"https:\/\/prepasecu.fr\/ssiap-1\/recyclage\/\" title=\"Recyclage SSIAP 1 Agent de s\u00e9curit\u00e9 incendie\">Continuer la lecture<\/a>.<\/p>\n<\/div><\/details><\/div>\n\n\n\n<div class=\"wp-block-genesis-blocks-gb-accordion gb-slate-accordion gpb-rounded-md gb-block-accordion gb-font-size-20\"><details><summary class=\"gb-accordion-title\">La remise \u00e0 niveau du SSIAP 1<\/summary><div class=\"gb-accordion-text\">\n<p class=\"has-text-color\" style=\"color:#1f1f1f\">Lorsque le recyclage du SSIAP 1 ou le temps de pratique professionnelle minimum font d\u00e9faut,\u00a0un <strong>stage de remise \u00e0 niveau SSIAP 1<\/strong> est imp\u00e9ratif pour \u00eatre l\u00e9galement autoris\u00e9 \u00e0 poursuivre son activit\u00e9\u2026 <a href=\"https:\/\/prepasecu.fr\/ssiap-1\/remise-a-niveau\/\" title=\"Remise \u00e0 niveau SSIAP 1 Agent de s\u00e9curit\u00e9 incendie\">En savoir plus<\/a>.<\/p>\n<\/div><\/details><\/div>\n<\/div><\/div>\n<\/div><\/div>\n\n\n\n<div class=\"wp-block-genesis-blocks-gb-columns gb-layout-service-1 gb-layout-columns-2 gb-2-col-equal gb-has-custom-background-color gb-columns-center alignfull\" style=\"padding-top:10%;padding-right:5%;padding-bottom:10%;padding-left:5%;background-color:#f1f1f1\"><div class=\"gb-layout-column-wrap gb-block-layout-column-gap-2 gb-is-responsive-column\" style=\"max-width:1200px\">\n<div class=\"wp-block-genesis-blocks-gb-column gb-block-layout-column\"><div class=\"gb-block-layout-column-inner\">\n<h3 class=\"wp-block-heading\"><strong>Qui sommes-nous<\/strong><\/h3>\n\n\n\n<p>Notre \u00e9quipe est compos\u00e9e d\u2019experts en ing\u00e9nierie p\u00e9dagogique et de d\u00e9veloppeurs qui con\u00e7oivent sans cesse de nouvelles innovations p\u00e9dagogiques pour d\u00e9mocratiser l\u2019acc\u00e8s \u00e0 ces m\u00e9tiers: en formation initiale ou pour du maintien et de l\u2019actualisation des comp\u00e9tences.<\/p>\n\n\n\n<p><strong>Nos supports p\u00e9dagogiques digitaux s&rsquo;adressent aux \u00e9tudiants, aux centres de formation et aux entreprises<\/strong>.<\/p>\n\n\n\n<p>Vous pouvez en savoir plus sur Prepasecu sur la page <a href=\"https:\/\/prepasecu.fr\/a-propos\/\" title=\"\u00c0 propos de Prepasecu\">\u00e0 propos<\/a>.<\/p>\n<\/div><\/div>\n\n\n\n<div class=\"wp-block-genesis-blocks-gb-column gb-block-layout-column\"><div class=\"gb-block-layout-column-inner\">\n<h3 class=\"wp-block-heading\">Nos derniers articles<\/h3>\n\n\n<ul class=\"wp-block-latest-posts__list has-dates wp-block-latest-posts\"><li><a class=\"wp-block-latest-posts__post-title\" href=\"https:\/\/prepasecu.fr\/blog\/salaire-ssiap\">Salaire SSIAP 2025 : la r\u00e9mun\u00e9ration d\u2019un agent\u00a0de s\u00e9curit\u00e9 incendie<\/a><time datetime=\"2024-11-20T14:29:47+01:00\" class=\"wp-block-latest-posts__post-date\">20 novembre 2024<\/time><div class=\"wp-block-latest-posts__post-excerpt\">Devenir un agent SSIAP (Service de S\u00e9curit\u00e9 Incendie et d&rsquo;Assistance aux Personnes) c&rsquo;est choisir un m\u00e9tier qui contribue \u00e0 la s\u00e9curit\u00e9 des biens et des\u2026 <a class=\"wp-block-latest-posts__read-more\" href=\"https:\/\/prepasecu.fr\/blog\/salaire-ssiap\" rel=\"noopener noreferrer\">Lire la suite<span class=\"screen-reader-text\">\u00a0: Salaire SSIAP 2025 : la r\u00e9mun\u00e9ration d\u2019un agent\u00a0de s\u00e9curit\u00e9 incendie<\/span><\/a><\/div><\/li>\n<li><a class=\"wp-block-latest-posts__post-title\" href=\"https:\/\/prepasecu.fr\/blog\/test-b1-agent-securite-obligatoire\">Test B1 Agent de S\u00e9curit\u00e9 : Obligatoire ou pas ?<\/a><time datetime=\"2023-08-17T19:20:03+02:00\" class=\"wp-block-latest-posts__post-date\">17 ao\u00fbt 2023<\/time><div class=\"wp-block-latest-posts__post-excerpt\">Les m\u00e9tiers de la s\u00e9curit\u00e9 sont souvent exigeants et n\u00e9cessitent une formation solide pour garantir efficacit\u00e9 et professionnalisme. Parmi les comp\u00e9tences requises, le test B1\u2026 <a class=\"wp-block-latest-posts__read-more\" href=\"https:\/\/prepasecu.fr\/blog\/test-b1-agent-securite-obligatoire\" rel=\"noopener noreferrer\">Lire la suite<span class=\"screen-reader-text\">\u00a0: Test B1 Agent de S\u00e9curit\u00e9 : Obligatoire ou pas ?<\/span><\/a><\/div><\/li>\n<li><a class=\"wp-block-latest-posts__post-title\" href=\"https:\/\/prepasecu.fr\/blog\/defis-et-innovations-securite-incendie-nouvelle-ere-de-prevention\">Les d\u00e9fis et innovations dans la s\u00e9curit\u00e9 incendie : une nouvelle \u00e8re de pr\u00e9vention<\/a><time datetime=\"2023-07-16T12:30:47+02:00\" class=\"wp-block-latest-posts__post-date\">16 juillet 2023<\/time><div class=\"wp-block-latest-posts__post-excerpt\">La s\u00e9curit\u00e9 incendie est un enjeu majeur pour les entreprises, les collectivit\u00e9s et les particuliers. Face aux risques croissants d&rsquo;incendies et \u00e0 l&rsquo;\u00e9volution rapide des\u2026 <a class=\"wp-block-latest-posts__read-more\" href=\"https:\/\/prepasecu.fr\/blog\/defis-et-innovations-securite-incendie-nouvelle-ere-de-prevention\" rel=\"noopener noreferrer\">Lire la suite<span class=\"screen-reader-text\">\u00a0: Les d\u00e9fis et innovations dans la s\u00e9curit\u00e9 incendie : une nouvelle \u00e8re de pr\u00e9vention<\/span><\/a><\/div><\/li>\n<\/ul><\/div><\/div>\n<\/div><\/div>\n\n\n\n<div class=\"wp-block-genesis-blocks-gb-columns gb-slate-text-with-cta gb-layout-columns-1 gb-1-col-equal gb-has-background-dim gb-has-background-dim-30 gb-has-custom-background-color gb-columns-center alignfull\" style=\"padding-top:10em;padding-right:1em;padding-bottom:10em;padding-left:1em;background-color:#212844;background-position:50% 52%\"><div class=\"gb-layout-column-wrap gb-block-layout-column-gap-3 gb-is-responsive-column\" style=\"max-width:872px\">\n<div class=\"wp-block-genesis-blocks-gb-column gb-block-layout-column\"><div class=\"gb-block-layout-column-inner\">\n<h2 class=\"wp-block-heading has-text-align-center has-text-color\" style=\"color:#f5f5f5;font-size:40px\">Prepasecu est le site INDISPENSABLE pour une pr\u00e9paration sur-mesure au SSIAP 1.<\/h2>\n\n\n\n<p class=\"has-text-align-center has-text-color\" style=\"color:#f5f5f5\">Un contenu p\u00e9dagogique innovant et vari\u00e9 pour votre prochaine r\u00e9ussite. Disponible en illimit\u00e9, 24\/7. Rassemble la pr\u00e9paration aux m\u00e9tiers de la s\u00e9curit\u00e9 incendie (SSIAP 1) et de la s\u00e9curit\u00e9 priv\u00e9e (APS, ASA, ASC&#8230;)<\/p>\n\n\n\n<p>\/<\/p>\n<\/div><\/div>\n<\/div><\/div>\n","protected":false},"excerpt":{"rendered":"","protected":false},"author":1,"featured_media":0,"parent":0,"menu_order":0,"comment_status":"closed","ping_status":"closed","template":"","meta":{"_uag_custom_page_level_css":"","_genesis_hide_title":true,"_genesis_hide_breadcrumbs":true,"_genesis_hide_singular_image":false,"_genesis_hide_footer_widgets":false,"_genesis_custom_body_class":"","_genesis_custom_post_class":"","_genesis_layout":"full-width-content","footnotes":""},"class_list":{"0":"post-128","1":"page","2":"type-page","3":"status-publish","5":"entry"},"aioseo_notices":[],"featured_image_src":null,"featured_image_src_square":null,"uagb_featured_image_src":{"full":false,"thumbnail":false,"medium":false,"medium_large":false,"large":false,"1536x1536":false,"2048x2048":false,"sidebar-featured":false,"genesis-singular-images":false,"gb-block-post-grid-landscape":false,"gb-block-post-grid-square":false,"yarpp-thumbnail":false},"uagb_author_info":{"display_name":"Matthis","author_link":"https:\/\/prepasecu.fr\/?author=1"},"uagb_comment_info":0,"uagb_excerpt":null,"_links":{"self":[{"href":"https:\/\/prepasecu.fr\/index.php?rest_route=\/wp\/v2\/pages\/128"}],"collection":[{"href":"https:\/\/prepasecu.fr\/index.php?rest_route=\/wp\/v2\/pages"}],"about":[{"href":"https:\/\/prepasecu.fr\/index.php?rest_route=\/wp\/v2\/types\/page"}],"author":[{"embeddable":true,"href":"https:\/\/prepasecu.fr\/index.php?rest_route=\/wp\/v2\/users\/1"}],"replies":[{"embeddable":true,"href":"https:\/\/prepasecu.fr\/index.php?rest_route=%2Fwp%2Fv2%2Fcomments&post=128"}],"version-history":[{"count":0,"href":"https:\/\/prepasecu.fr\/index.php?rest_route=\/wp\/v2\/pages\/128\/revisions"}],"wp:attachment":[{"href":"https:\/\/prepasecu.fr\/index.php?rest_route=%2Fwp%2Fv2%2Fmedia&parent=128"}],"curies":[{"name":"wp","href":"https:\/\/api.w.org\/{rel}","templated":true}]}}