{"id":1145,"date":"2021-01-14T20:36:55","date_gmt":"2021-01-14T19:36:55","guid":{"rendered":"https:\/\/preprod.prepasecu.fr\/?page_id=1145"},"modified":"2023-07-04T12:51:36","modified_gmt":"2023-07-04T10:51:36","slug":"ssiap-3","status":"publish","type":"page","link":"https:\/\/prepasecu.fr\/ssiap-3\/formation-initiale","title":{"rendered":"SSIAP 3"},"content":{"rendered":"\n<div class=\"wp-block-genesis-blocks-gb-columns gb-layout-contact-1 gb-layout-columns-2 gb-2-col-equal gb-columns-center alignfull\" style=\"padding-top:10%;padding-right:5%;padding-bottom:10%;padding-left:5%\"><div class=\"gb-layout-column-wrap gb-block-layout-column-gap-5 gb-is-responsive-column\" style=\"max-width:1200px\">\n<div class=\"wp-block-genesis-blocks-gb-column gb-block-layout-column gb-is-vertically-aligned-center\"><div class=\"gb-block-layout-column-inner\">\n<h1 class=\"wp-block-heading\"><strong>Le site de pr\u00e9paration au SSIAP 3, la formation de Chef de Service de S\u00e9curit\u00e9 Incendie<\/strong><\/h1>\n\n\n\n<p>L\u2019essentiel pour apprendre, r\u00e9viser et comprendre le <strong>SSIAP 3 en ligne, en 1 clic<\/strong> ! D\u00e9couvrez une <strong>quantit\u00e9 in\u00e9gal\u00e9e de contenu p\u00e9dagogique<\/strong> pour r\u00e9ussir votre examen et maintenir vos connaissances.<\/p>\n\n\n\n<div class=\"wp-block-genesis-blocks-gb-container gb-block-container\"><div class=\"gb-container-inside\"><div class=\"gb-container-content\" style=\"max-width:1600px\"><\/div><\/div><\/div>\n<\/div><\/div>\n\n\n\n<div class=\"wp-block-genesis-blocks-gb-column gb-block-layout-column gb-is-vertically-aligned-center\"><div class=\"gb-block-layout-column-inner\">\n<figure class=\"wp-block-image size-large\"><img loading=\"lazy\" decoding=\"async\" width=\"474\" height=\"394\" src=\"https:\/\/prepasecu.fr\/wp-content\/uploads\/2023\/07\/1-2.svg\" alt=\"\" class=\"wp-image-2397\"\/><\/figure>\n<\/div><\/div>\n<\/div><\/div>\n\n\n\n<div class=\"wp-block-genesis-blocks-gb-columns gb-layout-testimonial-1 gb-layout-columns-1 one-column gb-has-custom-background-color gb-columns-center alignfull\" style=\"padding-top:10%;padding-right:5%;padding-bottom:10%;padding-left:5%;background-color:#f1f1f1\"><div class=\"gb-layout-column-wrap gb-block-layout-column-gap-2 gb-is-responsive-column\" style=\"max-width:1200px\">\n<div class=\"wp-block-genesis-blocks-gb-column gb-block-layout-column\"><div class=\"gb-block-layout-column-inner\">\n<div style=\"margin-bottom:5%\" class=\"wp-block-genesis-blocks-gb-container gb-block-container\"><div class=\"gb-container-inside\"><div class=\"gb-container-content\" style=\"max-width:700px\">\n<h2 class=\"wp-block-heading has-text-align-center\">L&rsquo;indispensable pour une pr\u00e9paration au SSIAP 3<\/h2>\n\n\n\n<p class=\"has-text-align-center\">La plus grande communaut\u00e9 d&rsquo;\u00e9tudiants qui se pr\u00e9parent au SSIAP 3.<\/p>\n<\/div><\/div><\/div>\n\n\n\n<div class=\"wp-block-genesis-blocks-gb-columns gb-layout-columns-3 gb-3-col-equal\"><div class=\"gb-layout-column-wrap gb-block-layout-column-gap-2 gb-is-responsive-column\">\n<div class=\"wp-block-genesis-blocks-gb-column gb-block-layout-column\"><div class=\"gb-block-layout-column-inner\">\n<h3 class=\"wp-block-heading has-text-align-center\">500+ <strong>QCM\/QCU<\/strong><\/h3>\n\n\n\n<p>Plus de 500 QCM\/QCU <strong>disponibles sur notre site et nos applications mobiles<\/strong> pour se pr\u00e9parer \u00e0 \u00eatre un <strong><strong>chef de service de s\u00e9curit\u00e9 incendie<\/strong><\/strong>.<\/p>\n<\/div><\/div>\n\n\n\n<div class=\"wp-block-genesis-blocks-gb-column gb-block-layout-column\"><div class=\"gb-block-layout-column-inner\">\n<h3 class=\"wp-block-heading has-text-align-center\">300+ <strong>COURS<\/strong><\/h3>\n\n\n\n<p>Plus de 300 heures de cours <strong>disponibles sur notre site et nos applications mobiles<\/strong> pour une pr\u00e9paration sur mesure au SSIAP 3.<\/p>\n<\/div><\/div>\n\n\n\n<div class=\"wp-block-genesis-blocks-gb-column gb-block-layout-column\"><div class=\"gb-block-layout-column-inner\">\n<h3 class=\"wp-block-heading has-text-align-center\">&#8230;UTILIS<strong>\u00c9<\/strong>S QUOTIDIENNEMENT<\/h3>\n\n\n\n<p>Des <strong>centres de formation, des entreprises et des centaines d&rsquo;\u00e9tudiants utilisent<\/strong> Prepasecu <strong>quotidiennement<\/strong> pour le SSIAP 3. Bient\u00f4t vous ?<\/p>\n<\/div><\/div>\n<\/div><\/div>\n\n\n\n<div style=\"color:#ddd\" class=\"wp-block-genesis-blocks-gb-spacer gb-block-spacer gb-divider-solid gb-divider-size-1\"><hr style=\"height:30px\"\/><\/div>\n\n\n\n<div class=\"wp-block-buttons is-content-justification-center is-layout-flex wp-container-core-buttons-is-layout-1 wp-block-buttons-is-layout-flex\">\n<div class=\"wp-block-button\"><a class=\"wp-block-button__link wp-element-button\" href=\"https:\/\/prepasecu.fr\/inscription\/\" target=\"_blank\" rel=\"noreferrer noopener\">J&rsquo;essaye gratuitement<\/a><\/div>\n<\/div>\n\n\n\n<p><\/p>\n<\/div><\/div>\n<\/div><\/div>\n\n\n\n<div class=\"wp-block-genesis-blocks-gb-columns gb-layout-service-4 gb-layout-columns-2 gb-2-col-equal gb-columns-center alignfull\" style=\"padding-top:10%;padding-right:5%;padding-bottom:10%;padding-left:5%\"><div class=\"gb-layout-column-wrap gb-block-layout-column-gap-6 gb-is-responsive-column\" style=\"max-width:1200px\">\n<div class=\"wp-block-genesis-blocks-gb-column gb-block-layout-column\"><div class=\"gb-block-layout-column-inner\">\n<h2 class=\"wp-block-heading\"><strong>\u00c0 propos du SSIAP 3<\/strong><\/h2>\n\n\n\n<p style=\"font-size:22px\">Le SSIAP 3 est le troisi\u00e8me \u00e9chelon de la formation \u00e0 la s\u00e9curit\u00e9 incendie et \u00e0 l&rsquo;assistance aux personnes. La formation SSIAP&nbsp;3 a pour objectif de vous transmettre l&rsquo;ensemble des aptitudes requises pour&nbsp;<strong>diriger un service de s\u00e9curit\u00e9 incendie<\/strong>.<\/p>\n\n\n\n<div style=\"color:#ddd\" class=\"wp-block-genesis-blocks-gb-spacer gb-block-spacer gb-divider-solid gb-spacer-divider gb-divider-size-1\"><hr style=\"height:30px\"\/><\/div>\n\n\n\n<h3 class=\"wp-block-heading\">Se pr\u00e9parer et r\u00e9ussir le SSIAP 3<\/h3>\n\n\n\n<p>La formation permettant de <strong>d\u00e9crocher le SSIAP 3<\/strong> est dense et exigeante. Elle requiert des qualit\u00e9s solides d\u2019organisation, de gestion des rapports humains, de grande rigueur en mati\u00e8re de r\u00e9glementation ainsi que d\u2019un bon contr\u00f4le de soi.&nbsp;Voici un tour d\u2019horizon pour conna\u00eetre l\u2019essentiel avant de se lancer dans la <strong>formation du SSIAP 3<\/strong>. Pour en savoir plus, consultez notre <a href=\"https:\/\/prepasecu.fr\/ssiap-3\/formation-initiale\/examen\/\" title=\"Guide sur l\u2019examen du SSIAP 3 en formation initiale\">guide SSIAP 3<\/a>.<\/p>\n\n\n\n<h3 class=\"wp-block-heading\">L&rsquo;examen du SSIAP 3 en formation initiale<\/h3>\n\n\n\n<p>Pour obtenir l\u2019examen du SSIAP&nbsp;3, vous devrez valider trois \u00e9preuves&nbsp;: une \u00e9preuve de QCM (l\u2019\u00e9preuve th\u00e9orique), une \u00e9preuve orale (pr\u00e9sentation d\u2019une s\u00e9quence p\u00e9dagogique devant un jury) et une \u00e9preuve \u00e9crite o\u00f9 il vous sera demand\u00e9 de r\u00e9diger une&nbsp;<strong>notice technique de s\u00e9curit\u00e9<\/strong>&nbsp;\u00e0 partir de plans. <a href=\"https:\/\/prepasecu.fr\/ssiap-3\/formation-initiale\/examen\/\" title=\"Guide sur l\u2019examen du SSIAP 3 en formation initiale\">Continuer la lecture<\/a>&#8230;<\/p>\n\n\n\n<div class=\"wp-block-buttons is-layout-flex wp-block-buttons-is-layout-flex\">\n<div class=\"wp-block-button\"><a class=\"wp-block-button__link wp-element-button\" href=\"https:\/\/prepasecu.fr\/inscription\/\" target=\"_blank\" rel=\"noreferrer noopener\">Je d\u00e9couvre gratuitement<\/a><\/div>\n<\/div>\n<\/div><\/div>\n\n\n\n<div class=\"wp-block-genesis-blocks-gb-column gb-block-layout-column\"><div class=\"gb-block-layout-column-inner\">\n<figure class=\"wp-block-image size-large\"><img loading=\"lazy\" decoding=\"async\" width=\"477\" height=\"545\" src=\"https:\/\/prepasecu.fr\/wp-content\/uploads\/2023\/07\/2-5.svg\" alt=\"\" class=\"wp-image-2398\"\/><\/figure>\n<\/div><\/div>\n<\/div><\/div>\n\n\n\n<div class=\"wp-block-genesis-blocks-gb-columns gb-layout-testimonial-1 gb-layout-columns-1 one-column gb-has-custom-background-color gb-columns-center alignfull\" style=\"padding-top:10%;padding-right:5%;padding-bottom:10%;padding-left:5%;background-color:#f1f1f1\"><div class=\"gb-layout-column-wrap gb-block-layout-column-gap-2 gb-is-responsive-column\" style=\"max-width:1200px\">\n<div class=\"wp-block-genesis-blocks-gb-column gb-block-layout-column\"><div class=\"gb-block-layout-column-inner\">\n<div style=\"margin-bottom:5%\" class=\"wp-block-genesis-blocks-gb-container gb-block-container\"><div class=\"gb-container-inside\"><div class=\"gb-container-content\" style=\"max-width:700px\">\n<h2 class=\"wp-block-heading has-text-align-center\">Nos ressources pour pr\u00e9parer efficacement le SSIAP 3<\/h2>\n\n\n\n<p class=\"has-text-align-center\">Prepasecu d\u00e9mocratise l&rsquo;acc\u00e8s aux m\u00e9tiers de la s\u00e9curit\u00e9 incendie en vous proposant du contenu accessible GRATUITEMENT !<\/p>\n<\/div><\/div><\/div>\n\n\n\n<div class=\"wp-block-genesis-blocks-gb-columns gb-layout-columns-2 gb-2-col-equal\"><div class=\"gb-layout-column-wrap gb-block-layout-column-gap-2 gb-is-responsive-column\">\n<div class=\"wp-block-genesis-blocks-gb-column gb-block-layout-column\"><div class=\"gb-block-layout-column-inner\">\n<h3 class=\"wp-block-heading has-text-align-center\">L\u2019\u00e9preuve du QCM<\/h3>\n\n\n\n<p>Comme pour le SSIAP&nbsp;1 et le SSIAP&nbsp;2, l\u2019<strong>\u00e9preuve th\u00e9orique du SSIAP&nbsp;3<\/strong> est un QCM. Compos\u00e9 de 40 questions (contre 30 pour le SSIAP&nbsp;1), le QCM porte sur toutes les parties du programme.<\/p>\n\n\n\n<div class=\"wp-block-buttons is-content-justification-center is-layout-flex wp-container-core-buttons-is-layout-3 wp-block-buttons-is-layout-flex\">\n<div class=\"wp-block-button\"><a class=\"wp-block-button__link wp-element-button\" href=\"https:\/\/prepasecu.fr\/ssiap-3\/qcm\/entrainement\/gratuit\/\" target=\"_blank\" rel=\"noreferrer noopener\">Je m&rsquo;entra\u00eene au QCM !<\/a><\/div>\n<\/div>\n\n\n\n<p><\/p>\n<\/div><\/div>\n\n\n\n<div class=\"wp-block-genesis-blocks-gb-column gb-block-layout-column\"><div class=\"gb-block-layout-column-inner\">\n<h3 class=\"wp-block-heading has-text-align-center\">L\u2019\u00e9preuve orale<\/h3>\n\n\n\n<p>Il s\u2019agit d\u2019un \u00e9change avec un jury qui vous interrogera sur les diff\u00e9rents points du programme de la formation du SSIAP 3 afin de juger votre niveau de connaissance et de comp\u00e9tence. Cet entretien oral dure 15 minutes.<\/p>\n\n\n\n<p><\/p>\n\n\n\n<div class=\"wp-block-buttons is-content-justification-center is-layout-flex wp-container-core-buttons-is-layout-4 wp-block-buttons-is-layout-flex\">\n<div class=\"wp-block-button\"><a class=\"wp-block-button__link wp-element-button\" href=\"https:\/\/prepasecu.fr\/ssiap-3\/epreuve-orale\/entrainement\/gratuit\/\" target=\"_blank\" rel=\"noreferrer noopener\">Je m&rsquo;entra\u00eene \u00e0 l&rsquo;\u00e9preuve orale !<\/a><\/div>\n<\/div>\n<\/div><\/div>\n<\/div><\/div>\n\n\n\n<div class=\"wp-block-genesis-blocks-gb-columns gb-layout-columns-2 gb-2-col-equal\"><div class=\"gb-layout-column-wrap gb-block-layout-column-gap-2 gb-is-responsive-column\">\n<div class=\"wp-block-genesis-blocks-gb-column gb-block-layout-column\"><div class=\"gb-block-layout-column-inner\">\n<h3 class=\"wp-block-heading has-text-align-center\">L&rsquo;\u00e9preuve \u00e9crite<\/h3>\n\n\n\n<p>CAu cours de cette \u00e9preuve, il vous sera demand\u00e9 de r\u00e9diger une&nbsp;<strong>notice technique de s\u00e9curit\u00e9<\/strong>&nbsp;\u00e0 partir de plans portant sur un regroupement d\u2019\u00e9tablissements non isol\u00e9s de premi\u00e8re ou de deuxi\u00e8me cat\u00e9gorie. <\/p>\n\n\n\n<div class=\"wp-block-buttons is-content-justification-center is-layout-flex wp-container-core-buttons-is-layout-5 wp-block-buttons-is-layout-flex\">\n<div class=\"wp-block-button\"><a class=\"wp-block-button__link wp-element-button\" href=\"https:\/\/prepasecu.fr\/ssiap-3\/epreuve-ecrite\/entrainement\/gratuit\/\" target=\"_blank\" rel=\"noreferrer noopener\">Je m&rsquo;entra\u00eene \u00e0 l&rsquo;\u00e9preuve \u00e9crite !<\/a><\/div>\n<\/div>\n<\/div><\/div>\n\n\n\n<div class=\"wp-block-genesis-blocks-gb-column gb-block-layout-column\"><div class=\"gb-block-layout-column-inner\">\n<h3 class=\"wp-block-heading\">&#8230; Et des cours !<\/h3>\n\n\n\n<p>Le programme du SSIAP 6  pour devenir <strong>chef de service de s\u00e9curit\u00e9 incendie<\/strong>, est dense et exigeant. Il se divise en 8 th\u00e9matiques.  Les grandes th\u00e9matiques du programme du SSIAP 3 sont&nbsp;le management de l\u2019\u00e9quipe de s\u00e9curit\u00e9&#8230;<\/p>\n\n\n\n<div class=\"wp-block-buttons is-content-justification-center is-layout-flex wp-container-core-buttons-is-layout-6 wp-block-buttons-is-layout-flex\">\n<div class=\"wp-block-button\"><a class=\"wp-block-button__link wp-element-button\" href=\"#\" target=\"_blank\" rel=\"noreferrer noopener\">Je lis les cours !<\/a><\/div>\n<\/div>\n\n\n\n<p><\/p>\n<\/div><\/div>\n<\/div><\/div>\n\n\n\n<p><\/p>\n<\/div><\/div>\n<\/div><\/div>\n\n\n\n<div class=\"wp-block-genesis-blocks-gb-columns gb-slate-section-text-accordion gb-layout-columns-2 gb-2-col-equal gb-has-custom-background-color gb-has-custom-text-color gb-columns-center alignfull\" style=\"padding-top:10em;padding-right:1em;padding-bottom:10em;padding-left:1em;background-color:#ffffff;color:#1f1f1f\"><div class=\"gb-layout-column-wrap gb-block-layout-column-gap-2 gb-is-responsive-column\" style=\"max-width:1200px\">\n<div class=\"wp-block-genesis-blocks-gb-column gb-block-layout-column\"><div class=\"gb-block-layout-column-inner\">\n<h2 class=\"wp-block-heading has-text-color\" style=\"color:#1f1f1f;font-size:40px\"><strong>Objectif et importance de la formation th\u00e9orique<\/strong><\/h2>\n\n\n\n<p>Un agent titulaire du SSIAP&nbsp;3 peut postuler au <strong>m\u00e9tier de<\/strong> <strong><strong>chef de service de s\u00e9curit\u00e9 incendie<\/strong><\/strong><\/p>\n\n\n\n<p>Pour obtenir le SSIAP&nbsp;3, il faut passer l\u2019examen qui comporte trois \u00e9preuves&nbsp;: une \u00e9preuve th\u00e9orique (le QCM), une \u00e9preuve \u00e9crite et une \u00e9preuve orale.<\/p>\n\n\n\n<p>Le <strong><a href=\"https:\/\/prepasecu.fr\/ssiap-3\/formation-initiale\/programme-pedagogique-2021\/\" title=\"Programme p\u00e9dagogique du SSIAP 3 \u2013 Version 2021\">programme p\u00e9dagogique de la formation SSIAP 3<\/a><\/strong> permet au futur chef de service de s\u00e9curit\u00e9 incendie d\u2019approfondir et de perfectionner ses connaissances en mati\u00e8re de pr\u00e9vention incendie, mais \u00e9galement de se former au management d\u2019une \u00e9quipe et \u00e0 la gestion d\u2019une situation d\u2019urgence. Il est divis\u00e9 en 4 th\u00e9matiques:<\/p>\n\n\n\n<ol class=\"wp-block-list\" type=\"1\" id=\"block-1b54a255-5ec6-4d88-b755-74f2a267e627\">\n<li>Le feu et ses cons\u00e9quences<\/li>\n\n\n\n<li>La s\u00e9curit\u00e9 incendie et les b\u00e2timents<\/li>\n\n\n\n<li>La r\u00e9glementation incendie<\/li>\n\n\n\n<li>Gestion des risques<\/li>\n\n\n\n<li>Conseil au chef d\u2019\u00e9tablissement<\/li>\n\n\n\n<li>Correspondant des commissions de s\u00e9curit\u00e9<\/li>\n\n\n\n<li>Le management de l\u2019\u00e9quipe de s\u00e9curit\u00e9<\/li>\n\n\n\n<li>Le budget du service de s\u00e9curit\u00e9<\/li>\n<\/ol>\n\n\n\n<p>Le programme p\u00e9dagogique \u00e9num\u00e9r\u00e9 ci-dessus est conforme \u00e0 l&rsquo;<a href=\"https:\/\/www.legifrance.gouv.fr\/loda\/id\/JORFTEXT000000448223\/2021-01-12\/\" target=\"_blank\" rel=\"noreferrer noopener\">Arr\u00eat\u00e9 du 2 mai 2005<\/a>.<\/p>\n<\/div><\/div>\n\n\n\n<div class=\"wp-block-genesis-blocks-gb-column gb-block-layout-column\"><div class=\"gb-block-layout-column-inner\">\n<div class=\"wp-block-genesis-blocks-gb-accordion gb-slate-accordion gpb-rounded-md gb-block-accordion gb-font-size-20\"><details><summary class=\"gb-accordion-title\">Lexique et abr\u00e9viations de la s\u00e9curit\u00e9 incendie<\/summary><div class=\"gb-accordion-text\">\n<p class=\"has-text-color\" style=\"color:#1f1f1f\">Ma\u00eetriser le vocabulaire et les abr\u00e9viations propres \u00e0 la s\u00e9curit\u00e9 incendie est une condition obligatoire pour r\u00e9ussir le SSIAP&nbsp;3. Retrouvez toutes les abr\u00e9viations et tous les termes utilis\u00e9s dans un glossaire sp\u00e9cial SSIAP. Prepasecu les a rassembl\u00e9s pour que vous puissiez facilement les consulter \u00e0 tout moment de la formation. <a href=\"https:\/\/prepasecu.fr\/lexique-et-abreviations-du-ssiap-securite-incendie\/\" title=\"Lexique et abr\u00e9viations de la s\u00e9curit\u00e9 incendie (SSIAP)\">En savoir plus<\/a>.<\/p>\n<\/div><\/details><\/div>\n\n\n\n<div class=\"wp-block-genesis-blocks-gb-accordion gb-slate-accordion gpb-rounded-md gb-block-accordion gb-font-size-20\"><details><summary class=\"gb-accordion-title\">Le recyclage du SSIAP 3<\/summary><div class=\"gb-accordion-text\">\n<p class=\"has-text-color\" style=\"color:#1f1f1f\">Pour conserver sa validit\u00e9, la<strong> formation SSIAP&nbsp;3 doit \u00eatre recycl\u00e9e tous les 3 ans<\/strong>. Concr\u00e8tement, cela signifie que le&nbsp;<strong>chef de service de s\u00e9curit\u00e9 incendie<\/strong>, titulaire du SSIAP&nbsp;3 doit suivre une formation obligatoire afin d\u2019actualiser ses connaissances. Le recyclage est obligatoire et essentiel pour que les chefs de services de s\u00e9curit\u00e9 incendie continuent \u00e0 \u00eatre performants dans la pratique de leur m\u00e9tier et op\u00e9rationnels et r\u00e9actifs en cas d\u2019urgence. <a href=\"https:\/\/prepasecu.fr\/ssiap-3\/recyclage\/\" title=\"Recyclage SSIAP 3 : Le guide complet 2021\">En savoir plus<\/a>&#8230;<\/p>\n<\/div><\/details><\/div>\n\n\n\n<div class=\"wp-block-genesis-blocks-gb-accordion gb-slate-accordion gpb-rounded-md gb-block-accordion gb-font-size-20\"><details><summary class=\"gb-accordion-title\">La remise \u00e0 niveau du SSIAP 3<\/summary><div class=\"gb-accordion-text\">\n<p class=\"has-text-color\" style=\"color:#1f1f1f\">Si vous \u00eates <strong>titulaire du SSIAP\u00a03 <\/strong>ou du <a href=\"https:\/\/prepasecu.fr\/ssiap-3\/recyclage\/\" title=\"\">recyclage <\/a>depuis plus de 3 ans ou si vous ne pouvez justifier d\u2019un minimum de 1067 heures d\u2019exercice d\u2019activit\u00e9 sur les derniers 36 mois, alors vous \u00eates concern\u00e9 par la formation de remise \u00e0 niveau du SSIAP\u00a03. Vous \u00eates tenu de suivre la formation de remise \u00e0 niveau SSIAP\u00a03 si vous ne pouvez attester du recyclage ou si votre de temps de travail minimum n\u2019est pas rempli pour poursuivre l\u00e9galement votre activit\u00e9 professionnelle. <a href=\"https:\/\/prepasecu.fr\/ssiap-3\/remise-a-niveau\/\" title=\"La remise \u00e0 niveau du SSIAP 3\">En savoir plus<\/a>&#8230;<\/p>\n<\/div><\/details><\/div>\n<\/div><\/div>\n<\/div><\/div>\n\n\n\n<div class=\"wp-block-genesis-blocks-gb-columns gb-layout-service-1 gb-layout-columns-2 gb-2-col-equal gb-has-custom-background-color gb-columns-center alignfull\" style=\"padding-top:10%;padding-right:5%;padding-bottom:10%;padding-left:5%;background-color:#f1f1f1\"><div class=\"gb-layout-column-wrap gb-block-layout-column-gap-2 gb-is-responsive-column\" style=\"max-width:1200px\">\n<div class=\"wp-block-genesis-blocks-gb-column gb-block-layout-column\"><div class=\"gb-block-layout-column-inner\">\n<h3 class=\"wp-block-heading\"><strong>Qui sommes-nous<\/strong><\/h3>\n\n\n\n<p>Notre \u00e9quipe est compos\u00e9e d\u2019experts en ing\u00e9nierie p\u00e9dagogique et de d\u00e9veloppeurs qui con\u00e7oivent sans cesse de nouvelles innovations p\u00e9dagogiques pour d\u00e9mocratiser l\u2019acc\u00e8s \u00e0 ces m\u00e9tiers: en formation initiale ou pour du maintien et de l\u2019actualisation des comp\u00e9tences.<\/p>\n\n\n\n<p><strong>Nos supports p\u00e9dagogiques digitaux s&rsquo;adressent aux \u00e9tudiants, aux centres de formation et aux entreprises<\/strong>.<\/p>\n\n\n\n<p>Vous pouvez en savoir plus sur Prepasecu sur la page <a href=\"https:\/\/prepasecu.fr\/a-propos\/\" title=\"\u00c0 propos de Prepasecu\">\u00e0 propos<\/a>.<\/p>\n<\/div><\/div>\n\n\n\n<div class=\"wp-block-genesis-blocks-gb-column gb-block-layout-column\"><div class=\"gb-block-layout-column-inner\">\n<h3 class=\"wp-block-heading\">Nos derniers articles<\/h3>\n\n\n<ul class=\"wp-block-latest-posts__list has-dates wp-block-latest-posts\"><li><a class=\"wp-block-latest-posts__post-title\" href=\"https:\/\/prepasecu.fr\/blog\/salaire-ssiap\">Salaire SSIAP 2025 : la r\u00e9mun\u00e9ration d\u2019un agent\u00a0de s\u00e9curit\u00e9 incendie<\/a><time datetime=\"2024-11-20T14:29:47+01:00\" class=\"wp-block-latest-posts__post-date\">20 novembre 2024<\/time><div class=\"wp-block-latest-posts__post-excerpt\">Devenir un agent SSIAP (Service de S\u00e9curit\u00e9 Incendie et d&rsquo;Assistance aux Personnes) c&rsquo;est choisir un m\u00e9tier qui contribue \u00e0 la s\u00e9curit\u00e9 des biens et des\u2026 <a class=\"wp-block-latest-posts__read-more\" href=\"https:\/\/prepasecu.fr\/blog\/salaire-ssiap\" rel=\"noopener noreferrer\">Lire la suite<span class=\"screen-reader-text\">\u00a0: Salaire SSIAP 2025 : la r\u00e9mun\u00e9ration d\u2019un agent\u00a0de s\u00e9curit\u00e9 incendie<\/span><\/a><\/div><\/li>\n<li><a class=\"wp-block-latest-posts__post-title\" href=\"https:\/\/prepasecu.fr\/blog\/test-b1-agent-securite-obligatoire\">Test B1 Agent de S\u00e9curit\u00e9 : Obligatoire ou pas ?<\/a><time datetime=\"2023-08-17T19:20:03+02:00\" class=\"wp-block-latest-posts__post-date\">17 ao\u00fbt 2023<\/time><div class=\"wp-block-latest-posts__post-excerpt\">Les m\u00e9tiers de la s\u00e9curit\u00e9 sont souvent exigeants et n\u00e9cessitent une formation solide pour garantir efficacit\u00e9 et professionnalisme. Parmi les comp\u00e9tences requises, le test B1\u2026 <a class=\"wp-block-latest-posts__read-more\" href=\"https:\/\/prepasecu.fr\/blog\/test-b1-agent-securite-obligatoire\" rel=\"noopener noreferrer\">Lire la suite<span class=\"screen-reader-text\">\u00a0: Test B1 Agent de S\u00e9curit\u00e9 : Obligatoire ou pas ?<\/span><\/a><\/div><\/li>\n<li><a class=\"wp-block-latest-posts__post-title\" href=\"https:\/\/prepasecu.fr\/blog\/defis-et-innovations-securite-incendie-nouvelle-ere-de-prevention\">Les d\u00e9fis et innovations dans la s\u00e9curit\u00e9 incendie : une nouvelle \u00e8re de pr\u00e9vention<\/a><time datetime=\"2023-07-16T12:30:47+02:00\" class=\"wp-block-latest-posts__post-date\">16 juillet 2023<\/time><div class=\"wp-block-latest-posts__post-excerpt\">La s\u00e9curit\u00e9 incendie est un enjeu majeur pour les entreprises, les collectivit\u00e9s et les particuliers. Face aux risques croissants d&rsquo;incendies et \u00e0 l&rsquo;\u00e9volution rapide des\u2026 <a class=\"wp-block-latest-posts__read-more\" href=\"https:\/\/prepasecu.fr\/blog\/defis-et-innovations-securite-incendie-nouvelle-ere-de-prevention\" rel=\"noopener noreferrer\">Lire la suite<span class=\"screen-reader-text\">\u00a0: Les d\u00e9fis et innovations dans la s\u00e9curit\u00e9 incendie : une nouvelle \u00e8re de pr\u00e9vention<\/span><\/a><\/div><\/li>\n<\/ul><\/div><\/div>\n<\/div><\/div>\n\n\n\n<div class=\"wp-block-genesis-blocks-gb-columns gb-slate-text-with-cta gb-layout-columns-1 gb-1-col-equal gb-has-background-dim gb-has-background-dim-30 gb-has-custom-background-color gb-columns-center alignfull\" style=\"padding-top:10em;padding-right:1em;padding-bottom:10em;padding-left:1em;background-color:#212844;background-position:50% 52%\"><div class=\"gb-layout-column-wrap gb-block-layout-column-gap-3 gb-is-responsive-column\" style=\"max-width:872px\">\n<div class=\"wp-block-genesis-blocks-gb-column gb-block-layout-column\"><div class=\"gb-block-layout-column-inner\">\n<h2 class=\"wp-block-heading has-text-align-center has-text-color\" style=\"color:#f5f5f5;font-size:40px\">Prepasecu est le site INDISPENSABLE pour une pr\u00e9paration sur-mesure au SSIAP 3.<\/h2>\n\n\n\n<p class=\"has-text-align-center has-text-color\" style=\"color:#f5f5f5\">Un contenu p\u00e9dagogique innovant et vari\u00e9 pour votre prochaine r\u00e9ussite. Disponible en illimit\u00e9, 24\/7. Rassemble la pr\u00e9paration aux m\u00e9tiers de la s\u00e9curit\u00e9 incendie (SSIAP 3, entres autres&#8230;) et de la s\u00e9curit\u00e9 priv\u00e9e (APS, ASA, ASC&#8230;)<\/p>\n\n\n\n<div class=\"wp-block-buttons is-content-justification-center is-layout-flex wp-container-core-buttons-is-layout-7 wp-block-buttons-is-layout-flex\">\n<div class=\"wp-block-button\"><a class=\"wp-block-button__link has-text-color has-background wp-element-button\" href=\"https:\/\/prepasecu.fr\/inscription\/\" style=\"border-radius:4px;color:#ffffff;background-color:#0073e5\" target=\"_blank\" rel=\"noreferrer noopener\"><strong>Je m&rsquo;inscris gratuitement<\/strong><\/a><\/div>\n\n\n\n<div class=\"wp-block-button\"><a class=\"wp-block-button__link has-text-color has-background wp-element-button\" href=\"https:\/\/prepasecu.fr\/contactez-nous\/\" style=\"border-radius:4px;color:#1f1f1f;background-color:#ffffff\"><strong>Contactez-nous<\/strong><\/a><\/div>\n<\/div>\n\n\n\n<p>\/<\/p>\n<\/div><\/div>\n<\/div><\/div>\n","protected":false},"excerpt":{"rendered":"","protected":false},"author":1,"featured_media":0,"parent":0,"menu_order":0,"comment_status":"closed","ping_status":"closed","template":"","meta":{"_uag_custom_page_level_css":"","_genesis_hide_title":true,"_genesis_hide_breadcrumbs":true,"_genesis_hide_singular_image":false,"_genesis_hide_footer_widgets":false,"_genesis_custom_body_class":"","_genesis_custom_post_class":"","_genesis_layout":"full-width-content","footnotes":""},"class_list":{"0":"post-1145","1":"page","2":"type-page","3":"status-publish","5":"entry"},"aioseo_notices":[],"featured_image_src":null,"featured_image_src_square":null,"uagb_featured_image_src":{"full":false,"thumbnail":false,"medium":false,"medium_large":false,"large":false,"1536x1536":false,"2048x2048":false,"sidebar-featured":false,"genesis-singular-images":false,"gb-block-post-grid-landscape":false,"gb-block-post-grid-square":false,"yarpp-thumbnail":false},"uagb_author_info":{"display_name":"Matthis","author_link":"https:\/\/prepasecu.fr\/?author=1"},"uagb_comment_info":0,"uagb_excerpt":null,"_links":{"self":[{"href":"https:\/\/prepasecu.fr\/index.php?rest_route=\/wp\/v2\/pages\/1145"}],"collection":[{"href":"https:\/\/prepasecu.fr\/index.php?rest_route=\/wp\/v2\/pages"}],"about":[{"href":"https:\/\/prepasecu.fr\/index.php?rest_route=\/wp\/v2\/types\/page"}],"author":[{"embeddable":true,"href":"https:\/\/prepasecu.fr\/index.php?rest_route=\/wp\/v2\/users\/1"}],"replies":[{"embeddable":true,"href":"https:\/\/prepasecu.fr\/index.php?rest_route=%2Fwp%2Fv2%2Fcomments&post=1145"}],"version-history":[{"count":0,"href":"https:\/\/prepasecu.fr\/index.php?rest_route=\/wp\/v2\/pages\/1145\/revisions"}],"wp:attachment":[{"href":"https:\/\/prepasecu.fr\/index.php?rest_route=%2Fwp%2Fv2%2Fmedia&parent=1145"}],"curies":[{"name":"wp","href":"https:\/\/api.w.org\/{rel}","templated":true}]}}