{"id":1136,"date":"2021-01-13T21:23:25","date_gmt":"2021-01-13T20:23:25","guid":{"rendered":"https:\/\/preprod.prepasecu.fr\/?page_id=1136"},"modified":"2023-07-03T14:24:46","modified_gmt":"2023-07-03T12:24:46","slug":"la-remise-a-niveau-du-ssiap-3","status":"publish","type":"page","link":"https:\/\/prepasecu.fr\/ssiap-3\/remise-a-niveau","title":{"rendered":"La remise \u00e0 niveau du SSIAP 3"},"content":{"rendered":"\n<div id=\"ez-toc-container\" class=\"ez-toc-v2_0_50 counter-hierarchy ez-toc-counter ez-toc-grey ez-toc-container-direction\">\n<div class=\"ez-toc-title-container\">\n<p class=\"ez-toc-title\">Sommaire<\/p>\n<span class=\"ez-toc-title-toggle\"><a href=\"#\" class=\"ez-toc-pull-right ez-toc-btn ez-toc-btn-xs ez-toc-btn-default ez-toc-toggle\" aria-label=\"Toggle Table of Content\" role=\"button\"><label for=\"item-6a02eacb4a55d\" aria-hidden=\"true\"><span style=\"display: flex;align-items: center;width: 35px;height: 30px;justify-content: center;direction:ltr;\"><svg style=\"fill: #999;color:#999\" xmlns=\"http:\/\/www.w3.org\/2000\/svg\" class=\"list-377408\" width=\"20px\" height=\"20px\" viewBox=\"0 0 24 24\" fill=\"none\"><path d=\"M6 6H4v2h2V6zm14 0H8v2h12V6zM4 11h2v2H4v-2zm16 0H8v2h12v-2zM4 16h2v2H4v-2zm16 0H8v2h12v-2z\" fill=\"currentColor\"><\/path><\/svg><svg style=\"fill: #999;color:#999\" class=\"arrow-unsorted-368013\" xmlns=\"http:\/\/www.w3.org\/2000\/svg\" width=\"10px\" height=\"10px\" viewBox=\"0 0 24 24\" version=\"1.2\" baseProfile=\"tiny\"><path d=\"M18.2 9.3l-6.2-6.3-6.2 6.3c-.2.2-.3.4-.3.7s.1.5.3.7c.2.2.4.3.7.3h11c.3 0 .5-.1.7-.3.2-.2.3-.5.3-.7s-.1-.5-.3-.7zM5.8 14.7l6.2 6.3 6.2-6.3c.2-.2.3-.5.3-.7s-.1-.5-.3-.7c-.2-.2-.4-.3-.7-.3h-11c-.3 0-.5.1-.7.3-.2.2-.3.5-.3.7s.1.5.3.7z\"\/><\/svg><\/span><\/label><input  type=\"checkbox\" id=\"item-6a02eacb4a55d\"><\/a><\/span><\/div>\n<nav><ul class='ez-toc-list ez-toc-list-level-1 ' ><li class='ez-toc-page-1 ez-toc-heading-level-2'><a class=\"ez-toc-link ez-toc-heading-1\" href=\"https:\/\/prepasecu.fr\/ssiap-3\/remise-a-niveau\/#La_formation_de_remise_a_niveau_SSIAP_3_rappel\" title=\"La formation de remise \u00e0 niveau SSIAP&nbsp;3&nbsp;: rappel\">La formation de remise \u00e0 niveau SSIAP&nbsp;3&nbsp;: rappel<\/a><\/li><li class='ez-toc-page-1 ez-toc-heading-level-2'><a class=\"ez-toc-link ez-toc-heading-2\" href=\"https:\/\/prepasecu.fr\/ssiap-3\/remise-a-niveau\/#Quels_sont_les_prerequis_pour_la_remise_a_niveau_SSIAP_3%E2%80%89\" title=\"Quels sont les pr\u00e9requis pour la remise \u00e0 niveau SSIAP&nbsp;3\u2009?\">Quels sont les pr\u00e9requis pour la remise \u00e0 niveau SSIAP&nbsp;3\u2009?<\/a><\/li><li class='ez-toc-page-1 ez-toc-heading-level-2'><a class=\"ez-toc-link ez-toc-heading-3\" href=\"https:\/\/prepasecu.fr\/ssiap-3\/remise-a-niveau\/#Des_cours_SSIAP_3_en_ligne_pour_reviser_la_remise_a_niveau\" title=\"Des cours SSIAP&nbsp;3 en ligne pour r\u00e9viser la remise \u00e0 niveau\">Des cours SSIAP&nbsp;3 en ligne pour r\u00e9viser la remise \u00e0 niveau<\/a><\/li><li class='ez-toc-page-1 ez-toc-heading-level-2'><a class=\"ez-toc-link ez-toc-heading-4\" href=\"https:\/\/prepasecu.fr\/ssiap-3\/remise-a-niveau\/#Des_QCM_SSIAP_3_gratuits_pour_revoir_le_programme\" title=\"Des QCM SSIAP&nbsp;3 gratuits pour revoir le programme\">Des QCM SSIAP&nbsp;3 gratuits pour revoir le programme<\/a><\/li><\/ul><\/nav><\/div>\n<h2 class=\"wp-block-heading\"><span class=\"ez-toc-section\" id=\"La_formation_de_remise_a_niveau_SSIAP_3_rappel\"><\/span>La formation de remise \u00e0 niveau SSIAP&nbsp;3&nbsp;: rappel<span class=\"ez-toc-section-end\"><\/span><\/h2>\n\n\n\n<p>Si vous \u00eates titulaire du SSIAP&nbsp;3 ou du recyclage depuis plus de 3 ans ou si vous ne pouvez justifier d\u2019un minimum de 1067 heures d\u2019exercice d\u2019activit\u00e9 sur les derniers 36 mois, alors vous \u00eates concern\u00e9 par la formation de remise \u00e0 niveau du SSIAP&nbsp;3. Pour pouvoir continuer \u00e0 exercer vos fonctions de chef de service de s\u00e9curit\u00e9 incendie, il est obligatoire de fournir une attestation garantissant la mise \u00e0 jour de vos connaissances th\u00e9oriques et pratiques pour assurer la gestion d\u2019une \u00e9quipe et d\u2019un poste de s\u00e9curit\u00e9 incendie. Vous \u00eates tenu de suivre la formation de remise \u00e0 niveau SSIAP&nbsp;3 si vous ne pouvez attester du recyclage ou si votre de temps de travail minimum n\u2019est pas rempli pour poursuivre l\u00e9galement votre activit\u00e9 professionnelle.<\/p>\n\n\n\n<h2 class=\"wp-block-heading\"><span class=\"ez-toc-section\" id=\"Quels_sont_les_prerequis_pour_la_remise_a_niveau_SSIAP_3%E2%80%89\"><\/span>Quels sont les pr\u00e9requis pour la remise \u00e0 niveau SSIAP&nbsp;3\u2009?<span class=\"ez-toc-section-end\"><\/span><\/h2>\n\n\n\n<p>Pour acc\u00e9der \u00e0 la remise \u00e0 niveau SSIAP&nbsp;3, il faut remplir plusieurs conditions pr\u00e9alables&nbsp;:<\/p>\n\n\n\n<ul class=\"wp-block-list\">\n<li>\u00catre titulaire du SSIAP&nbsp;3, dernier recyclage ou avoir obtenu obtenu anciennement un dipl\u00f4me ERP&nbsp;3 ou IGH&nbsp;3&nbsp;<\/li>\n\n\n\n<li>\u00catre titulaire d\u2019une attestation de secourisme en cours de validit\u00e9 (AFPS ou PSC&nbsp;1 de moins de 2 ans ou SST ou PSE1 ou CFAPSE)<\/li>\n<\/ul>\n\n\n\n<h2 class=\"wp-block-heading\"><span class=\"ez-toc-section\" id=\"Des_cours_SSIAP_3_en_ligne_pour_reviser_la_remise_a_niveau\"><\/span>Des cours SSIAP&nbsp;3 en ligne pour r\u00e9viser la remise \u00e0 niveau<span class=\"ez-toc-section-end\"><\/span><\/h2>\n\n\n\n<p>Avec Prepasecu vous b\u00e9n\u00e9ficiez de cours en ligne qui reprennent tous les points du programme p\u00e9dagogique SSIAP&nbsp;3. Le contenu de toutes les U. V. y est abord\u00e9, vous pouvez ainsi vous y r\u00e9f\u00e9rer pour r\u00e9viser et valider la remise \u00e0 niveau. Voici les grandes lignes du programme SSIAP&nbsp;3 pour la remise \u00e0 niveau&nbsp;:<\/p>\n\n\n\n<ol class=\"wp-block-list\">\n<li>Connaissance et mise \u00e0 jour des documents administratifs\u00a0:\n<ul class=\"wp-block-list\">\n<li>Obligations en mati\u00e8re d\u2019affichage<\/li>\n\n\n\n<li>\u00c9laboration des cahiers des consignes et du permis de feu<\/li>\n\n\n\n<li>Suivi et planification des contr\u00f4les r\u00e9glementaires<\/li>\n\n\n\n<li>Gestion et conservation de l\u2019ensemble des documents propres \u00e0 sa mission<\/li>\n<\/ul>\n<\/li>\n\n\n\n<li>Commissions de s\u00e9curit\u00e9\u00a0:\n<ul class=\"wp-block-list\">\n<li>Composition, r\u00f4le et missions des commissions de s\u00e9curit\u00e9<\/li>\n\n\n\n<li>Documents \u00e0 transmettre ou \u00e0 tenir \u00e0 disposition<\/li>\n<\/ul>\n<\/li>\n\n\n\n<li>\u00c9volution des textes r\u00e9glementaires\u00a0:\n<ul class=\"wp-block-list\">\n<li>\u00c9volution des textes r\u00e9glementaires<\/li>\n\n\n\n<li>R\u00e8glement de s\u00e9curit\u00e9 dans les ERP et les IGH<\/li>\n\n\n\n<li>Rappel des textes sur les moyens de secours<\/li>\n\n\n\n<li>Rappel sur le Code du travail<\/li>\n\n\n\n<li>R\u00f4le du chef de service de s\u00e9curit\u00e9 incendie en qualit\u00e9 de membre de jury aux examens SSIAP<\/li>\n\n\n\n<li>Connaissance de l\u2019arr\u00eat\u00e9 du 2 mai 2005 modifi\u00e9<\/li>\n<\/ul>\n<\/li>\n\n\n\n<li>Notions de droit civil et p\u00e9nal\u00a0:\n<ul class=\"wp-block-list\">\n<li>D\u00e9l\u00e9gation de pouvoir et de signature<\/li>\n\n\n\n<li>Responsabilit\u00e9 civile et p\u00e9nale<\/li>\n\n\n\n<li>D\u00e9lit de la mise en danger de la vie d\u2019autrui<\/li>\n<\/ul>\n<\/li>\n\n\n\n<li>Contrats de maintenance des installations de s\u00e9curit\u00e9\u00a0:\n<ul class=\"wp-block-list\">\n<li>Contextes d\u2019obligations r\u00e9glementaires<\/li>\n\n\n\n<li>Aspects juridiques<\/li>\n\n\n\n<li>Diff\u00e9rents types de contrats<\/li>\n\n\n\n<li>Normalisation<\/li>\n<\/ul>\n<\/li>\n\n\n\n<li>\u00c9tudes de cas\u00a0:\n<ul class=\"wp-block-list\">\n<li>Analyse de projets de construction, am\u00e9nagement ou r\u00e9am\u00e9nagement dans l\u2019existant<\/li>\n\n\n\n<li>Rappel de la m\u00e9thode<\/li>\n\n\n\n<li>Lecture de plan<\/li>\n<\/ul>\n<\/li>\n\n\n\n<li>Accessibilit\u00e9 des personnes handicap\u00e9es\u00a0:\n<ul class=\"wp-block-list\">\n<li>Loi du 11 janvier 2005, arr\u00eat\u00e9s et d\u00e9crets d\u2019application<\/li>\n\n\n\n<li>Dispositions r\u00e9glementaires<\/li>\n<\/ul>\n<\/li>\n\n\n\n<li>Analyse des risques\u00a0:\n<ul class=\"wp-block-list\">\n<li>\u00c9valuation du maintien du niveau de s\u00e9curit\u00e9<\/li>\n\n\n\n<li>Document unique<\/li>\n\n\n\n<li>Plan de pr\u00e9vention<\/li>\n\n\n\n<li>\u00c9valuation des risques de travaux par points chauds<\/li>\n<\/ul>\n<\/li>\n\n\n\n<li>Moyens de secours\u00a0:\n<ul class=\"wp-block-list\">\n<li>\u00c9volution des textes<\/li>\n\n\n\n<li>Moyens d\u2019extinction incendie, entretien et v\u00e9rifications<\/li>\n\n\n\n<li>Moyens d\u2019alerte des secours<\/li>\n\n\n\n<li>Dispositions visant \u00e0 faciliter l\u2019intervention des secours<\/li>\n\n\n\n<li>Conna\u00eetre et savoir exploiter un SSI<\/li>\n<\/ul>\n<\/li>\n\n\n\n<li>Organisation d\u2019un service de s\u00e9curit\u00e9 incendie\u00a0:\n<ul class=\"wp-block-list\">\n<li>Gestion du personnel et des moyens du service<\/li>\n\n\n\n<li>Organisation du service, recrutement, missions<\/li>\n\n\n\n<li>Organiser les rondes<\/li>\n\n\n\n<li>Documents du service<\/li>\n<\/ul>\n<\/li>\n<\/ol>\n\n\n\n<h2 class=\"wp-block-heading\"><span class=\"ez-toc-section\" id=\"Des_QCM_SSIAP_3_gratuits_pour_revoir_le_programme\"><\/span>Des QCM SSIAP&nbsp;3 gratuits pour revoir le programme<span class=\"ez-toc-section-end\"><\/span><\/h2>\n\n\n\n<p>Vous pouvez avoir acc\u00e8s \u00e0 nos<a href=\"https:\/\/prepasecu.fr\/ssiap-3\/qcm\/entrainement\/gratuit\/\" title=\"\"> QCM SSIAP\u00a03 gratuits<\/a> en ligne pour vous entra\u00eener sans frais et \u00e9valuer votre niveau afin d\u2019adapter votre travail. Les QCM ont \u00e9t\u00e9 \u00e9labor\u00e9s par des professionnels de la s\u00e9curit\u00e9 incendie et sont conformes aux QCM officiels propos\u00e9s lors de l\u2019<a href=\"https:\/\/prepasecu.fr\/ssiap-3\/formation-initiale\/examen\/\" title=\"\">examen SSIAP\u00a03<\/a>. Ils suivent l&rsquo;<a href=\"https:\/\/www.legifrance.gouv.fr\/jorf\/id\/JORFTEXT000041865597\/\" target=\"_blank\" rel=\"noreferrer noopener\" title=\"https:\/\/www.legifrance.gouv.fr\/jorf\/id\/JORFTEXT000041865597\/\">Arr\u00eat\u00e9 du 5 mai<\/a>.<\/p>\n\n\n\n<p>N\u2019h\u00e9sitez pas \u00e9galement \u00e0 consulter notre page sp\u00e9cialement d\u00e9di\u00e9e au lexique afin de r\u00e9viser tout le <a href=\"https:\/\/prepasecu.fr\/lexique-et-abreviations-du-ssiap-securite-incendie\/\" title=\"\">vocabulaire et les abr\u00e9viations SSIAP\u00a03<\/a>.<\/p>\n","protected":false},"excerpt":{"rendered":"<p>La formation de remise \u00e0 niveau SSIAP&nbsp;3&nbsp;: rappel Si vous \u00eates titulaire du SSIAP&nbsp;3 ou du recyclage depuis plus de 3 ans ou si vous ne pouvez justifier d\u2019un minimum de 1067 heures d\u2019exercice d\u2019activit\u00e9 sur les derniers 36 mois, alors vous \u00eates concern\u00e9 par la formation de remise \u00e0 niveau du SSIAP&nbsp;3. Pour pouvoir [&hellip;]<\/p>\n","protected":false},"author":1,"featured_media":0,"parent":1145,"menu_order":0,"comment_status":"closed","ping_status":"closed","template":"","meta":{"_uag_custom_page_level_css":"","_genesis_hide_title":false,"_genesis_hide_breadcrumbs":false,"_genesis_hide_singular_image":false,"_genesis_hide_footer_widgets":false,"_genesis_custom_body_class":"","_genesis_custom_post_class":"","_genesis_layout":"full-width-content","footnotes":""},"class_list":{"0":"post-1136","1":"page","2":"type-page","3":"status-publish","5":"entry"},"aioseo_notices":[],"featured_image_src":null,"featured_image_src_square":null,"uagb_featured_image_src":{"full":false,"thumbnail":false,"medium":false,"medium_large":false,"large":false,"1536x1536":false,"2048x2048":false,"sidebar-featured":false,"genesis-singular-images":false,"gb-block-post-grid-landscape":false,"gb-block-post-grid-square":false,"yarpp-thumbnail":false},"uagb_author_info":{"display_name":"Matthis","author_link":"https:\/\/prepasecu.fr\/?author=1"},"uagb_comment_info":0,"uagb_excerpt":"La formation de remise \u00e0 niveau SSIAP&nbsp;3&nbsp;: rappel Si vous \u00eates titulaire du SSIAP&nbsp;3 ou du recyclage depuis plus de 3 ans ou si vous ne pouvez justifier d\u2019un minimum de 1067 heures d\u2019exercice d\u2019activit\u00e9 sur les derniers 36 mois, alors vous \u00eates concern\u00e9 par la formation de remise \u00e0 niveau du SSIAP&nbsp;3. Pour pouvoir\u2026","_links":{"self":[{"href":"https:\/\/prepasecu.fr\/index.php?rest_route=\/wp\/v2\/pages\/1136"}],"collection":[{"href":"https:\/\/prepasecu.fr\/index.php?rest_route=\/wp\/v2\/pages"}],"about":[{"href":"https:\/\/prepasecu.fr\/index.php?rest_route=\/wp\/v2\/types\/page"}],"author":[{"embeddable":true,"href":"https:\/\/prepasecu.fr\/index.php?rest_route=\/wp\/v2\/users\/1"}],"replies":[{"embeddable":true,"href":"https:\/\/prepasecu.fr\/index.php?rest_route=%2Fwp%2Fv2%2Fcomments&post=1136"}],"version-history":[{"count":0,"href":"https:\/\/prepasecu.fr\/index.php?rest_route=\/wp\/v2\/pages\/1136\/revisions"}],"up":[{"embeddable":true,"href":"https:\/\/prepasecu.fr\/index.php?rest_route=\/wp\/v2\/pages\/1145"}],"wp:attachment":[{"href":"https:\/\/prepasecu.fr\/index.php?rest_route=%2Fwp%2Fv2%2Fmedia&parent=1136"}],"curies":[{"name":"wp","href":"https:\/\/api.w.org\/{rel}","templated":true}]}}