{"id":1069,"date":"2021-01-11T20:48:49","date_gmt":"2021-01-11T19:48:49","guid":{"rendered":"https:\/\/preprod.prepasecu.fr\/?page_id=1069"},"modified":"2023-07-03T14:28:58","modified_gmt":"2023-07-03T12:28:58","slug":"recyclage-ssiap-3-le-guide-complet-2021","status":"publish","type":"page","link":"https:\/\/prepasecu.fr\/ssiap-3\/recyclage","title":{"rendered":"Recyclage SSIAP 3 : Le guide complet 2021"},"content":{"rendered":"\n<div id=\"ez-toc-container\" class=\"ez-toc-v2_0_50 counter-hierarchy ez-toc-counter ez-toc-grey ez-toc-container-direction\">\n<div class=\"ez-toc-title-container\">\n<p class=\"ez-toc-title\">Sommaire<\/p>\n<span class=\"ez-toc-title-toggle\"><a href=\"#\" class=\"ez-toc-pull-right ez-toc-btn ez-toc-btn-xs ez-toc-btn-default ez-toc-toggle\" aria-label=\"Toggle Table of Content\" role=\"button\"><label for=\"item-69f45dae2f4b1\" aria-hidden=\"true\"><span style=\"display: flex;align-items: center;width: 35px;height: 30px;justify-content: center;direction:ltr;\"><svg style=\"fill: #999;color:#999\" xmlns=\"http:\/\/www.w3.org\/2000\/svg\" class=\"list-377408\" width=\"20px\" height=\"20px\" viewBox=\"0 0 24 24\" fill=\"none\"><path d=\"M6 6H4v2h2V6zm14 0H8v2h12V6zM4 11h2v2H4v-2zm16 0H8v2h12v-2zM4 16h2v2H4v-2zm16 0H8v2h12v-2z\" fill=\"currentColor\"><\/path><\/svg><svg style=\"fill: #999;color:#999\" class=\"arrow-unsorted-368013\" xmlns=\"http:\/\/www.w3.org\/2000\/svg\" width=\"10px\" height=\"10px\" viewBox=\"0 0 24 24\" version=\"1.2\" baseProfile=\"tiny\"><path d=\"M18.2 9.3l-6.2-6.3-6.2 6.3c-.2.2-.3.4-.3.7s.1.5.3.7c.2.2.4.3.7.3h11c.3 0 .5-.1.7-.3.2-.2.3-.5.3-.7s-.1-.5-.3-.7zM5.8 14.7l6.2 6.3 6.2-6.3c.2-.2.3-.5.3-.7s-.1-.5-.3-.7c-.2-.2-.4-.3-.7-.3h-11c-.3 0-.5.1-.7.3-.2.2-.3.5-.3.7s.1.5.3.7z\"\/><\/svg><\/span><\/label><input  type=\"checkbox\" id=\"item-69f45dae2f4b1\"><\/a><\/span><\/div>\n<nav><ul class='ez-toc-list ez-toc-list-level-1 ' ><li class='ez-toc-page-1 ez-toc-heading-level-2'><a class=\"ez-toc-link ez-toc-heading-1\" href=\"https:\/\/prepasecu.fr\/ssiap-3\/recyclage\/#Qu%E2%80%99est_ce_que_le_recyclage_du_SSIAP_3%E2%80%89\" title=\"Qu&rsquo;est ce que le recyclage du SSIAP&nbsp;3\u2009?\">Qu&rsquo;est ce que le recyclage du SSIAP&nbsp;3\u2009?<\/a><\/li><li class='ez-toc-page-1 ez-toc-heading-level-2'><a class=\"ez-toc-link ez-toc-heading-2\" href=\"https:\/\/prepasecu.fr\/ssiap-3\/recyclage\/#Quelles_sont_les_conditions_prealables_pour_suivre_le_recyclage_SSIAP_3%E2%80%89\" title=\"Quelles sont les conditions pr\u00e9alables pour suivre le recyclage SSIAP&nbsp;3\u2009?\">Quelles sont les conditions pr\u00e9alables pour suivre le recyclage SSIAP&nbsp;3\u2009?<\/a><\/li><li class='ez-toc-page-1 ez-toc-heading-level-2'><a class=\"ez-toc-link ez-toc-heading-3\" href=\"https:\/\/prepasecu.fr\/ssiap-3\/recyclage\/#Quel_est_le_programme_du_recyclage_SSIAP_3%E2%80%89\" title=\"Quel est le programme du recyclage SSIAP&nbsp;3\u2009?\">Quel est le programme du recyclage SSIAP&nbsp;3\u2009?<\/a><\/li><li class='ez-toc-page-1 ez-toc-heading-level-2'><a class=\"ez-toc-link ez-toc-heading-4\" href=\"https:\/\/prepasecu.fr\/ssiap-3\/recyclage\/#Comment_le_recyclage_SSIAP_3_est-il_valide%E2%80%89\" title=\"Comment le recyclage SSIAP&nbsp;3 est-il valid\u00e9\u2009?\">Comment le recyclage SSIAP&nbsp;3 est-il valid\u00e9\u2009?<\/a><\/li><\/ul><\/nav><\/div>\n<h2 class=\"wp-block-heading\"><span class=\"ez-toc-section\" id=\"Qu%E2%80%99est_ce_que_le_recyclage_du_SSIAP_3%E2%80%89\"><\/span>Qu&rsquo;est ce que le recyclage du SSIAP&nbsp;3\u2009?<span class=\"ez-toc-section-end\"><\/span><\/h2>\n\n\n\n<p>Pour conserver sa validit\u00e9, la formation SSIAP&nbsp;3 doit \u00eatre recycl\u00e9e tous les 3 ans. Concr\u00e8tement, cela signifie que le <strong>chef de service de s\u00e9curit\u00e9 incendie<\/strong>, titulaire du SSIAP&nbsp;3 doit suivre une formation obligatoire afin d\u2019actualiser ses connaissances. L\u2019objectif du recyclage SSIAP&nbsp;3 est d\u2019assurer le maintien des connaissances th\u00e9oriques et pratiques li\u00e9es aux E.R.P. (\u00c9tablissements Recevant du Public) et aux I.G.H. (Immeubles de Grande Hauteur) dans le domaine de la s\u00e9curit\u00e9 des personnes et de la s\u00e9curit\u00e9 incendie des biens. Le recyclage est obligatoire et essentiel pour que les chefs de services de s\u00e9curit\u00e9 incendie continuent \u00e0 \u00eatre performants dans la pratique de leur m\u00e9tier et op\u00e9rationnels et r\u00e9actifs en cas d\u2019urgence.<\/p>\n\n\n\n<h2 class=\"wp-block-heading\"><span class=\"ez-toc-section\" id=\"Quelles_sont_les_conditions_prealables_pour_suivre_le_recyclage_SSIAP_3%E2%80%89\"><\/span>Quelles sont les conditions pr\u00e9alables pour suivre le recyclage SSIAP&nbsp;3\u2009?<span class=\"ez-toc-section-end\"><\/span><\/h2>\n\n\n\n<p>Pour pouvoir assister \u00e0 la formation recyclage du SSIAP&nbsp;3 et pour la valider, plusieurs conditions pr\u00e9alables doivent \u00eatre n\u00e9cessairement remplies&nbsp;:<\/p>\n\n\n\n<ul class=\"wp-block-list\">\n<li>\u00catre titulaire du SSIAP&nbsp;3 ou avoir valid\u00e9 son pr\u00e9c\u00e9dent recyclage depuis moins de 3 ans\u2009;<\/li>\n\n\n\n<li>Justifier d\u2019un minimum de 1607 heures d\u2019exercice en tant que chef de service de s\u00e9curit\u00e9 incendie SSIAP&nbsp;3 au cours des 36 derniers mois (attest\u00e9 par l\u2019employeur ou le contrat de travail)\u2009;<\/li>\n\n\n\n<li>\u00catre titulaire d\u2019une attestation de secourisme en cours de validit\u00e9 (AFPS ou PSC1 de moins de 2 ans, ou SST ou PSE1 ou CFAPSE).<\/li>\n<\/ul>\n\n\n\n<h2 class=\"wp-block-heading\"><span class=\"ez-toc-section\" id=\"Quel_est_le_programme_du_recyclage_SSIAP_3%E2%80%89\"><\/span>Quel est le programme du recyclage SSIAP&nbsp;3\u2009?<span class=\"ez-toc-section-end\"><\/span><\/h2>\n\n\n\n<p>Voici le contenu du recyclage SSIAP&nbsp;3&nbsp;:<\/p>\n\n\n\n<ul class=\"wp-block-list\">\n<li>R\u00e9glementation S\u00e9curit\u00e9 Incendie&nbsp;: \u00e9volution des textes r\u00e9glementaires (r\u00e8glement de s\u00e9curit\u00e9 dans les ERP, r\u00e8glement de s\u00e9curit\u00e9 dans les IGH, rappel des textes concernant les moyens de secours).<\/li>\n\n\n\n<li>Management de l\u2019\u00e9quipe de s\u00e9curit\u00e9&nbsp;: gestion du personnel et des moyens du service (missions, organiser les rondes, documents du service, contr\u00f4les, proc\u00e9dures et consignes).<\/li>\n\n\n\n<li>Commissions de s\u00e9curit\u00e9&nbsp;: Conna\u00eetre la composition, le r\u00f4le et les relations avec les commissions de s\u00e9curit\u00e9 ainsi que les documents \u00e0 transmettre (exercice pratique de r\u00e9daction d\u2019une notice de s\u00e9curit\u00e9 dans le cadre d\u2019une modification ou d\u2019une utilisation exceptionnelle).<\/li>\n\n\n\n<li>\u00c9tude de cas&nbsp;: Analyse d\u2019un projet de construction : rappel de la m\u00e9thode, lecture de plans, exercice de d\u00e9termination des contraintes r\u00e9glementaires.<\/li>\n<\/ul>\n\n\n\n<h2 class=\"wp-block-heading\"><span class=\"ez-toc-section\" id=\"Comment_le_recyclage_SSIAP_3_est-il_valide%E2%80%89\"><\/span>Comment le recyclage SSIAP&nbsp;3 est-il valid\u00e9\u2009?<span class=\"ez-toc-section-end\"><\/span><\/h2>\n\n\n\n<p>La formation pour le recyclage dure 21 heures et s\u2019\u00e9tale sur 3 jours. \u00c0 la fin de la formation, vous serez soumis \u00e0 un QCM final d\u2019\u00e9valuation. Une fiche attestant de votre pr\u00e9sence \u00e0 l\u2019ensemble du programme est \u00e9galement remplie par les formateurs. Une attestation de recyclage valable 3 ans vous est d\u00e9livr\u00e9e \u00e0 l\u2019issue de la formation. En cas d\u2019\u00e9chec, vous devrez alors participer \u00e0 une remise \u00e0 niveau SSIAP&nbsp;3.<\/p>\n\n\n\n<h3 class=\"wp-block-heading\">Les cours SSIAP&nbsp;3 en ligne<\/h3>\n\n\n\n<p>Pour pr\u00e9parer et valider votre <strong>recyclage SSIAP&nbsp;3<\/strong>, Prepasecu a publi\u00e9 des cours en ligne rassemblant toutes les connaissances du programme SSIAP&nbsp;3, n\u00e9cessaires \u00e0 ma\u00eetriser pour <strong>maintenir votre niveau de qualification<\/strong>. Il vous suffit de s\u00e9lectionner la partie du programme que vous souhaitez r\u00e9viser ou approfondir pour avoir acc\u00e8s au contenu.<\/p>\n\n\n\n<h3 class=\"wp-block-heading\">Les QCM SSIAP&nbsp;3 gratuits<\/h3>\n\n\n\n<p>Afin de v\u00e9rifier votre niveau de connaissances, n\u2019h\u00e9sitez pas \u00e0 vous entra\u00eener gr\u00e2ce aux s\u00e9ries de QCM SSIAP&nbsp;3 gratuites mises \u00e0 votre disposition. Ces QCM ont \u00e9t\u00e9 con\u00e7us par des professionnels et refl\u00e8tent le niveau r\u00e9el d\u2019exigence du SSIAP&nbsp;3.<\/p>\n\n\n\n<h3 class=\"wp-block-heading\">Le lexique et les abr\u00e9viations du SSIAP&nbsp;3<\/h3>\n\n\n\n<p>Le vocabulaire utilis\u00e9 dans le domaine de la s\u00e9curit\u00e9 incendie est tr\u00e8s sp\u00e9cifique et les abr\u00e9viations sont nombreuses. Il est essentiel d\u2019en ma\u00eetriser la signification pour un usage au quotidien avec vos coll\u00e8gues du poste de s\u00e9curit\u00e9 incendie. Pour vous aider, Prepasecu a r\u00e9alis\u00e9 un glossaire que vous pouvez consulter aussi souvent que n\u00e9cessaire.<\/p>\n","protected":false},"excerpt":{"rendered":"<p>Qu&rsquo;est ce que le recyclage du SSIAP&nbsp;3\u2009? Pour conserver sa validit\u00e9, la formation SSIAP&nbsp;3 doit \u00eatre recycl\u00e9e tous les 3 ans. Concr\u00e8tement, cela signifie que le chef de service de s\u00e9curit\u00e9 incendie, titulaire du SSIAP&nbsp;3 doit suivre une formation obligatoire afin d\u2019actualiser ses connaissances. L\u2019objectif du recyclage SSIAP&nbsp;3 est d\u2019assurer le maintien des connaissances th\u00e9oriques [&hellip;]<\/p>\n","protected":false},"author":1,"featured_media":0,"parent":1145,"menu_order":0,"comment_status":"closed","ping_status":"closed","template":"","meta":{"_uag_custom_page_level_css":"","_genesis_hide_title":false,"_genesis_hide_breadcrumbs":true,"_genesis_hide_singular_image":false,"_genesis_hide_footer_widgets":false,"_genesis_custom_body_class":"","_genesis_custom_post_class":"","_genesis_layout":"full-width-content","footnotes":""},"class_list":{"0":"post-1069","1":"page","2":"type-page","3":"status-publish","5":"entry"},"aioseo_notices":[],"featured_image_src":null,"featured_image_src_square":null,"uagb_featured_image_src":{"full":false,"thumbnail":false,"medium":false,"medium_large":false,"large":false,"1536x1536":false,"2048x2048":false,"sidebar-featured":false,"genesis-singular-images":false,"gb-block-post-grid-landscape":false,"gb-block-post-grid-square":false,"yarpp-thumbnail":false},"uagb_author_info":{"display_name":"Matthis","author_link":"https:\/\/prepasecu.fr\/?author=1"},"uagb_comment_info":0,"uagb_excerpt":"Qu&rsquo;est ce que le recyclage du SSIAP&nbsp;3\u2009? Pour conserver sa validit\u00e9, la formation SSIAP&nbsp;3 doit \u00eatre recycl\u00e9e tous les 3 ans. Concr\u00e8tement, cela signifie que le chef de service de s\u00e9curit\u00e9 incendie, titulaire du SSIAP&nbsp;3 doit suivre une formation obligatoire afin d\u2019actualiser ses connaissances. L\u2019objectif du recyclage SSIAP&nbsp;3 est d\u2019assurer le maintien des connaissances th\u00e9oriques\u2026","_links":{"self":[{"href":"https:\/\/prepasecu.fr\/index.php?rest_route=\/wp\/v2\/pages\/1069"}],"collection":[{"href":"https:\/\/prepasecu.fr\/index.php?rest_route=\/wp\/v2\/pages"}],"about":[{"href":"https:\/\/prepasecu.fr\/index.php?rest_route=\/wp\/v2\/types\/page"}],"author":[{"embeddable":true,"href":"https:\/\/prepasecu.fr\/index.php?rest_route=\/wp\/v2\/users\/1"}],"replies":[{"embeddable":true,"href":"https:\/\/prepasecu.fr\/index.php?rest_route=%2Fwp%2Fv2%2Fcomments&post=1069"}],"version-history":[{"count":0,"href":"https:\/\/prepasecu.fr\/index.php?rest_route=\/wp\/v2\/pages\/1069\/revisions"}],"up":[{"embeddable":true,"href":"https:\/\/prepasecu.fr\/index.php?rest_route=\/wp\/v2\/pages\/1145"}],"wp:attachment":[{"href":"https:\/\/prepasecu.fr\/index.php?rest_route=%2Fwp%2Fv2%2Fmedia&parent=1069"}],"curies":[{"name":"wp","href":"https:\/\/api.w.org\/{rel}","templated":true}]}}