{"id":1064,"date":"2021-01-06T14:07:28","date_gmt":"2021-01-06T13:07:28","guid":{"rendered":"https:\/\/preprod.prepasecu.fr\/?page_id=1064"},"modified":"2024-09-23T16:44:01","modified_gmt":"2024-09-23T14:44:01","slug":"cours-ssiap-3-en-ligne","status":"publish","type":"page","link":"https:\/\/prepasecu.fr\/ssiap-3\/cours","title":{"rendered":"Cours SSIAP 3 en ligne"},"content":{"rendered":"\n<p>Gr\u00e2ce \u00e0 ses <strong>cours en ligne SSIAP 3<\/strong> accessibles 24\/24h et 7\/7j, Prepasecu vous accompagne dans votre formation pour <strong>pr\u00e9parer et r\u00e9ussir le SSIAP 3<\/strong>. Le SSIAP 3 est le dernier \u00e9chelon de la certification Service de S\u00e9curit\u00e9 Incendie et d\u2019Assistance \u00e0 Personnes. <strong>\u00catre titulaire SSIAP 3<\/strong> permet d\u2019acc\u00e9der \u00e0 la profession de <strong>chef de service de s\u00e9curit\u00e9 incendie et d&rsquo;assistance \u00e0 personnes <\/strong>dont la mission est de diriger un service de s\u00e9curit\u00e9 incendie en appliquant la r\u00e9glementation des ERP (\u00c9tablissements Recevant du Public) et des IGH (Immeubles de Grande Hauteur). Pour entrer en formation SSIAP 3, plusieurs conditions pr\u00e9alables doivent \u00eatre remplies&nbsp;:<\/p>\n\n\n\n<ul class=\"wp-block-list\">\n<li>\u00catre titulaire de l&rsquo;une des attestations de formation au secourisme suivantes :&nbsp;<br>AFPS ou PSC 1, de moins de deux ans ou sauveteur secouriste du travail (SST) ou PSE 1, en cours de validit\u00e9 ;<\/li>\n\n\n\n<li>Disposer d&rsquo;un dipl\u00f4me de niveau 4 minimum, qui peut \u00eatre obtenu par la validation des acquis de l&rsquo;exp\u00e9rience ;&nbsp;<\/li>\n\n\n\n<li>\u00catre titulaire du dipl\u00f4me de SSIAP 2 ou d&rsquo;ERP 2 ou d&rsquo;IGH 2 d\u00e9livr\u00e9 avant le 31 d\u00e9cembre 2005 et justifier de trois ans d&rsquo;exp\u00e9rience de la fonction. Cette exp\u00e9rience professionnelle doit \u00eatre attest\u00e9e soit par l&#8217;employeur, soit par la pr\u00e9sentation du contrat de travail.&nbsp;<\/li>\n<\/ul>\n\n\n\n<p>Les cours en ligne SSIAP 3 Prepasecu vous permettent de r\u00e9viser l\u2019ensemble du programme p\u00e9dagogique de la formation SSIAP 3, dont voici les grands axes&nbsp;:<\/p>\n\n\n\n<h2 class=\"wp-block-heading\">Le contenu des cours SSIAP 3 en ligne<\/h2>\n\n\n\n<h3 class=\"wp-block-heading\">Partie&nbsp;1 : Le feu et ses cons\u00e9quences<\/h3>\n\n\n\n<ol class=\"wp-block-list\" type=\"1\">\n<li>Le feu<\/li>\n\n\n\n<li>Comportement au feu<\/li>\n\n\n\n<li>Mise en \u0153uvre des moyens d\u2019extinction<\/li>\n<\/ol>\n\n\n\n<h3 class=\"wp-block-heading\">Partie&nbsp;2 : La s\u00e9curit\u00e9 incendie et les b\u00e2timents<\/h3>\n\n\n\n<ol class=\"wp-block-list\" type=\"1\">\n<li>Mat\u00e9riaux de construction<\/li>\n\n\n\n<li>\u00c9tudes de plans<\/li>\n\n\n\n<li>Outils d\u2019analyse<\/li>\n<\/ol>\n\n\n\n<h3 class=\"wp-block-heading\"><strong>Partie&nbsp;3 : <\/strong>La r\u00e9glementation incendie<\/h3>\n\n\n\n<ol class=\"wp-block-list\" type=\"1\">\n<li>Organisation g\u00e9n\u00e9rale de la r\u00e9glementation<\/li>\n\n\n\n<li>Classement des b\u00e2timents<\/li>\n\n\n\n<li>Dispositions constructives et techniques<\/li>\n\n\n\n<li>Moyens de secours<\/li>\n\n\n\n<li>Visites<\/li>\n\n\n\n<li>Notions relatives \u00e0 l\u2019accessibilit\u00e9 des personnes handicap\u00e9es<\/li>\n<\/ol>\n\n\n\n<h3 class=\"wp-block-heading\"><strong>Partie&nbsp;4 : <\/strong>Gestion des risques<\/h3>\n\n\n\n<ol class=\"wp-block-list\" type=\"1\">\n<li>Analyse des risques<\/li>\n\n\n\n<li>R\u00e9alisation des travaux de s\u00e9curit\u00e9<\/li>\n\n\n\n<li>Documents administratifs<\/li>\n\n\n\n<li><\/li>\n<\/ol>\n\n\n\n<h3 class=\"wp-block-heading\"><strong>Partie 5&nbsp;: <\/strong>Conseil au chef d\u2019\u00e9tablissement<\/h3>\n\n\n\n<ol class=\"wp-block-list\" type=\"1\">\n<li>Information de la hi\u00e9rarchie<\/li>\n\n\n\n<li>Veille r\u00e9glementaire<\/li>\n<\/ol>\n\n\n\n<h3 class=\"wp-block-heading\"><strong>Partie 6&nbsp;: <\/strong>Correspondant des commissions de s\u00e9curit\u00e9<\/h3>\n\n\n\n<ol class=\"wp-block-list\" type=\"1\">\n<li>Les commissions de s\u00e9curit\u00e9<\/li>\n<\/ol>\n\n\n\n<h3 class=\"wp-block-heading\"><strong>Partie&nbsp;7 : <\/strong>Le management de l\u2019\u00e9quipe de s\u00e9curit\u00e9<\/h3>\n\n\n\n<ol class=\"wp-block-list\" type=\"1\">\n<li>Organiser le service<\/li>\n\n\n\n<li>Exercer la fonction d\u2019encadrement<\/li>\n\n\n\n<li>Notions de droit du travail<\/li>\n\n\n\n<li>Notions de droit civil et p\u00e9nal<\/li>\n<\/ol>\n\n\n\n<h3 class=\"wp-block-heading\"><strong>Partie 8&nbsp;: <\/strong>Le budget du service de s\u00e9curit\u00e9<\/h3>\n\n\n\n<ol class=\"wp-block-list\" type=\"1\">\n<li>Suivi budg\u00e9taire du service<\/li>\n\n\n\n<li>Fonction achat<\/li>\n\n\n\n<li>Fonction maintenance<\/li>\n<\/ol>\n","protected":false},"excerpt":{"rendered":"<p>Gr\u00e2ce \u00e0 ses cours en ligne SSIAP 3 accessibles 24\/24h et 7\/7j, Prepasecu vous accompagne dans votre formation pour pr\u00e9parer et r\u00e9ussir le SSIAP 3. Le SSIAP 3 est le dernier \u00e9chelon de la certification Service de S\u00e9curit\u00e9 Incendie et d\u2019Assistance \u00e0 Personnes. \u00catre titulaire SSIAP 3 permet d\u2019acc\u00e9der \u00e0 la profession de chef de [&hellip;]<\/p>\n","protected":false},"author":1,"featured_media":0,"parent":1145,"menu_order":0,"comment_status":"closed","ping_status":"closed","template":"","meta":{"_uag_custom_page_level_css":"","_genesis_hide_title":false,"_genesis_hide_breadcrumbs":false,"_genesis_hide_singular_image":false,"_genesis_hide_footer_widgets":false,"_genesis_custom_body_class":"","_genesis_custom_post_class":"","_genesis_layout":"full-width-content","footnotes":""},"class_list":{"0":"post-1064","1":"page","2":"type-page","3":"status-publish","5":"entry"},"aioseo_notices":[],"featured_image_src":null,"featured_image_src_square":null,"uagb_featured_image_src":{"full":false,"thumbnail":false,"medium":false,"medium_large":false,"large":false,"1536x1536":false,"2048x2048":false,"sidebar-featured":false,"genesis-singular-images":false,"gb-block-post-grid-landscape":false,"gb-block-post-grid-square":false,"yarpp-thumbnail":false},"uagb_author_info":{"display_name":"Matthis","author_link":"https:\/\/prepasecu.fr\/?author=1"},"uagb_comment_info":0,"uagb_excerpt":"Gr\u00e2ce \u00e0 ses cours en ligne SSIAP 3 accessibles 24\/24h et 7\/7j, Prepasecu vous accompagne dans votre formation pour pr\u00e9parer et r\u00e9ussir le SSIAP 3. Le SSIAP 3 est le dernier \u00e9chelon de la certification Service de S\u00e9curit\u00e9 Incendie et d\u2019Assistance \u00e0 Personnes. \u00catre titulaire SSIAP 3 permet d\u2019acc\u00e9der \u00e0 la profession de chef de\u2026","_links":{"self":[{"href":"https:\/\/prepasecu.fr\/index.php?rest_route=\/wp\/v2\/pages\/1064"}],"collection":[{"href":"https:\/\/prepasecu.fr\/index.php?rest_route=\/wp\/v2\/pages"}],"about":[{"href":"https:\/\/prepasecu.fr\/index.php?rest_route=\/wp\/v2\/types\/page"}],"author":[{"embeddable":true,"href":"https:\/\/prepasecu.fr\/index.php?rest_route=\/wp\/v2\/users\/1"}],"replies":[{"embeddable":true,"href":"https:\/\/prepasecu.fr\/index.php?rest_route=%2Fwp%2Fv2%2Fcomments&post=1064"}],"version-history":[{"count":0,"href":"https:\/\/prepasecu.fr\/index.php?rest_route=\/wp\/v2\/pages\/1064\/revisions"}],"up":[{"embeddable":true,"href":"https:\/\/prepasecu.fr\/index.php?rest_route=\/wp\/v2\/pages\/1145"}],"wp:attachment":[{"href":"https:\/\/prepasecu.fr\/index.php?rest_route=%2Fwp%2Fv2%2Fmedia&parent=1064"}],"curies":[{"name":"wp","href":"https:\/\/api.w.org\/{rel}","templated":true}]}}