{"id":1062,"date":"2021-01-06T14:05:25","date_gmt":"2021-01-06T13:05:25","guid":{"rendered":"https:\/\/preprod.prepasecu.fr\/?page_id=1062"},"modified":"2024-11-05T21:58:34","modified_gmt":"2024-11-05T20:58:34","slug":"referentiel-pedagogique-ssiap-3-version-2021","status":"publish","type":"page","link":"https:\/\/prepasecu.fr\/ssiap-3\/formation-initiale\/referentiel-pedagogique-2024","title":{"rendered":"R\u00e9f\u00e9rentiel p\u00e9dagogique SSIAP 3 &#8211; Version 2024"},"content":{"rendered":"\n<div id=\"ez-toc-container\" class=\"ez-toc-v2_0_50 counter-hierarchy ez-toc-counter ez-toc-grey ez-toc-container-direction\">\n<div class=\"ez-toc-title-container\">\n<p class=\"ez-toc-title\">Sommaire<\/p>\n<span class=\"ez-toc-title-toggle\"><a href=\"#\" class=\"ez-toc-pull-right ez-toc-btn ez-toc-btn-xs ez-toc-btn-default ez-toc-toggle\" aria-label=\"Toggle Table of Content\" role=\"button\"><label for=\"item-69d5b91546390\" aria-hidden=\"true\"><span style=\"display: flex;align-items: center;width: 35px;height: 30px;justify-content: center;direction:ltr;\"><svg style=\"fill: #999;color:#999\" xmlns=\"http:\/\/www.w3.org\/2000\/svg\" class=\"list-377408\" width=\"20px\" height=\"20px\" viewBox=\"0 0 24 24\" fill=\"none\"><path d=\"M6 6H4v2h2V6zm14 0H8v2h12V6zM4 11h2v2H4v-2zm16 0H8v2h12v-2zM4 16h2v2H4v-2zm16 0H8v2h12v-2z\" fill=\"currentColor\"><\/path><\/svg><svg style=\"fill: #999;color:#999\" class=\"arrow-unsorted-368013\" xmlns=\"http:\/\/www.w3.org\/2000\/svg\" width=\"10px\" height=\"10px\" viewBox=\"0 0 24 24\" version=\"1.2\" baseProfile=\"tiny\"><path d=\"M18.2 9.3l-6.2-6.3-6.2 6.3c-.2.2-.3.4-.3.7s.1.5.3.7c.2.2.4.3.7.3h11c.3 0 .5-.1.7-.3.2-.2.3-.5.3-.7s-.1-.5-.3-.7zM5.8 14.7l6.2 6.3 6.2-6.3c.2-.2.3-.5.3-.7s-.1-.5-.3-.7c-.2-.2-.4-.3-.7-.3h-11c-.3 0-.5.1-.7.3-.2.2-.3.5-.3.7s.1.5.3.7z\"\/><\/svg><\/span><\/label><input  type=\"checkbox\" id=\"item-69d5b91546390\"><\/a><\/span><\/div>\n<nav><ul class='ez-toc-list ez-toc-list-level-1 ' ><li class='ez-toc-page-1 ez-toc-heading-level-2'><a class=\"ez-toc-link ez-toc-heading-1\" href=\"https:\/\/prepasecu.fr\/ssiap-3\/formation-initiale\/referentiel-pedagogique-2024\/#Les_points_principaux_du_programme_pedagogique_de_la_formation_SSIAP_3\" title=\"Les points principaux du programme p\u00e9dagogique de la formation SSIAP&nbsp;3\">Les points principaux du programme p\u00e9dagogique de la formation SSIAP&nbsp;3<\/a><\/li><li class='ez-toc-page-1 ez-toc-heading-level-2'><a class=\"ez-toc-link ez-toc-heading-2\" href=\"https:\/\/prepasecu.fr\/ssiap-3\/formation-initiale\/referentiel-pedagogique-2024\/#1ere_partie_Le_feu_et_ses_consequences\" title=\"1\u00e8re partie&nbsp;: Le feu et ses cons\u00e9quences\">1\u00e8re partie&nbsp;: Le feu et ses cons\u00e9quences<\/a><\/li><li class='ez-toc-page-1 ez-toc-heading-level-2'><a class=\"ez-toc-link ez-toc-heading-3\" href=\"https:\/\/prepasecu.fr\/ssiap-3\/formation-initiale\/referentiel-pedagogique-2024\/#2e_partie_La_securite_incendie_et_les_batiments\" title=\"2e partie&nbsp;: La s\u00e9curit\u00e9 incendie et les b\u00e2timents\">2e partie&nbsp;: La s\u00e9curit\u00e9 incendie et les b\u00e2timents<\/a><\/li><li class='ez-toc-page-1 ez-toc-heading-level-2'><a class=\"ez-toc-link ez-toc-heading-4\" href=\"https:\/\/prepasecu.fr\/ssiap-3\/formation-initiale\/referentiel-pedagogique-2024\/#3e_partie_La_reglementation_incendie\" title=\"3e partie&nbsp;: La r\u00e9glementation incendie\">3e partie&nbsp;: La r\u00e9glementation incendie<\/a><\/li><li class='ez-toc-page-1 ez-toc-heading-level-2'><a class=\"ez-toc-link ez-toc-heading-5\" href=\"https:\/\/prepasecu.fr\/ssiap-3\/formation-initiale\/referentiel-pedagogique-2024\/#4e_partie_Gestion_des_risques\" title=\"4e partie&nbsp;: Gestion des risques\">4e partie&nbsp;: Gestion des risques<\/a><\/li><li class='ez-toc-page-1 ez-toc-heading-level-2'><a class=\"ez-toc-link ez-toc-heading-6\" href=\"https:\/\/prepasecu.fr\/ssiap-3\/formation-initiale\/referentiel-pedagogique-2024\/#5e_partie_Conseil_au_chef_d%E2%80%99etablissement\" title=\"5e partie&nbsp;: Conseil au chef d\u2019\u00e9tablissement\">5e partie&nbsp;: Conseil au chef d\u2019\u00e9tablissement<\/a><\/li><li class='ez-toc-page-1 ez-toc-heading-level-2'><a class=\"ez-toc-link ez-toc-heading-7\" href=\"https:\/\/prepasecu.fr\/ssiap-3\/formation-initiale\/referentiel-pedagogique-2024\/#6e_partie_Correspondant_des_commissions_de_securite\" title=\"6e partie&nbsp;: Correspondant des commissions de s\u00e9curit\u00e9\">6e partie&nbsp;: Correspondant des commissions de s\u00e9curit\u00e9<\/a><\/li><li class='ez-toc-page-1 ez-toc-heading-level-2'><a class=\"ez-toc-link ez-toc-heading-8\" href=\"https:\/\/prepasecu.fr\/ssiap-3\/formation-initiale\/referentiel-pedagogique-2024\/#7e_partie_Le_management_de_l%E2%80%99equipe_de_securite\" title=\"7e partie&nbsp;: Le management de l\u2019\u00e9quipe de s\u00e9curit\u00e9\">7e partie&nbsp;: Le management de l\u2019\u00e9quipe de s\u00e9curit\u00e9<\/a><\/li><li class='ez-toc-page-1 ez-toc-heading-level-2'><a class=\"ez-toc-link ez-toc-heading-9\" href=\"https:\/\/prepasecu.fr\/ssiap-3\/formation-initiale\/referentiel-pedagogique-2024\/#8e_partie_Le_budget_du_service_de_securite\" title=\"8e partie&nbsp;: Le budget du service de s\u00e9curit\u00e9\">8e partie&nbsp;: Le budget du service de s\u00e9curit\u00e9<\/a><\/li><li class='ez-toc-page-1 ez-toc-heading-level-2'><a class=\"ez-toc-link ez-toc-heading-10\" href=\"https:\/\/prepasecu.fr\/ssiap-3\/formation-initiale\/referentiel-pedagogique-2024\/#L%E2%80%99evaluation_de_la_formation\" title=\"L\u2019\u00e9valuation de la formation\">L\u2019\u00e9valuation de la formation<\/a><\/li><\/ul><\/nav><\/div>\n<h2 class=\"wp-block-heading\"><span class=\"ez-toc-section\" id=\"Les_points_principaux_du_programme_pedagogique_de_la_formation_SSIAP_3\"><\/span>Les points principaux du programme p\u00e9dagogique de la formation SSIAP&nbsp;3<span class=\"ez-toc-section-end\"><\/span><\/h2>\n\n\n\n<p>Pour \u00eatre <strong>titulaire du SSIAP&nbsp;3<\/strong> et devenir <strong>chef de service de s\u00e9curit\u00e9 incendie<\/strong>, il est obligatoire de <strong>valider la certification SSIAP&nbsp;3<\/strong> par un examen. Les <strong>\u00e9preuves du SSIAP&nbsp;3<\/strong> sont exigeantes, \u00e0 l\u2019image du programme p\u00e9dagogique extr\u00eamement dense et complet. Pour <strong>r\u00e9ussir l\u2019examen du SSIAP&nbsp;3<\/strong>, il est essentiel de se former et d\u2019\u00eatre accompagn\u00e9. Pour vous familiariser avec les \u00e9preuves, Prepasecu met \u00e0 votre disposition <strong>des s\u00e9ries de QCM gratuites<\/strong> ainsi que des cas pratiques pour vous <strong>entra\u00eener sans frais<\/strong> aux \u00e9preuves du SSIAP&nbsp;3. Gr\u00e2ce \u00e0 ces entra\u00eenements gratuits, au programme complet du SSIAP&nbsp;3 et au lexique sp\u00e9cifique, tous les deux accessibles en ligne, vous disposez des bons outils pour <strong>pr\u00e9parer le SSIAP&nbsp;3<\/strong>. Pour vous aider \u00e0 r\u00e9viser et pour avoir une id\u00e9e g\u00e9n\u00e9rale du contenu de la formation SSIAP&nbsp;3, voici les points principaux du programme p\u00e9dagogique du SSIAP&nbsp;3 dont vous trouverez le d\u00e9tail en cliquant ici.<\/p>\n\n\n\n<h2 class=\"wp-block-heading\"><span class=\"ez-toc-section\" id=\"1ere_partie_Le_feu_et_ses_consequences\"><\/span>1\u00e8re partie&nbsp;: Le feu et ses cons\u00e9quences<span class=\"ez-toc-section-end\"><\/span><\/h2>\n\n\n\n<p>Dur\u00e9e&nbsp;: 12 heures \/ 3 s\u00e9quences<\/p>\n\n\n\n<ul class=\"wp-block-list\">\n<li>Le feu<\/li>\n\n\n\n<li>Comportement au feu<\/li>\n\n\n\n<li>Mise en \u0153uvre des moyens d\u2019extinction<\/li>\n<\/ul>\n\n\n\n<h2 class=\"wp-block-heading\"><span class=\"ez-toc-section\" id=\"2e_partie_La_securite_incendie_et_les_batiments\"><\/span>2e partie&nbsp;: La s\u00e9curit\u00e9 incendie et les b\u00e2timents<span class=\"ez-toc-section-end\"><\/span><\/h2>\n\n\n\n<p>Dur\u00e9e&nbsp;: 65 heures \/ 3 s\u00e9quences<\/p>\n\n\n\n<ul class=\"wp-block-list\">\n<li>Mat\u00e9riaux de construction<\/li>\n\n\n\n<li>\u00c9tudes de plans<\/li>\n\n\n\n<li>Outils d\u2019analyse<\/li>\n<\/ul>\n\n\n\n<h2 class=\"wp-block-heading\"><span class=\"ez-toc-section\" id=\"3e_partie_La_reglementation_incendie\"><\/span><strong>3e partie&nbsp;: <\/strong>La r\u00e9glementation incendie<span class=\"ez-toc-section-end\"><\/span><\/h2>\n\n\n\n<p>Dur\u00e9e&nbsp;: 70 heures \/ 6 s\u00e9quences<\/p>\n\n\n\n<ul class=\"wp-block-list\">\n<li>Organisation g\u00e9n\u00e9rale de la r\u00e9glementation<\/li>\n\n\n\n<li>Classement des b\u00e2timents<\/li>\n\n\n\n<li>Dispositions constructives et techniques<\/li>\n\n\n\n<li>Moyens de secours<\/li>\n\n\n\n<li>Visites<\/li>\n\n\n\n<li>Notions relatives \u00e0 l\u2019accessibilit\u00e9 des personnes handicap\u00e9es<\/li>\n<\/ul>\n\n\n\n<h2 class=\"wp-block-heading\"><span class=\"ez-toc-section\" id=\"4e_partie_Gestion_des_risques\"><\/span><strong>4e partie&nbsp;: <\/strong>Gestion des risques<span class=\"ez-toc-section-end\"><\/span><\/h2>\n\n\n\n<p>Dur\u00e9e&nbsp;: 23 heures \/ 3 s\u00e9quences<\/p>\n\n\n\n<ul class=\"wp-block-list\">\n<li>Analyse des risques<\/li>\n\n\n\n<li>R\u00e9alisation des travaux de s\u00e9curit\u00e9<\/li>\n\n\n\n<li>Documents administratifs<\/li>\n<\/ul>\n\n\n\n<h2 class=\"wp-block-heading\"><span class=\"ez-toc-section\" id=\"5e_partie_Conseil_au_chef_d%E2%80%99etablissement\"><\/span><strong>5e partie&nbsp;: <\/strong>Conseil au chef d\u2019\u00e9tablissement<span class=\"ez-toc-section-end\"><\/span><\/h2>\n\n\n\n<p>Dur\u00e9e&nbsp;: 6 heures \/ 2 s\u00e9quences<\/p>\n\n\n\n<ul class=\"wp-block-list\">\n<li>Information de la hi\u00e9rarchie<\/li>\n\n\n\n<li>Veille r\u00e9glementaire<\/li>\n<\/ul>\n\n\n\n<h2 class=\"wp-block-heading\"><span class=\"ez-toc-section\" id=\"6e_partie_Correspondant_des_commissions_de_securite\"><\/span><strong>6e partie&nbsp;: <\/strong>Correspondant des commissions de s\u00e9curit\u00e9<span class=\"ez-toc-section-end\"><\/span><\/h2>\n\n\n\n<p>Dur\u00e9e&nbsp;: 6 heures \/ 1 s\u00e9quence<\/p>\n\n\n\n<ul class=\"wp-block-list\">\n<li>Les commissions de s\u00e9curit\u00e9<\/li>\n<\/ul>\n\n\n\n<h2 class=\"wp-block-heading\"><span class=\"ez-toc-section\" id=\"7e_partie_Le_management_de_l%E2%80%99equipe_de_securite\"><\/span><strong>7e partie&nbsp;: <\/strong>Le management de l\u2019\u00e9quipe de s\u00e9curit\u00e9<span class=\"ez-toc-section-end\"><\/span><\/h2>\n\n\n\n<p>Dur\u00e9e&nbsp;: 26 heures \/ 4 s\u00e9quences<\/p>\n\n\n\n<ul class=\"wp-block-list\">\n<li>Organiser le service<\/li>\n\n\n\n<li>Exercer la fonction d\u2019encadrement<\/li>\n\n\n\n<li>Notions de droit du travail<\/li>\n\n\n\n<li>Notions de droit civil et p\u00e9nal<\/li>\n<\/ul>\n\n\n\n<h2 class=\"wp-block-heading\"><span class=\"ez-toc-section\" id=\"8e_partie_Le_budget_du_service_de_securite\"><\/span><strong>8e partie&nbsp;: <\/strong>Le budget du service de s\u00e9curit\u00e9<span class=\"ez-toc-section-end\"><\/span><\/h2>\n\n\n\n<p>Dur\u00e9e&nbsp;: 8 heures \/ 3 s\u00e9quences<\/p>\n\n\n\n<ul class=\"wp-block-list\">\n<li>Suivi budg\u00e9taire du service<\/li>\n\n\n\n<li>Fonction achat<\/li>\n\n\n\n<li>Fonction maintenance<\/li>\n<\/ul>\n\n\n\n<h2 class=\"wp-block-heading\"><span class=\"ez-toc-section\" id=\"L%E2%80%99evaluation_de_la_formation\"><\/span>L\u2019\u00e9valuation de la formation<span class=\"ez-toc-section-end\"><\/span><\/h2>\n\n\n\n<p>L\u2019examen du SSIAP&nbsp;3 se compose de deux \u00e9preuves \u00e9crites&nbsp;:<\/p>\n\n\n\n<ul class=\"wp-block-list\">\n<li>Un QCM de 40 questions<\/li>\n\n\n\n<li>La r\u00e9daction d\u2019une notice technique de s\u00e9curit\u00e9 \u00e0 partir de plans portant sur un groupement d\u2019\u00e9tablissements non isol\u00e9s de 1\u00e8re ou 2<sup>e<\/sup> cat\u00e9gorie.<\/li>\n<\/ul>\n\n\n\n<p>L\u2019\u00e9preuve orale se d\u00e9roule sous la forme d\u2019un entretien de 15 minutes avec un jury qui \u00e9value les comp\u00e9tences du candidat.<\/p>\n","protected":false},"excerpt":{"rendered":"<p>Les points principaux du programme p\u00e9dagogique de la formation SSIAP&nbsp;3 Pour \u00eatre titulaire du SSIAP&nbsp;3 et devenir chef de service de s\u00e9curit\u00e9 incendie, il est obligatoire de valider la certification SSIAP&nbsp;3 par un examen. Les \u00e9preuves du SSIAP&nbsp;3 sont exigeantes, \u00e0 l\u2019image du programme p\u00e9dagogique extr\u00eamement dense et complet. Pour r\u00e9ussir l\u2019examen du SSIAP&nbsp;3, il [&hellip;]<\/p>\n","protected":false},"author":1,"featured_media":0,"parent":1145,"menu_order":0,"comment_status":"closed","ping_status":"closed","template":"","meta":{"_uag_custom_page_level_css":"","_genesis_hide_title":false,"_genesis_hide_breadcrumbs":false,"_genesis_hide_singular_image":false,"_genesis_hide_footer_widgets":false,"_genesis_custom_body_class":"","_genesis_custom_post_class":"","_genesis_layout":"","footnotes":""},"class_list":{"0":"post-1062","1":"page","2":"type-page","3":"status-publish","5":"entry"},"aioseo_notices":[],"featured_image_src":null,"featured_image_src_square":null,"uagb_featured_image_src":{"full":false,"thumbnail":false,"medium":false,"medium_large":false,"large":false,"1536x1536":false,"2048x2048":false,"sidebar-featured":false,"genesis-singular-images":false,"gb-block-post-grid-landscape":false,"gb-block-post-grid-square":false,"yarpp-thumbnail":false},"uagb_author_info":{"display_name":"Matthis","author_link":"https:\/\/prepasecu.fr\/?author=1"},"uagb_comment_info":0,"uagb_excerpt":"Les points principaux du programme p\u00e9dagogique de la formation SSIAP&nbsp;3 Pour \u00eatre titulaire du SSIAP&nbsp;3 et devenir chef de service de s\u00e9curit\u00e9 incendie, il est obligatoire de valider la certification SSIAP&nbsp;3 par un examen. Les \u00e9preuves du SSIAP&nbsp;3 sont exigeantes, \u00e0 l\u2019image du programme p\u00e9dagogique extr\u00eamement dense et complet. Pour r\u00e9ussir l\u2019examen du SSIAP&nbsp;3, il\u2026","_links":{"self":[{"href":"https:\/\/prepasecu.fr\/index.php?rest_route=\/wp\/v2\/pages\/1062"}],"collection":[{"href":"https:\/\/prepasecu.fr\/index.php?rest_route=\/wp\/v2\/pages"}],"about":[{"href":"https:\/\/prepasecu.fr\/index.php?rest_route=\/wp\/v2\/types\/page"}],"author":[{"embeddable":true,"href":"https:\/\/prepasecu.fr\/index.php?rest_route=\/wp\/v2\/users\/1"}],"replies":[{"embeddable":true,"href":"https:\/\/prepasecu.fr\/index.php?rest_route=%2Fwp%2Fv2%2Fcomments&post=1062"}],"version-history":[{"count":0,"href":"https:\/\/prepasecu.fr\/index.php?rest_route=\/wp\/v2\/pages\/1062\/revisions"}],"up":[{"embeddable":true,"href":"https:\/\/prepasecu.fr\/index.php?rest_route=\/wp\/v2\/pages\/1145"}],"wp:attachment":[{"href":"https:\/\/prepasecu.fr\/index.php?rest_route=%2Fwp%2Fv2%2Fmedia&parent=1062"}],"curies":[{"name":"wp","href":"https:\/\/api.w.org\/{rel}","templated":true}]}}