{"id":1049,"date":"2021-01-04T17:27:56","date_gmt":"2021-01-04T16:27:56","guid":{"rendered":"https:\/\/preprod.prepasecu.fr\/?page_id=1049"},"modified":"2023-07-03T14:49:02","modified_gmt":"2023-07-03T12:49:02","slug":"tfp-asc-entrainez-vous-gratuitement-aux-qcu-en-ligne","status":"publish","type":"page","link":"https:\/\/prepasecu.fr\/tfp-asc\/qcu\/entrainement\/gratuit","title":{"rendered":"TFP ASC : Entra\u00eenez-vous gratuitement aux QCU en ligne"},"content":{"rendered":"\n<div id=\"ez-toc-container\" class=\"ez-toc-v2_0_50 counter-hierarchy ez-toc-counter ez-toc-grey ez-toc-container-direction\">\n<div class=\"ez-toc-title-container\">\n<p class=\"ez-toc-title\">Sommaire<\/p>\n<span class=\"ez-toc-title-toggle\"><a href=\"#\" class=\"ez-toc-pull-right ez-toc-btn ez-toc-btn-xs ez-toc-btn-default ez-toc-toggle\" aria-label=\"Toggle Table of Content\" role=\"button\"><label for=\"item-69e4d0f4da385\" aria-hidden=\"true\"><span style=\"display: flex;align-items: center;width: 35px;height: 30px;justify-content: center;direction:ltr;\"><svg style=\"fill: #999;color:#999\" xmlns=\"http:\/\/www.w3.org\/2000\/svg\" class=\"list-377408\" width=\"20px\" height=\"20px\" viewBox=\"0 0 24 24\" fill=\"none\"><path d=\"M6 6H4v2h2V6zm14 0H8v2h12V6zM4 11h2v2H4v-2zm16 0H8v2h12v-2zM4 16h2v2H4v-2zm16 0H8v2h12v-2z\" fill=\"currentColor\"><\/path><\/svg><svg style=\"fill: #999;color:#999\" class=\"arrow-unsorted-368013\" xmlns=\"http:\/\/www.w3.org\/2000\/svg\" width=\"10px\" height=\"10px\" viewBox=\"0 0 24 24\" version=\"1.2\" baseProfile=\"tiny\"><path d=\"M18.2 9.3l-6.2-6.3-6.2 6.3c-.2.2-.3.4-.3.7s.1.5.3.7c.2.2.4.3.7.3h11c.3 0 .5-.1.7-.3.2-.2.3-.5.3-.7s-.1-.5-.3-.7zM5.8 14.7l6.2 6.3 6.2-6.3c.2-.2.3-.5.3-.7s-.1-.5-.3-.7c-.2-.2-.4-.3-.7-.3h-11c-.3 0-.5.1-.7.3-.2.2-.3.5-.3.7s.1.5.3.7z\"\/><\/svg><\/span><\/label><input  type=\"checkbox\" id=\"item-69e4d0f4da385\"><\/a><\/span><\/div>\n<nav><ul class='ez-toc-list ez-toc-list-level-1 ' ><li class='ez-toc-page-1 ez-toc-heading-level-2'><a class=\"ez-toc-link ez-toc-heading-1\" href=\"https:\/\/prepasecu.fr\/tfp-asc\/qcu\/entrainement\/gratuit\/#S%E2%80%99entrainer_gratuitement_aux_QCU_de_l%E2%80%99examen_du_TFP_ASC\" title=\"S\u2019entra\u00eener gratuitement aux QCU de l\u2019examen du TFP ASC&nbsp;\">S\u2019entra\u00eener gratuitement aux QCU de l\u2019examen du TFP ASC&nbsp;<\/a><ul class='ez-toc-list-level-3'><li class='ez-toc-heading-level-3'><a class=\"ez-toc-link ez-toc-heading-2\" href=\"https:\/\/prepasecu.fr\/tfp-asc\/qcu\/entrainement\/gratuit\/#QCU_TFP_ASC_%E2%80%93_Serie_n%C2%B01_%F0%9F%91%87\" title=\"QCU TFP ASC \u2013 S\u00e9rie n\u00b01 \ud83d\udc47\">QCU TFP ASC \u2013 S\u00e9rie n\u00b01 \ud83d\udc47<\/a><\/li><li class='ez-toc-page-1 ez-toc-heading-level-3'><a class=\"ez-toc-link ez-toc-heading-3\" href=\"https:\/\/prepasecu.fr\/tfp-asc\/qcu\/entrainement\/gratuit\/#QCU_TFP_ASC_%E2%80%93_Serie_n%C2%B02_%F0%9F%91%87\" title=\"QCU TFP ASC \u2013 S\u00e9rie n\u00b02 \ud83d\udc47\">QCU TFP ASC \u2013 S\u00e9rie n\u00b02 \ud83d\udc47<\/a><\/li><li class='ez-toc-page-1 ez-toc-heading-level-3'><a class=\"ez-toc-link ez-toc-heading-4\" href=\"https:\/\/prepasecu.fr\/tfp-asc\/qcu\/entrainement\/gratuit\/#QCU_TFP_ASC_%E2%80%93_Serie_n%C2%B03_%F0%9F%91%87\" title=\"QCU TFP ASC \u2013 S\u00e9rie n\u00b03 \ud83d\udc47\">QCU TFP ASC \u2013 S\u00e9rie n\u00b03 \ud83d\udc47<\/a><\/li><\/ul><\/li><li class='ez-toc-page-1 ez-toc-heading-level-2'><a class=\"ez-toc-link ez-toc-heading-5\" href=\"https:\/\/prepasecu.fr\/tfp-asc\/qcu\/entrainement\/gratuit\/#En_quoi_consiste_l%E2%80%99examen_du_TFP_ASC%E2%80%89\" title=\"En quoi consiste l\u2019examen du TFP ASC\u2009?\">En quoi consiste l\u2019examen du TFP ASC\u2009?<\/a><\/li><li class='ez-toc-page-1 ez-toc-heading-level-2'><a class=\"ez-toc-link ez-toc-heading-6\" href=\"https:\/\/prepasecu.fr\/tfp-asc\/qcu\/entrainement\/gratuit\/#L%E2%80%99epreuve_theorique_du_TFP_ASC_les_QCU\" title=\"L\u2019\u00e9preuve th\u00e9orique du TFP ASC&nbsp;: les QCU\">L\u2019\u00e9preuve th\u00e9orique du TFP ASC&nbsp;: les QCU<\/a><\/li><li class='ez-toc-page-1 ez-toc-heading-level-2'><a class=\"ez-toc-link ez-toc-heading-7\" href=\"https:\/\/prepasecu.fr\/tfp-asc\/qcu\/entrainement\/gratuit\/#Ces_contenus_peuvent_aussi_vous_interesser_%F0%9F%91%87\" title=\"Ces contenus peuvent aussi vous int\u00e9resser \ud83d\udc47\">Ces contenus peuvent aussi vous int\u00e9resser \ud83d\udc47<\/a><\/li><\/ul><\/nav><\/div>\n<h2 class=\"wp-block-heading\"><span class=\"ez-toc-section\" id=\"S%E2%80%99entrainer_gratuitement_aux_QCU_de_l%E2%80%99examen_du_TFP_ASC\"><\/span>S\u2019entra\u00eener gratuitement aux QCU de l\u2019examen du TFP ASC&nbsp;<span class=\"ez-toc-section-end\"><\/span><\/h2>\n\n\n\n<p>Pour <strong>devenir agent de s\u00e9curit\u00e9 cynophile<\/strong>, il faut obligatoirement \u00eatre <strong>titulaire du TFP-APS<\/strong> (Titre \u00e0 Finalit\u00e9 Professionnelle d\u2019Agent de S\u00e9curit\u00e9 Cynophile). L\u2019obtention de l\u2019examen du TFP ASC exige un entra\u00eenement intensif, en particulier pour <strong>l\u2019\u00e9preuve th\u00e9orique de QCU<\/strong>. Gr\u00e2ce \u00e0 Prepasecu, vous avez la possibilit\u00e9 de vous <strong>entra\u00eener gratuitement<\/strong> avec des s\u00e9ries QCU conformes \u00e0 celles qui vous seront propos\u00e9es le jour o\u00f9 vous passerez l\u2019examen. Les QCU, contrairement aux QCM, sont des Questionnaires \u00e0 Choix Unique&nbsp;: chaque question n\u2019appelle donc qu\u2019une et une seule r\u00e9ponse. Les <strong>s\u00e9ries de QCU gratuites<\/strong> que vous trouvez sur Prepasecu vous permettent de tester votre niveau afin de savoir o\u00f9 vous en \u00eates dans les apprentissages et ainsi d\u2019ajuster votre progression. Vous d\u00e9couvrez ainsi les exigences de l\u2019\u00e9preuve th\u00e9orique du TFP APS avec ces QCU \u00e9labor\u00e9s par les professionnels de la pr\u00e9vention et de la s\u00e9curit\u00e9 qui constituent notre \u00e9quipe p\u00e9dagogique<\/p>\n\n\n\n<h3 class=\"wp-block-heading\"><span class=\"ez-toc-section\" id=\"QCU_TFP_ASC_%E2%80%93_Serie_n%C2%B01_%F0%9F%91%87\"><\/span>QCU TFP ASC \u2013 S\u00e9rie n\u00b01 \ud83d\udc47<span class=\"ez-toc-section-end\"><\/span><\/h3>\n\n\n\n<div class=\"wp-block-genesis-blocks-gb-container gb-block-container\"><div class=\"gb-container-inside\"><div class=\"gb-container-content\">\n<div class=\"typeform-container qcm-ssiap-2-fi-serie-1\" style=\"width: 100%;height:600px;\"><\/div>\n\n\n\n<p><\/p>\n<\/div><\/div><\/div>\n\n\n\n<h3 class=\"wp-block-heading\"><span class=\"ez-toc-section\" id=\"QCU_TFP_ASC_%E2%80%93_Serie_n%C2%B02_%F0%9F%91%87\"><\/span>QCU TFP ASC \u2013 S\u00e9rie n\u00b02 \ud83d\udc47<span class=\"ez-toc-section-end\"><\/span><\/h3>\n\n\n\n<div class=\"typeform-container qcm-ssiap-2-fi-serie-2\" style=\"width: 100%;height:600px;\"><\/div>\n\n\n\n<p><\/p>\n\n\n\n<h3 class=\"wp-block-heading\"><span class=\"ez-toc-section\" id=\"QCU_TFP_ASC_%E2%80%93_Serie_n%C2%B03_%F0%9F%91%87\"><\/span>QCU TFP ASC \u2013 S\u00e9rie n\u00b03 \ud83d\udc47<span class=\"ez-toc-section-end\"><\/span><\/h3>\n\n\n\n<div class=\"typeform-container qcm-ssiap-2-fi-serie-3\" style=\"width: 100%;height:600px;\"><\/div>\n\n\n\n<h2 class=\"wp-block-heading\"><span class=\"ez-toc-section\" id=\"En_quoi_consiste_l%E2%80%99examen_du_TFP_ASC%E2%80%89\"><\/span>En quoi consiste l\u2019examen du TFP ASC\u2009?<span class=\"ez-toc-section-end\"><\/span><\/h2>\n\n\n\n<p>Anciennement appel\u00e9 le CQP ASC (Certificat de Qualification Professionnelle Agent de S\u00e9curit\u00e9 Cynophile), le TFP ASC permet d\u2019acc\u00e9der \u00e0 la profession de <strong>ma\u00eetre-chien<\/strong>. Il s\u2019agit d\u2019une certification professionnalisante obtenue \u00e0 l\u2019issue d\u2019une formation valid\u00e9e par un examen final. L\u2019examen du TFP ASC se compose de deux types d\u2019\u00e9preuves&nbsp;:<\/p>\n\n\n\n<ul class=\"wp-block-list\">\n<li>L\u2019\u00e9preuve th\u00e9orique de QCU&nbsp;: 2 QCU de 15 questions chacun sont propos\u00e9s au candidat.<\/li>\n\n\n\n<li>L\u2019\u00e9preuve pratique&nbsp;: Le candidat tire au sort une mise en situation pratique. Il doit ensuite pr\u00e9senter \u00e0 un jury une pr\u00e9sentation de la gestion de cette situation pratique. \u00c0 l\u2019issue de cette pr\u00e9sentation, le jury d\u00e9clare le candidat apte ou inapte. S\u2019il est d\u00e9clar\u00e9 inapte, le candidat doit repasser l\u2019\u00e9preuve pratique ult\u00e9rieurement.<\/li>\n<\/ul>\n\n\n\n<h2 class=\"wp-block-heading\"><span class=\"ez-toc-section\" id=\"L%E2%80%99epreuve_theorique_du_TFP_ASC_les_QCU\"><\/span>L\u2019\u00e9preuve th\u00e9orique du TFP ASC&nbsp;: les QCU<span class=\"ez-toc-section-end\"><\/span><\/h2>\n\n\n\n<p>Les QCU du TFP ASC concernent les UV&nbsp;1 et 2 sur les 5 UV qui constituent l\u2019ensemble du programme p\u00e9dagogique. Chaque QCU comporte 15 questions et le temps imparti pour r\u00e9pondre \u00e0 chaque question est de 45 secondes. Le candidat ne doit fournir qu\u2019une seule r\u00e9ponse par question. Voici les grandes lignes du programme p\u00e9dagogique et des 5 UV du TFP ASC&nbsp;:<\/p>\n\n\n\n<ul class=\"wp-block-list\" type=\"1\">\n<li>L\u00e9gislation et r\u00e9glementation cynophile&nbsp;: connaissance des dispositions l\u00e9gales applicables au m\u00e9tier d\u2019agent de s\u00e9curit\u00e9 cynophile du Code de la s\u00e9curit\u00e9 int\u00e9rieure avec l\u2019usage d\u2019un chien. Le Code Rural sur la r\u00e9glementation des chiens est \u00e9galement abord\u00e9.<\/li>\n\n\n\n<li>Connaissances g\u00e9n\u00e9rales du chien&nbsp;: l\u2019historique des races de chiens, les urgences cynophiles et les gestes de premiers secours, la psychologie canine, la morphologie et l\u2019anatomie du chien.<\/li>\n\n\n\n<li>Ob\u00e9issance et sociabilit\u00e9.<\/li>\n\n\n\n<li>Ma\u00eetrise du chien dans le cadre de la l\u00e9gitime d\u00e9fense.<\/li>\n\n\n\n<li>D\u00e9tection avec chien<\/li>\n<\/ul>\n\n\n\n<p>Tout candidat qui obtient une note \u00e9gale ou sup\u00e9rieure \u00e0 12\/20 valide son QCU. Si la note est comprise entre 8 et 12, le QCU devra \u00eatre repass\u00e9. Le candidat a la possibilit\u00e9 de ne repasser que l\u2019UV concern\u00e9e, sans refaire la formation et sans perdre le b\u00e9n\u00e9fice des UV acquises. Toute note inf\u00e9rieure \u00e0 8\/20 oblige le candidat \u00e0 repasser par la case formation avant d\u2019\u00eatre autoris\u00e9 \u00e0 repr\u00e9senter l\u2019\u00e9preuve.<\/p>\n\n\n\n<h2 class=\"wp-block-heading\"><span class=\"ez-toc-section\" id=\"Ces_contenus_peuvent_aussi_vous_interesser_%F0%9F%91%87\"><\/span>Ces contenus peuvent aussi vous int\u00e9resser \ud83d\udc47<span class=\"ez-toc-section-end\"><\/span><\/h2>\n\n\n\n<ul class=\"wp-block-list\">\n<li><a href=\"https:\/\/prepasecu.fr\/tfp-asc\/qcm\/entrainement\/gratuit\/\" title=\"\">S\u2019entra\u00eener au QCM TFP ASC<\/a><\/li>\n<\/ul>\n\n\n\n<p><\/p>\n","protected":false},"excerpt":{"rendered":"<p>S\u2019entra\u00eener gratuitement aux QCU de l\u2019examen du TFP ASC&nbsp; Pour devenir agent de s\u00e9curit\u00e9 cynophile, il faut obligatoirement \u00eatre titulaire du TFP-APS (Titre \u00e0 Finalit\u00e9 Professionnelle d\u2019Agent de S\u00e9curit\u00e9 Cynophile). L\u2019obtention de l\u2019examen du TFP ASC exige un entra\u00eenement intensif, en particulier pour l\u2019\u00e9preuve th\u00e9orique de QCU. Gr\u00e2ce \u00e0 Prepasecu, vous avez la possibilit\u00e9 de [&hellip;]<\/p>\n","protected":false},"author":1,"featured_media":0,"parent":0,"menu_order":0,"comment_status":"closed","ping_status":"closed","template":"","meta":{"_uag_custom_page_level_css":"","_genesis_hide_title":false,"_genesis_hide_breadcrumbs":false,"_genesis_hide_singular_image":false,"_genesis_hide_footer_widgets":false,"_genesis_custom_body_class":"","_genesis_custom_post_class":"","_genesis_layout":"full-width-content","footnotes":""},"class_list":{"0":"post-1049","1":"page","2":"type-page","3":"status-publish","5":"entry"},"aioseo_notices":[],"featured_image_src":null,"featured_image_src_square":null,"uagb_featured_image_src":{"full":false,"thumbnail":false,"medium":false,"medium_large":false,"large":false,"1536x1536":false,"2048x2048":false,"sidebar-featured":false,"genesis-singular-images":false,"gb-block-post-grid-landscape":false,"gb-block-post-grid-square":false,"yarpp-thumbnail":false},"uagb_author_info":{"display_name":"Matthis","author_link":"https:\/\/prepasecu.fr\/?author=1"},"uagb_comment_info":0,"uagb_excerpt":"S\u2019entra\u00eener gratuitement aux QCU de l\u2019examen du TFP ASC&nbsp; Pour devenir agent de s\u00e9curit\u00e9 cynophile, il faut obligatoirement \u00eatre titulaire du TFP-APS (Titre \u00e0 Finalit\u00e9 Professionnelle d\u2019Agent de S\u00e9curit\u00e9 Cynophile). L\u2019obtention de l\u2019examen du TFP ASC exige un entra\u00eenement intensif, en particulier pour l\u2019\u00e9preuve th\u00e9orique de QCU. Gr\u00e2ce \u00e0 Prepasecu, vous avez la possibilit\u00e9 de\u2026","_links":{"self":[{"href":"https:\/\/prepasecu.fr\/index.php?rest_route=\/wp\/v2\/pages\/1049"}],"collection":[{"href":"https:\/\/prepasecu.fr\/index.php?rest_route=\/wp\/v2\/pages"}],"about":[{"href":"https:\/\/prepasecu.fr\/index.php?rest_route=\/wp\/v2\/types\/page"}],"author":[{"embeddable":true,"href":"https:\/\/prepasecu.fr\/index.php?rest_route=\/wp\/v2\/users\/1"}],"replies":[{"embeddable":true,"href":"https:\/\/prepasecu.fr\/index.php?rest_route=%2Fwp%2Fv2%2Fcomments&post=1049"}],"version-history":[{"count":0,"href":"https:\/\/prepasecu.fr\/index.php?rest_route=\/wp\/v2\/pages\/1049\/revisions"}],"wp:attachment":[{"href":"https:\/\/prepasecu.fr\/index.php?rest_route=%2Fwp%2Fv2%2Fmedia&parent=1049"}],"curies":[{"name":"wp","href":"https:\/\/api.w.org\/{rel}","templated":true}]}}