{"id":1025,"date":"2021-01-04T16:47:06","date_gmt":"2021-01-04T15:47:06","guid":{"rendered":"https:\/\/preprod.prepasecu.fr\/?page_id=1025"},"modified":"2024-11-05T21:50:53","modified_gmt":"2024-11-05T20:50:53","slug":"programme-pedagogique-du-ssiap-3-version-2021","status":"publish","type":"page","link":"https:\/\/prepasecu.fr\/ssiap-3\/formation-initiale\/programme-pedagogique-2024","title":{"rendered":"Programme p\u00e9dagogique du SSIAP 3 &#8211; Version 2024"},"content":{"rendered":"\n<p>Gr\u00e2ce \u00e0 nos <a href=\"https:\/\/prepasecu.fr\/ssiap-3\/qcm\/entrainement\/gratuit\/\" title=\"QCM gratuits en ligne\">QCM gratuits en ligne<\/a>, entra\u00eenez-vous et r\u00e9visez le programme p\u00e9dagogique de la formation SSIAP\u00a03.<\/p>\n\n\n\n<h2 class=\"wp-block-heading\">Partie&nbsp;1&nbsp;: le feu et ses cons\u00e9quences (12&nbsp;h)<\/h2>\n\n\n\n<h3 class=\"wp-block-heading\">1re s\u00e9quence&nbsp;: le feu (4&nbsp;h)<\/h3>\n\n\n\n<ul class=\"wp-block-list\">\n<li>Th\u00e9orie du feu (t\u00e9tra\u00e8dre, classes de feux, les causes)&nbsp;<\/li>\n\n\n\n<li>D\u00e9finition du pouvoir, potentiel et charges calorifiques<\/li>\n\n\n\n<li>&nbsp;La fum\u00e9e et ses dangers&nbsp;<\/li>\n\n\n\n<li>Propagation du feu&nbsp;: conduction, convection, rayonnement, projection&nbsp;<\/li>\n\n\n\n<li>Conduite \u00e0 tenir face \u00e0 un local enfum\u00e9 sans mise en danger pour l\u2019intervenant<\/li>\n<\/ul>\n\n\n\n<h3 class=\"wp-block-heading\">2e s\u00e9quence&nbsp;: le comportement au feu (4&nbsp;h)<\/h3>\n\n\n\n<ul class=\"wp-block-list\">\n<li>La r\u00e9sistance au feu des \u00e9l\u00e9ments de construction<\/li>\n\n\n\n<li>La r\u00e9action au feu des mat\u00e9riaux d\u2019am\u00e9nagement&nbsp;<\/li>\n\n\n\n<li>Les crit\u00e8res de classement de ces comportements<\/li>\n<\/ul>\n\n\n\n<h3 class=\"wp-block-heading\">3e s\u00e9quence&nbsp;: mise en \u0153uvre des moyens d\u2019extinction (4&nbsp;h)<\/h3>\n\n\n\n<ul class=\"wp-block-list\">\n<li>M\u00e9thode d\u2019extinction d\u2019un d\u00e9but d\u2019incendie<\/li>\n\n\n\n<li>Protection individuelle<\/li>\n\n\n\n<li>Exercices d\u2019extinction sur feux r\u00e9els de diverses classes au moyen d\u2019un extincteur adapt\u00e9 au risque et d\u2019un RIA<\/li>\n<\/ul>\n\n\n\n<h2 class=\"wp-block-heading\">Partie&nbsp;2&nbsp;: la s\u00e9curit\u00e9 incendie et les b\u00e2timents (65&nbsp;h)<\/h2>\n\n\n\n<h3 class=\"wp-block-heading\">1re s\u00e9quence&nbsp;: mat\u00e9riaux de construction (4&nbsp;h)<\/h3>\n\n\n\n<ul class=\"wp-block-list\">\n<li>Les diff\u00e9rents mat\u00e9riaux de construction&nbsp;<\/li>\n\n\n\n<li>Les \u00e9l\u00e9ments de construction&nbsp;<\/li>\n\n\n\n<li>La typologie et le vocabulaire architectural<\/li>\n<\/ul>\n\n\n\n<h3 class=\"wp-block-heading\">2e s\u00e9quence&nbsp;: \u00e9tudes de plans (22&nbsp;h)<\/h3>\n\n\n\n<ul class=\"wp-block-list\">\n<li>Les diff\u00e9rents plans<\/li>\n\n\n\n<li>La notion de volumes&nbsp;<\/li>\n\n\n\n<li>Conna\u00eetre et utiliser les \u00e9chelles de repr\u00e9sentation des plans&nbsp;<\/li>\n\n\n\n<li>La repr\u00e9sentation graphique d\u2019un plan architecte&nbsp;<\/li>\n\n\n\n<li>Concordance entre plan \/ coupe \/ fa\u00e7ade<\/li>\n\n\n\n<li>Savoir se d\u00e9placer dans un niveau et entre les niveaux<\/li>\n\n\n\n<li>Nature des plans figurant dans un dossier<\/li>\n\n\n\n<li>Exercices de lecture de plans, de descriptions du projet et recherches d\u2019anomalies<\/li>\n<\/ul>\n\n\n\n<h3 class=\"wp-block-heading\">3e s\u00e9quence&nbsp;: outils d\u2019analyse (39&nbsp;h)<\/h3>\n\n\n\n<ul class=\"wp-block-list\">\n<li>Le C.L.I.C.D.V.C.R.E.M.<\/li>\n\n\n\n<li>La notice technique de s\u00e9curit\u00e9 (pr\u00e9sentation g\u00e9n\u00e9rale du projet, consistance des travaux, incidence \u00e9ventuelle sur le classement initial)<\/li>\n\n\n\n<li>La notice descriptive (nature des am\u00e9nagements et mat\u00e9riaux utilis\u00e9s, renseignements concernant les d\u00e9gagements, renseignements relatifs aux nouveaux \u00e9quipements, renseignements relatifs aux installations de secours)<\/li>\n\n\n\n<li>La notice technique d\u2019accessibilit\u00e9<\/li>\n\n\n\n<li>Exercices de d\u00e9termination des contraintes r\u00e9glementaires&nbsp;<\/li>\n\n\n\n<li>R\u00e9daction de notice de s\u00e9curit\u00e9 d\u2019un projet d\u2019am\u00e9nagement ou de r\u00e9am\u00e9nagement d\u2019un \u00e9tablissement<\/li>\n<\/ul>\n\n\n\n<h2 class=\"wp-block-heading\">Partie&nbsp;3&nbsp;: la r\u00e9glementation incendie (70&nbsp;h)<\/h2>\n\n\n\n<h3 class=\"wp-block-heading\">1re s\u00e9quence&nbsp;: organisation g\u00e9n\u00e9rale de la r\u00e9glementation (4&nbsp;h)<\/h3>\n\n\n\n<ul class=\"wp-block-list\">\n<li>Contenu g\u00e9n\u00e9ral des textes&nbsp;<\/li>\n\n\n\n<li>Hi\u00e9rarchie des textes<\/li>\n\n\n\n<li>Pr\u00e9sentation des liaisons entre les diff\u00e9rents textes<\/li>\n<\/ul>\n\n\n\n<h3 class=\"wp-block-heading\">2e s\u00e9quence&nbsp;: \u00e9tudes de plans (9&nbsp;h)<\/h3>\n\n\n\n<ul class=\"wp-block-list\">\n<li>Classement d\u2019un ERP, les groupements d\u2019\u00e9tablissements<\/li>\n\n\n\n<li>Classement d\u2019un IGH&nbsp;<\/li>\n\n\n\n<li>Classement d\u2019un b\u00e2timent d\u2019habitation<\/li>\n\n\n\n<li>Classement d\u2019une installation soumise au code de l\u2019environnement<\/li>\n\n\n\n<li>Exercices de classement d\u2019ERP, d\u2019IGH&nbsp;<\/li>\n\n\n\n<li>La recherche de la nomenclature<\/li>\n<\/ul>\n\n\n\n<h3 class=\"wp-block-heading\">3e s\u00e9quence&nbsp;: dispositions constructives et techniques (32&nbsp;h)<\/h3>\n\n\n\n<ul class=\"wp-block-list\">\n<li>Les dispositions applicables aux ERP, aux IGH et au Code du travail<\/li>\n\n\n\n<li>Implantation (accessibilit\u00e9 des secours et isolement par rapport au tiers)<\/li>\n\n\n\n<li>Construction (distribution int\u00e9rieure, stabilit\u00e9 au feu et isolement interne des locaux)<\/li>\n\n\n\n<li>D\u00e9gagement (principe, calcul, particularit\u00e9s)<\/li>\n\n\n\n<li>D\u00e9senfumage (objectifs, obligations, principes)<\/li>\n\n\n\n<li>Installations techniques (les interdictions, limitations, les organes de s\u00e9curit\u00e9)<\/li>\n\n\n\n<li>Les limitations calorifiques impos\u00e9es \u00e0 l\u2019exploitant<\/li>\n\n\n\n<li>Les contr\u00f4les r\u00e9glementaires<\/li>\n\n\n\n<li>Exercices de d\u00e9termination des obligations en mati\u00e8re d\u2019implantation, de construction et de calcul de d\u00e9gagements<\/li>\n<\/ul>\n\n\n\n<h3 class=\"wp-block-heading\">4e s\u00e9quence&nbsp;: moyens de secours (12&nbsp;h)<\/h3>\n\n\n\n<ul class=\"wp-block-list\">\n<li>Moyens d\u2019extinction incendie (internes et externes, entretien et v\u00e9rifications)<\/li>\n\n\n\n<li>Moyens d\u2019alerte des secours&nbsp;<\/li>\n\n\n\n<li>Dispositions visant \u00e0 faciliter l\u2019intervention des secours&nbsp;<\/li>\n\n\n\n<li>Conna\u00eetre et savoir exploiter un syst\u00e8me de s\u00e9curit\u00e9 incendie (typologie, composition, fonctionnement, entretien et v\u00e9rifications), l\u2019utilisation en mode d\u00e9grad\u00e9<\/li>\n\n\n\n<li>Gestion d\u2019une alarme<\/li>\n<\/ul>\n\n\n\n<h3 class=\"wp-block-heading\">5e s\u00e9quence&nbsp;: visites (10&nbsp;h)<\/h3>\n\n\n\n<ul class=\"wp-block-list\">\n<li>Fonctionnement du service de s\u00e9curit\u00e9 d\u2019un site&nbsp;<\/li>\n\n\n\n<li>Fonctionnement, in situ, des diff\u00e9rents \u00e9l\u00e9ments techniques de s\u00e9curit\u00e9<\/li>\n\n\n\n<li>Organisation d\u2019un PC de s\u00e9curit\u00e9&nbsp;<\/li>\n\n\n\n<li>Fondamentaux des dispositions constructives<\/li>\n\n\n\n<li>Visite d\u2019au moins deux \u00e9tablissements recevant du public du 1er groupe d\u2019activit\u00e9s diff\u00e9rentes, au moins un de 1re cat\u00e9gorie et disposant d\u2019un SSI de cat\u00e9gorie A&nbsp;<\/li>\n\n\n\n<li>Visite d\u2019un immeuble de grande hauteur<\/li>\n<\/ul>\n\n\n\n<h3 class=\"wp-block-heading\">6e s\u00e9quence&nbsp;: accessibilit\u00e9 des personnes handicap\u00e9es (3&nbsp;h)<\/h3>\n\n\n\n<ul class=\"wp-block-list\">\n<li>Les dispositions r\u00e9glementaires<\/li>\n\n\n\n<li>Les commissions accessibilit\u00e9&nbsp;<\/li>\n\n\n\n<li>Les exigences r\u00e9glementaires g\u00e9n\u00e9rales&nbsp;<\/li>\n\n\n\n<li>Les exigences dimensionnelles et qualitatives<\/li>\n\n\n\n<li>Autorisation de travaux (composition du dossier, r\u00e9union de chantier)&nbsp;<\/li>\n\n\n\n<li>Visite, r\u00e9ception par commission d\u2019accessibilit\u00e9<\/li>\n\n\n\n<li>\u00c9tude de cas notamment lors de r\u00e9habilitation de b\u00e2timent<\/li>\n<\/ul>\n\n\n\n<h2 class=\"wp-block-heading\">Partie&nbsp;4&nbsp;: gestion des risques (23&nbsp;h)<\/h2>\n\n\n\n<h3 class=\"wp-block-heading\">1re s\u00e9quence&nbsp;: analyse des risques (12&nbsp;h)<\/h3>\n\n\n\n<ul class=\"wp-block-list\">\n<li>\u00c9valuation du maintien du niveau de s\u00e9curit\u00e9 (protection des personnes et des biens)<\/li>\n\n\n\n<li>&nbsp;Le document unique&nbsp;: \u00e9valuation des risques professionnels pour la s\u00e9curit\u00e9 des travailleurs<\/li>\n\n\n\n<li>&nbsp;Le document technique amiante (DTA)<\/li>\n\n\n\n<li>Le plan de pr\u00e9vention<\/li>\n\n\n\n<li>\u00c9valuation des risques de travaux par points chauds<\/li>\n\n\n\n<li>\u00c9tude des documents et projets<\/li>\n\n\n\n<li>Comprendre un rapport de v\u00e9rification r\u00e9glementaire apr\u00e8s travaux (RVRAT) r\u00e9alis\u00e9 par une personne ou un organisme agr\u00e9\u00e9<\/li>\n\n\n\n<li>\u00c9tude d\u2019un cas pratique<\/li>\n<\/ul>\n\n\n\n<h3 class=\"wp-block-heading\">2e s\u00e9quence&nbsp;: r\u00e9alisation des travaux de s\u00e9curit\u00e9 (4&nbsp;h)<\/h3>\n\n\n\n<ul class=\"wp-block-list\">\n<li>Organisation de r\u00e9unions pr\u00e9liminaires<\/li>\n\n\n\n<li>&nbsp;R\u00e9dactions d\u2019un plan directeur (contraintes, d\u00e9lais\u2026)&nbsp;<\/li>\n\n\n\n<li>Participer aux r\u00e9unions de chantier (suivi de prescriptions, respect planning)&nbsp;<\/li>\n\n\n\n<li>Proc\u00e8s-verbal de r\u00e9ception des travaux et livraison des locaux&nbsp;<\/li>\n\n\n\n<li>Pr\u00e9voir la r\u00e9ception par la commission de s\u00e9curit\u00e9 comp\u00e9tente<\/li>\n<\/ul>\n\n\n\n<h3 class=\"wp-block-heading\">3e s\u00e9quence&nbsp;: documents administratifs (7&nbsp;h)<\/h3>\n\n\n\n<ul class=\"wp-block-list\">\n<li>Les obligations en mati\u00e8re d\u2019affichage&nbsp;<\/li>\n\n\n\n<li>\u00c9laboration des cahiers de consignes&nbsp;<\/li>\n\n\n\n<li>Le permis de feu (GN13)<\/li>\n\n\n\n<li>Suivi et planification des contr\u00f4les r\u00e9glementaires<\/li>\n\n\n\n<li>Gestion et conservation de l\u2019ensemble des documents propres \u00e0 sa mission (registre de s\u00e9curit\u00e9, plan de pr\u00e9vention, \u00e9valuation des risques, DTA, etc.)<\/li>\n\n\n\n<li>Analyse critique de documents existants&nbsp;<\/li>\n\n\n\n<li>\u00c9laboration de consignes&nbsp;<\/li>\n\n\n\n<li>R\u00e9daction d\u2019un plan de pr\u00e9vention<\/li>\n<\/ul>\n\n\n\n<h2 class=\"wp-block-heading\">Partie&nbsp;5&nbsp;: conseil au chef d\u2019\u00e9tablissement (6&nbsp;h)<\/h2>\n\n\n\n<h3 class=\"wp-block-heading\">1re s\u00e9quence&nbsp;: information de la hi\u00e9rarchie (4&nbsp;h)<\/h3>\n\n\n\n<ul class=\"wp-block-list\">\n<li>But des rapports (d\u00e9finition, importance et n\u00e9cessit\u00e9, diff\u00e9rentes parties et plan)<\/li>\n\n\n\n<li>Pr\u00e9sentation des rapports (le style et la forme)&nbsp;<\/li>\n\n\n\n<li>Contenu et forme du compte rendu<\/li>\n\n\n\n<li>Exercice d\u2019application de compte rendu \u00e9crit, oral et r\u00e9daction d\u2019un rapport d\u2019incident<\/li>\n<\/ul>\n\n\n\n<h3 class=\"wp-block-heading\">2e s\u00e9quence&nbsp;: veille r\u00e9glementaire (2&nbsp;h)<\/h3>\n\n\n\n<ul class=\"wp-block-list\">\n<li>Connaissance des diff\u00e9rents supports de mise \u00e0 jour<\/li>\n\n\n\n<li>Archivage de documents<\/li>\n\n\n\n<li>Travail de recherche<\/li>\n<\/ul>\n\n\n\n<h2 class=\"wp-block-heading\">Partie&nbsp;6&nbsp;: correspondant des commissions de s\u00e9curit\u00e9 (6&nbsp;h)<\/h2>\n\n\n\n<ul class=\"wp-block-list\">\n<li>Composition des commissions de s\u00e9curit\u00e9\u0301<\/li>\n\n\n\n<li>R\u00f4le des commissions de s\u00e9curit\u00e9\u0301<\/li>\n\n\n\n<li>Missions des commissions de s\u00e9curit\u00e9\u0301<\/li>\n\n\n\n<li>Documents \u00e0 transmettre (notice de s\u00e9curit\u00e9\u0301, etc.) ou \u00e0\u0300 tenir \u00e0\u0300 disposition (registre de s\u00e9curit\u00e9\u0301)<\/li>\n\n\n\n<li>Exercice de pr\u00e9paration de l\u2019accueil et de la visite des membres de la commission de s\u00e9curit\u00e9\u0301 (mise en situation)<\/li>\n<\/ul>\n\n\n\n<h2 class=\"wp-block-heading\">Partie&nbsp;7&nbsp;: le management de l\u2019\u00e9quipe de s\u00e9curit\u00e9 (26&nbsp;h)<\/h2>\n\n\n\n<h3 class=\"wp-block-heading\">1re s\u00e9quence&nbsp;: organiser le service (8&nbsp;h)<\/h3>\n\n\n\n<ul class=\"wp-block-list\">\n<li>Organisation du service&nbsp;:\n<ul class=\"wp-block-list\">\n<li>Service int\u00e9gr\u00e9, externalis\u00e9, mixte&nbsp;<\/li>\n\n\n\n<li>Notions de personnels prestataires, de personnels int\u00e9rimaires&nbsp;<\/li>\n\n\n\n<li>Notions de d\u00e9lit de marchandage&nbsp;<\/li>\n<\/ul>\n<\/li>\n\n\n\n<li>Recrutement&nbsp;:\n<ul class=\"wp-block-list\">\n<li>D\u00e9terminer le profil professionnel&nbsp;<\/li>\n\n\n\n<li>D\u00e9terminer les qualit\u00e9s humaines n\u00e9cessaires&nbsp;<\/li>\n\n\n\n<li>D\u00e9terminer le niveau des connaissances professionnelles indispensables requises&nbsp;<\/li>\n<\/ul>\n<\/li>\n\n\n\n<li>Missions&nbsp;:\n<ul class=\"wp-block-list\">\n<li>Conform\u00e9ment \u00e0 l\u2019article&nbsp;MS46 et au pr\u00e9sent arr\u00eat\u00e9&nbsp;<\/li>\n\n\n\n<li>Conform\u00e9ment \u00e0 l\u2019article&nbsp;GH62<\/li>\n<\/ul>\n<\/li>\n\n\n\n<li>\u00c9quipements&nbsp;:\n<ul class=\"wp-block-list\">\n<li>Les moyens de communication&nbsp;<\/li>\n\n\n\n<li>Les rondiers (les horodateurs)&nbsp;<\/li>\n\n\n\n<li>Les \u00e9quipements individuels (lampe torche, carnet, stylos, EPI)&nbsp;<\/li>\n\n\n\n<li>Le mat\u00e9riel informatique&nbsp;<\/li>\n\n\n\n<li>La tenue vestimentaire&nbsp;<\/li>\n\n\n\n<li>Le mat\u00e9riel de secours \u00e0 victimes et d\u2019assistance \u00e0 personnes&nbsp;<\/li>\n<\/ul>\n<\/li>\n\n\n\n<li>Organiser les rondes&nbsp;:\n<ul class=\"wp-block-list\">\n<li>La ronde d\u2019ouverture et de fermeture&nbsp;<\/li>\n\n\n\n<li>Les rondes \u00e0 horaires fixes, al\u00e9atoires&nbsp;<\/li>\n\n\n\n<li>Les rondes horodat\u00e9es et \u00e0 itin\u00e9raire programm\u00e9<\/li>\n<\/ul>\n<\/li>\n\n\n\n<li>Document du service&nbsp;:\n<ul class=\"wp-block-list\">\n<li>Le r\u00e8glement int\u00e9rieur de l\u2019entreprise et du poste de s\u00e9curit\u00e9&nbsp;<\/li>\n\n\n\n<li>Les documents de fonctionnement&nbsp;<\/li>\n\n\n\n<li>Les tableaux et plannings&nbsp;<\/li>\n\n\n\n<li>La main courante&nbsp;<\/li>\n\n\n\n<li>Le recueil des proc\u00e9dures, des consignes&nbsp;<\/li>\n\n\n\n<li>Le classeur des rapports de rondes et d\u2019intervention&nbsp;<\/li>\n\n\n\n<li>Les inventaires des mat\u00e9riels \u00e9quipements&nbsp;<\/li>\n\n\n\n<li>Le plan d\u2019archivage&nbsp;<\/li>\n\n\n\n<li>Les plans de l\u2019\u00e9tablissement&nbsp;<\/li>\n\n\n\n<li>Classeur contenant les qualifications et aptitude m\u00e9dicale des personnels<\/li>\n<\/ul>\n<\/li>\n\n\n\n<li>D\u00e9finir la composition du service de s\u00e9curit\u00e9, en fonction&nbsp;:\n<ul class=\"wp-block-list\">\n<li>Des obligations r\u00e9glementaires&nbsp;<\/li>\n\n\n\n<li>Des horaires d\u2019ouverture au public&nbsp;<\/li>\n\n\n\n<li>Du type de service adopt\u00e9&nbsp;<\/li>\n\n\n\n<li>D\u00e9finir le temps l\u00e9gal de travail pour un agent&nbsp;<\/li>\n\n\n\n<li>Cong\u00e9s pay\u00e9s&nbsp;<\/li>\n\n\n\n<li>Repos hebdomadaire&nbsp;<\/li>\n\n\n\n<li>Coefficients d\u2019entreprise (cong\u00e9s exceptionnels, maladie)&nbsp;<\/li>\n\n\n\n<li>D\u00e9finir le nombre d\u2019agents&nbsp;<\/li>\n\n\n\n<li>D\u00e9finir la disponibilit\u00e9&nbsp;<\/li>\n\n\n\n<li>Gestion des absences impr\u00e9vues<\/li>\n<\/ul>\n<\/li>\n\n\n\n<li>Contr\u00f4les&nbsp;:\n<ul class=\"wp-block-list\">\n<li>Les r\u00e9sultats au regard des objectifs&nbsp;<\/li>\n\n\n\n<li>L\u2019\u00e9laboration, la passation et le respect des consignes&nbsp;<\/li>\n\n\n\n<li>Le comportement du groupe&nbsp;<\/li>\n\n\n\n<li>Les ambitions du groupe&nbsp;<\/li>\n\n\n\n<li>Le r\u00e9alisme du calendrier, des plannings&nbsp;<\/li>\n<\/ul>\n<\/li>\n\n\n\n<li>Proc\u00e9dures et les consignes<\/li>\n\n\n\n<li>\u00c9tablir une note \u00e9crite sur les principes d\u2019organisation d\u2019une \u00e9quipe de s\u00e9curit\u00e9<\/li>\n<\/ul>\n\n\n\n<h3 class=\"wp-block-heading\">2e s\u00e9quence&nbsp;: exercer la fonction d\u2019encadrement (6&nbsp;h)<\/h3>\n\n\n\n<ul class=\"wp-block-list\">\n<li>Assumer les diff\u00e9rentes fonctions de l\u2019autorit\u00e9\u0301&nbsp;:\n<ul class=\"wp-block-list\">\n<li>Organiser et promouvoir l\u2019r\u00e9volution du service et des personnels (formation continue, r\u00e9volution de carri\u00e8re, acquisition de comp\u00e9tences nouvelles, etc.)<\/li>\n\n\n\n<li>Acqu\u00e9rir de la prestance<\/li>\n\n\n\n<li>Connaitre sa hi\u00e9rarchie et ses collaborateurs<\/li>\n\n\n\n<li>Susciter la confiance<\/li>\n\n\n\n<li>Donner des directives et des ordres<\/li>\n\n\n\n<li>Adapter son style d\u2019autorit\u00e9\u0301 aux situations<\/li>\n\n\n\n<li>Conduire un entretien hi\u00e9rarchique<\/li>\n\n\n\n<li>Organiser une r\u00e9union<\/li>\n\n\n\n<li>Communication de crise<\/li>\n<\/ul>\n<\/li>\n\n\n\n<li>Formuler un ordre op\u00e9rationnel<\/li>\n\n\n\n<li>Conduire un entretien hi\u00e9rarchique&nbsp;<\/li>\n\n\n\n<li>Organiser une r\u00e9union<\/li>\n\n\n\n<li>Communication de crise<\/li>\n<\/ul>\n\n\n\n<h3 class=\"wp-block-heading\">3e s\u00e9quence&nbsp;: notions de droit du travail (6&nbsp;h)<\/h3>\n\n\n\n<ul class=\"wp-block-list\">\n<li>Les diff\u00e9rents contrats de travail<\/li>\n\n\n\n<li>L\u2019accident du travail<\/li>\n\n\n\n<li>L\u2019accident du trajet<\/li>\n\n\n\n<li>Les maladies professionnelles<\/li>\n\n\n\n<li>La d\u00e9claration d\u2019accident du travail&nbsp;60 -3682<\/li>\n\n\n\n<li>&nbsp;L\u2019attestation de salaire&nbsp;60 \u2013 3951<\/li>\n\n\n\n<li>La feuille d\u2019accident du travail&nbsp;11383 -01<\/li>\n\n\n\n<li>L\u2019analyse de l\u2019accident&nbsp;: \u00ab\u2009\u00e9laborer un arbre des causes\u2009\u00bb&nbsp;<\/li>\n\n\n\n<li>Le CHSCT<\/li>\n\n\n\n<li>Les institutions repr\u00e9sentatives du personnel (les d\u00e9l\u00e8gues du personnel, les d\u00e9l\u00e9gu\u00e9s syndicaux)<\/li>\n\n\n\n<li>La proc\u00e9dure de licenciement (l\u2019entretien pr\u00e9alable, le pr\u00e9avis)<\/li>\n\n\n\n<li>Les n\u00e9gociations<\/li>\n\n\n\n<li>Le conseil des prud\u2019hommes (sa composition, ses missions)<\/li>\n\n\n\n<li>Les conventions collectives de branche &nbsp;<\/li>\n\n\n\n<li>Se rep\u00e9rer dans le Code du travail que ce soit dans la partie l\u00e9gislative ou la partie r\u00e9glementaire<\/li>\n\n\n\n<li>Renseigner le personnel sur les conventions collectives<\/li>\n\n\n\n<li>M\u00e9thode didactique suivie d\u2019exercices d\u2019application simples<\/li>\n<\/ul>\n\n\n\n<h3 class=\"wp-block-heading\">4e s\u00e9quence&nbsp;: notions de droit civil et p\u00e9nal (4&nbsp;h)<\/h3>\n\n\n\n<ul class=\"wp-block-list\">\n<li>La d\u00e9l\u00e9gation de pouvoir et la d\u00e9l\u00e9gation de signature&nbsp;<\/li>\n\n\n\n<li>La responsabilit\u00e9\u0301 civile et la responsabilit\u00e9\u0301 p\u00e9nale<\/li>\n\n\n\n<li>Le d\u00e9lit de mise en danger d\u2019autrui<\/li>\n<\/ul>\n\n\n\n<h2 class=\"wp-block-heading\">Partie&nbsp;8&nbsp;: le budget du service s\u00e9curit\u00e9 (8&nbsp;h)<\/h2>\n\n\n\n<h3 class=\"wp-block-heading\">1re s\u00e9quence&nbsp;: suivi budg\u00e9taire du service (3&nbsp;h)<\/h3>\n\n\n\n<ul class=\"wp-block-list\">\n<li>Budget pr\u00e9visionnel<\/li>\n\n\n\n<li>Budget d\u2019ex\u00e9cution&nbsp;<\/li>\n\n\n\n<li>Plan du budget<\/li>\n\n\n\n<li>Suivi des d\u00e9penses<\/li>\n\n\n\n<li>\u00c9laboration d\u2019un budget de fonctionnement chiffr\u00e9<\/li>\n<\/ul>\n\n\n\n<h3 class=\"wp-block-heading\">2e s\u00e9quence&nbsp;: fonction achat (3&nbsp;h)<\/h3>\n\n\n\n<ul class=\"wp-block-list\">\n<li>Proc\u00e9der \u00e0 la passation de march\u00e9s<\/li>\n\n\n\n<li>Forme et documents<\/li>\n\n\n\n<li>March\u00e9 par appel d\u2019offres ouvert, restreint, n\u00e9goci\u00e9<\/li>\n\n\n\n<li>R\u00e9daction des cahiers de clauses techniques et administratives g\u00e9n\u00e9rales et particuli\u00e8res<\/li>\n\n\n\n<li>R\u00e8glement particulier d\u2019appel d\u2019offres, acte d\u2019engagement, tableaux d\u2019analyse et de comparaison des offres<\/li>\n\n\n\n<li>\u00c9laboration d\u2019un cahier de clauses techniques particuli\u00e8res<\/li>\n<\/ul>\n\n\n\n<h3 class=\"wp-block-heading\">3e s\u00e9quence&nbsp;: fonction maintenance (2&nbsp;h)<\/h3>\n\n\n\n<ul class=\"wp-block-list\">\n<li>Contextes des obligations r\u00e9glementaires<\/li>\n\n\n\n<li>Aspects juridiques (les contrats avec obligation de moyens, les contrats avec obligation de r\u00e9sultat)&nbsp;<\/li>\n\n\n\n<li>Diff\u00e9rents types de contrats (les contrats de type \u00ab\u2009pr\u00e9dictif\u2009\u00bb, les contrats de type \u00ab\u2009pr\u00e9ventif\u2009\u00bb, le contrat de type \u00ab\u2009correctif\u2009\u00bb ou \u00ab\u2009curatif\u2009\u00bb&nbsp;<\/li>\n\n\n\n<li>Normalisation<\/li>\n\n\n\n<li>Analyse critique et appr\u00e9ciation d\u2019un rapport \u00ab\u2009co\u00fbt-efficacit\u00e9-service\u2009\u00bb d\u2019un contrat<\/li>\n<\/ul>\n","protected":false},"excerpt":{"rendered":"<p>Gr\u00e2ce \u00e0 nos QCM gratuits en ligne, entra\u00eenez-vous et r\u00e9visez le programme p\u00e9dagogique de la formation SSIAP\u00a03. Partie&nbsp;1&nbsp;: le feu et ses cons\u00e9quences (12&nbsp;h) 1re s\u00e9quence&nbsp;: le feu (4&nbsp;h) 2e s\u00e9quence&nbsp;: le comportement au feu (4&nbsp;h) 3e s\u00e9quence&nbsp;: mise en \u0153uvre des moyens d\u2019extinction (4&nbsp;h) Partie&nbsp;2&nbsp;: la s\u00e9curit\u00e9 incendie et les b\u00e2timents (65&nbsp;h) 1re s\u00e9quence&nbsp;: [&hellip;]<\/p>\n","protected":false},"author":1,"featured_media":0,"parent":1145,"menu_order":0,"comment_status":"closed","ping_status":"closed","template":"","meta":{"_uag_custom_page_level_css":"","_genesis_hide_title":false,"_genesis_hide_breadcrumbs":false,"_genesis_hide_singular_image":false,"_genesis_hide_footer_widgets":false,"_genesis_custom_body_class":"","_genesis_custom_post_class":"","_genesis_layout":"","footnotes":""},"class_list":{"0":"post-1025","1":"page","2":"type-page","3":"status-publish","5":"entry"},"aioseo_notices":[],"featured_image_src":null,"featured_image_src_square":null,"uagb_featured_image_src":{"full":false,"thumbnail":false,"medium":false,"medium_large":false,"large":false,"1536x1536":false,"2048x2048":false,"sidebar-featured":false,"genesis-singular-images":false,"gb-block-post-grid-landscape":false,"gb-block-post-grid-square":false,"yarpp-thumbnail":false},"uagb_author_info":{"display_name":"Matthis","author_link":"https:\/\/prepasecu.fr\/?author=1"},"uagb_comment_info":0,"uagb_excerpt":"Gr\u00e2ce \u00e0 nos QCM gratuits en ligne, entra\u00eenez-vous et r\u00e9visez le programme p\u00e9dagogique de la formation SSIAP\u00a03. Partie&nbsp;1&nbsp;: le feu et ses cons\u00e9quences (12&nbsp;h) 1re s\u00e9quence&nbsp;: le feu (4&nbsp;h) 2e s\u00e9quence&nbsp;: le comportement au feu (4&nbsp;h) 3e s\u00e9quence&nbsp;: mise en \u0153uvre des moyens d\u2019extinction (4&nbsp;h) Partie&nbsp;2&nbsp;: la s\u00e9curit\u00e9 incendie et les b\u00e2timents (65&nbsp;h) 1re s\u00e9quence&nbsp;:\u2026","_links":{"self":[{"href":"https:\/\/prepasecu.fr\/index.php?rest_route=\/wp\/v2\/pages\/1025"}],"collection":[{"href":"https:\/\/prepasecu.fr\/index.php?rest_route=\/wp\/v2\/pages"}],"about":[{"href":"https:\/\/prepasecu.fr\/index.php?rest_route=\/wp\/v2\/types\/page"}],"author":[{"embeddable":true,"href":"https:\/\/prepasecu.fr\/index.php?rest_route=\/wp\/v2\/users\/1"}],"replies":[{"embeddable":true,"href":"https:\/\/prepasecu.fr\/index.php?rest_route=%2Fwp%2Fv2%2Fcomments&post=1025"}],"version-history":[{"count":0,"href":"https:\/\/prepasecu.fr\/index.php?rest_route=\/wp\/v2\/pages\/1025\/revisions"}],"up":[{"embeddable":true,"href":"https:\/\/prepasecu.fr\/index.php?rest_route=\/wp\/v2\/pages\/1145"}],"wp:attachment":[{"href":"https:\/\/prepasecu.fr\/index.php?rest_route=%2Fwp%2Fv2%2Fmedia&parent=1025"}],"curies":[{"name":"wp","href":"https:\/\/api.w.org\/{rel}","templated":true}]}}